{"id":238,"date":"2021-10-18T13:43:01","date_gmt":"2021-10-18T13:43:01","guid":{"rendered":"https:\/\/510premiumcarts.com\/?post_type=product&#038;p=238"},"modified":"2023-03-12T19:47:35","modified_gmt":"2023-03-12T19:47:35","slug":"cartouche-big-chief-thc-1g-ananas-express","status":"publish","type":"product","link":"https:\/\/510premiumcarts.com\/index.php\/product\/cartouche-big-chief-thc-1g-ananas-express\/","title":{"rendered":"Cartouche Big Chief THC 1G \u2013 Ananas Express"},"content":{"rendered":"<h1><a href=\"https:\/\/510premiumcarts.com\/index.php\/product-category\/big-chiefs-carts\/\"><span style=\"color: #ffcc00;\">Cartouche Big Chief THC 1G \u2013 Ananas Express<\/span><\/a><\/h1>\n<p>Tout d&rsquo;abord, cherchez-vous o\u00f9 acheter des chariots d&rsquo;extraction Big Chief en ligne\u00a0? Achetez Big Chief Extracts Pineapple Express ici. Parcourez notre page de boutique pour les meilleures saveurs Big Chief et les chariots Big Chief Vape. La Pineapple Express est une vari\u00e9t\u00e9 \u00e0 dominante Sativa avec un rapport sativa\/indica de 60:40. La vari\u00e9t\u00e9 est assez populaire et a \u00e9t\u00e9 reconnue gr\u00e2ce au film stoner du m\u00eame nom. Cependant, vous devez garder \u00e0 l&rsquo;esprit que la tension n&rsquo;est pas aussi intense que le film l&rsquo;a laiss\u00e9 entendre. <span style=\"color: #ffffff;\">Big Chief Extracts Pineapple Express A vendre, Buy Big Chief Carts New York.<\/span><\/p>\n<h2>Big Chief Extracts Pineapple Express \u00e0 vendre<\/h2>\n<p>De plus, Pineapple Express <a href=\"https:\/\/purpledranklean.com\/product\/big-chief-pineapple-express\/\">parvient<\/a> toujours \u00e0 offrir un <a href=\"https:\/\/805-cannabis.com\/product\/big-chief-pineapple-express-cartridge-1g-2\/\">buzz<\/a> doux et agr\u00e9able qui engourdit le corps, ce qui est quelque chose \u00e0 attendre avec impatience. La vari\u00e9t\u00e9 est propos\u00e9e sous forme de p\u00e9pites bien <a href=\"https:\/\/bigchiefextractsonline.com\/product\/buy-big-chief-pineapple-express\/\">pes\u00e9es<\/a> qui ressemblent \u00e0 du pop-corn en polystyr\u00e8ne. Il n&rsquo;a pas un go\u00fbt sucr\u00e9, mais il <a href=\"https:\/\/805-cannabis.com\/product\/big-chief-pineapple-express-cartridge-1g-2\/\">sent<\/a> bon avec ses notes d&rsquo;agrumes. Achetez des chariots Big Chief, achetez des cartouches d&rsquo;extraction Big Chief, achetez des chariots Big Chief. Achetez BigChief en ligne.<\/p>\n<h3>Cartouches d&rsquo;extraits Big Chief \u00e0 vendre<\/h3>\n<p>Le go\u00fbt est assez extraordinaire avec une pointe d&rsquo;ananas \u00e0 <a href=\"https:\/\/bigchiefofficials.co\/product\/pineapple-express\/\">l&rsquo;inspiration<\/a>. Pineapple Express est choisi pour traiter de nombreux probl\u00e8mes m\u00e9dicaux, notamment l&rsquo;anxi\u00e9t\u00e9 et le stress. Cependant, il est encore plus efficace pour gu\u00e9rir les sympt\u00f4mes de la d\u00e9pression chronique en m\u00eame temps. Si vous souffrez de douleurs et de courbatures l\u00e9g\u00e8res, vous ne devriez pas chercher plus loin. <span style=\"color: #ffffff;\">Achetez Big Chief Extracts Australie.<\/span><\/p>\n<h4><strong>O\u00f9 acheter les extraits de Big Chief<\/strong><\/h4>\n<p>Enfin, apr\u00e8s avoir fum\u00e9, vous r\u00e9aliserez que Pineapple Express est \u00e0 la fois calmante et stimulante. Non seulement cela intensifiera tous vos sens, mais vous vous sentirez \u00e9nergis\u00e9 tout en observant une augmentation de la concentration, de la conscience et de la cr\u00e9ativit\u00e9. Achetez des saveurs de chariots Big Chief, achetez des cartouches Big Chief en ligne, achetez des chariots Big Chief r\u00e9els.<\/p>\n<p>TEST\u00c9 EN LABORATOIRE<\/p>\n<p>V\u00e9rifiez les r\u00e9sultats du laboratoire\u00a0ICI\u00a0!<\/p>\n<p>Acheter Big Chief Extraits Sunset Gelato<\/p>\n<p>G\u00e2teau de mariage aux extraits de Big Chief<\/p>\n<p>Acheter Big Chief Extracts Sour Tangie<\/p>\n","protected":false},"excerpt":{"rendered":"<p>MARQUE\u00a0:\u00a0Big Chief,\u00a0SAVEUR\u00a0:\u00a0Ananas<\/p>\n<p>&nbsp;<\/p>\n<p>La Pineapple Express est un <a href=\"https:\/\/weedbates.com\/vape-pens\/cartridges\/?features_hash=10-1269\">hybride<\/a> l\u00e9g\u00e8rement sativa, qui est le r\u00e9sultat du croisement des vari\u00e9t\u00e9s Hawaiian et Trainwreck. Issu de la lign\u00e9e hawa\u00efenne, il n&rsquo;est pas \u00e9tonnant que cette vari\u00e9t\u00e9 soit vant\u00e9e pour sa d\u00e9licieuse saveur d&rsquo;ananas.<\/p>\n","protected":false},"featured_media":239,"comment_status":"open","ping_status":"closed","template":"","meta":{"_monsterinsights_skip_tracking":false,"_monsterinsights_sitenote_active":false,"_monsterinsights_sitenote_note":"","_monsterinsights_sitenote_category":0},"product_brand":[],"product_cat":[17],"product_tag":[6207,6182,6206,1316,1241,1310,1317,1315,1320,1321,1323,1318,1319,6205,1322],"class_list":{"0":"post-238","1":"product","2":"type-product","3":"status-publish","4":"has-post-thumbnail","6":"product_cat-big-chiefs-chariots","7":"product_tag-acheter-big-chief-pineapple-express","8":"product_tag-acheter-des-chariots-big-chief","9":"product_tag-acheter-des-extraits-big-chief-pineapple-express-en-ligne","10":"product_tag-apple-jack-s","11":"product_tag-big-chief","12":"product_tag-big-chief-pineapple-express","13":"product_tag-blackberry-kush-i","14":"product_tag-blackwater-og-i","15":"product_tag-gorilla-glue-4-h","16":"product_tag-grand-daddy-purp-i","17":"product_tag-napalm-og-i","18":"product_tag-sour-tangie-s","19":"product_tag-sunset-gelato-h","20":"product_tag-vente-de-cartouches-dextraits-big-chief","21":"product_tag-white-widow-s","23":"first","24":"instock","25":"shipping-taxable","26":"purchasable","27":"product-type-simple"},"yoast_head":"<!-- This site is optimized with the Yoast SEO plugin v27.3 - https:\/\/yoast.com\/product\/yoast-seo-wordpress\/ -->\n<title>Cartouche Big Chief THC 1G \u2013 Ananas Express - 510 Premium Carts<\/title>\n<meta name=\"description\" content=\"Big Chief THC Cartridge 1G - Pineapple Express Les produits d&#039;extraits de Big Chief ne contiennent que de l&#039;huile de cannabis distill\u00e9e (extraits \u00e0 dominante THC et CBD) et des terp\u00e8nes de qualit\u00e9 alimentaire\" \/>\n<meta name=\"robots\" content=\"index, follow, max-snippet:-1, max-image-preview:large, max-video-preview:-1\" \/>\n<link rel=\"canonical\" href=\"https:\/\/510premiumcarts.com\/index.php\/product\/cartouche-big-chief-thc-1g-ananas-express\/\" \/>\n<meta property=\"og:locale\" content=\"fr_FR\" \/>\n<meta property=\"og:type\" content=\"article\" \/>\n<meta property=\"og:title\" content=\"Cartouche Big Chief THC 1G \u2013 Ananas Express - 510 Premium Carts\" \/>\n<meta property=\"og:description\" content=\"Big Chief THC Cartridge 1G - Pineapple Express Les produits d&#039;extraits de Big Chief ne contiennent que de l&#039;huile de cannabis distill\u00e9e (extraits \u00e0 dominante THC et CBD) et des terp\u00e8nes de qualit\u00e9 alimentaire\" \/>\n<meta property=\"og:url\" content=\"https:\/\/510premiumcarts.com\/index.php\/product\/cartouche-big-chief-thc-1g-ananas-express\/\" \/>\n<meta property=\"og:site_name\" content=\"510 Premium Carts\" \/>\n<meta property=\"article:modified_time\" content=\"2023-03-12T19:47:35+00:00\" \/>\n<meta property=\"og:image\" content=\"http:\/\/510premiumcarts.com\/wp-content\/uploads\/2021\/10\/Pineapple-Express-scaled.jpg\" \/>\n\t<meta property=\"og:image:width\" content=\"2194\" \/>\n\t<meta property=\"og:image:height\" content=\"2560\" \/>\n\t<meta property=\"og:image:type\" content=\"image\/jpeg\" \/>\n<meta name=\"twitter:card\" content=\"summary_large_image\" \/>\n<meta name=\"twitter:label1\" content=\"Dur\u00e9e de lecture estim\u00e9e\" \/>\n\t<meta name=\"twitter:data1\" content=\"2 minutes\" \/>\n<script type=\"application\/ld+json\" class=\"yoast-schema-graph\">{\"@context\":\"https:\\\/\\\/schema.org\",\"@graph\":[{\"@type\":\"WebPage\",\"@id\":\"https:\\\/\\\/510premiumcarts.com\\\/index.php\\\/product\\\/cartouche-big-chief-thc-1g-ananas-express\\\/\",\"url\":\"https:\\\/\\\/510premiumcarts.com\\\/index.php\\\/product\\\/cartouche-big-chief-thc-1g-ananas-express\\\/\",\"name\":\"Cartouche Big Chief THC 1G \u2013 Ananas Express - 510 Premium Carts\",\"isPartOf\":{\"@id\":\"https:\\\/\\\/510premiumcarts.com\\\/#website\"},\"primaryImageOfPage\":{\"@id\":\"https:\\\/\\\/510premiumcarts.com\\\/index.php\\\/product\\\/cartouche-big-chief-thc-1g-ananas-express\\\/#primaryimage\"},\"image\":{\"@id\":\"https:\\\/\\\/510premiumcarts.com\\\/index.php\\\/product\\\/cartouche-big-chief-thc-1g-ananas-express\\\/#primaryimage\"},\"thumbnailUrl\":\"https:\\\/\\\/510premiumcarts.com\\\/wp-content\\\/uploads\\\/2021\\\/10\\\/Pineapple-Express-scaled.jpg\",\"datePublished\":\"2021-10-18T13:43:01+00:00\",\"dateModified\":\"2023-03-12T19:47:35+00:00\",\"description\":\"Big Chief THC Cartridge 1G - Pineapple Express Les produits d'extraits de Big Chief ne contiennent que de l'huile de cannabis distill\u00e9e (extraits \u00e0 dominante THC et CBD) et des terp\u00e8nes de qualit\u00e9 alimentaire\",\"breadcrumb\":{\"@id\":\"https:\\\/\\\/510premiumcarts.com\\\/index.php\\\/product\\\/cartouche-big-chief-thc-1g-ananas-express\\\/#breadcrumb\"},\"inLanguage\":\"fr-FR\",\"potentialAction\":[{\"@type\":\"ReadAction\",\"target\":[\"https:\\\/\\\/510premiumcarts.com\\\/index.php\\\/product\\\/cartouche-big-chief-thc-1g-ananas-express\\\/\"]}]},{\"@type\":\"ImageObject\",\"inLanguage\":\"fr-FR\",\"@id\":\"https:\\\/\\\/510premiumcarts.com\\\/index.php\\\/product\\\/cartouche-big-chief-thc-1g-ananas-express\\\/#primaryimage\",\"url\":\"https:\\\/\\\/510premiumcarts.com\\\/wp-content\\\/uploads\\\/2021\\\/10\\\/Pineapple-Express-scaled.jpg\",\"contentUrl\":\"https:\\\/\\\/510premiumcarts.com\\\/wp-content\\\/uploads\\\/2021\\\/10\\\/Pineapple-Express-scaled.jpg\",\"width\":2194,\"height\":2560,\"caption\":\"Cartouche Big Chief THC 1G \u2013 Ananas Express\"},{\"@type\":\"BreadcrumbList\",\"@id\":\"https:\\\/\\\/510premiumcarts.com\\\/index.php\\\/product\\\/cartouche-big-chief-thc-1g-ananas-express\\\/#breadcrumb\",\"itemListElement\":[{\"@type\":\"ListItem\",\"position\":1,\"name\":\"Home\",\"item\":\"https:\\\/\\\/510premiumcarts.com\\\/\"},{\"@type\":\"ListItem\",\"position\":2,\"name\":\"Marques de vapotage\",\"item\":\"https:\\\/\\\/510premiumcarts.com\\\/index.php\\\/acheter-du-cannabis\\\/\"},{\"@type\":\"ListItem\",\"position\":3,\"name\":\"Cartouche Big Chief THC 1G \u2013 Ananas Express\"}]},{\"@type\":\"WebSite\",\"@id\":\"https:\\\/\\\/510premiumcarts.com\\\/#website\",\"url\":\"https:\\\/\\\/510premiumcarts.com\\\/\",\"name\":\"510 Premium Carts\",\"description\":\"Just another WordPress site\",\"potentialAction\":[{\"@type\":\"SearchAction\",\"target\":{\"@type\":\"EntryPoint\",\"urlTemplate\":\"https:\\\/\\\/510premiumcarts.com\\\/?s={search_term_string}\"},\"query-input\":{\"@type\":\"PropertyValueSpecification\",\"valueRequired\":true,\"valueName\":\"search_term_string\"}}],\"inLanguage\":\"fr-FR\"}]}<\/script>\n<!-- \/ Yoast SEO plugin. -->","yoast_head_json":{"title":"Cartouche Big Chief THC 1G \u2013 Ananas Express - 510 Premium Carts","description":"Big Chief THC Cartridge 1G - Pineapple Express Les produits d'extraits de Big Chief ne contiennent que de l'huile de cannabis distill\u00e9e (extraits \u00e0 dominante THC et CBD) et des terp\u00e8nes de qualit\u00e9 alimentaire","robots":{"index":"index","follow":"follow","max-snippet":"max-snippet:-1","max-image-preview":"max-image-preview:large","max-video-preview":"max-video-preview:-1"},"canonical":"https:\/\/510premiumcarts.com\/index.php\/product\/cartouche-big-chief-thc-1g-ananas-express\/","og_locale":"fr_FR","og_type":"article","og_title":"Cartouche Big Chief THC 1G \u2013 Ananas Express - 510 Premium Carts","og_description":"Big Chief THC Cartridge 1G - Pineapple Express Les produits d'extraits de Big Chief ne contiennent que de l'huile de cannabis distill\u00e9e (extraits \u00e0 dominante THC et CBD) et des terp\u00e8nes de qualit\u00e9 alimentaire","og_url":"https:\/\/510premiumcarts.com\/index.php\/product\/cartouche-big-chief-thc-1g-ananas-express\/","og_site_name":"510 Premium Carts","article_modified_time":"2023-03-12T19:47:35+00:00","og_image":[{"width":2194,"height":2560,"url":"http:\/\/510premiumcarts.com\/wp-content\/uploads\/2021\/10\/Pineapple-Express-scaled.jpg","type":"image\/jpeg"}],"twitter_card":"summary_large_image","twitter_misc":{"Dur\u00e9e de lecture estim\u00e9e":"2 minutes"},"schema":{"@context":"https:\/\/schema.org","@graph":[{"@type":"WebPage","@id":"https:\/\/510premiumcarts.com\/index.php\/product\/cartouche-big-chief-thc-1g-ananas-express\/","url":"https:\/\/510premiumcarts.com\/index.php\/product\/cartouche-big-chief-thc-1g-ananas-express\/","name":"Cartouche Big Chief THC 1G \u2013 Ananas Express - 510 Premium Carts","isPartOf":{"@id":"https:\/\/510premiumcarts.com\/#website"},"primaryImageOfPage":{"@id":"https:\/\/510premiumcarts.com\/index.php\/product\/cartouche-big-chief-thc-1g-ananas-express\/#primaryimage"},"image":{"@id":"https:\/\/510premiumcarts.com\/index.php\/product\/cartouche-big-chief-thc-1g-ananas-express\/#primaryimage"},"thumbnailUrl":"https:\/\/510premiumcarts.com\/wp-content\/uploads\/2021\/10\/Pineapple-Express-scaled.jpg","datePublished":"2021-10-18T13:43:01+00:00","dateModified":"2023-03-12T19:47:35+00:00","description":"Big Chief THC Cartridge 1G - Pineapple Express Les produits d'extraits de Big Chief ne contiennent que de l'huile de cannabis distill\u00e9e (extraits \u00e0 dominante THC et CBD) et des terp\u00e8nes de qualit\u00e9 alimentaire","breadcrumb":{"@id":"https:\/\/510premiumcarts.com\/index.php\/product\/cartouche-big-chief-thc-1g-ananas-express\/#breadcrumb"},"inLanguage":"fr-FR","potentialAction":[{"@type":"ReadAction","target":["https:\/\/510premiumcarts.com\/index.php\/product\/cartouche-big-chief-thc-1g-ananas-express\/"]}]},{"@type":"ImageObject","inLanguage":"fr-FR","@id":"https:\/\/510premiumcarts.com\/index.php\/product\/cartouche-big-chief-thc-1g-ananas-express\/#primaryimage","url":"https:\/\/510premiumcarts.com\/wp-content\/uploads\/2021\/10\/Pineapple-Express-scaled.jpg","contentUrl":"https:\/\/510premiumcarts.com\/wp-content\/uploads\/2021\/10\/Pineapple-Express-scaled.jpg","width":2194,"height":2560,"caption":"Cartouche Big Chief THC 1G \u2013 Ananas Express"},{"@type":"BreadcrumbList","@id":"https:\/\/510premiumcarts.com\/index.php\/product\/cartouche-big-chief-thc-1g-ananas-express\/#breadcrumb","itemListElement":[{"@type":"ListItem","position":1,"name":"Home","item":"https:\/\/510premiumcarts.com\/"},{"@type":"ListItem","position":2,"name":"Marques de vapotage","item":"https:\/\/510premiumcarts.com\/index.php\/acheter-du-cannabis\/"},{"@type":"ListItem","position":3,"name":"Cartouche Big Chief THC 1G \u2013 Ananas Express"}]},{"@type":"WebSite","@id":"https:\/\/510premiumcarts.com\/#website","url":"https:\/\/510premiumcarts.com\/","name":"510 Premium Carts","description":"Just another WordPress site","potentialAction":[{"@type":"SearchAction","target":{"@type":"EntryPoint","urlTemplate":"https:\/\/510premiumcarts.com\/?s={search_term_string}"},"query-input":{"@type":"PropertyValueSpecification","valueRequired":true,"valueName":"search_term_string"}}],"inLanguage":"fr-FR"}]}},"jetpack_sharing_enabled":true,"_links":{"self":[{"href":"https:\/\/510premiumcarts.com\/index.php\/wp-json\/wp\/v2\/product\/238","targetHints":{"allow":["GET"]}}],"collection":[{"href":"https:\/\/510premiumcarts.com\/index.php\/wp-json\/wp\/v2\/product"}],"about":[{"href":"https:\/\/510premiumcarts.com\/index.php\/wp-json\/wp\/v2\/types\/product"}],"replies":[{"embeddable":true,"href":"https:\/\/510premiumcarts.com\/index.php\/wp-json\/wp\/v2\/comments?post=238"}],"wp:featuredmedia":[{"embeddable":true,"href":"https:\/\/510premiumcarts.com\/index.php\/wp-json\/wp\/v2\/media\/239"}],"wp:attachment":[{"href":"https:\/\/510premiumcarts.com\/index.php\/wp-json\/wp\/v2\/media?parent=238"}],"wp:term":[{"taxonomy":"product_brand","embeddable":true,"href":"https:\/\/510premiumcarts.com\/index.php\/wp-json\/wp\/v2\/product_brand?post=238"},{"taxonomy":"product_cat","embeddable":true,"href":"https:\/\/510premiumcarts.com\/index.php\/wp-json\/wp\/v2\/product_cat?post=238"},{"taxonomy":"product_tag","embeddable":true,"href":"https:\/\/510premiumcarts.com\/index.php\/wp-json\/wp\/v2\/product_tag?post=238"}],"curies":[{"name":"wp","href":"https:\/\/api.w.org\/{rel}","templated":true}]}}