{"id":240,"date":"2021-10-18T13:46:40","date_gmt":"2021-10-18T13:46:40","guid":{"rendered":"https:\/\/510premiumcarts.com\/?post_type=product&#038;p=240"},"modified":"2023-03-12T20:04:30","modified_gmt":"2023-03-12T20:04:30","slug":"big-chief-thc-cartouche-1g-sour-tangie","status":"publish","type":"product","link":"https:\/\/510premiumcarts.com\/index.php\/product\/big-chief-thc-cartouche-1g-sour-tangie\/","title":{"rendered":"BIG CHIEF THC CARTOUCHE 1G &#8211; SOUR TANGIE"},"content":{"rendered":"<p>Sour Tangie Big Chief. Comme plusieurs hybrides descendants de Tangie, Sour Tangie est une vari\u00e9t\u00e9 savoureuse avec un profil terp\u00e9nique saisissant qui imite ses deux parents aromatiques.<\/p>\n<p>DNA Genetics, bas\u00e9e \u00e0 Amsterdam, a pollinis\u00e9 une femelle Sour Diesel avec le pollen d&rsquo;un m\u00e2le Tangie pour produire ce bourgeon piquant avec un go\u00fbt persistant aigre-doux, fruit\u00e9 et diesel.<\/p>\n<h3>SOUR TANGIE Big <a href=\"https:\/\/510premiumcarts.com\/index.php\/product-category\/big-chiefs-carts\/\">Chief<\/a><\/h3>\n<p>Sour Tangie Big Chief\u00a0r\u00e9unit l&rsquo;ar\u00f4me classique Sour\u00a0Diesel\u00a0avec le buzz <a href=\"https:\/\/www.allbud.com\/marijuana-strains\/sativa-dominant-hybrid\/sour-tangie?page=2\">cr\u00e9atif<\/a> et \u00e9l\u00e9vateur de Tangie et ses fortes notes d&rsquo;agrumes. 91,8\u00a0% de THC total.<\/p>\n<p>Cette cartouche est une huile Sativa populaire d\u00e9riv\u00e9e de la c\u00e9l\u00e8bre souche Sour Tangie. Sour Tangie est l&rsquo;enfant de Sour Diesel et Tangie, deux vari\u00e9t\u00e9s appr\u00e9ci\u00e9es et c\u00e9l\u00e8bres. En tant que telle, cette huile s&rsquo;envole des \u00e9tag\u00e8res. Les tests ne trouvent aucune impuret\u00e9. Aucun contaminant. La puret\u00e9 est garantie. La qualit\u00e9 est superbe aussi. La soci\u00e9t\u00e9 utilise uniquement les m\u00e9thodes d&rsquo;extraction les plus r\u00e9centes et les plus s\u00fbres pour garantir la meilleure qualit\u00e9 possible.<\/p>\n<p>Vous n&rsquo;avez besoin que d&rsquo;une bouff\u00e9e, peut-\u00eatre deux, de cette huile pour la sentir. Les effets sont imm\u00e9diats. En tant que vari\u00e9t\u00e9 \u00e0 dominance Sativa, Sour Tangie est id\u00e9ale pour une utilisation en journ\u00e9e. Vous vous sentirez \u00e9lev\u00e9, motiv\u00e9 et occup\u00e9. Ses effets c\u00e9r\u00e9braux sont puissants. Cela vous rend cr\u00e9atif. Concentr\u00e9. Sociable. Giggly. C&rsquo;est une excellente vari\u00e9t\u00e9 pour stimuler m\u00eame une faible confiance. Pour mener \u00e0 bien des projets qui autrement prendraient des ann\u00e9es. A \u00e9viter la nuit. Tu ne dormiras pas.<\/p>\n","protected":false},"excerpt":{"rendered":"<p>Sour Tangie Big Chief. Comme plusieurs hybrides descendants de Tangie, Sour Tangie est une vari\u00e9t\u00e9 savoureuse avec un profil terp\u00e9nique saisissant qui imite ses deux parents aromatiques. DNA Genetics, bas\u00e9e \u00e0 Amsterdam, a pollinis\u00e9 une femelle Sour Diesel avec le pollen d&rsquo;un m\u00e2le Tangie pour produire ce bourgeon piquant avec un go\u00fbt persistant aigre-doux, fruit\u00e9 [&#8230;]\n","protected":false},"featured_media":241,"comment_status":"open","ping_status":"closed","template":"","meta":{"_monsterinsights_skip_tracking":false,"_monsterinsights_sitenote_active":false,"_monsterinsights_sitenote_note":"","_monsterinsights_sitenote_category":0},"product_brand":[],"product_cat":[17],"product_tag":[5385,5394,1241,6213,6214,6215,1237,1219,6229,5387,6240,6227,6238,6241,5389,6221,5392,5386,6232,6233,6208,6209,6210,6230,6231,6148,6223,6239,6236,6211,6212,6243,6244,6222,6220,6133,6219,1262,6235,6224,6217,5395,6216,5398,6218,6118,6119,6138,6158,6242,6237,6226,6234,6225,1265,5393,5396,1276,6228],"class_list":{"0":"post-240","1":"product","2":"type-product","3":"status-publish","4":"has-post-thumbnail","6":"product_cat-big-chiefs-chariots","7":"product_tag-batterie-big-chief-vape","8":"product_tag-batterie-de-stylo-vape-grand-chef","9":"product_tag-big-chief","10":"product_tag-big-chief-fumeur","11":"product_tag-big-chief-tangie-aigre","12":"product_tag-big-chief-tangie-aigre-faux","13":"product_tag-big-chief-thc-cartridge-1g-sour-tangie","14":"product_tag-big-chief-vape","15":"product_tag-biscuit-og","16":"product_tag-cartouche-big-chief-vape","17":"product_tag-cartouche-dhuile-de-la-tangie-aigre","18":"product_tag-cartouche-de-gateau-aigre-tangie-sativa","19":"product_tag-cartouche-de-la-tangie-aigre","20":"product_tag-cartouche-sativa-de-la-tangie-aigre","21":"product_tag-cartouches-big-chief-vape","22":"product_tag-chalmette-de-vape-grand-chef","23":"product_tag-chargeur-de-vape-grand-chef","24":"product_tag-chariot-big-chief-vape","25":"product_tag-chariot-kush","26":"product_tag-chariots-kush","27":"product_tag-charrettes-big-cheif","28":"product_tag-charrettes-big-chief","29":"product_tag-charrettes-big-chief-sour-tangie","30":"product_tag-comment-savoir-si-le-chariot-de-vape-du-grand-chef-est-reel","31":"product_tag-comment-utiliser-grand-stylo-vape-chef","32":"product_tag-coucher-de-soleil-og","33":"product_tag-eau-noire-og","34":"product_tag-examen-de-la-cartouche-de-la-tangie-aigre","35":"product_tag-examen-du-grand-chef-de-la-tangie-aigre","36":"product_tag-extraits-de-big-chief","37":"product_tag-extraits-de-big-chief-tangie-aigre","38":"product_tag-gelato-au-coucher-du-soleil","39":"product_tag-gelato-au-coucher-du-soleil-grand-chef","40":"product_tag-gousses-de-vape-grand-chef","41":"product_tag-grand-chef-vape-cbd","42":"product_tag-grands-chefs","43":"product_tag-gros-chariots-de-vape-en-chef","44":"product_tag-napalm-og","45":"product_tag-og-cuisinier-ies","46":"product_tag-og-eau-noire","47":"product_tag-pneu-big-chief","48":"product_tag-prix-du-stylo-vape-grand-chef","49":"product_tag-revue-de-big-chief-sour-tangie","50":"product_tag-revue-de-vape-grand-chef","51":"product_tag-revue-des-cartouches-big-chief-vape","52":"product_tag-souche-apple-jack","53":"product_tag-souche-apple-jacks","54":"product_tag-souche-de-gateau-de-colle","55":"product_tag-souche-de-gorille-blanc","56":"product_tag-souche-de-la-tangie-aigre-grand-chef","57":"product_tag-souche-du-grand-chef-de-la-tangie-aigre","58":"product_tag-souche-eau-noire","59":"product_tag-souche-napalm-og","60":"product_tag-souche-og-eau-noire","61":"product_tag-sour-tangie-big-chief","62":"product_tag-stylo-vape-grand-chef","63":"product_tag-stylos-vape-grand-chef","64":"product_tag-tangie-og","65":"product_tag-vapeur-principale","67":"first","68":"instock","69":"shipping-taxable","70":"purchasable","71":"product-type-simple"},"yoast_head":"<!-- This site is optimized with the Yoast SEO plugin v27.3 - https:\/\/yoast.com\/product\/yoast-seo-wordpress\/ -->\n<title>BIG CHIEF THC CARTOUCHE 1G - SOUR TANGIE - 510 Premium Carts<\/title>\n<meta name=\"description\" content=\"BIG CHIEF THC CARTRIDGE 1G - SOUR TANGIE combine l&#039;ar\u00f4me classique Sour Diesel avec le buzz cr\u00e9atif et \u00e9l\u00e9vateur de Tangie et de fortes notes d&#039;agrumes. Sour Tangie r\u00e9unit l&#039;ar\u00f4me classique de Sour Diesel\" \/>\n<meta name=\"robots\" content=\"index, follow, max-snippet:-1, max-image-preview:large, max-video-preview:-1\" \/>\n<link rel=\"canonical\" href=\"https:\/\/510premiumcarts.com\/index.php\/product\/big-chief-thc-cartouche-1g-sour-tangie\/\" \/>\n<meta property=\"og:locale\" content=\"fr_FR\" \/>\n<meta property=\"og:type\" content=\"article\" \/>\n<meta property=\"og:title\" content=\"BIG CHIEF THC CARTOUCHE 1G - SOUR TANGIE - 510 Premium Carts\" \/>\n<meta property=\"og:description\" content=\"BIG CHIEF THC CARTRIDGE 1G - SOUR TANGIE combine l&#039;ar\u00f4me classique Sour Diesel avec le buzz cr\u00e9atif et \u00e9l\u00e9vateur de Tangie et de fortes notes d&#039;agrumes. Sour Tangie r\u00e9unit l&#039;ar\u00f4me classique de Sour Diesel\" \/>\n<meta property=\"og:url\" content=\"https:\/\/510premiumcarts.com\/index.php\/product\/big-chief-thc-cartouche-1g-sour-tangie\/\" \/>\n<meta property=\"og:site_name\" content=\"510 Premium Carts\" \/>\n<meta property=\"article:modified_time\" content=\"2023-03-12T20:04:30+00:00\" \/>\n<meta property=\"og:image\" content=\"http:\/\/510premiumcarts.com\/wp-content\/uploads\/2021\/10\/Sour-Tangie.jpg\" \/>\n\t<meta property=\"og:image:width\" content=\"1000\" \/>\n\t<meta property=\"og:image:height\" content=\"1000\" \/>\n\t<meta property=\"og:image:type\" content=\"image\/jpeg\" \/>\n<meta name=\"twitter:card\" content=\"summary_large_image\" \/>\n<meta name=\"twitter:label1\" content=\"Dur\u00e9e de lecture estim\u00e9e\" \/>\n\t<meta name=\"twitter:data1\" content=\"2 minutes\" \/>\n<script type=\"application\/ld+json\" class=\"yoast-schema-graph\">{\"@context\":\"https:\\\/\\\/schema.org\",\"@graph\":[{\"@type\":\"WebPage\",\"@id\":\"https:\\\/\\\/510premiumcarts.com\\\/index.php\\\/product\\\/big-chief-thc-cartouche-1g-sour-tangie\\\/\",\"url\":\"https:\\\/\\\/510premiumcarts.com\\\/index.php\\\/product\\\/big-chief-thc-cartouche-1g-sour-tangie\\\/\",\"name\":\"BIG CHIEF THC CARTOUCHE 1G - SOUR TANGIE - 510 Premium Carts\",\"isPartOf\":{\"@id\":\"https:\\\/\\\/510premiumcarts.com\\\/#website\"},\"primaryImageOfPage\":{\"@id\":\"https:\\\/\\\/510premiumcarts.com\\\/index.php\\\/product\\\/big-chief-thc-cartouche-1g-sour-tangie\\\/#primaryimage\"},\"image\":{\"@id\":\"https:\\\/\\\/510premiumcarts.com\\\/index.php\\\/product\\\/big-chief-thc-cartouche-1g-sour-tangie\\\/#primaryimage\"},\"thumbnailUrl\":\"https:\\\/\\\/510premiumcarts.com\\\/wp-content\\\/uploads\\\/2021\\\/10\\\/Sour-Tangie.jpg\",\"datePublished\":\"2021-10-18T13:46:40+00:00\",\"dateModified\":\"2023-03-12T20:04:30+00:00\",\"description\":\"BIG CHIEF THC CARTRIDGE 1G - SOUR TANGIE combine l'ar\u00f4me classique Sour Diesel avec le buzz cr\u00e9atif et \u00e9l\u00e9vateur de Tangie et de fortes notes d'agrumes. Sour Tangie r\u00e9unit l'ar\u00f4me classique de Sour Diesel\",\"breadcrumb\":{\"@id\":\"https:\\\/\\\/510premiumcarts.com\\\/index.php\\\/product\\\/big-chief-thc-cartouche-1g-sour-tangie\\\/#breadcrumb\"},\"inLanguage\":\"fr-FR\",\"potentialAction\":[{\"@type\":\"ReadAction\",\"target\":[\"https:\\\/\\\/510premiumcarts.com\\\/index.php\\\/product\\\/big-chief-thc-cartouche-1g-sour-tangie\\\/\"]}]},{\"@type\":\"ImageObject\",\"inLanguage\":\"fr-FR\",\"@id\":\"https:\\\/\\\/510premiumcarts.com\\\/index.php\\\/product\\\/big-chief-thc-cartouche-1g-sour-tangie\\\/#primaryimage\",\"url\":\"https:\\\/\\\/510premiumcarts.com\\\/wp-content\\\/uploads\\\/2021\\\/10\\\/Sour-Tangie.jpg\",\"contentUrl\":\"https:\\\/\\\/510premiumcarts.com\\\/wp-content\\\/uploads\\\/2021\\\/10\\\/Sour-Tangie.jpg\",\"width\":1000,\"height\":1000,\"caption\":\"BIG CHIEF THC CARTOUCHE 1G - SOUR TANGIE\"},{\"@type\":\"BreadcrumbList\",\"@id\":\"https:\\\/\\\/510premiumcarts.com\\\/index.php\\\/product\\\/big-chief-thc-cartouche-1g-sour-tangie\\\/#breadcrumb\",\"itemListElement\":[{\"@type\":\"ListItem\",\"position\":1,\"name\":\"Home\",\"item\":\"https:\\\/\\\/510premiumcarts.com\\\/\"},{\"@type\":\"ListItem\",\"position\":2,\"name\":\"Marques de vapotage\",\"item\":\"https:\\\/\\\/510premiumcarts.com\\\/index.php\\\/acheter-du-cannabis\\\/\"},{\"@type\":\"ListItem\",\"position\":3,\"name\":\"BIG CHIEF THC CARTOUCHE 1G &#8211; SOUR TANGIE\"}]},{\"@type\":\"WebSite\",\"@id\":\"https:\\\/\\\/510premiumcarts.com\\\/#website\",\"url\":\"https:\\\/\\\/510premiumcarts.com\\\/\",\"name\":\"510 Premium Carts\",\"description\":\"Just another WordPress site\",\"potentialAction\":[{\"@type\":\"SearchAction\",\"target\":{\"@type\":\"EntryPoint\",\"urlTemplate\":\"https:\\\/\\\/510premiumcarts.com\\\/?s={search_term_string}\"},\"query-input\":{\"@type\":\"PropertyValueSpecification\",\"valueRequired\":true,\"valueName\":\"search_term_string\"}}],\"inLanguage\":\"fr-FR\"}]}<\/script>\n<!-- \/ Yoast SEO plugin. -->","yoast_head_json":{"title":"BIG CHIEF THC CARTOUCHE 1G - SOUR TANGIE - 510 Premium Carts","description":"BIG CHIEF THC CARTRIDGE 1G - SOUR TANGIE combine l'ar\u00f4me classique Sour Diesel avec le buzz cr\u00e9atif et \u00e9l\u00e9vateur de Tangie et de fortes notes d'agrumes. Sour Tangie r\u00e9unit l'ar\u00f4me classique de Sour Diesel","robots":{"index":"index","follow":"follow","max-snippet":"max-snippet:-1","max-image-preview":"max-image-preview:large","max-video-preview":"max-video-preview:-1"},"canonical":"https:\/\/510premiumcarts.com\/index.php\/product\/big-chief-thc-cartouche-1g-sour-tangie\/","og_locale":"fr_FR","og_type":"article","og_title":"BIG CHIEF THC CARTOUCHE 1G - SOUR TANGIE - 510 Premium Carts","og_description":"BIG CHIEF THC CARTRIDGE 1G - SOUR TANGIE combine l'ar\u00f4me classique Sour Diesel avec le buzz cr\u00e9atif et \u00e9l\u00e9vateur de Tangie et de fortes notes d'agrumes. Sour Tangie r\u00e9unit l'ar\u00f4me classique de Sour Diesel","og_url":"https:\/\/510premiumcarts.com\/index.php\/product\/big-chief-thc-cartouche-1g-sour-tangie\/","og_site_name":"510 Premium Carts","article_modified_time":"2023-03-12T20:04:30+00:00","og_image":[{"width":1000,"height":1000,"url":"http:\/\/510premiumcarts.com\/wp-content\/uploads\/2021\/10\/Sour-Tangie.jpg","type":"image\/jpeg"}],"twitter_card":"summary_large_image","twitter_misc":{"Dur\u00e9e de lecture estim\u00e9e":"2 minutes"},"schema":{"@context":"https:\/\/schema.org","@graph":[{"@type":"WebPage","@id":"https:\/\/510premiumcarts.com\/index.php\/product\/big-chief-thc-cartouche-1g-sour-tangie\/","url":"https:\/\/510premiumcarts.com\/index.php\/product\/big-chief-thc-cartouche-1g-sour-tangie\/","name":"BIG CHIEF THC CARTOUCHE 1G - SOUR TANGIE - 510 Premium Carts","isPartOf":{"@id":"https:\/\/510premiumcarts.com\/#website"},"primaryImageOfPage":{"@id":"https:\/\/510premiumcarts.com\/index.php\/product\/big-chief-thc-cartouche-1g-sour-tangie\/#primaryimage"},"image":{"@id":"https:\/\/510premiumcarts.com\/index.php\/product\/big-chief-thc-cartouche-1g-sour-tangie\/#primaryimage"},"thumbnailUrl":"https:\/\/510premiumcarts.com\/wp-content\/uploads\/2021\/10\/Sour-Tangie.jpg","datePublished":"2021-10-18T13:46:40+00:00","dateModified":"2023-03-12T20:04:30+00:00","description":"BIG CHIEF THC CARTRIDGE 1G - SOUR TANGIE combine l'ar\u00f4me classique Sour Diesel avec le buzz cr\u00e9atif et \u00e9l\u00e9vateur de Tangie et de fortes notes d'agrumes. Sour Tangie r\u00e9unit l'ar\u00f4me classique de Sour Diesel","breadcrumb":{"@id":"https:\/\/510premiumcarts.com\/index.php\/product\/big-chief-thc-cartouche-1g-sour-tangie\/#breadcrumb"},"inLanguage":"fr-FR","potentialAction":[{"@type":"ReadAction","target":["https:\/\/510premiumcarts.com\/index.php\/product\/big-chief-thc-cartouche-1g-sour-tangie\/"]}]},{"@type":"ImageObject","inLanguage":"fr-FR","@id":"https:\/\/510premiumcarts.com\/index.php\/product\/big-chief-thc-cartouche-1g-sour-tangie\/#primaryimage","url":"https:\/\/510premiumcarts.com\/wp-content\/uploads\/2021\/10\/Sour-Tangie.jpg","contentUrl":"https:\/\/510premiumcarts.com\/wp-content\/uploads\/2021\/10\/Sour-Tangie.jpg","width":1000,"height":1000,"caption":"BIG CHIEF THC CARTOUCHE 1G - SOUR TANGIE"},{"@type":"BreadcrumbList","@id":"https:\/\/510premiumcarts.com\/index.php\/product\/big-chief-thc-cartouche-1g-sour-tangie\/#breadcrumb","itemListElement":[{"@type":"ListItem","position":1,"name":"Home","item":"https:\/\/510premiumcarts.com\/"},{"@type":"ListItem","position":2,"name":"Marques de vapotage","item":"https:\/\/510premiumcarts.com\/index.php\/acheter-du-cannabis\/"},{"@type":"ListItem","position":3,"name":"BIG CHIEF THC CARTOUCHE 1G &#8211; SOUR TANGIE"}]},{"@type":"WebSite","@id":"https:\/\/510premiumcarts.com\/#website","url":"https:\/\/510premiumcarts.com\/","name":"510 Premium Carts","description":"Just another WordPress site","potentialAction":[{"@type":"SearchAction","target":{"@type":"EntryPoint","urlTemplate":"https:\/\/510premiumcarts.com\/?s={search_term_string}"},"query-input":{"@type":"PropertyValueSpecification","valueRequired":true,"valueName":"search_term_string"}}],"inLanguage":"fr-FR"}]}},"jetpack_sharing_enabled":true,"_links":{"self":[{"href":"https:\/\/510premiumcarts.com\/index.php\/wp-json\/wp\/v2\/product\/240","targetHints":{"allow":["GET"]}}],"collection":[{"href":"https:\/\/510premiumcarts.com\/index.php\/wp-json\/wp\/v2\/product"}],"about":[{"href":"https:\/\/510premiumcarts.com\/index.php\/wp-json\/wp\/v2\/types\/product"}],"replies":[{"embeddable":true,"href":"https:\/\/510premiumcarts.com\/index.php\/wp-json\/wp\/v2\/comments?post=240"}],"wp:featuredmedia":[{"embeddable":true,"href":"https:\/\/510premiumcarts.com\/index.php\/wp-json\/wp\/v2\/media\/241"}],"wp:attachment":[{"href":"https:\/\/510premiumcarts.com\/index.php\/wp-json\/wp\/v2\/media?parent=240"}],"wp:term":[{"taxonomy":"product_brand","embeddable":true,"href":"https:\/\/510premiumcarts.com\/index.php\/wp-json\/wp\/v2\/product_brand?post=240"},{"taxonomy":"product_cat","embeddable":true,"href":"https:\/\/510premiumcarts.com\/index.php\/wp-json\/wp\/v2\/product_cat?post=240"},{"taxonomy":"product_tag","embeddable":true,"href":"https:\/\/510premiumcarts.com\/index.php\/wp-json\/wp\/v2\/product_tag?post=240"}],"curies":[{"name":"wp","href":"https:\/\/api.w.org\/{rel}","templated":true}]}}