{"id":242,"date":"2021-10-18T18:46:39","date_gmt":"2021-10-18T18:46:39","guid":{"rendered":"https:\/\/510premiumcarts.com\/?post_type=product&#038;p=242"},"modified":"2023-03-13T09:38:37","modified_gmt":"2023-03-13T09:38:37","slug":"cartouche-de-vapotage-bloom-bleu-reve-sativa-500-mg","status":"publish","type":"product","link":"https:\/\/510premiumcarts.com\/index.php\/product\/cartouche-de-vapotage-bloom-bleu-reve-sativa-500-mg\/","title":{"rendered":"BD-Bleu R\u00eave"},"content":{"rendered":"<h1><a href=\"https:\/\/510premiumcarts.com\/index.php\/product-category\/bloom-carts\/\"><span style=\"color: #ffcc00;\">Cartouche de vapotage Bloom BD-Bleu R\u00eave \u2013 Sativa \u2013 500mg<\/span><\/a><\/h1>\n<p>500mg<\/p>\n<p>Hybride<\/p>\n<h4><span style=\"color: #ffcc00;\">Qu&rsquo;est-ce que la Cartouche Bloom Blue Dream Vaping &#8211; Sativa &#8211; 500mg ?<\/span><\/h4>\n<p>La cartouche de vapotage Bleu R\u00eave de Bloom fait partie des huiles de vapotage les plus populaires de sa gamme. Bleu R\u00eave est une vari\u00e9t\u00e9 c\u00e9l\u00e8bre, qui croise les g\u00e9n\u00e9tiques Blueberry et Haze. Le r\u00e9sultat est une Sativa pure avec des effets \u00e0 tendance Sativa. Chaque cartouche de 500 milligrammes mesure les niveaux de THC \u00e0 environ 80 %. Cette huile de vapotage est puissante. La souche est id\u00e9ale pour une utilisation de jour. Cela vous donnera de l&rsquo;\u00e9nergie, de la motivation et de la clart\u00e9 mentale. <span style=\"color: #ffffff;\">Cartouche de vapotage Bloom Bleu R\u00eave &#8211; Sativa &#8211; 500 mg<\/span><\/p>\n<p>Si jamais vous avez besoin d&rsquo;un regain d&rsquo;\u00e9nergie lors d&rsquo;une journ\u00e9e \u00e9prouvante, alors Bleu R\u00eave est la vari\u00e9t\u00e9 \u00e0 consid\u00e9rer. En huile de vapotage concentr\u00e9e, c&rsquo;est encore plus digne. Une bouff\u00e9e ou deux de cette huile vous fera bouger. Les effets sont imm\u00e9diats, percutants et tr\u00e8s, tr\u00e8s occup\u00e9s. Bien qu&rsquo;\u00e0 l\u00e9g\u00e8re dominance Sativa, la Blue Dream porte \u00e9galement des g\u00e8nes Indica. Ceux-ci finiront par vous rendre somnolent. Calme. Tr\u00e8s relax\u00e9. Dans cet \u00e9tat, le sommeil est facile.<\/p>\n<p>Pour ceux qui vapotent pour des raisons m\u00e9dicales, Bleu R\u00eave est une huile \u00e0 spectre complet riche en cannabino\u00efdes th\u00e9rapeutiques. Ensemble, ils soulagent efficacement une myriade de probl\u00e8mes de sant\u00e9, de l\u00e9gers \u00e0 graves, de temporaires \u00e0 terminaux. Cette huile est analg\u00e9sique, anti-inflammatoire, antispasmodique et anticanc\u00e9reuse. Il stimule l&rsquo;humeur, combat la fatigue et r\u00e9gule les cycles de sommeil. Il am\u00e9liore l&rsquo;app\u00e9tit et la productivit\u00e9 pendant la journ\u00e9e, \u00e0 la maison et au travail.<\/p>\n<p>Malgr\u00e9 ses nombreuses utilisations m\u00e9dicales, la cartouche de vapotage Bloom Bleu R\u00eave profite \u00e9galement aux utilisateurs r\u00e9cr\u00e9atifs, qu&rsquo;ils soient nouveaux ou exp\u00e9riment\u00e9s. Il est <a href=\"https:\/\/www.potvalet.com\/products\/bloom-farms-girl-scout-cookies-cartridge\/\">savoureux<\/a>, puissant et promet une exp\u00e9rience \u00e9difiante et \u00e9quilibr\u00e9e. <span style=\"color: #ffffff;\">Cartouche de vapotage Bloom Bleu R\u00eave &#8211; Sativa &#8211; 500 mg<\/span><\/p>\n<p>THC\u00a0: 83,14\u00a0%<\/p>\n<p><strong>Effets\u00a0<\/strong>: euphorique, joyeux, d\u00e9tendu<\/p>\n<ul>\n<li>Vous aimerez peut-\u00eatre aussi la <strong>cartouche Bloom Girl Scout Cookies<\/strong>Informations sur la licence\u00a0:\u00c9tat : Californie<br \/>\nLicence<span style=\"color: #333333; font-size: 14.4px;\">: <\/span><a style=\"font-size: 14.4px;\" href=\"https:\/\/www.potvalet.com\/products\/bloom-blue-dream-vaping-cartridge\/\">CDPH<\/a><span style=\"color: #333333; font-size: 14.4px;\">&#8211;<\/span><a style=\"font-size: 14.4px;\" href=\"https:\/\/getcannabisdaily.com\/product\/bloom-carts\/\">10003611<\/a><\/li>\n<\/ul>\n","protected":false},"excerpt":{"rendered":"<p>Saveurs g\u00e9n\u00e9rales disponibles<\/p>\n<ul>\n<li>PEX \u2013 Ananas Express \u2013 80% THC \u2013 Hybride<\/li>\n<li>GSC \u2013 Girl scout Cookies \u2013 80% THC \u2013 Hybride<\/li>\n<li>BD \u2013 Bleu R\u00eave \u2013 80% THC \u2013 Hybride<\/li>\n<li>PIB &#8211; Grand Daddy violet- 80% THC &#8211; Indica<\/li>\n<li>KNG \u2013 King L0uis XIII \u2013 80% THC \u2013 Indica<\/li>\n<li>SKY \u2013 SkyWalker \u2013 80% THC \u2013 Indica<\/li>\n<li>GC \u2013 Green Crack \u2013 80% THC \u2013 Sativa<\/li>\n<li>JH \u2013 Jack herer \u2013 80% THC \u2013 Sativa<\/li>\n<li>MW \u2013 Maui Wowie \u2013 80% THC \u2013 Sativa<\/li>\n<li>SLH \u2013 Super Lemon Haze \u2013 80% THC \u2013 Sativa<\/li>\n<\/ul>\n","protected":false},"featured_media":243,"comment_status":"open","ping_status":"closed","template":"","meta":{"_monsterinsights_skip_tracking":false,"_monsterinsights_sitenote_active":false,"_monsterinsights_sitenote_note":"","_monsterinsights_sitenote_category":0},"product_brand":[],"product_cat":[18],"product_tag":[5550,6253,6245,6252,6264,5531,5529,6256,6249,6258,6257,6259,6260,5566,5542,6261,6246,5534,6254,6265,6268,6270,6269,6263,6267,6262,6271,5533,5552,6276,5538,5539,6274,6275,6272,6273,5524,5523,6248,6255,6247,6251,5537,5540,5535,5544,5547,5578,5579,6266,6250,5543],"class_list":{"0":"post-242","1":"product","2":"type-product","3":"status-publish","4":"has-post-thumbnail","6":"product_cat-bloom-chariots","7":"product_tag-acheter-un-stylo-vape-bloom-a-jacksonville-fl","8":"product_tag-allumer-le-stylo-vape-bloom","9":"product_tag-batterie-stylo-vape-bloom","10":"product_tag-bloom-recharges-de-stylo-vape","11":"product_tag-charge-du-stylo-vape-legion-of-bloom","12":"product_tag-chargement-du-stylo-vape-bloom","13":"product_tag-chargeur-de-stylo-vape-bloom","14":"product_tag-chargeur-de-stylo-vape-bloom-bloom","15":"product_tag-chargeur-de-stylo-vape-bloom-feu-vert","16":"product_tag-comment-charger-un-stylo-vape-bloom","17":"product_tag-comment-charger-un-stylo-vape-bloom-bloom","18":"product_tag-comment-savoir-quand-le-stylo-vape-bloom-est-charge","19":"product_tag-comment-utiliser-bloom-stylo-vape","20":"product_tag-comment-utiliser-un-stylo-vape-bloom","21":"product_tag-examen-du-stylo-vape-bloom","22":"product_tag-instructions-dor-stylo-vape-bloom","23":"product_tag-kit-de-batterie-pour-stylo-vape-bloom","24":"product_tag-le-stylo-vape-bloom-me-fait-mal-a-la-poitrine","25":"product_tag-le-stylo-vape-bloom-ne-fonctionnera-pas","26":"product_tag-le-stylo-vape-legion-of-bloom-clignote-10-fois","27":"product_tag-le-stylo-vape-legion-of-bloom-ne-fonctionne-pas","28":"product_tag-le-stylo-vape-legion-of-bloom-ne-sallume-pas","29":"product_tag-le-stylo-vape-legion-of-bloom-seteint-sallume","30":"product_tag-legion-de-blo-om-vape-pen-acheter","31":"product_tag-legion-de-instructions-du-stylo-vape-bloom","32":"product_tag-legion-de-stylo-vape-bloom","33":"product_tag-les-instructions-du-stylo-vape-monarque-legion-of-bloom","34":"product_tag-lumiere-du-stylo-vape-bloom","35":"product_tag-nettoyage-du-stylo-vape-bloom","36":"product_tag-ou-acheter-un-stylo-vape-bloom","37":"product_tag-prix-du-stylo-vape-bloom","38":"product_tag-produits-stylo-vape-bloom","39":"product_tag-quelle-est-la-tension-dun-stylo-vape-bloom","40":"product_tag-quelle-est-la-tension-du-stylo-vape-bloom","41":"product_tag-redemarrez-le-stylo-vape-bloom","42":"product_tag-san-marcos-ca-stylo-vape-bloom","43":"product_tag-stylo-et-cartouche-vape-bloom","44":"product_tag-stylo-vape-bloom","45":"product_tag-stylo-vape-bloom-acheter","46":"product_tag-stylo-vape-bloom-bloom","47":"product_tag-stylo-vape-bloom-clignotant","48":"product_tag-stylo-vape-bloom-ne-charge-pas","49":"product_tag-stylo-vape-bloom-ne-fonctionne-pas","50":"product_tag-stylo-vape-bloom-reddit","51":"product_tag-stylo-vape-bloom-sans-bouton","52":"product_tag-stylo-vape-bloom-seattle","53":"product_tag-stylo-vape-bloom-youtube","54":"product_tag-stylo-vape-legion-of-bloom-comment-chargez-vous","55":"product_tag-stylo-vape-legion-of-bloom-comment-utiliser","56":"product_tag-stylo-vape-legion-of-bloom-rose-clignotant","57":"product_tag-vape-bloom-instructions-du-stylo","58":"product_tag-vente-de-stylo-vape-bloom","60":"first","61":"instock","62":"shipping-taxable","63":"purchasable","64":"product-type-simple"},"yoast_head":"<!-- This site is optimized with the Yoast SEO plugin v27.3 - https:\/\/yoast.com\/product\/yoast-seo-wordpress\/ -->\n<title>Cartouche de vapotage Bloom Bleu R\u00eave - Sativa - 500 mg - vape<\/title>\n<meta name=\"description\" content=\"Cartouche de vapotage Bloom Bleu R\u00eave - Sativa - 500 mg by Bloom is among the most popular vaping oils in its range. Blue Dream is a famous strain,\" \/>\n<meta name=\"robots\" content=\"index, follow, max-snippet:-1, max-image-preview:large, max-video-preview:-1\" \/>\n<link rel=\"canonical\" href=\"https:\/\/510premiumcarts.com\/index.php\/product\/cartouche-de-vapotage-bloom-bleu-reve-sativa-500-mg\/\" \/>\n<meta property=\"og:locale\" content=\"fr_FR\" \/>\n<meta property=\"og:type\" content=\"article\" \/>\n<meta property=\"og:title\" content=\"Cartouche de vapotage Bloom Bleu R\u00eave - Sativa - 500 mg - vape\" \/>\n<meta property=\"og:description\" content=\"Cartouche de vapotage Bloom Bleu R\u00eave - Sativa - 500 mg by Bloom is among the most popular vaping oils in its range. Blue Dream is a famous strain,\" \/>\n<meta property=\"og:url\" content=\"https:\/\/510premiumcarts.com\/index.php\/product\/cartouche-de-vapotage-bloom-bleu-reve-sativa-500-mg\/\" \/>\n<meta property=\"og:site_name\" content=\"510 Premium Carts\" \/>\n<meta property=\"article:modified_time\" content=\"2023-03-13T09:38:37+00:00\" \/>\n<meta property=\"og:image\" content=\"http:\/\/510premiumcarts.com\/wp-content\/uploads\/2021\/10\/BD-Blue-Dream.jpeg\" \/>\n\t<meta property=\"og:image:width\" content=\"2560\" \/>\n\t<meta property=\"og:image:height\" content=\"2560\" \/>\n\t<meta property=\"og:image:type\" content=\"image\/jpeg\" \/>\n<meta name=\"twitter:card\" content=\"summary_large_image\" \/>\n<meta name=\"twitter:label1\" content=\"Dur\u00e9e de lecture estim\u00e9e\" \/>\n\t<meta name=\"twitter:data1\" content=\"2 minutes\" \/>\n<script type=\"application\/ld+json\" class=\"yoast-schema-graph\">{\"@context\":\"https:\\\/\\\/schema.org\",\"@graph\":[{\"@type\":\"WebPage\",\"@id\":\"https:\\\/\\\/510premiumcarts.com\\\/index.php\\\/product\\\/cartouche-de-vapotage-bloom-bleu-reve-sativa-500-mg\\\/\",\"url\":\"https:\\\/\\\/510premiumcarts.com\\\/index.php\\\/product\\\/cartouche-de-vapotage-bloom-bleu-reve-sativa-500-mg\\\/\",\"name\":\"Cartouche de vapotage Bloom Bleu R\u00eave - Sativa - 500 mg - vape\",\"isPartOf\":{\"@id\":\"https:\\\/\\\/510premiumcarts.com\\\/#website\"},\"primaryImageOfPage\":{\"@id\":\"https:\\\/\\\/510premiumcarts.com\\\/index.php\\\/product\\\/cartouche-de-vapotage-bloom-bleu-reve-sativa-500-mg\\\/#primaryimage\"},\"image\":{\"@id\":\"https:\\\/\\\/510premiumcarts.com\\\/index.php\\\/product\\\/cartouche-de-vapotage-bloom-bleu-reve-sativa-500-mg\\\/#primaryimage\"},\"thumbnailUrl\":\"https:\\\/\\\/510premiumcarts.com\\\/wp-content\\\/uploads\\\/2021\\\/10\\\/BD-Blue-Dream.jpeg\",\"datePublished\":\"2021-10-18T18:46:39+00:00\",\"dateModified\":\"2023-03-13T09:38:37+00:00\",\"description\":\"Cartouche de vapotage Bloom Bleu R\u00eave - Sativa - 500 mg by Bloom is among the most popular vaping oils in its range. Blue Dream is a famous strain,\",\"breadcrumb\":{\"@id\":\"https:\\\/\\\/510premiumcarts.com\\\/index.php\\\/product\\\/cartouche-de-vapotage-bloom-bleu-reve-sativa-500-mg\\\/#breadcrumb\"},\"inLanguage\":\"fr-FR\",\"potentialAction\":[{\"@type\":\"ReadAction\",\"target\":[\"https:\\\/\\\/510premiumcarts.com\\\/index.php\\\/product\\\/cartouche-de-vapotage-bloom-bleu-reve-sativa-500-mg\\\/\"]}]},{\"@type\":\"ImageObject\",\"inLanguage\":\"fr-FR\",\"@id\":\"https:\\\/\\\/510premiumcarts.com\\\/index.php\\\/product\\\/cartouche-de-vapotage-bloom-bleu-reve-sativa-500-mg\\\/#primaryimage\",\"url\":\"https:\\\/\\\/510premiumcarts.com\\\/wp-content\\\/uploads\\\/2021\\\/10\\\/BD-Blue-Dream.jpeg\",\"contentUrl\":\"https:\\\/\\\/510premiumcarts.com\\\/wp-content\\\/uploads\\\/2021\\\/10\\\/BD-Blue-Dream.jpeg\",\"width\":2560,\"height\":2560,\"caption\":\"Cartouche de vapotage Bloom Bleu R\u00eave - Sativa - 500 mg\"},{\"@type\":\"BreadcrumbList\",\"@id\":\"https:\\\/\\\/510premiumcarts.com\\\/index.php\\\/product\\\/cartouche-de-vapotage-bloom-bleu-reve-sativa-500-mg\\\/#breadcrumb\",\"itemListElement\":[{\"@type\":\"ListItem\",\"position\":1,\"name\":\"Home\",\"item\":\"https:\\\/\\\/510premiumcarts.com\\\/\"},{\"@type\":\"ListItem\",\"position\":2,\"name\":\"Marques de vapotage\",\"item\":\"https:\\\/\\\/510premiumcarts.com\\\/index.php\\\/acheter-du-cannabis\\\/\"},{\"@type\":\"ListItem\",\"position\":3,\"name\":\"BD-Bleu R\u00eave\"}]},{\"@type\":\"WebSite\",\"@id\":\"https:\\\/\\\/510premiumcarts.com\\\/#website\",\"url\":\"https:\\\/\\\/510premiumcarts.com\\\/\",\"name\":\"510 Premium Carts\",\"description\":\"Just another WordPress site\",\"potentialAction\":[{\"@type\":\"SearchAction\",\"target\":{\"@type\":\"EntryPoint\",\"urlTemplate\":\"https:\\\/\\\/510premiumcarts.com\\\/?s={search_term_string}\"},\"query-input\":{\"@type\":\"PropertyValueSpecification\",\"valueRequired\":true,\"valueName\":\"search_term_string\"}}],\"inLanguage\":\"fr-FR\"}]}<\/script>\n<!-- \/ Yoast SEO plugin. -->","yoast_head_json":{"title":"Cartouche de vapotage Bloom Bleu R\u00eave - Sativa - 500 mg - vape","description":"Cartouche de vapotage Bloom Bleu R\u00eave - Sativa - 500 mg by Bloom is among the most popular vaping oils in its range. Blue Dream is a famous strain,","robots":{"index":"index","follow":"follow","max-snippet":"max-snippet:-1","max-image-preview":"max-image-preview:large","max-video-preview":"max-video-preview:-1"},"canonical":"https:\/\/510premiumcarts.com\/index.php\/product\/cartouche-de-vapotage-bloom-bleu-reve-sativa-500-mg\/","og_locale":"fr_FR","og_type":"article","og_title":"Cartouche de vapotage Bloom Bleu R\u00eave - Sativa - 500 mg - vape","og_description":"Cartouche de vapotage Bloom Bleu R\u00eave - Sativa - 500 mg by Bloom is among the most popular vaping oils in its range. Blue Dream is a famous strain,","og_url":"https:\/\/510premiumcarts.com\/index.php\/product\/cartouche-de-vapotage-bloom-bleu-reve-sativa-500-mg\/","og_site_name":"510 Premium Carts","article_modified_time":"2023-03-13T09:38:37+00:00","og_image":[{"width":2560,"height":2560,"url":"http:\/\/510premiumcarts.com\/wp-content\/uploads\/2021\/10\/BD-Blue-Dream.jpeg","type":"image\/jpeg"}],"twitter_card":"summary_large_image","twitter_misc":{"Dur\u00e9e de lecture estim\u00e9e":"2 minutes"},"schema":{"@context":"https:\/\/schema.org","@graph":[{"@type":"WebPage","@id":"https:\/\/510premiumcarts.com\/index.php\/product\/cartouche-de-vapotage-bloom-bleu-reve-sativa-500-mg\/","url":"https:\/\/510premiumcarts.com\/index.php\/product\/cartouche-de-vapotage-bloom-bleu-reve-sativa-500-mg\/","name":"Cartouche de vapotage Bloom Bleu R\u00eave - Sativa - 500 mg - vape","isPartOf":{"@id":"https:\/\/510premiumcarts.com\/#website"},"primaryImageOfPage":{"@id":"https:\/\/510premiumcarts.com\/index.php\/product\/cartouche-de-vapotage-bloom-bleu-reve-sativa-500-mg\/#primaryimage"},"image":{"@id":"https:\/\/510premiumcarts.com\/index.php\/product\/cartouche-de-vapotage-bloom-bleu-reve-sativa-500-mg\/#primaryimage"},"thumbnailUrl":"https:\/\/510premiumcarts.com\/wp-content\/uploads\/2021\/10\/BD-Blue-Dream.jpeg","datePublished":"2021-10-18T18:46:39+00:00","dateModified":"2023-03-13T09:38:37+00:00","description":"Cartouche de vapotage Bloom Bleu R\u00eave - Sativa - 500 mg by Bloom is among the most popular vaping oils in its range. Blue Dream is a famous strain,","breadcrumb":{"@id":"https:\/\/510premiumcarts.com\/index.php\/product\/cartouche-de-vapotage-bloom-bleu-reve-sativa-500-mg\/#breadcrumb"},"inLanguage":"fr-FR","potentialAction":[{"@type":"ReadAction","target":["https:\/\/510premiumcarts.com\/index.php\/product\/cartouche-de-vapotage-bloom-bleu-reve-sativa-500-mg\/"]}]},{"@type":"ImageObject","inLanguage":"fr-FR","@id":"https:\/\/510premiumcarts.com\/index.php\/product\/cartouche-de-vapotage-bloom-bleu-reve-sativa-500-mg\/#primaryimage","url":"https:\/\/510premiumcarts.com\/wp-content\/uploads\/2021\/10\/BD-Blue-Dream.jpeg","contentUrl":"https:\/\/510premiumcarts.com\/wp-content\/uploads\/2021\/10\/BD-Blue-Dream.jpeg","width":2560,"height":2560,"caption":"Cartouche de vapotage Bloom Bleu R\u00eave - Sativa - 500 mg"},{"@type":"BreadcrumbList","@id":"https:\/\/510premiumcarts.com\/index.php\/product\/cartouche-de-vapotage-bloom-bleu-reve-sativa-500-mg\/#breadcrumb","itemListElement":[{"@type":"ListItem","position":1,"name":"Home","item":"https:\/\/510premiumcarts.com\/"},{"@type":"ListItem","position":2,"name":"Marques de vapotage","item":"https:\/\/510premiumcarts.com\/index.php\/acheter-du-cannabis\/"},{"@type":"ListItem","position":3,"name":"BD-Bleu R\u00eave"}]},{"@type":"WebSite","@id":"https:\/\/510premiumcarts.com\/#website","url":"https:\/\/510premiumcarts.com\/","name":"510 Premium Carts","description":"Just another WordPress site","potentialAction":[{"@type":"SearchAction","target":{"@type":"EntryPoint","urlTemplate":"https:\/\/510premiumcarts.com\/?s={search_term_string}"},"query-input":{"@type":"PropertyValueSpecification","valueRequired":true,"valueName":"search_term_string"}}],"inLanguage":"fr-FR"}]}},"jetpack_sharing_enabled":true,"_links":{"self":[{"href":"https:\/\/510premiumcarts.com\/index.php\/wp-json\/wp\/v2\/product\/242","targetHints":{"allow":["GET"]}}],"collection":[{"href":"https:\/\/510premiumcarts.com\/index.php\/wp-json\/wp\/v2\/product"}],"about":[{"href":"https:\/\/510premiumcarts.com\/index.php\/wp-json\/wp\/v2\/types\/product"}],"replies":[{"embeddable":true,"href":"https:\/\/510premiumcarts.com\/index.php\/wp-json\/wp\/v2\/comments?post=242"}],"wp:featuredmedia":[{"embeddable":true,"href":"https:\/\/510premiumcarts.com\/index.php\/wp-json\/wp\/v2\/media\/243"}],"wp:attachment":[{"href":"https:\/\/510premiumcarts.com\/index.php\/wp-json\/wp\/v2\/media?parent=242"}],"wp:term":[{"taxonomy":"product_brand","embeddable":true,"href":"https:\/\/510premiumcarts.com\/index.php\/wp-json\/wp\/v2\/product_brand?post=242"},{"taxonomy":"product_cat","embeddable":true,"href":"https:\/\/510premiumcarts.com\/index.php\/wp-json\/wp\/v2\/product_cat?post=242"},{"taxonomy":"product_tag","embeddable":true,"href":"https:\/\/510premiumcarts.com\/index.php\/wp-json\/wp\/v2\/product_tag?post=242"}],"curies":[{"name":"wp","href":"https:\/\/api.w.org\/{rel}","templated":true}]}}