{"id":245,"date":"2021-10-18T19:10:26","date_gmt":"2021-10-18T19:10:26","guid":{"rendered":"https:\/\/510premiumcarts.com\/?post_type=product&#038;p=245"},"modified":"2023-03-13T09:32:58","modified_gmt":"2023-03-13T09:32:58","slug":"acheter-bloom-dart-pod-en-ligne","status":"publish","type":"product","link":"https:\/\/510premiumcarts.com\/index.php\/product\/acheter-bloom-dart-pod-en-ligne\/","title":{"rendered":"Bloom Dart Pod"},"content":{"rendered":"<h1><span style=\"font-size: 140%;\"><a href=\"https:\/\/510premiumcarts.com\/index.php\/product\/bloom-blue-dream-vaping-cartridge-sativa-500mg\/\"><span style=\"color: #ffcc00;\">Acheter Bloom Dart Pod en ligne<\/span><\/a><\/span><\/h1>\n<p>Le Bloom DART ultra-compact est l&rsquo;appareil de sauna le plus discret et sophistiqu\u00e9 disponible sur le march\u00e9. Le pod Bloom DART est enti\u00e8rement personnalis\u00e9 selon les sp\u00e9cifications de <a href=\"https:\/\/thebloombrands.com\/\">l&rsquo;huile<\/a> et offre un meilleur d\u00e9bit et un meilleur acc\u00e8s que les cartouches de vape 510 <a href=\"https:\/\/thebloombrands.com\/\">traditionnelles<\/a>.<\/p>\n<p>Le Bloom DART a \u00e9t\u00e9 con\u00e7u sp\u00e9cifiquement pour <a href=\"https:\/\/www.humbleroot.com\/menu\/products\/bloom-2875\/batteries\/-bloom-dart-battery-54415\/\">l&rsquo;industrie<\/a> du cannabis. Stylo puissant et discret, il d\u00e9livre des doses fiables gr\u00e2ce \u00e0 une technologie de micro-dosage r\u00e9volutionnaire avec des dosettes interchangeables faciles \u00e0 nettoyer et simples \u00e0 remplir. Sa dur\u00e9e de vie de la batterie d&rsquo;environ 3 heures vous donnera environ 3 jours d&rsquo;utilisation moyenne et dispose d&rsquo;une fonction de s\u00e9curit\u00e9 de temps de coupure <a href=\"https:\/\/www.humbleroot.com\/menu\/products\/bloom-2875\/batteries\/-bloom-dart-battery-54415\/\">automatique<\/a> de 60 secondes. <span style=\"color: #ffffff;\">Acheter Bloom Dart Pod en ligne<\/span><\/p>\n<p>Construit avec un \u00e9quipement de pointe pour la meilleure absorption d&rsquo;huile, le BLOOM DART est un appareil puissant qui garantit une plus grande quantit\u00e9 de cannabis par pompe. Ce syst\u00e8me autonome compact et \u00e9l\u00e9gant tient dans la paume de votre main ou dans votre poche, offrant l&rsquo;exp\u00e9rience de vapotage la plus discr\u00e8te qui soit. Profitez de plus de saveur \u00e0 chaque coup<\/p>\n<h3>Vivez plus longtemps et prosp\u00e9rez avec les <a href=\"https:\/\/bloombrandsofficial.com\/\">cartouches<\/a> Bloom Dart<\/h3>\n<p>Le Bloom Dart est un chargeur portable et nomade pour vape stylos et e-cigarettes. Le Dart r\u00e8gne en ma\u00eetre en mati\u00e8re de commodit\u00e9. Il a \u00e9t\u00e9 sp\u00e9cialement d\u00e9velopp\u00e9 pour \u00eatre ultra-compact, ce qui le rend pratique et transportable. Vous pouvez facilement mettre deux ou trois dosettes dans votre sac \u00e0 main ou votre poche \u00e0 la fois, et avant que vous ne vous en rendiez compte, votre Dart restera charg\u00e9e avec le micro USB inclus.<\/p>\n<p>Fabriqu\u00e9 avec des \u00e9l\u00e9ments chauffants en c\u00e9ramique avanc\u00e9s pour une meilleure absorption d&rsquo;huile. Le BLOOM DART offre une dur\u00e9e de vie de la batterie environ 35\u00a0% plus longue (80\u00a0mAh) que notre batterie filet\u00e9e BLOOM Vape\u00a0510 traditionnelle. Se charge toujours avec n&rsquo;importe quel chargeur micro USB.<\/p>\n<p>La cartouche Bloom Dart est connue pour ses plus gros coups, sa plus longue dur\u00e9e de vie de la batterie et ses profils de terp\u00e8nes app\u00e9tissants. La cartouche contient 10 vari\u00e9t\u00e9s classiques et une vari\u00e9t\u00e9 exclusive Champagne Kush \u00e0 dominante Indica. Destin\u00e9 \u00e0 \u00eatre \u00ab\u00a0Pour le bon go\u00fbt\u00a0\u00bb, ce produit est comme une coupe de champagne pour vos papilles.<\/p>\n","protected":false},"excerpt":{"rendered":"<p>UTILISEZ LE CODE\u00a0: BLOOMRAIDER Obtenez une batterie Bloom Dart pour seulement 0,01\u00a0$ \u00e0 l&rsquo;achat de n&rsquo;importe quel module de fl\u00e9chettes Bloom\u00a0! Doit avoir une batterie Bloom Dart et une cartouche Bloom Dart dans le panier pour b\u00e9n\u00e9ficier de la remise. Le rabais ne peut \u00eatre jumel\u00e9 \u00e0 d&rsquo;autres coupons ou promotions. Valable jusqu&rsquo;\u00e0 \u00e9puisement des stocks. Valable jusqu&rsquo;au : 6 F\u00c9VRIER<\/p>\n","protected":false},"featured_media":246,"comment_status":"open","ping_status":"closed","template":"","meta":{"_monsterinsights_skip_tracking":false,"_monsterinsights_sitenote_active":false,"_monsterinsights_sitenote_note":"","_monsterinsights_sitenote_category":0},"product_brand":[],"product_cat":[18],"product_tag":[5549,5550,5525,5526,5528,5505,1553,1567,1519,1529,1523,5506,1561,1557,5504,5546,5531,5557,5529,5548,5551,5569,5512,5515,5510,5507,5508,5509,5514,5516,5555,5517,5519,5521,5558,5559,5561,5560,5563,5562,5565,5566,5511,5518,5542,5554,5564,5532,5580,5567,5534,5571,5572,5573,5574,5575,5577,5576,5570,5568,6277,5499,5503,5498,5500,5501,5502,5533,5530,5584,5552,5585,5591,5522,5513,5538,5539,5589,5590,5541,5588,1590,5520,5527,5556,5524,5523,5537,5536,5540,5545,5535,5544,5547,5578,5579,5581,5583,5582,5543,5586,5587],"class_list":{"0":"post-245","1":"product","2":"type-product","3":"status-publish","4":"has-post-thumbnail","6":"product_cat-bloom-chariots","7":"product_tag-acheter-des-chariots-bloom-en-ligne","8":"product_tag-acheter-un-stylo-vape-bloom-a-jacksonville-fl","9":"product_tag-batterie-de-stylo-vape-bloom","10":"product_tag-batterie-de-stylo-vape-bloom-kit","11":"product_tag-blo-om-vape-pen-acheter","12":"product_tag-bloom-carts-a-vendre","13":"product_tag-bloom-carts-blue-dream","14":"product_tag-bloom-carts-clone","15":"product_tag-bloom-carts-fake","16":"product_tag-bloom-carts-fake-packaging","17":"product_tag-bloom-carts-fake-vs-real","18":"product_tag-bloom-carts-grand-papa-violet","19":"product_tag-bloom-carts-green-crack","20":"product_tag-bloom-carts-gsc","21":"product_tag-bloom-carts-saveurs","22":"product_tag-bloom-le-stylo-vape-ne-fonctionnera-pas","23":"product_tag-chargement-du-stylo-vape-bloom","24":"product_tag-chargeur-de-stylo-de-vape-de-floraison-de-recolte","25":"product_tag-chargeur-de-stylo-vape-bloom","26":"product_tag-chariots-bloom-blue-dream","27":"product_tag-chariots-bloom-cannasafe","28":"product_tag-chariots-bloom-legion","29":"product_tag-chariots-de-fleurs-ananas-express","30":"product_tag-chariots-de-fleurs-emballage-reel","31":"product_tag-chariots-de-fleurs-en-ligne","32":"product_tag-chariots-de-fleurs-jack-herer","33":"product_tag-chariots-de-fleurs-maui-wowie","34":"product_tag-chariots-de-fleurs-pres-de-chez-moi","35":"product_tag-chariots-de-fleurs-reels","36":"product_tag-chariots-de-fleurs-reels-vs-faux","37":"product_tag-chariots-de-floraison-gdp","38":"product_tag-chariots-de-floraison-reddit-chariots-de-floraison-faux","39":"product_tag-chariots-de-floraison-skywalker","40":"product_tag-chariots-de-floraison-thc","41":"product_tag-combien-coutent-les-chariots-de-floraison","42":"product_tag-combien-de-thc-est-dans-les-chariots-de-floraison","43":"product_tag-comment-charger-la-vape-de-floraison-stylo","44":"product_tag-comment-charger-un-stylo-de-vape-de-floraison-de-recolte","45":"product_tag-comment-reperer-les-faux-chariots-bloom","46":"product_tag-comment-savoir-quand-le-stylo-bloom-vape-est-charge","47":"product_tag-comment-savoir-si-les-chariots-bloom-sont-reels","48":"product_tag-comment-utiliser-un-stylo-vape-bloom","49":"product_tag-emballage-de-chariots-de-fleurs","50":"product_tag-examen-des-chariots-de-floraison","51":"product_tag-examen-du-stylo-vape-bloom","52":"product_tag-faux-chariots-bloom","53":"product_tag-h-comment-dire-de-faux-chariots-bloom","54":"product_tag-instructions-du-stylo-vape-bloom","55":"product_tag-instructions-du-stylo-vape-legion-of-bloom","56":"product_tag-instructions-pour-stylo-vape-bloom","57":"product_tag-le-stylo-vape-bloom-me-fait-mal-a-la-poitrine","58":"product_tag-legion-de-bloom-chariots-boite-noire","59":"product_tag-legion-de-bloom-chariots-faux","60":"product_tag-legion-de-bloom-vape-stylo","61":"product_tag-legion-de-bloom-vape-stylo-acheter","62":"product_tag-legion-de-bloom-vape-stylo-charge","63":"product_tag-legion-de-bloom-vape-stylo-clignotant-rose","64":"product_tag-legion-de-bloom-vape-stylo-clignote-10-fois","65":"product_tag-legion-de-chariots-bloom","66":"product_tag-les-chariots-bloom-sont-ils-reels","67":"product_tag-les-chariots-bloom-vous-font-ils-planer","68":"product_tag-les-chariots-de-floraison-sont-ils-bons","69":"product_tag-les-chariots-de-floraison-sont-ils-en-acier-numero-de-lot-de-chariots","70":"product_tag-les-chariots-de-floraison-sont-ils-faux","71":"product_tag-les-chariots-de-floraison-sont-ils-legitimes","72":"product_tag-les-chariots-de-floraison-sont-ils-reels","73":"product_tag-les-chariots-de-floraison-sont-ils-surs","74":"product_tag-lumiere-du-stylo-vape-bloom","75":"product_tag-lumiere-verte-du-chargeur-de-stylo-vape-bloom","76":"product_tag-monarque-legion-dinstructions-du-stylo-vape-bloom","77":"product_tag-nettoyage-du-stylo-vape-bloom","78":"product_tag-nouvel-emballage-faux-chariots-bloom-faux","79":"product_tag-ou-acheter-un-stylo-bloom-vape","80":"product_tag-pourcentage-de-chariots-de-floraison-thc","81":"product_tag-prix-des-chariots-de-fleurs","82":"product_tag-prix-du-stylo-vape-bloom","83":"product_tag-produits-stylo-vape-bloom","84":"product_tag-quelle-est-la-tension-dun-stylo-bloom-vape","85":"product_tag-quelle-tension-sont-les-stylos-bloom-vape","86":"product_tag-recharges-de-stylo-vape-bloom","87":"product_tag-redemarrer-le-stylo-bloom-vape","88":"product_tag-san-marcos-ca-bloom-vape-pen","89":"product_tag-souches-de-chariots-de-floraison","90":"product_tag-stylo-bloom-vape-clignotant","91":"product_tag-stylo-de-vape-de-floraison-de-recolte","92":"product_tag-stylo-et-cartouche-vape-bloom","93":"product_tag-stylo-vape-bloom","94":"product_tag-stylo-vape-bloom-ne-fonctionne-pas","95":"product_tag-stylo-vape-bloom-pas-chargement","96":"product_tag-stylo-vape-bloom-reddit","97":"product_tag-stylo-vape-bloom-sallume","98":"product_tag-stylo-vape-bloom-sans-bouton","99":"product_tag-stylo-vape-bloom-seattle","100":"product_tag-stylo-vape-bloom-youtube","101":"product_tag-stylo-vape-legion-of-bloom-comment-chargez-vous","102":"product_tag-stylo-vape-legion-of-bloom-comment-utiliser","103":"product_tag-stylo-vape-legion-of-bloom-ne-fonctionne-pas","104":"product_tag-stylo-vape-legion-of-bloom-ne-le-fera-pas-allumer","105":"product_tag-stylo-vape-legion-of-bloom-offff-on","106":"product_tag-vente-de-stylo-vape-bloom","107":"product_tag-vrais-chariots-bloom","108":"product_tag-vrais-vs-faux-chariots-bloom","110":"first","111":"instock","112":"shipping-taxable","113":"purchasable","114":"product-type-simple"},"yoast_head":"<!-- This site is optimized with the Yoast SEO plugin v27.3 - https:\/\/yoast.com\/product\/yoast-seo-wordpress\/ -->\n<title>Acheter Bloom Dart Pod en ligne - 510 Premium Carts fleurs faux<\/title>\n<meta name=\"description\" content=\"Acheter Bloom Dart Pod en ligne Le Bloom DART ultra-compact est l&#039;appareil de sauna le plus discret et sophistiqu\u00e9 disponible sur le march\u00e9. Le module Bloom\u00a0DART est enti\u00e8rement\" \/>\n<meta name=\"robots\" content=\"index, follow, max-snippet:-1, max-image-preview:large, max-video-preview:-1\" \/>\n<link rel=\"canonical\" href=\"https:\/\/510premiumcarts.com\/index.php\/product\/acheter-bloom-dart-pod-en-ligne\/\" \/>\n<meta property=\"og:locale\" content=\"fr_FR\" \/>\n<meta property=\"og:type\" content=\"article\" \/>\n<meta property=\"og:title\" content=\"Acheter Bloom Dart Pod en ligne - 510 Premium Carts fleurs faux\" \/>\n<meta property=\"og:description\" content=\"Acheter Bloom Dart Pod en ligne Le Bloom DART ultra-compact est l&#039;appareil de sauna le plus discret et sophistiqu\u00e9 disponible sur le march\u00e9. Le module Bloom\u00a0DART est enti\u00e8rement\" \/>\n<meta property=\"og:url\" content=\"https:\/\/510premiumcarts.com\/index.php\/product\/acheter-bloom-dart-pod-en-ligne\/\" \/>\n<meta property=\"og:site_name\" content=\"510 Premium Carts\" \/>\n<meta property=\"article:modified_time\" content=\"2023-03-13T09:32:58+00:00\" \/>\n<meta property=\"og:image\" content=\"http:\/\/510premiumcarts.com\/wp-content\/uploads\/2021\/10\/Bloom-Dart-Pod.jpg\" \/>\n\t<meta property=\"og:image:width\" content=\"400\" \/>\n\t<meta property=\"og:image:height\" content=\"400\" \/>\n\t<meta property=\"og:image:type\" content=\"image\/jpeg\" \/>\n<meta name=\"twitter:card\" content=\"summary_large_image\" \/>\n<meta name=\"twitter:label1\" content=\"Dur\u00e9e de lecture estim\u00e9e\" \/>\n\t<meta name=\"twitter:data1\" content=\"2 minutes\" \/>\n<script type=\"application\/ld+json\" class=\"yoast-schema-graph\">{\"@context\":\"https:\\\/\\\/schema.org\",\"@graph\":[{\"@type\":\"WebPage\",\"@id\":\"https:\\\/\\\/510premiumcarts.com\\\/index.php\\\/product\\\/acheter-bloom-dart-pod-en-ligne\\\/\",\"url\":\"https:\\\/\\\/510premiumcarts.com\\\/index.php\\\/product\\\/acheter-bloom-dart-pod-en-ligne\\\/\",\"name\":\"Acheter Bloom Dart Pod en ligne - 510 Premium Carts fleurs faux\",\"isPartOf\":{\"@id\":\"https:\\\/\\\/510premiumcarts.com\\\/#website\"},\"primaryImageOfPage\":{\"@id\":\"https:\\\/\\\/510premiumcarts.com\\\/index.php\\\/product\\\/acheter-bloom-dart-pod-en-ligne\\\/#primaryimage\"},\"image\":{\"@id\":\"https:\\\/\\\/510premiumcarts.com\\\/index.php\\\/product\\\/acheter-bloom-dart-pod-en-ligne\\\/#primaryimage\"},\"thumbnailUrl\":\"https:\\\/\\\/510premiumcarts.com\\\/wp-content\\\/uploads\\\/2021\\\/10\\\/Bloom-Dart-Pod.jpg\",\"datePublished\":\"2021-10-18T19:10:26+00:00\",\"dateModified\":\"2023-03-13T09:32:58+00:00\",\"description\":\"Acheter Bloom Dart Pod en ligne Le Bloom DART ultra-compact est l'appareil de sauna le plus discret et sophistiqu\u00e9 disponible sur le march\u00e9. Le module Bloom\u00a0DART est enti\u00e8rement\",\"breadcrumb\":{\"@id\":\"https:\\\/\\\/510premiumcarts.com\\\/index.php\\\/product\\\/acheter-bloom-dart-pod-en-ligne\\\/#breadcrumb\"},\"inLanguage\":\"fr-FR\",\"potentialAction\":[{\"@type\":\"ReadAction\",\"target\":[\"https:\\\/\\\/510premiumcarts.com\\\/index.php\\\/product\\\/acheter-bloom-dart-pod-en-ligne\\\/\"]}]},{\"@type\":\"ImageObject\",\"inLanguage\":\"fr-FR\",\"@id\":\"https:\\\/\\\/510premiumcarts.com\\\/index.php\\\/product\\\/acheter-bloom-dart-pod-en-ligne\\\/#primaryimage\",\"url\":\"https:\\\/\\\/510premiumcarts.com\\\/wp-content\\\/uploads\\\/2021\\\/10\\\/Bloom-Dart-Pod.jpg\",\"contentUrl\":\"https:\\\/\\\/510premiumcarts.com\\\/wp-content\\\/uploads\\\/2021\\\/10\\\/Bloom-Dart-Pod.jpg\",\"width\":400,\"height\":400,\"caption\":\"Acheter Bloom Dart Pod en ligne\"},{\"@type\":\"BreadcrumbList\",\"@id\":\"https:\\\/\\\/510premiumcarts.com\\\/index.php\\\/product\\\/acheter-bloom-dart-pod-en-ligne\\\/#breadcrumb\",\"itemListElement\":[{\"@type\":\"ListItem\",\"position\":1,\"name\":\"Home\",\"item\":\"https:\\\/\\\/510premiumcarts.com\\\/\"},{\"@type\":\"ListItem\",\"position\":2,\"name\":\"Marques de vapotage\",\"item\":\"https:\\\/\\\/510premiumcarts.com\\\/index.php\\\/acheter-du-cannabis\\\/\"},{\"@type\":\"ListItem\",\"position\":3,\"name\":\"Bloom Dart Pod\"}]},{\"@type\":\"WebSite\",\"@id\":\"https:\\\/\\\/510premiumcarts.com\\\/#website\",\"url\":\"https:\\\/\\\/510premiumcarts.com\\\/\",\"name\":\"510 Premium Carts\",\"description\":\"Just another WordPress site\",\"potentialAction\":[{\"@type\":\"SearchAction\",\"target\":{\"@type\":\"EntryPoint\",\"urlTemplate\":\"https:\\\/\\\/510premiumcarts.com\\\/?s={search_term_string}\"},\"query-input\":{\"@type\":\"PropertyValueSpecification\",\"valueRequired\":true,\"valueName\":\"search_term_string\"}}],\"inLanguage\":\"fr-FR\"}]}<\/script>\n<!-- \/ Yoast SEO plugin. -->","yoast_head_json":{"title":"Acheter Bloom Dart Pod en ligne - 510 Premium Carts fleurs faux","description":"Acheter Bloom Dart Pod en ligne Le Bloom DART ultra-compact est l'appareil de sauna le plus discret et sophistiqu\u00e9 disponible sur le march\u00e9. Le module Bloom\u00a0DART est enti\u00e8rement","robots":{"index":"index","follow":"follow","max-snippet":"max-snippet:-1","max-image-preview":"max-image-preview:large","max-video-preview":"max-video-preview:-1"},"canonical":"https:\/\/510premiumcarts.com\/index.php\/product\/acheter-bloom-dart-pod-en-ligne\/","og_locale":"fr_FR","og_type":"article","og_title":"Acheter Bloom Dart Pod en ligne - 510 Premium Carts fleurs faux","og_description":"Acheter Bloom Dart Pod en ligne Le Bloom DART ultra-compact est l'appareil de sauna le plus discret et sophistiqu\u00e9 disponible sur le march\u00e9. Le module Bloom\u00a0DART est enti\u00e8rement","og_url":"https:\/\/510premiumcarts.com\/index.php\/product\/acheter-bloom-dart-pod-en-ligne\/","og_site_name":"510 Premium Carts","article_modified_time":"2023-03-13T09:32:58+00:00","og_image":[{"width":400,"height":400,"url":"http:\/\/510premiumcarts.com\/wp-content\/uploads\/2021\/10\/Bloom-Dart-Pod.jpg","type":"image\/jpeg"}],"twitter_card":"summary_large_image","twitter_misc":{"Dur\u00e9e de lecture estim\u00e9e":"2 minutes"},"schema":{"@context":"https:\/\/schema.org","@graph":[{"@type":"WebPage","@id":"https:\/\/510premiumcarts.com\/index.php\/product\/acheter-bloom-dart-pod-en-ligne\/","url":"https:\/\/510premiumcarts.com\/index.php\/product\/acheter-bloom-dart-pod-en-ligne\/","name":"Acheter Bloom Dart Pod en ligne - 510 Premium Carts fleurs faux","isPartOf":{"@id":"https:\/\/510premiumcarts.com\/#website"},"primaryImageOfPage":{"@id":"https:\/\/510premiumcarts.com\/index.php\/product\/acheter-bloom-dart-pod-en-ligne\/#primaryimage"},"image":{"@id":"https:\/\/510premiumcarts.com\/index.php\/product\/acheter-bloom-dart-pod-en-ligne\/#primaryimage"},"thumbnailUrl":"https:\/\/510premiumcarts.com\/wp-content\/uploads\/2021\/10\/Bloom-Dart-Pod.jpg","datePublished":"2021-10-18T19:10:26+00:00","dateModified":"2023-03-13T09:32:58+00:00","description":"Acheter Bloom Dart Pod en ligne Le Bloom DART ultra-compact est l'appareil de sauna le plus discret et sophistiqu\u00e9 disponible sur le march\u00e9. Le module Bloom\u00a0DART est enti\u00e8rement","breadcrumb":{"@id":"https:\/\/510premiumcarts.com\/index.php\/product\/acheter-bloom-dart-pod-en-ligne\/#breadcrumb"},"inLanguage":"fr-FR","potentialAction":[{"@type":"ReadAction","target":["https:\/\/510premiumcarts.com\/index.php\/product\/acheter-bloom-dart-pod-en-ligne\/"]}]},{"@type":"ImageObject","inLanguage":"fr-FR","@id":"https:\/\/510premiumcarts.com\/index.php\/product\/acheter-bloom-dart-pod-en-ligne\/#primaryimage","url":"https:\/\/510premiumcarts.com\/wp-content\/uploads\/2021\/10\/Bloom-Dart-Pod.jpg","contentUrl":"https:\/\/510premiumcarts.com\/wp-content\/uploads\/2021\/10\/Bloom-Dart-Pod.jpg","width":400,"height":400,"caption":"Acheter Bloom Dart Pod en ligne"},{"@type":"BreadcrumbList","@id":"https:\/\/510premiumcarts.com\/index.php\/product\/acheter-bloom-dart-pod-en-ligne\/#breadcrumb","itemListElement":[{"@type":"ListItem","position":1,"name":"Home","item":"https:\/\/510premiumcarts.com\/"},{"@type":"ListItem","position":2,"name":"Marques de vapotage","item":"https:\/\/510premiumcarts.com\/index.php\/acheter-du-cannabis\/"},{"@type":"ListItem","position":3,"name":"Bloom Dart Pod"}]},{"@type":"WebSite","@id":"https:\/\/510premiumcarts.com\/#website","url":"https:\/\/510premiumcarts.com\/","name":"510 Premium Carts","description":"Just another WordPress site","potentialAction":[{"@type":"SearchAction","target":{"@type":"EntryPoint","urlTemplate":"https:\/\/510premiumcarts.com\/?s={search_term_string}"},"query-input":{"@type":"PropertyValueSpecification","valueRequired":true,"valueName":"search_term_string"}}],"inLanguage":"fr-FR"}]}},"jetpack_sharing_enabled":true,"_links":{"self":[{"href":"https:\/\/510premiumcarts.com\/index.php\/wp-json\/wp\/v2\/product\/245","targetHints":{"allow":["GET"]}}],"collection":[{"href":"https:\/\/510premiumcarts.com\/index.php\/wp-json\/wp\/v2\/product"}],"about":[{"href":"https:\/\/510premiumcarts.com\/index.php\/wp-json\/wp\/v2\/types\/product"}],"replies":[{"embeddable":true,"href":"https:\/\/510premiumcarts.com\/index.php\/wp-json\/wp\/v2\/comments?post=245"}],"wp:featuredmedia":[{"embeddable":true,"href":"https:\/\/510premiumcarts.com\/index.php\/wp-json\/wp\/v2\/media\/246"}],"wp:attachment":[{"href":"https:\/\/510premiumcarts.com\/index.php\/wp-json\/wp\/v2\/media?parent=245"}],"wp:term":[{"taxonomy":"product_brand","embeddable":true,"href":"https:\/\/510premiumcarts.com\/index.php\/wp-json\/wp\/v2\/product_brand?post=245"},{"taxonomy":"product_cat","embeddable":true,"href":"https:\/\/510premiumcarts.com\/index.php\/wp-json\/wp\/v2\/product_cat?post=245"},{"taxonomy":"product_tag","embeddable":true,"href":"https:\/\/510premiumcarts.com\/index.php\/wp-json\/wp\/v2\/product_tag?post=245"}],"curies":[{"name":"wp","href":"https:\/\/api.w.org\/{rel}","templated":true}]}}