{"id":247,"date":"2021-10-18T19:17:44","date_gmt":"2021-10-18T19:17:44","guid":{"rendered":"https:\/\/510premiumcarts.com\/?post_type=product&#038;p=247"},"modified":"2023-03-13T09:46:53","modified_gmt":"2023-03-13T09:46:53","slug":"chariots-bloom-a-vendre","status":"publish","type":"product","link":"https:\/\/510premiumcarts.com\/index.php\/product\/chariots-bloom-a-vendre\/","title":{"rendered":"Cartouche Bloom \u00ab\u00a0Green Crack\u00a0\u00bb (1000mg)"},"content":{"rendered":"<h1><a href=\"https:\/\/510premiumcarts.com\/index.php\/product\/acheter-honey-rose-vape-cartouche-en-ligne\/\"><span style=\"color: #ffcc00; font-size: 130%;\">Cartouche Bloom \u00ab\u00a0Green Crack\u00a0\u00bb (1000mg)<\/span><\/a><\/h1>\n<p>Premi\u00e8rement, Green crack est un croisement entre Skunk#1 super Sativa seed <a href=\"https:\/\/420delivery.online\/product\/buy-jungle-boys-white-wookies-online\/\">club<\/a> et Afghani Landrace. L&rsquo;\u00e9leveur original Cecil C l&rsquo;a nomm\u00e9 Cush mais Snoop Dogg l&rsquo;a renomm\u00e9 Green Crack. Il a un effet dominant Sativa \u00e9quilibr\u00e9. Commandez des chariots Bloom en ligne. Nos cartouches de floraison Green Crack sont d&rsquo;une qualit\u00e9 extra star et formidables. Chariots Bloom \u00e0 vendre<\/p>\n<p>L&rsquo;un des meilleurs vaporisateurs floraux pour commencer votre matin\u00e9e est cette vari\u00e9t\u00e9. Donnez \u00e0 votre niveau d&rsquo;\u00e9nergie une secousse avec ce chariot de fleurs. Concentrez toute votre \u00e9nergie sur un \u00e9tat de d\u00e9tente du corps et de l&rsquo;esprit. Nos chariots Green crack bloom vous fourniront une \u00e9nergie positive durable. C&rsquo;est l&rsquo;un des meilleurs chariots de fleurs pour se d\u00e9foncer pendant la journ\u00e9e. Vous pourrez vous concentrer pleinement sur votre t\u00e2che \u00e0 accomplir avec la cartouche premium de la plus haute qualit\u00e9 que nous proposons. Cette vape fleurie vous gardera sous tension et stimul\u00e9 avec beaucoup de plaisir. Ce vapo bloom est parfait pour renforcer le pouvoir de l&rsquo;imagination. Une fois que vous aurez essay\u00e9 cette vari\u00e9t\u00e9 la plus pure de notre stock, elle deviendra l&rsquo;une de vos cartouches de floraison pr\u00e9f\u00e9r\u00e9es. Commandez des chariots Bloom en ligne. Cartouche Bloom \u00ab\u00a0Green Crack\u00a0\u00bb (1000mg)<\/p>\n<p>Sentiment \u00e9nergique, \u00e9lev\u00e9 et heureux. Saveurs d&rsquo;agrumes, de mangue et de skunk.<br \/>\nGo\u00fbt herbac\u00e9, terreux, citron vert et sucr\u00e9.<br \/>\nHigh \u00e9nergique et tr\u00e8s concentr\u00e9. Chariots Bloom \u00e0 vendre<\/p>\n<p>Green Crack a remport\u00e9 la Denver Times Cannabis Cup en 2015. Elle a remport\u00e9 la 3e place dans la cat\u00e9gorie Meilleure fleur Sativa. Il a \u00e9t\u00e9 class\u00e9 parmi les cinq meilleurs cannabis de l&rsquo;ann\u00e9e par le magazine The Rolling Stones. Si vous cherchiez le meilleur panier de fleurs pouvant vous offrir le go\u00fbt original qui a rendu cette vari\u00e9t\u00e9 l\u00e9gendaire, vous \u00eates d\u00e9j\u00e0 au bon endroit.<\/p>\n<p>Nous vous proposons des produits \u00e0 base de cannabis extraits \u00e0 l&rsquo;\u00e9thanol afin que vous puissiez vivre l&rsquo;exp\u00e9rience la plus fra\u00eeche, croustillante et limpide de la vape bloom. Nous proposons des cartouches bloom CCELL avec des \u00e9l\u00e9ments chauffants en c\u00e9ramique pour une exp\u00e9rience plus riche et plus grande. D\u00e9couvrez d&rsquo;autres produits de notre page boutique tels que Maui Wowie.<\/p>\n","protected":false},"excerpt":{"rendered":"<p>Pour donner un coup de fouet \u00e0 votre matin\u00e9e, essayez The Bloom Brand Green Crack Vape. Les effets \u00e0 dominance Sativa de Green Crack et le profil de terp\u00e8nes d&rsquo;agrumes et de pin vous aident \u00e0 bien commencer la journ\u00e9e. La marque Bloom se sp\u00e9cialise dans les produits de cannabis extraits \u00e0 l&rsquo;\u00e9th\u00e9nol pour produire une exp\u00e9rience de vapotage propre, nette et claire. Chaque cartouche est remplie de 500 mg d&rsquo;extrait sans solvant avec une concentration de 80 % \u00e0 86 % de THC. Les cartouches sont disponibles en tailles d&rsquo;un demi-gramme et d&rsquo;un gramme complet.<\/p>\n","protected":false},"featured_media":248,"comment_status":"open","ping_status":"closed","template":"","meta":{"_monsterinsights_skip_tracking":false,"_monsterinsights_sitenote_active":false,"_monsterinsights_sitenote_note":"","_monsterinsights_sitenote_category":0},"product_brand":[],"product_cat":[18],"product_tag":[6304,6305,6301,6296,1570,5505,1553,1567,1519,1529,1523,1545,5506,6279,6297,6294,6302,6309,6288,6306,6303,6292,6286,6280,6281,6282,6283,6284,6285,6290,5517,6291,6293,5519,5521,6310,6311,6321,6313,6312,6314,6320,6322,6323,6287,5518,6308,6298,6295,6299,6317,6318,6319,6316,6315,5499,6278,5498,5500,5501,5502,6307,5522,6289,2030,5520,6300],"class_list":{"0":"post-247","1":"product","2":"type-product","3":"status-publish","4":"has-post-thumbnail","6":"product_cat-bloom-chariots","7":"product_tag-acheter-bloom-carts-green-crack-en-ligne","8":"product_tag-acheter-des-chariots-de-floraison-en-ligne","9":"product_tag-batterie-de-stylo-de-vape-de-fleur","10":"product_tag-bloom-cartouche-vape","11":"product_tag-bloom-carts-1g","12":"product_tag-bloom-carts-a-vendre","13":"product_tag-bloom-carts-blue-dream","14":"product_tag-bloom-carts-clone","15":"product_tag-bloom-carts-fake","16":"product_tag-bloom-carts-fake-packaging","17":"product_tag-bloom-carts-fake-vs-real","18":"product_tag-bloom-carts-flavors","19":"product_tag-bloom-carts-grand-papa-violet","20":"product_tag-bloom-carts-numero-de-lot","21":"product_tag-bloom-examen-de-la-cartouche-de-vape","22":"product_tag-chariots-de-bloom-dab","23":"product_tag-chariots-de-fleurs","24":"product_tag-chariots-de-fleurs-gdp","25":"product_tag-chariots-de-floraison-ananas-express","26":"product_tag-chariots-de-floraison-cannasafe","27":"product_tag-chariots-de-floraison-de-reve-bleu","28":"product_tag-chariots-de-floraison-emballage-reel","29":"product_tag-chariots-de-floraison-en-ligne","30":"product_tag-chariots-de-floraison-fissure-verte","31":"product_tag-chariots-de-floraison-fissure-verte-a-vendre","32":"product_tag-chariots-de-floraison-gsc","33":"product_tag-chariots-de-floraison-jack-herer","34":"product_tag-chariots-de-floraison-maui-wowie","35":"product_tag-chariots-de-floraison-pres-de-moi","36":"product_tag-chariots-de-floraison-prix","37":"product_tag-chariots-de-floraison-reddit-chariots-de-floraison-faux","38":"product_tag-chariots-de-floraison-reels","39":"product_tag-chariots-de-floraison-reels-vs-faux","40":"product_tag-chariots-de-floraison-skywalker","41":"product_tag-chariots-de-floraison-thc","42":"product_tag-combien-coutent-les-chariots-de-fleurs","43":"product_tag-combien-de-thc-est-dans-les-chariots-de-fleurs","44":"product_tag-commandez-bloom-carts-green-crack-en-ligne","45":"product_tag-comment-dire-les-faux-chariots-de-fleurs","46":"product_tag-comment-reperer-les-faux-chariots-de-fleurs","47":"product_tag-comment-savoir-si-la-floraison-les-chariots-sont-reels","48":"product_tag-de-nouveaux-emballages-de-faux-chariots-de-fleurs-faux","49":"product_tag-de-vrais-chariots-de-fleurs","50":"product_tag-de-vrais-vs-faux-chariots-de-fleurs","51":"product_tag-emballage-de-chariots-de-floraison","52":"product_tag-examen-des-chariots-de-floraison","53":"product_tag-faux-chariots-de-fleurs","54":"product_tag-fleur-de-vape-faux","55":"product_tag-floraison-vape","56":"product_tag-huile-de-vape-de-fleur","57":"product_tag-la-legion-de-chariots-de-fleurs","58":"product_tag-la-legion-de-chariots-de-fleurs-boite-noire","59":"product_tag-la-legion-de-chariots-de-fleurs-faux","60":"product_tag-les-chariots-de-fleurs-de-la-legion","61":"product_tag-les-chariots-de-fleurs-sont-ils-reels","62":"product_tag-les-chariots-de-floraison-sont-ils-bons","63":"product_tag-les-chariots-de-floraison-sont-ils-en-acier-1000mg","64":"product_tag-les-chariots-de-floraison-sont-ils-faux","65":"product_tag-les-chariots-de-floraison-sont-ils-legitimes","66":"product_tag-les-chariots-de-floraison-sont-ils-reels","67":"product_tag-les-chariots-de-floraison-sont-ils-surs","68":"product_tag-les-chariots-de-floraison-vous-obtiennent-ils-haut","69":"product_tag-pourcentage-de-chariots-de-floraison-thc","70":"product_tag-prix-des-chariots-de-floraison","71":"product_tag-sativa","72":"product_tag-souches-de-chariots-de-floraison","73":"product_tag-stylo-de-vape-de-fleur","75":"first","76":"instock","77":"shipping-taxable","78":"purchasable","79":"product-type-simple"},"yoast_head":"<!-- This site is optimized with the Yoast SEO plugin v27.3 - https:\/\/yoast.com\/product\/yoast-seo-wordpress\/ -->\n<title>Chariots Bloom \u00e0 vendre - 510 Premium Carts acheter de l&#039;herbe<\/title>\n<meta name=\"description\" content=\"Chariots Bloom \u00e0 vendre Pour donner un coup de fouet \u00e0 votre matin\u00e9e, essayez The Bloom Brand Green Crack Vape. Les effets \u00e0 dominance de Green Crack Sativa et le profil des agrumes et des terp\u00e8nes de pin vous aident \u00e0 d\u00e9marrer\" \/>\n<meta name=\"robots\" content=\"index, follow, max-snippet:-1, max-image-preview:large, max-video-preview:-1\" \/>\n<link rel=\"canonical\" href=\"https:\/\/510premiumcarts.com\/index.php\/product\/chariots-bloom-a-vendre\/\" \/>\n<meta property=\"og:locale\" content=\"fr_FR\" \/>\n<meta property=\"og:type\" content=\"article\" \/>\n<meta property=\"og:title\" content=\"Chariots Bloom \u00e0 vendre - 510 Premium Carts acheter de l&#039;herbe\" \/>\n<meta property=\"og:description\" content=\"Chariots Bloom \u00e0 vendre Pour donner un coup de fouet \u00e0 votre matin\u00e9e, essayez The Bloom Brand Green Crack Vape. Les effets \u00e0 dominance de Green Crack Sativa et le profil des agrumes et des terp\u00e8nes de pin vous aident \u00e0 d\u00e9marrer\" \/>\n<meta property=\"og:url\" content=\"https:\/\/510premiumcarts.com\/index.php\/product\/chariots-bloom-a-vendre\/\" \/>\n<meta property=\"og:site_name\" content=\"510 Premium Carts\" \/>\n<meta property=\"article:modified_time\" content=\"2023-03-13T09:46:53+00:00\" \/>\n<meta property=\"og:image\" content=\"http:\/\/510premiumcarts.com\/wp-content\/uploads\/2021\/10\/GC-Green-Crack.png\" \/>\n\t<meta property=\"og:image:width\" content=\"1000\" \/>\n\t<meta property=\"og:image:height\" content=\"1000\" \/>\n\t<meta property=\"og:image:type\" content=\"image\/png\" \/>\n<meta name=\"twitter:card\" content=\"summary_large_image\" \/>\n<meta name=\"twitter:label1\" content=\"Dur\u00e9e de lecture estim\u00e9e\" \/>\n\t<meta name=\"twitter:data1\" content=\"2 minutes\" \/>\n<script type=\"application\/ld+json\" class=\"yoast-schema-graph\">{\"@context\":\"https:\\\/\\\/schema.org\",\"@graph\":[{\"@type\":\"WebPage\",\"@id\":\"https:\\\/\\\/510premiumcarts.com\\\/index.php\\\/product\\\/chariots-bloom-a-vendre\\\/\",\"url\":\"https:\\\/\\\/510premiumcarts.com\\\/index.php\\\/product\\\/chariots-bloom-a-vendre\\\/\",\"name\":\"Chariots Bloom \u00e0 vendre - 510 Premium Carts acheter de l'herbe\",\"isPartOf\":{\"@id\":\"https:\\\/\\\/510premiumcarts.com\\\/#website\"},\"primaryImageOfPage\":{\"@id\":\"https:\\\/\\\/510premiumcarts.com\\\/index.php\\\/product\\\/chariots-bloom-a-vendre\\\/#primaryimage\"},\"image\":{\"@id\":\"https:\\\/\\\/510premiumcarts.com\\\/index.php\\\/product\\\/chariots-bloom-a-vendre\\\/#primaryimage\"},\"thumbnailUrl\":\"https:\\\/\\\/510premiumcarts.com\\\/wp-content\\\/uploads\\\/2021\\\/10\\\/GC-Green-Crack.png\",\"datePublished\":\"2021-10-18T19:17:44+00:00\",\"dateModified\":\"2023-03-13T09:46:53+00:00\",\"description\":\"Chariots Bloom \u00e0 vendre Pour donner un coup de fouet \u00e0 votre matin\u00e9e, essayez The Bloom Brand Green Crack Vape. Les effets \u00e0 dominance de Green Crack Sativa et le profil des agrumes et des terp\u00e8nes de pin vous aident \u00e0 d\u00e9marrer\",\"breadcrumb\":{\"@id\":\"https:\\\/\\\/510premiumcarts.com\\\/index.php\\\/product\\\/chariots-bloom-a-vendre\\\/#breadcrumb\"},\"inLanguage\":\"fr-FR\",\"potentialAction\":[{\"@type\":\"ReadAction\",\"target\":[\"https:\\\/\\\/510premiumcarts.com\\\/index.php\\\/product\\\/chariots-bloom-a-vendre\\\/\"]}]},{\"@type\":\"ImageObject\",\"inLanguage\":\"fr-FR\",\"@id\":\"https:\\\/\\\/510premiumcarts.com\\\/index.php\\\/product\\\/chariots-bloom-a-vendre\\\/#primaryimage\",\"url\":\"https:\\\/\\\/510premiumcarts.com\\\/wp-content\\\/uploads\\\/2021\\\/10\\\/GC-Green-Crack.png\",\"contentUrl\":\"https:\\\/\\\/510premiumcarts.com\\\/wp-content\\\/uploads\\\/2021\\\/10\\\/GC-Green-Crack.png\",\"width\":1000,\"height\":1000,\"caption\":\"Chariots Bloom \u00e0 vendre\"},{\"@type\":\"BreadcrumbList\",\"@id\":\"https:\\\/\\\/510premiumcarts.com\\\/index.php\\\/product\\\/chariots-bloom-a-vendre\\\/#breadcrumb\",\"itemListElement\":[{\"@type\":\"ListItem\",\"position\":1,\"name\":\"Home\",\"item\":\"https:\\\/\\\/510premiumcarts.com\\\/\"},{\"@type\":\"ListItem\",\"position\":2,\"name\":\"Marques de vapotage\",\"item\":\"https:\\\/\\\/510premiumcarts.com\\\/index.php\\\/acheter-du-cannabis\\\/\"},{\"@type\":\"ListItem\",\"position\":3,\"name\":\"Cartouche Bloom &#8220;Green Crack&#8221; (1000mg)\"}]},{\"@type\":\"WebSite\",\"@id\":\"https:\\\/\\\/510premiumcarts.com\\\/#website\",\"url\":\"https:\\\/\\\/510premiumcarts.com\\\/\",\"name\":\"510 Premium Carts\",\"description\":\"Just another WordPress site\",\"potentialAction\":[{\"@type\":\"SearchAction\",\"target\":{\"@type\":\"EntryPoint\",\"urlTemplate\":\"https:\\\/\\\/510premiumcarts.com\\\/?s={search_term_string}\"},\"query-input\":{\"@type\":\"PropertyValueSpecification\",\"valueRequired\":true,\"valueName\":\"search_term_string\"}}],\"inLanguage\":\"fr-FR\"}]}<\/script>\n<!-- \/ Yoast SEO plugin. -->","yoast_head_json":{"title":"Chariots Bloom \u00e0 vendre - 510 Premium Carts acheter de l'herbe","description":"Chariots Bloom \u00e0 vendre Pour donner un coup de fouet \u00e0 votre matin\u00e9e, essayez The Bloom Brand Green Crack Vape. Les effets \u00e0 dominance de Green Crack Sativa et le profil des agrumes et des terp\u00e8nes de pin vous aident \u00e0 d\u00e9marrer","robots":{"index":"index","follow":"follow","max-snippet":"max-snippet:-1","max-image-preview":"max-image-preview:large","max-video-preview":"max-video-preview:-1"},"canonical":"https:\/\/510premiumcarts.com\/index.php\/product\/chariots-bloom-a-vendre\/","og_locale":"fr_FR","og_type":"article","og_title":"Chariots Bloom \u00e0 vendre - 510 Premium Carts acheter de l'herbe","og_description":"Chariots Bloom \u00e0 vendre Pour donner un coup de fouet \u00e0 votre matin\u00e9e, essayez The Bloom Brand Green Crack Vape. Les effets \u00e0 dominance de Green Crack Sativa et le profil des agrumes et des terp\u00e8nes de pin vous aident \u00e0 d\u00e9marrer","og_url":"https:\/\/510premiumcarts.com\/index.php\/product\/chariots-bloom-a-vendre\/","og_site_name":"510 Premium Carts","article_modified_time":"2023-03-13T09:46:53+00:00","og_image":[{"width":1000,"height":1000,"url":"http:\/\/510premiumcarts.com\/wp-content\/uploads\/2021\/10\/GC-Green-Crack.png","type":"image\/png"}],"twitter_card":"summary_large_image","twitter_misc":{"Dur\u00e9e de lecture estim\u00e9e":"2 minutes"},"schema":{"@context":"https:\/\/schema.org","@graph":[{"@type":"WebPage","@id":"https:\/\/510premiumcarts.com\/index.php\/product\/chariots-bloom-a-vendre\/","url":"https:\/\/510premiumcarts.com\/index.php\/product\/chariots-bloom-a-vendre\/","name":"Chariots Bloom \u00e0 vendre - 510 Premium Carts acheter de l'herbe","isPartOf":{"@id":"https:\/\/510premiumcarts.com\/#website"},"primaryImageOfPage":{"@id":"https:\/\/510premiumcarts.com\/index.php\/product\/chariots-bloom-a-vendre\/#primaryimage"},"image":{"@id":"https:\/\/510premiumcarts.com\/index.php\/product\/chariots-bloom-a-vendre\/#primaryimage"},"thumbnailUrl":"https:\/\/510premiumcarts.com\/wp-content\/uploads\/2021\/10\/GC-Green-Crack.png","datePublished":"2021-10-18T19:17:44+00:00","dateModified":"2023-03-13T09:46:53+00:00","description":"Chariots Bloom \u00e0 vendre Pour donner un coup de fouet \u00e0 votre matin\u00e9e, essayez The Bloom Brand Green Crack Vape. Les effets \u00e0 dominance de Green Crack Sativa et le profil des agrumes et des terp\u00e8nes de pin vous aident \u00e0 d\u00e9marrer","breadcrumb":{"@id":"https:\/\/510premiumcarts.com\/index.php\/product\/chariots-bloom-a-vendre\/#breadcrumb"},"inLanguage":"fr-FR","potentialAction":[{"@type":"ReadAction","target":["https:\/\/510premiumcarts.com\/index.php\/product\/chariots-bloom-a-vendre\/"]}]},{"@type":"ImageObject","inLanguage":"fr-FR","@id":"https:\/\/510premiumcarts.com\/index.php\/product\/chariots-bloom-a-vendre\/#primaryimage","url":"https:\/\/510premiumcarts.com\/wp-content\/uploads\/2021\/10\/GC-Green-Crack.png","contentUrl":"https:\/\/510premiumcarts.com\/wp-content\/uploads\/2021\/10\/GC-Green-Crack.png","width":1000,"height":1000,"caption":"Chariots Bloom \u00e0 vendre"},{"@type":"BreadcrumbList","@id":"https:\/\/510premiumcarts.com\/index.php\/product\/chariots-bloom-a-vendre\/#breadcrumb","itemListElement":[{"@type":"ListItem","position":1,"name":"Home","item":"https:\/\/510premiumcarts.com\/"},{"@type":"ListItem","position":2,"name":"Marques de vapotage","item":"https:\/\/510premiumcarts.com\/index.php\/acheter-du-cannabis\/"},{"@type":"ListItem","position":3,"name":"Cartouche Bloom &#8220;Green Crack&#8221; (1000mg)"}]},{"@type":"WebSite","@id":"https:\/\/510premiumcarts.com\/#website","url":"https:\/\/510premiumcarts.com\/","name":"510 Premium Carts","description":"Just another WordPress site","potentialAction":[{"@type":"SearchAction","target":{"@type":"EntryPoint","urlTemplate":"https:\/\/510premiumcarts.com\/?s={search_term_string}"},"query-input":{"@type":"PropertyValueSpecification","valueRequired":true,"valueName":"search_term_string"}}],"inLanguage":"fr-FR"}]}},"jetpack_sharing_enabled":true,"_links":{"self":[{"href":"https:\/\/510premiumcarts.com\/index.php\/wp-json\/wp\/v2\/product\/247","targetHints":{"allow":["GET"]}}],"collection":[{"href":"https:\/\/510premiumcarts.com\/index.php\/wp-json\/wp\/v2\/product"}],"about":[{"href":"https:\/\/510premiumcarts.com\/index.php\/wp-json\/wp\/v2\/types\/product"}],"replies":[{"embeddable":true,"href":"https:\/\/510premiumcarts.com\/index.php\/wp-json\/wp\/v2\/comments?post=247"}],"wp:featuredmedia":[{"embeddable":true,"href":"https:\/\/510premiumcarts.com\/index.php\/wp-json\/wp\/v2\/media\/248"}],"wp:attachment":[{"href":"https:\/\/510premiumcarts.com\/index.php\/wp-json\/wp\/v2\/media?parent=247"}],"wp:term":[{"taxonomy":"product_brand","embeddable":true,"href":"https:\/\/510premiumcarts.com\/index.php\/wp-json\/wp\/v2\/product_brand?post=247"},{"taxonomy":"product_cat","embeddable":true,"href":"https:\/\/510premiumcarts.com\/index.php\/wp-json\/wp\/v2\/product_cat?post=247"},{"taxonomy":"product_tag","embeddable":true,"href":"https:\/\/510premiumcarts.com\/index.php\/wp-json\/wp\/v2\/product_tag?post=247"}],"curies":[{"name":"wp","href":"https:\/\/api.w.org\/{rel}","templated":true}]}}