{"id":251,"date":"2021-10-18T19:27:17","date_gmt":"2021-10-18T19:27:17","guid":{"rendered":"https:\/\/510premiumcarts.com\/?post_type=product&#038;p=251"},"modified":"2023-03-13T10:08:49","modified_gmt":"2023-03-13T10:08:49","slug":"jack-herer-jh-bloom-chariots","status":"publish","type":"product","link":"https:\/\/510premiumcarts.com\/index.php\/product\/jack-herer-jh-bloom-chariots\/","title":{"rendered":"Jack Herer JH Bloom Chariots"},"content":{"rendered":"<h1><a href=\"https:\/\/510premiumcarts.com\/index.php\/acheter-du-cannabis\/\"><strong><span style=\"color: #ffcc00; font-size: 120%;\">Jack Herer JH Bloom Chariots<\/span><\/strong><\/a><\/h1>\n<p>Si <a href=\"https:\/\/www.bloomcarts.com\/\">vous<\/a> voulez go\u00fbter \u00e0 la c\u00e9l\u00e9brit\u00e9, vous devez essayer nos chariots <a href=\"https:\/\/www.bloomcarts.com\/product-category\/bloom-carts\/\">Jack<\/a> <a href=\"https:\/\/www.bloomcarts.com\/buy-jack-herer-online-usa-order-jack-herer-online-jack-herer-for-sale-online-buy-weed-online-order-weed-online-weed-for-sale-online-buy-cannabis-online-usa-order-cannabis-online-cannabis-for-sale-onli\/\">Herer<\/a> Bloom \u00e0 vendre. Sa popularit\u00e9 augmente dans toute l&rsquo;industrie du cannabis. <a href=\"https:\/\/weedmaps.com\/brands\/the-bloom-brand\">C&rsquo;est<\/a> l&rsquo;un des chariots \u00e0 fleurs les plus <a href=\"https:\/\/www.bloomcarts.com\/buy-jack-herer-online-australia-order-jack-herer-online-australia-jack-herer-for-sale-australia\/\">populaires<\/a> parmi les chariots \u00e0 floraison dominante Sativa. Son profil d&rsquo;agrumes brillant lui donne la perfection. Ce panier de fleurs porte le nom d&rsquo;un activiste du cannabis de longue date, Jack Herer, qui a \u00e9crit le livre\u00a0Emperor Wears No Clothes en <a href=\"https:\/\/www.acidparadize.org\/\">1985<\/a> pour lutter pour la l\u00e9galisation du cannabis. Commandez des chariots Bloom en <a href=\"https:\/\/www.google.com\/\">ligne<\/a>. <span style=\"color: #ffffff;\">Chariots Jack Herer JH Bloom<\/span><\/p>\n<p>Jack Herer a \u00e9t\u00e9 cr\u00e9\u00e9 pour capturer \u00e0 la fois la production de r\u00e9sine lourde et l&rsquo;\u00e9l\u00e9vation c\u00e9r\u00e9brale. Son patrimoine g\u00e9n\u00e9tique riche lui conf\u00e8re des caract\u00e9ristiques et des effets uniques. Les consommateurs ont d\u00e9clar\u00e9 qu&rsquo;ils se sentaient lucides, heureux et cr\u00e9atifs lorsqu&rsquo;ils ont essay\u00e9 nos cartouches de floraison Jack Herer. JH est une combinaison de Shiva Skunk, Haze hybride et Northern lights #5. Sensi Seeds l&rsquo;a cr\u00e9\u00e9. Il a \u00e9t\u00e9 cr\u00e9\u00e9 aux Pays-Bas dans les ann\u00e9es 1990 et depuis lors, il a remport\u00e9 de nombreux prix pour sa puissance et sa qualit\u00e9. Il a remport\u00e9 9 prix de la High Times Cannabis Cup. Nous avons gard\u00e9 des cartouches\u00a0JH\u00a0bloom dans notre stock pour que vous puissiez maintenir cette qualit\u00e9. Il est temps pour vous d&rsquo;essayer notre panier de fleurs Jack Here pour faire preuve de cr\u00e9ativit\u00e9 et de concentration. Chariots Bloom \u00e0 vendre<\/p>\n<ul>\n<li><strong>Go\u00fbt terreux, pin, agrumes, <a href=\"https:\/\/www.bloomcarts.com\/product\/granddaddy-purple\/\">chimique<\/a>. Sativa bois\u00e9e classique.<\/strong><\/li>\n<li><strong>Concentr\u00e9, cr\u00e9atif, \u00e9nergique, euphorique, exalt\u00e9 et d\u00e9tendu.<\/strong><\/li>\n<li><strong>Cannabino\u00efdes et terp\u00e8nes.<\/strong><\/li>\n<li><strong>B-Caryophyll\u00e8ne, Terpinol\u00e8ne, <a href=\"https:\/\/www.bloomcarts.com\/buy-jack-herer-online-germany-order-jack-herer-online-germany-jack-herer-for-sale-online\/\">B<\/a>-Myrc\u00e8ne.<\/strong><\/li>\n<\/ul>\n<p>Commandez des chariots Bloom en ligne. La Jack Herer est utilis\u00e9e de temps \u00e0 autre comme souche parente pour les nouveaux hybrides. Il est temps pour vous d&rsquo;obtenir de nous le meilleur du monde des chariots de fleurs qui vous offrira l&rsquo;exp\u00e9rience la plus proche de la plante. Nos chariots Bloom Dab sont disponibles \u00e0 la fois en 500\u00a0mg et 1\u00a0g de bloom vape. Nous utilisons la derni\u00e8re technologie CCELL, des points \u00e0 double entr\u00e9e et des \u00e9l\u00e9ments chauffants en c\u00e9ramique pour vous offrir la meilleure exp\u00e9rience de vapotage de votre vie. N&rsquo;h\u00e9sitez pas \u00e0 visiter notre page boutique et \u00e0 d\u00e9couvrir d&rsquo;autres vari\u00e9t\u00e9s telles que\u00a0granddaddy purple.<\/p>\n","protected":false},"excerpt":{"rendered":"<p>Saveur : Terreux, Bois\u00e9, Pin, \u00c9pice. Effets\u00a0: Euphorique, \u00c9nerg\u00e9tique, \u00c9lev\u00e9, Concentr\u00e9. Terp\u00e8nes\u00a0: terpinol\u00e8ne (dominant)\u00a0: naturellement pr\u00e9sent dans\u00a0: cardamome, piment de la Jama\u00efque, panais B-caryo-phyll\u00e8ne\u00a0: naturellement pr\u00e9sent dans\u00a0: poivre noir, clous de girofle, houblon B-myrc\u00e8ne\u00a0: naturellement pr\u00e9sent dans\u00a0: mangue, thym sauvage, cardamome, houblon<\/p>\n","protected":false},"featured_media":252,"comment_status":"open","ping_status":"closed","template":"","meta":{"_monsterinsights_skip_tracking":false,"_monsterinsights_sitenote_active":false,"_monsterinsights_sitenote_note":"","_monsterinsights_sitenote_category":0},"product_brand":[],"product_cat":[18],"product_tag":[6333,6331,1570,5505,1553,1567,6324,1519,1529,1523,1545,5506,1561,1557,1563,1552,1535,6279,1524,1551,1527,1537,6325,2022,6328,6326,6294,6302,6334,6332,6309,6342,5517,6293,5519,5521,5558,5559,6338,6337,6339,6341,5518,6308,6327,6336,6329,6340,6343,6344,6345,6335,5499,6278,5498,5500,5501,5502,6346,5522,5520,6330,6347,6348],"class_list":{"0":"post-251","1":"product","2":"type-product","3":"status-publish","4":"has-post-thumbnail","6":"product_cat-bloom-chariots","7":"product_tag-acheter-des-chariots-de-fleurs-en-ligne","8":"product_tag-batterie-de-stylo-de-vape-de-floraison","9":"product_tag-bloom-carts-1g","10":"product_tag-bloom-carts-a-vendre","11":"product_tag-bloom-carts-blue-dream","12":"product_tag-bloom-carts-clone","13":"product_tag-bloom-carts-en-ligne","14":"product_tag-bloom-carts-fake","15":"product_tag-bloom-carts-fake-packaging","16":"product_tag-bloom-carts-fake-vs-real","17":"product_tag-bloom-carts-flavors","18":"product_tag-bloom-carts-grand-papa-violet","19":"product_tag-bloom-carts-green-crack","20":"product_tag-bloom-carts-gsc","21":"product_tag-bloom-carts-jack-herer","22":"product_tag-bloom-carts-maui-wowie","23":"product_tag-bloom-carts-near-me","24":"product_tag-bloom-carts-numero-de-lot","25":"product_tag-bloom-carts-packaging","26":"product_tag-bloom-carts-pineapple-express","27":"product_tag-bloom-carts-price","28":"product_tag-bloom-carts-real","29":"product_tag-bloom-chariots-emballage-reel","30":"product_tag-bloom-vape","31":"product_tag-bloom-vape-faux","32":"product_tag-cartouche-de-bloom-vape","33":"product_tag-chariots-de-bloom-dab","34":"product_tag-chariots-de-fleurs","35":"product_tag-chariots-de-fleurs-cannasafe","36":"product_tag-chariots-de-fleurs-de-reve-bleu","37":"product_tag-chariots-de-fleurs-gdp","38":"product_tag-chariots-de-fleurs-legion","39":"product_tag-chariots-de-floraison-reddit-chariots-de-floraison-faux","40":"product_tag-chariots-de-floraison-reels-vs-faux","41":"product_tag-chariots-de-floraison-skywalker","42":"product_tag-chariots-de-floraison-thc","43":"product_tag-combien-coutent-les-chariots-de-floraison","44":"product_tag-combien-de-thc-est-dans-les-chariots-de-floraison","45":"product_tag-comment-reconnaitre-les-faux-chariots-de-floraison","46":"product_tag-comment-reperer-les-faux-chariots-de-floraison","47":"product_tag-comment-savoir-si-les-chariots-de-floraison-sont-reels","48":"product_tag-est-chariots-de-fleurs-reels","49":"product_tag-examen-des-chariots-de-floraison","50":"product_tag-faux-chariots-de-fleurs","51":"product_tag-floraison-avis-cartouche-vape","52":"product_tag-gsc-bloom-carts-a-vendre","53":"product_tag-huile-de-vape-de-floraison","54":"product_tag-hybrides","55":"product_tag-legion-de-chariots-de-fleurs","56":"product_tag-legion-de-chariots-de-fleurs-boite-noire","57":"product_tag-legion-de-chariots-de-fleurs-faux","58":"product_tag-les-chariots-de-fleurs-vous-font-ils-planer","59":"product_tag-les-chariots-de-floraison-sont-ils-bons","60":"product_tag-les-chariots-de-floraison-sont-ils-en-acier-1000mg","61":"product_tag-les-chariots-de-floraison-sont-ils-faux","62":"product_tag-les-chariots-de-floraison-sont-ils-legitimes","63":"product_tag-les-chariots-de-floraison-sont-ils-reels","64":"product_tag-les-chariots-de-floraison-sont-ils-surs","65":"product_tag-nouvel-emballage-faux-chariots-de-fleurs-faux","66":"product_tag-pourcentage-de-chariots-de-floraison-thc","67":"product_tag-souches-de-chariots-de-floraison","68":"product_tag-stylo-de-vape-de-floraison","69":"product_tag-vrais-chariots-de-fleurs","70":"product_tag-vrais-vs-faux-chariots-de-fleurs","72":"first","73":"instock","74":"shipping-taxable","75":"purchasable","76":"product-type-simple"},"yoast_head":"<!-- This site is optimized with the Yoast SEO plugin v27.3 - https:\/\/yoast.com\/product\/yoast-seo-wordpress\/ -->\n<title>Jack Herer JH Bloom Chariots - 510 Premium Carts R\u00e9el Bloom<\/title>\n<meta name=\"description\" content=\"Jack Herer JH Bloom Chariots Si vous voulez go\u00fbter \u00e0 la c\u00e9l\u00e9brit\u00e9, vous devez essayer nos chariots Jack Herer Bloom \u00e0 vendre. Sa popularit\u00e9 augmente partout\" \/>\n<meta name=\"robots\" content=\"index, follow, max-snippet:-1, max-image-preview:large, max-video-preview:-1\" \/>\n<link rel=\"canonical\" href=\"https:\/\/510premiumcarts.com\/index.php\/product\/jack-herer-jh-bloom-chariots\/\" \/>\n<meta property=\"og:locale\" content=\"fr_FR\" \/>\n<meta property=\"og:type\" content=\"article\" \/>\n<meta property=\"og:title\" content=\"Jack Herer JH Bloom Chariots - 510 Premium Carts R\u00e9el Bloom\" \/>\n<meta property=\"og:description\" content=\"Jack Herer JH Bloom Chariots Si vous voulez go\u00fbter \u00e0 la c\u00e9l\u00e9brit\u00e9, vous devez essayer nos chariots Jack Herer Bloom \u00e0 vendre. Sa popularit\u00e9 augmente partout\" \/>\n<meta property=\"og:url\" content=\"https:\/\/510premiumcarts.com\/index.php\/product\/jack-herer-jh-bloom-chariots\/\" \/>\n<meta property=\"og:site_name\" content=\"510 Premium Carts\" \/>\n<meta property=\"article:modified_time\" content=\"2023-03-13T10:08:49+00:00\" \/>\n<meta property=\"og:image\" content=\"http:\/\/510premiumcarts.com\/wp-content\/uploads\/2021\/10\/JH-Jack-Herer.jpg\" \/>\n\t<meta property=\"og:image:width\" content=\"600\" \/>\n\t<meta property=\"og:image:height\" content=\"600\" \/>\n\t<meta property=\"og:image:type\" content=\"image\/jpeg\" \/>\n<meta name=\"twitter:card\" content=\"summary_large_image\" \/>\n<meta name=\"twitter:label1\" content=\"Dur\u00e9e de lecture estim\u00e9e\" \/>\n\t<meta name=\"twitter:data1\" content=\"2 minutes\" \/>\n<script type=\"application\/ld+json\" class=\"yoast-schema-graph\">{\"@context\":\"https:\\\/\\\/schema.org\",\"@graph\":[{\"@type\":\"WebPage\",\"@id\":\"https:\\\/\\\/510premiumcarts.com\\\/index.php\\\/product\\\/jack-herer-jh-bloom-chariots\\\/\",\"url\":\"https:\\\/\\\/510premiumcarts.com\\\/index.php\\\/product\\\/jack-herer-jh-bloom-chariots\\\/\",\"name\":\"Jack Herer JH Bloom Chariots - 510 Premium Carts R\u00e9el Bloom\",\"isPartOf\":{\"@id\":\"https:\\\/\\\/510premiumcarts.com\\\/#website\"},\"primaryImageOfPage\":{\"@id\":\"https:\\\/\\\/510premiumcarts.com\\\/index.php\\\/product\\\/jack-herer-jh-bloom-chariots\\\/#primaryimage\"},\"image\":{\"@id\":\"https:\\\/\\\/510premiumcarts.com\\\/index.php\\\/product\\\/jack-herer-jh-bloom-chariots\\\/#primaryimage\"},\"thumbnailUrl\":\"https:\\\/\\\/510premiumcarts.com\\\/wp-content\\\/uploads\\\/2021\\\/10\\\/JH-Jack-Herer.jpg\",\"datePublished\":\"2021-10-18T19:27:17+00:00\",\"dateModified\":\"2023-03-13T10:08:49+00:00\",\"description\":\"Jack Herer JH Bloom Chariots Si vous voulez go\u00fbter \u00e0 la c\u00e9l\u00e9brit\u00e9, vous devez essayer nos chariots Jack Herer Bloom \u00e0 vendre. Sa popularit\u00e9 augmente partout\",\"breadcrumb\":{\"@id\":\"https:\\\/\\\/510premiumcarts.com\\\/index.php\\\/product\\\/jack-herer-jh-bloom-chariots\\\/#breadcrumb\"},\"inLanguage\":\"fr-FR\",\"potentialAction\":[{\"@type\":\"ReadAction\",\"target\":[\"https:\\\/\\\/510premiumcarts.com\\\/index.php\\\/product\\\/jack-herer-jh-bloom-chariots\\\/\"]}]},{\"@type\":\"ImageObject\",\"inLanguage\":\"fr-FR\",\"@id\":\"https:\\\/\\\/510premiumcarts.com\\\/index.php\\\/product\\\/jack-herer-jh-bloom-chariots\\\/#primaryimage\",\"url\":\"https:\\\/\\\/510premiumcarts.com\\\/wp-content\\\/uploads\\\/2021\\\/10\\\/JH-Jack-Herer.jpg\",\"contentUrl\":\"https:\\\/\\\/510premiumcarts.com\\\/wp-content\\\/uploads\\\/2021\\\/10\\\/JH-Jack-Herer.jpg\",\"width\":600,\"height\":600},{\"@type\":\"BreadcrumbList\",\"@id\":\"https:\\\/\\\/510premiumcarts.com\\\/index.php\\\/product\\\/jack-herer-jh-bloom-chariots\\\/#breadcrumb\",\"itemListElement\":[{\"@type\":\"ListItem\",\"position\":1,\"name\":\"Home\",\"item\":\"https:\\\/\\\/510premiumcarts.com\\\/\"},{\"@type\":\"ListItem\",\"position\":2,\"name\":\"Marques de vapotage\",\"item\":\"https:\\\/\\\/510premiumcarts.com\\\/index.php\\\/acheter-du-cannabis\\\/\"},{\"@type\":\"ListItem\",\"position\":3,\"name\":\"Jack Herer JH Bloom Chariots\"}]},{\"@type\":\"WebSite\",\"@id\":\"https:\\\/\\\/510premiumcarts.com\\\/#website\",\"url\":\"https:\\\/\\\/510premiumcarts.com\\\/\",\"name\":\"510 Premium Carts\",\"description\":\"Just another WordPress site\",\"potentialAction\":[{\"@type\":\"SearchAction\",\"target\":{\"@type\":\"EntryPoint\",\"urlTemplate\":\"https:\\\/\\\/510premiumcarts.com\\\/?s={search_term_string}\"},\"query-input\":{\"@type\":\"PropertyValueSpecification\",\"valueRequired\":true,\"valueName\":\"search_term_string\"}}],\"inLanguage\":\"fr-FR\"}]}<\/script>\n<!-- \/ Yoast SEO plugin. -->","yoast_head_json":{"title":"Jack Herer JH Bloom Chariots - 510 Premium Carts R\u00e9el Bloom","description":"Jack Herer JH Bloom Chariots Si vous voulez go\u00fbter \u00e0 la c\u00e9l\u00e9brit\u00e9, vous devez essayer nos chariots Jack Herer Bloom \u00e0 vendre. Sa popularit\u00e9 augmente partout","robots":{"index":"index","follow":"follow","max-snippet":"max-snippet:-1","max-image-preview":"max-image-preview:large","max-video-preview":"max-video-preview:-1"},"canonical":"https:\/\/510premiumcarts.com\/index.php\/product\/jack-herer-jh-bloom-chariots\/","og_locale":"fr_FR","og_type":"article","og_title":"Jack Herer JH Bloom Chariots - 510 Premium Carts R\u00e9el Bloom","og_description":"Jack Herer JH Bloom Chariots Si vous voulez go\u00fbter \u00e0 la c\u00e9l\u00e9brit\u00e9, vous devez essayer nos chariots Jack Herer Bloom \u00e0 vendre. Sa popularit\u00e9 augmente partout","og_url":"https:\/\/510premiumcarts.com\/index.php\/product\/jack-herer-jh-bloom-chariots\/","og_site_name":"510 Premium Carts","article_modified_time":"2023-03-13T10:08:49+00:00","og_image":[{"width":600,"height":600,"url":"http:\/\/510premiumcarts.com\/wp-content\/uploads\/2021\/10\/JH-Jack-Herer.jpg","type":"image\/jpeg"}],"twitter_card":"summary_large_image","twitter_misc":{"Dur\u00e9e de lecture estim\u00e9e":"2 minutes"},"schema":{"@context":"https:\/\/schema.org","@graph":[{"@type":"WebPage","@id":"https:\/\/510premiumcarts.com\/index.php\/product\/jack-herer-jh-bloom-chariots\/","url":"https:\/\/510premiumcarts.com\/index.php\/product\/jack-herer-jh-bloom-chariots\/","name":"Jack Herer JH Bloom Chariots - 510 Premium Carts R\u00e9el Bloom","isPartOf":{"@id":"https:\/\/510premiumcarts.com\/#website"},"primaryImageOfPage":{"@id":"https:\/\/510premiumcarts.com\/index.php\/product\/jack-herer-jh-bloom-chariots\/#primaryimage"},"image":{"@id":"https:\/\/510premiumcarts.com\/index.php\/product\/jack-herer-jh-bloom-chariots\/#primaryimage"},"thumbnailUrl":"https:\/\/510premiumcarts.com\/wp-content\/uploads\/2021\/10\/JH-Jack-Herer.jpg","datePublished":"2021-10-18T19:27:17+00:00","dateModified":"2023-03-13T10:08:49+00:00","description":"Jack Herer JH Bloom Chariots Si vous voulez go\u00fbter \u00e0 la c\u00e9l\u00e9brit\u00e9, vous devez essayer nos chariots Jack Herer Bloom \u00e0 vendre. Sa popularit\u00e9 augmente partout","breadcrumb":{"@id":"https:\/\/510premiumcarts.com\/index.php\/product\/jack-herer-jh-bloom-chariots\/#breadcrumb"},"inLanguage":"fr-FR","potentialAction":[{"@type":"ReadAction","target":["https:\/\/510premiumcarts.com\/index.php\/product\/jack-herer-jh-bloom-chariots\/"]}]},{"@type":"ImageObject","inLanguage":"fr-FR","@id":"https:\/\/510premiumcarts.com\/index.php\/product\/jack-herer-jh-bloom-chariots\/#primaryimage","url":"https:\/\/510premiumcarts.com\/wp-content\/uploads\/2021\/10\/JH-Jack-Herer.jpg","contentUrl":"https:\/\/510premiumcarts.com\/wp-content\/uploads\/2021\/10\/JH-Jack-Herer.jpg","width":600,"height":600},{"@type":"BreadcrumbList","@id":"https:\/\/510premiumcarts.com\/index.php\/product\/jack-herer-jh-bloom-chariots\/#breadcrumb","itemListElement":[{"@type":"ListItem","position":1,"name":"Home","item":"https:\/\/510premiumcarts.com\/"},{"@type":"ListItem","position":2,"name":"Marques de vapotage","item":"https:\/\/510premiumcarts.com\/index.php\/acheter-du-cannabis\/"},{"@type":"ListItem","position":3,"name":"Jack Herer JH Bloom Chariots"}]},{"@type":"WebSite","@id":"https:\/\/510premiumcarts.com\/#website","url":"https:\/\/510premiumcarts.com\/","name":"510 Premium Carts","description":"Just another WordPress site","potentialAction":[{"@type":"SearchAction","target":{"@type":"EntryPoint","urlTemplate":"https:\/\/510premiumcarts.com\/?s={search_term_string}"},"query-input":{"@type":"PropertyValueSpecification","valueRequired":true,"valueName":"search_term_string"}}],"inLanguage":"fr-FR"}]}},"jetpack_sharing_enabled":true,"_links":{"self":[{"href":"https:\/\/510premiumcarts.com\/index.php\/wp-json\/wp\/v2\/product\/251","targetHints":{"allow":["GET"]}}],"collection":[{"href":"https:\/\/510premiumcarts.com\/index.php\/wp-json\/wp\/v2\/product"}],"about":[{"href":"https:\/\/510premiumcarts.com\/index.php\/wp-json\/wp\/v2\/types\/product"}],"replies":[{"embeddable":true,"href":"https:\/\/510premiumcarts.com\/index.php\/wp-json\/wp\/v2\/comments?post=251"}],"wp:featuredmedia":[{"embeddable":true,"href":"https:\/\/510premiumcarts.com\/index.php\/wp-json\/wp\/v2\/media\/252"}],"wp:attachment":[{"href":"https:\/\/510premiumcarts.com\/index.php\/wp-json\/wp\/v2\/media?parent=251"}],"wp:term":[{"taxonomy":"product_brand","embeddable":true,"href":"https:\/\/510premiumcarts.com\/index.php\/wp-json\/wp\/v2\/product_brand?post=251"},{"taxonomy":"product_cat","embeddable":true,"href":"https:\/\/510premiumcarts.com\/index.php\/wp-json\/wp\/v2\/product_cat?post=251"},{"taxonomy":"product_tag","embeddable":true,"href":"https:\/\/510premiumcarts.com\/index.php\/wp-json\/wp\/v2\/product_tag?post=251"}],"curies":[{"name":"wp","href":"https:\/\/api.w.org\/{rel}","templated":true}]}}