{"id":255,"date":"2021-10-18T19:47:44","date_gmt":"2021-10-18T19:47:44","guid":{"rendered":"https:\/\/510premiumcarts.com\/?post_type=product&#038;p=255"},"modified":"2023-03-13T10:31:47","modified_gmt":"2023-03-13T10:31:47","slug":"maui-wowie-mw-bloom-chariots","status":"publish","type":"product","link":"https:\/\/510premiumcarts.com\/index.php\/product\/maui-wowie-mw-bloom-chariots\/","title":{"rendered":"MW-Mauie Wowie Bloom Chariots"},"content":{"rendered":"<h1><a href=\"https:\/\/510premiumcarts.com\/index.php\/acheter-du-cannabis\/\"><span style=\"color: #ffcc00; font-size: 130%;\">MW-Mauie Wowie Bloom Chariots<\/span><\/a><\/h1>\n<p>Peut-\u00eatre que vous ne pouvez pas prendre de vacances pour le moment, mais vous pouvez certainement respirer une brise d&rsquo;\u00e9t\u00e9 avec notre Maui Wowie. Ressentez la stimulation c\u00e9r\u00e9brale ultime \u00e0 chaque inhalation de nos cartouches de floraison Maui Wowie. Chariots Bloom \u00e0 vendre. Nos paniers de fleurs vous offriront le v\u00e9ritable effet \u00e0 dominance Sativa et le profil de terp\u00e8nes tropicaux comme jamais auparavant. Chaque bouff\u00e9e vous offrira une douceur et une douceur \u00e9poustouflantes. Cette commande Bloom Carts Online est l&rsquo;une des meilleures options pour vous permettre d&rsquo;avoir une t\u00eate euphorique. Se sentir tr\u00e8s d\u00e9tendu sera agr\u00e9able et devenir plus social sera plus facile et plus heureux. Nos chariots de fleurs Maui Wowie vous feront agir correctement et efficacement sur vos id\u00e9es. <span style=\"color: #ffffff;\">Maui Wowie MW\u00a0Bloom Chariots<\/span><\/p>\n<p>&nbsp;<\/p>\n<ul>\n<li><b><\/b><strong>Sensation <a href=\"https:\/\/cannabisvapereviews.com\/\">euphorique<\/a>, <a href=\"https:\/\/www.bloomcarts.com\/about-bloom-carts\/\">bourdonnement<\/a> d\u00e9licieux et <a href=\"https:\/\/www.bloomcarts.com\/buy-girl-scout-cookies-in-usa-order-girl-scout-cookies-online-usa-girl-scout-cookies-for-sale-usa-bloom-cartridges-for-sale-near-me-bloom-vape-fake-fake-bloom-carts\/\">vibrant<\/a>. Bon pour : les activit\u00e9s de plein air, l&rsquo;am\u00e9lioration de l&rsquo;humeur et la socialisation. <\/strong><\/li>\n<li><strong>Puissance : Vers la lune. <\/strong><\/li>\n<li><strong>Mangue, brume, <a href=\"https:\/\/www.acidparadize.org\/\">agrumes<\/a>, <a href=\"https:\/\/www.bloomcarts.com\/product\/buy-bloom-carts-champagne-kush-online-champagne-kush-bloom-cart-bloom-carts-bloom-vape-bloom-carts-review-bloom-vape-review-bloom-vape-fake-bloom-carts-fake\/\">go\u00fbt<\/a> de <a href=\"https:\/\/www.bloomcarts.com\/product-category\/bloom-carts\/\">noix<\/a> de <a href=\"https:\/\/www.bloomcarts.com\/\">coco<\/a>.<\/strong><\/li>\n<li><strong>Cannabino\u00efdes et Terp\u00e8nes.<\/strong><\/li>\n<\/ul>\n<p>Nos cartouches bloom ne contiennent aucun additif tel que; vitamine e, VG, PG, etc. Notre objectif est de vous offrir la meilleure exp\u00e9rience de vape bloom\u00a0et <a href=\"https:\/\/www.bloomcarts.com\/product\/gsc\/\">c&rsquo;est<\/a> pourquoi tous nos produits \u00e0 base de cannabis sont extraits \u00e0 l&rsquo;\u00e9thanol. En cons\u00e9quence, nos chariots de fleurs vous offriront l&rsquo;exp\u00e9rience la plus fra\u00eeche et la plus claire en mati\u00e8re de vapotage. Les ingr\u00e9dients de Maui Wowie MW sont\u00a0: Maui Wowie MW\u00a0Bloom Carts<\/p>\n<ul>\n<li><strong>Le B-Myrc\u00e8ne se trouve naturellement dans : la <a href=\"https:\/\/www.bloomcarts.com\/product\/blue-dream-bd-buy-bloom-carts-blue-dream-online-bloom-carts-blue-dream-for-sale-fake-fake-bloom-carts-bloom-carts-review-bloom-vape-cartridges-bloom-vape-bloom-vape-pen-bloom-vape-fake\/\">cardamome<\/a>, la mangue, le houblon et le thym sauvage.<\/strong><\/li>\n<li><strong>Le terpinol\u00e8ne se trouve naturellement dans le panais, la cardamome et le piment de la Jama\u00efque.<\/strong><\/li>\n<li><strong>B-Ocimene,\u00a0naturellement pr\u00e9sent dans\u00a0: la sauge sclar\u00e9e, le basilic et la lavande. Chariots Bloom \u00e0 vendre<\/strong><\/li>\n<\/ul>\n<p>&nbsp;<\/p>\n<p>Notre commande Bloom Carts Online sera pratique et de bon go\u00fbt pour vous. Ils sont disponibles en cartouches de floraison de 500 mg et de 1 g. Le dernier syst\u00e8me aliment\u00e9 par CCELL pour une vapeur douce. Double entr\u00e9e et une chambre plus grande pour vous offrir des effets instantan\u00e9s. Syst\u00e8me de chauffage sup\u00e9rieur avec \u00e9l\u00e9ments chauffants en c\u00e9ramique. Batterie filet\u00e9e 510 avec plage de tension de 3,2 V ou 3,7 V. Nous proposons tout cela dans nos cartouches Bloom afin que vous puissiez avoir une saveur in\u00e9gal\u00e9e et une exp\u00e9rience plus grande \u00e0 chaque fois. Vous pouvez \u00e9galement essayer notre vari\u00e9t\u00e9 Girl Scout Cookies. <span style=\"color: #ffffff;\">Maui Wowie MW\u00a0Bloom Chariots<\/span><\/p>\n","protected":false},"excerpt":{"rendered":"<p>Peut-\u00eatre que vous ne pouvez pas prendre de vacances pour le moment, mais vous pouvez certainement respirer une brise d&rsquo;\u00e9t\u00e9 avec notre Maui\u00a0Wowie. Ressentez la stimulation c\u00e9r\u00e9brale ultime \u00e0 chaque inhalation de nos cartouches de floraison Maui Wowie. Chariots Bloom \u00e0 vendre. Nos paniers de fleurs vous offriront le v\u00e9ritable effet \u00e0 dominance Sativa et le profil de terp\u00e8nes tropicaux comme jamais auparavant. Chaque bouff\u00e9e vous offrira une douceur et une douceur \u00e9poustouflantes. Cette commande Bloom Carts Online est l&rsquo;une des meilleures options pour vous permettre d&rsquo;avoir une t\u00eate euphorique. Se sentir tr\u00e8s d\u00e9tendu sera agr\u00e9able et devenir\u00a0plus\u00a0social sera plus facile et plus heureux. Nos chariots de fleurs Maui Wowie vous feront agir correctement et efficacement sur vos id\u00e9es.<\/p>\n","protected":false},"featured_media":256,"comment_status":"open","ping_status":"closed","template":"","meta":{"_monsterinsights_skip_tracking":false,"_monsterinsights_sitenote_active":false,"_monsterinsights_sitenote_note":"","_monsterinsights_sitenote_category":0},"product_brand":[],"product_cat":[18],"product_tag":[5549,5550,5525,5526,5528,5505,1553,1567,1519,1529,1523,5506,1561,1557,5504,5546,5531,5557,5529,5548,5551,5569,5512,5515,5510,5507,5508,5509,5514,5516,5555,5517,5519,5521,5558,5559,5561,5560,5563,5562,5565,5566,5511,5518,5542,5554,5564,5532,5580,5567,5534,5571,5572,5573,5574,5575,5577,5576,5570,5568,6277,5499,5503,5498,5500,5501,5502,5533,5530,5584,5552,5585,5591,5522,5513,5538,5539,5589,5590,5541,5588,1590,5520,5527,5556,5524,5523,5537,5536,5540,5545,5535,5544,5547,5578,5579,5581,5583,5582,5543,5586,5587],"class_list":{"0":"post-255","1":"product","2":"type-product","3":"status-publish","4":"has-post-thumbnail","6":"product_cat-bloom-chariots","7":"product_tag-acheter-des-chariots-bloom-en-ligne","8":"product_tag-acheter-un-stylo-vape-bloom-a-jacksonville-fl","9":"product_tag-batterie-de-stylo-vape-bloom","10":"product_tag-batterie-de-stylo-vape-bloom-kit","11":"product_tag-blo-om-vape-pen-acheter","12":"product_tag-bloom-carts-a-vendre","13":"product_tag-bloom-carts-blue-dream","14":"product_tag-bloom-carts-clone","15":"product_tag-bloom-carts-fake","16":"product_tag-bloom-carts-fake-packaging","17":"product_tag-bloom-carts-fake-vs-real","18":"product_tag-bloom-carts-grand-papa-violet","19":"product_tag-bloom-carts-green-crack","20":"product_tag-bloom-carts-gsc","21":"product_tag-bloom-carts-saveurs","22":"product_tag-bloom-le-stylo-vape-ne-fonctionnera-pas","23":"product_tag-chargement-du-stylo-vape-bloom","24":"product_tag-chargeur-de-stylo-de-vape-de-floraison-de-recolte","25":"product_tag-chargeur-de-stylo-vape-bloom","26":"product_tag-chariots-bloom-blue-dream","27":"product_tag-chariots-bloom-cannasafe","28":"product_tag-chariots-bloom-legion","29":"product_tag-chariots-de-fleurs-ananas-express","30":"product_tag-chariots-de-fleurs-emballage-reel","31":"product_tag-chariots-de-fleurs-en-ligne","32":"product_tag-chariots-de-fleurs-jack-herer","33":"product_tag-chariots-de-fleurs-maui-wowie","34":"product_tag-chariots-de-fleurs-pres-de-chez-moi","35":"product_tag-chariots-de-fleurs-reels","36":"product_tag-chariots-de-fleurs-reels-vs-faux","37":"product_tag-chariots-de-floraison-gdp","38":"product_tag-chariots-de-floraison-reddit-chariots-de-floraison-faux","39":"product_tag-chariots-de-floraison-skywalker","40":"product_tag-chariots-de-floraison-thc","41":"product_tag-combien-coutent-les-chariots-de-floraison","42":"product_tag-combien-de-thc-est-dans-les-chariots-de-floraison","43":"product_tag-comment-charger-la-vape-de-floraison-stylo","44":"product_tag-comment-charger-un-stylo-de-vape-de-floraison-de-recolte","45":"product_tag-comment-reperer-les-faux-chariots-bloom","46":"product_tag-comment-savoir-quand-le-stylo-bloom-vape-est-charge","47":"product_tag-comment-savoir-si-les-chariots-bloom-sont-reels","48":"product_tag-comment-utiliser-un-stylo-vape-bloom","49":"product_tag-emballage-de-chariots-de-fleurs","50":"product_tag-examen-des-chariots-de-floraison","51":"product_tag-examen-du-stylo-vape-bloom","52":"product_tag-faux-chariots-bloom","53":"product_tag-h-comment-dire-de-faux-chariots-bloom","54":"product_tag-instructions-du-stylo-vape-bloom","55":"product_tag-instructions-du-stylo-vape-legion-of-bloom","56":"product_tag-instructions-pour-stylo-vape-bloom","57":"product_tag-le-stylo-vape-bloom-me-fait-mal-a-la-poitrine","58":"product_tag-legion-de-bloom-chariots-boite-noire","59":"product_tag-legion-de-bloom-chariots-faux","60":"product_tag-legion-de-bloom-vape-stylo","61":"product_tag-legion-de-bloom-vape-stylo-acheter","62":"product_tag-legion-de-bloom-vape-stylo-charge","63":"product_tag-legion-de-bloom-vape-stylo-clignotant-rose","64":"product_tag-legion-de-bloom-vape-stylo-clignote-10-fois","65":"product_tag-legion-de-chariots-bloom","66":"product_tag-les-chariots-bloom-sont-ils-reels","67":"product_tag-les-chariots-bloom-vous-font-ils-planer","68":"product_tag-les-chariots-de-floraison-sont-ils-bons","69":"product_tag-les-chariots-de-floraison-sont-ils-en-acier-numero-de-lot-de-chariots","70":"product_tag-les-chariots-de-floraison-sont-ils-faux","71":"product_tag-les-chariots-de-floraison-sont-ils-legitimes","72":"product_tag-les-chariots-de-floraison-sont-ils-reels","73":"product_tag-les-chariots-de-floraison-sont-ils-surs","74":"product_tag-lumiere-du-stylo-vape-bloom","75":"product_tag-lumiere-verte-du-chargeur-de-stylo-vape-bloom","76":"product_tag-monarque-legion-dinstructions-du-stylo-vape-bloom","77":"product_tag-nettoyage-du-stylo-vape-bloom","78":"product_tag-nouvel-emballage-faux-chariots-bloom-faux","79":"product_tag-ou-acheter-un-stylo-bloom-vape","80":"product_tag-pourcentage-de-chariots-de-floraison-thc","81":"product_tag-prix-des-chariots-de-fleurs","82":"product_tag-prix-du-stylo-vape-bloom","83":"product_tag-produits-stylo-vape-bloom","84":"product_tag-quelle-est-la-tension-dun-stylo-bloom-vape","85":"product_tag-quelle-tension-sont-les-stylos-bloom-vape","86":"product_tag-recharges-de-stylo-vape-bloom","87":"product_tag-redemarrer-le-stylo-bloom-vape","88":"product_tag-san-marcos-ca-bloom-vape-pen","89":"product_tag-souches-de-chariots-de-floraison","90":"product_tag-stylo-bloom-vape-clignotant","91":"product_tag-stylo-de-vape-de-floraison-de-recolte","92":"product_tag-stylo-et-cartouche-vape-bloom","93":"product_tag-stylo-vape-bloom","94":"product_tag-stylo-vape-bloom-ne-fonctionne-pas","95":"product_tag-stylo-vape-bloom-pas-chargement","96":"product_tag-stylo-vape-bloom-reddit","97":"product_tag-stylo-vape-bloom-sallume","98":"product_tag-stylo-vape-bloom-sans-bouton","99":"product_tag-stylo-vape-bloom-seattle","100":"product_tag-stylo-vape-bloom-youtube","101":"product_tag-stylo-vape-legion-of-bloom-comment-chargez-vous","102":"product_tag-stylo-vape-legion-of-bloom-comment-utiliser","103":"product_tag-stylo-vape-legion-of-bloom-ne-fonctionne-pas","104":"product_tag-stylo-vape-legion-of-bloom-ne-le-fera-pas-allumer","105":"product_tag-stylo-vape-legion-of-bloom-offff-on","106":"product_tag-vente-de-stylo-vape-bloom","107":"product_tag-vrais-chariots-bloom","108":"product_tag-vrais-vs-faux-chariots-bloom","110":"first","111":"instock","112":"shipping-taxable","113":"purchasable","114":"product-type-simple"},"yoast_head":"<!-- This site is optimized with the Yoast SEO plugin v27.3 - https:\/\/yoast.com\/product\/yoast-seo-wordpress\/ -->\n<title>Maui Wowie MW\u00a0Bloom Chariots - 510 Premium Carts bloom online<\/title>\n<meta name=\"description\" content=\"Maui Wowie MW\u00a0Bloom Chariots Obtenez des d\u00e9tails et lisez les derniers avis clients sur Bloom Classic Vape 1000g | Maui Wowie de BLOOM BRAND sur\" \/>\n<meta name=\"robots\" content=\"index, follow, max-snippet:-1, max-image-preview:large, max-video-preview:-1\" \/>\n<link rel=\"canonical\" href=\"https:\/\/510premiumcarts.com\/index.php\/product\/maui-wowie-mw-bloom-chariots\/\" \/>\n<meta property=\"og:locale\" content=\"fr_FR\" \/>\n<meta property=\"og:type\" content=\"article\" \/>\n<meta property=\"og:title\" content=\"Maui Wowie MW\u00a0Bloom Chariots - 510 Premium Carts bloom online\" \/>\n<meta property=\"og:description\" content=\"Maui Wowie MW\u00a0Bloom Chariots Obtenez des d\u00e9tails et lisez les derniers avis clients sur Bloom Classic Vape 1000g | Maui Wowie de BLOOM BRAND sur\" \/>\n<meta property=\"og:url\" content=\"https:\/\/510premiumcarts.com\/index.php\/product\/maui-wowie-mw-bloom-chariots\/\" \/>\n<meta property=\"og:site_name\" content=\"510 Premium Carts\" \/>\n<meta property=\"article:modified_time\" content=\"2023-03-13T10:31:47+00:00\" \/>\n<meta property=\"og:image\" content=\"http:\/\/510premiumcarts.com\/wp-content\/uploads\/2021\/10\/MW-Mauie-Wowie.jpeg\" \/>\n\t<meta property=\"og:image:width\" content=\"2000\" \/>\n\t<meta property=\"og:image:height\" content=\"2000\" \/>\n\t<meta property=\"og:image:type\" content=\"image\/jpeg\" \/>\n<meta name=\"twitter:card\" content=\"summary_large_image\" \/>\n<meta name=\"twitter:label1\" content=\"Dur\u00e9e de lecture estim\u00e9e\" \/>\n\t<meta name=\"twitter:data1\" content=\"2 minutes\" \/>\n<script type=\"application\/ld+json\" class=\"yoast-schema-graph\">{\"@context\":\"https:\\\/\\\/schema.org\",\"@graph\":[{\"@type\":\"WebPage\",\"@id\":\"https:\\\/\\\/510premiumcarts.com\\\/index.php\\\/product\\\/maui-wowie-mw-bloom-chariots\\\/\",\"url\":\"https:\\\/\\\/510premiumcarts.com\\\/index.php\\\/product\\\/maui-wowie-mw-bloom-chariots\\\/\",\"name\":\"Maui Wowie MW\u00a0Bloom Chariots - 510 Premium Carts bloom online\",\"isPartOf\":{\"@id\":\"https:\\\/\\\/510premiumcarts.com\\\/#website\"},\"primaryImageOfPage\":{\"@id\":\"https:\\\/\\\/510premiumcarts.com\\\/index.php\\\/product\\\/maui-wowie-mw-bloom-chariots\\\/#primaryimage\"},\"image\":{\"@id\":\"https:\\\/\\\/510premiumcarts.com\\\/index.php\\\/product\\\/maui-wowie-mw-bloom-chariots\\\/#primaryimage\"},\"thumbnailUrl\":\"https:\\\/\\\/510premiumcarts.com\\\/wp-content\\\/uploads\\\/2021\\\/10\\\/MW-Mauie-Wowie.jpeg\",\"datePublished\":\"2021-10-18T19:47:44+00:00\",\"dateModified\":\"2023-03-13T10:31:47+00:00\",\"description\":\"Maui Wowie MW\u00a0Bloom Chariots Obtenez des d\u00e9tails et lisez les derniers avis clients sur Bloom Classic Vape 1000g | Maui Wowie de BLOOM BRAND sur\",\"breadcrumb\":{\"@id\":\"https:\\\/\\\/510premiumcarts.com\\\/index.php\\\/product\\\/maui-wowie-mw-bloom-chariots\\\/#breadcrumb\"},\"inLanguage\":\"fr-FR\",\"potentialAction\":[{\"@type\":\"ReadAction\",\"target\":[\"https:\\\/\\\/510premiumcarts.com\\\/index.php\\\/product\\\/maui-wowie-mw-bloom-chariots\\\/\"]}]},{\"@type\":\"ImageObject\",\"inLanguage\":\"fr-FR\",\"@id\":\"https:\\\/\\\/510premiumcarts.com\\\/index.php\\\/product\\\/maui-wowie-mw-bloom-chariots\\\/#primaryimage\",\"url\":\"https:\\\/\\\/510premiumcarts.com\\\/wp-content\\\/uploads\\\/2021\\\/10\\\/MW-Mauie-Wowie.jpeg\",\"contentUrl\":\"https:\\\/\\\/510premiumcarts.com\\\/wp-content\\\/uploads\\\/2021\\\/10\\\/MW-Mauie-Wowie.jpeg\",\"width\":2000,\"height\":2000,\"caption\":\"Maui Wowie MW\u00a0Bloom Chariots\"},{\"@type\":\"BreadcrumbList\",\"@id\":\"https:\\\/\\\/510premiumcarts.com\\\/index.php\\\/product\\\/maui-wowie-mw-bloom-chariots\\\/#breadcrumb\",\"itemListElement\":[{\"@type\":\"ListItem\",\"position\":1,\"name\":\"Home\",\"item\":\"https:\\\/\\\/510premiumcarts.com\\\/\"},{\"@type\":\"ListItem\",\"position\":2,\"name\":\"Marques de vapotage\",\"item\":\"https:\\\/\\\/510premiumcarts.com\\\/index.php\\\/acheter-du-cannabis\\\/\"},{\"@type\":\"ListItem\",\"position\":3,\"name\":\"MW-Mauie Wowie Bloom Chariots\"}]},{\"@type\":\"WebSite\",\"@id\":\"https:\\\/\\\/510premiumcarts.com\\\/#website\",\"url\":\"https:\\\/\\\/510premiumcarts.com\\\/\",\"name\":\"510 Premium Carts\",\"description\":\"Just another WordPress site\",\"potentialAction\":[{\"@type\":\"SearchAction\",\"target\":{\"@type\":\"EntryPoint\",\"urlTemplate\":\"https:\\\/\\\/510premiumcarts.com\\\/?s={search_term_string}\"},\"query-input\":{\"@type\":\"PropertyValueSpecification\",\"valueRequired\":true,\"valueName\":\"search_term_string\"}}],\"inLanguage\":\"fr-FR\"}]}<\/script>\n<!-- \/ Yoast SEO plugin. -->","yoast_head_json":{"title":"Maui Wowie MW\u00a0Bloom Chariots - 510 Premium Carts bloom online","description":"Maui Wowie MW\u00a0Bloom Chariots Obtenez des d\u00e9tails et lisez les derniers avis clients sur Bloom Classic Vape 1000g | Maui Wowie de BLOOM BRAND sur","robots":{"index":"index","follow":"follow","max-snippet":"max-snippet:-1","max-image-preview":"max-image-preview:large","max-video-preview":"max-video-preview:-1"},"canonical":"https:\/\/510premiumcarts.com\/index.php\/product\/maui-wowie-mw-bloom-chariots\/","og_locale":"fr_FR","og_type":"article","og_title":"Maui Wowie MW\u00a0Bloom Chariots - 510 Premium Carts bloom online","og_description":"Maui Wowie MW\u00a0Bloom Chariots Obtenez des d\u00e9tails et lisez les derniers avis clients sur Bloom Classic Vape 1000g | Maui Wowie de BLOOM BRAND sur","og_url":"https:\/\/510premiumcarts.com\/index.php\/product\/maui-wowie-mw-bloom-chariots\/","og_site_name":"510 Premium Carts","article_modified_time":"2023-03-13T10:31:47+00:00","og_image":[{"width":2000,"height":2000,"url":"http:\/\/510premiumcarts.com\/wp-content\/uploads\/2021\/10\/MW-Mauie-Wowie.jpeg","type":"image\/jpeg"}],"twitter_card":"summary_large_image","twitter_misc":{"Dur\u00e9e de lecture estim\u00e9e":"2 minutes"},"schema":{"@context":"https:\/\/schema.org","@graph":[{"@type":"WebPage","@id":"https:\/\/510premiumcarts.com\/index.php\/product\/maui-wowie-mw-bloom-chariots\/","url":"https:\/\/510premiumcarts.com\/index.php\/product\/maui-wowie-mw-bloom-chariots\/","name":"Maui Wowie MW\u00a0Bloom Chariots - 510 Premium Carts bloom online","isPartOf":{"@id":"https:\/\/510premiumcarts.com\/#website"},"primaryImageOfPage":{"@id":"https:\/\/510premiumcarts.com\/index.php\/product\/maui-wowie-mw-bloom-chariots\/#primaryimage"},"image":{"@id":"https:\/\/510premiumcarts.com\/index.php\/product\/maui-wowie-mw-bloom-chariots\/#primaryimage"},"thumbnailUrl":"https:\/\/510premiumcarts.com\/wp-content\/uploads\/2021\/10\/MW-Mauie-Wowie.jpeg","datePublished":"2021-10-18T19:47:44+00:00","dateModified":"2023-03-13T10:31:47+00:00","description":"Maui Wowie MW\u00a0Bloom Chariots Obtenez des d\u00e9tails et lisez les derniers avis clients sur Bloom Classic Vape 1000g | Maui Wowie de BLOOM BRAND sur","breadcrumb":{"@id":"https:\/\/510premiumcarts.com\/index.php\/product\/maui-wowie-mw-bloom-chariots\/#breadcrumb"},"inLanguage":"fr-FR","potentialAction":[{"@type":"ReadAction","target":["https:\/\/510premiumcarts.com\/index.php\/product\/maui-wowie-mw-bloom-chariots\/"]}]},{"@type":"ImageObject","inLanguage":"fr-FR","@id":"https:\/\/510premiumcarts.com\/index.php\/product\/maui-wowie-mw-bloom-chariots\/#primaryimage","url":"https:\/\/510premiumcarts.com\/wp-content\/uploads\/2021\/10\/MW-Mauie-Wowie.jpeg","contentUrl":"https:\/\/510premiumcarts.com\/wp-content\/uploads\/2021\/10\/MW-Mauie-Wowie.jpeg","width":2000,"height":2000,"caption":"Maui Wowie MW\u00a0Bloom Chariots"},{"@type":"BreadcrumbList","@id":"https:\/\/510premiumcarts.com\/index.php\/product\/maui-wowie-mw-bloom-chariots\/#breadcrumb","itemListElement":[{"@type":"ListItem","position":1,"name":"Home","item":"https:\/\/510premiumcarts.com\/"},{"@type":"ListItem","position":2,"name":"Marques de vapotage","item":"https:\/\/510premiumcarts.com\/index.php\/acheter-du-cannabis\/"},{"@type":"ListItem","position":3,"name":"MW-Mauie Wowie Bloom Chariots"}]},{"@type":"WebSite","@id":"https:\/\/510premiumcarts.com\/#website","url":"https:\/\/510premiumcarts.com\/","name":"510 Premium Carts","description":"Just another WordPress site","potentialAction":[{"@type":"SearchAction","target":{"@type":"EntryPoint","urlTemplate":"https:\/\/510premiumcarts.com\/?s={search_term_string}"},"query-input":{"@type":"PropertyValueSpecification","valueRequired":true,"valueName":"search_term_string"}}],"inLanguage":"fr-FR"}]}},"jetpack_sharing_enabled":true,"_links":{"self":[{"href":"https:\/\/510premiumcarts.com\/index.php\/wp-json\/wp\/v2\/product\/255","targetHints":{"allow":["GET"]}}],"collection":[{"href":"https:\/\/510premiumcarts.com\/index.php\/wp-json\/wp\/v2\/product"}],"about":[{"href":"https:\/\/510premiumcarts.com\/index.php\/wp-json\/wp\/v2\/types\/product"}],"replies":[{"embeddable":true,"href":"https:\/\/510premiumcarts.com\/index.php\/wp-json\/wp\/v2\/comments?post=255"}],"wp:featuredmedia":[{"embeddable":true,"href":"https:\/\/510premiumcarts.com\/index.php\/wp-json\/wp\/v2\/media\/256"}],"wp:attachment":[{"href":"https:\/\/510premiumcarts.com\/index.php\/wp-json\/wp\/v2\/media?parent=255"}],"wp:term":[{"taxonomy":"product_brand","embeddable":true,"href":"https:\/\/510premiumcarts.com\/index.php\/wp-json\/wp\/v2\/product_brand?post=255"},{"taxonomy":"product_cat","embeddable":true,"href":"https:\/\/510premiumcarts.com\/index.php\/wp-json\/wp\/v2\/product_cat?post=255"},{"taxonomy":"product_tag","embeddable":true,"href":"https:\/\/510premiumcarts.com\/index.php\/wp-json\/wp\/v2\/product_tag?post=255"}],"curies":[{"name":"wp","href":"https:\/\/api.w.org\/{rel}","templated":true}]}}