{"id":257,"date":"2021-10-18T19:50:35","date_gmt":"2021-10-18T19:50:35","guid":{"rendered":"https:\/\/510premiumcarts.com\/?post_type=product&#038;p=257"},"modified":"2023-03-13T11:33:20","modified_gmt":"2023-03-13T11:33:20","slug":"pex-pineapple-express-bloom-chariots","status":"publish","type":"product","link":"https:\/\/510premiumcarts.com\/index.php\/product\/pex-pineapple-express-bloom-chariots\/","title":{"rendered":"PEX-Pineapple Express Bloom Chariots"},"content":{"rendered":"<h1><a href=\"https:\/\/510premiumcarts.com\/index.php\/product-category\/bloom-carts\/\"><span style=\"color: #ffcc00;\"><strong><b>Pineapple express Bloom Chariots<\/b><\/strong><\/span><\/a><\/h1>\n<p>L&rsquo;un des chariots <a href=\"https:\/\/www.google.com\/\">Bloom<\/a> les plus <a href=\"https:\/\/www.bloomcarts.com\/\">lisses<\/a> et <a href=\"https:\/\/www.acidparadize.org\/\">les<\/a> plus <a href=\"https:\/\/weedmaps.com\/\">soyeux<\/a> \u00e0 <a href=\"https:\/\/www.bloomcarts.com\/dark-hawk-cartridge-for-sale-usa-order-dark-hawk-cartridge-online-buy-dark-hawk-cartridge\/\">vendre<\/a> est <a href=\"https:\/\/www.bloomcarts.com\/shop\/\">Pineapple<\/a> express. C&rsquo;est pourquoi ce vaporisateur bloom\u00a0est le meilleur choix pour le brainstorming. Commander Bloom Carts Online vous rendra super d\u00e9tendu et l\u00e9ger, vous faisant planer. Frapper ce chariot de fleurs est un excellent choix avant d&rsquo;\u00e9crire des id\u00e9es sur papier ou d&rsquo;aller au gymnase \u00e9galement. Les\u00a0cartouches Bloom\u00a0sont \u00e9galement id\u00e9ales pour socialiser.<\/p>\n<p>Si vous voulez faire un tour sur le chariot de fleurs tropicales sucr\u00e9es de la plus haute qualit\u00e9, vous \u00eates au bon endroit. Cette vape fleurie qui est la n\u00f4tre vous offrira des ar\u00f4mes et une saveur tropicale similaires \u00e0 la souche express d&rsquo;ananas\u00a0\u00e0 chaque bouff\u00e9e. Apr\u00e8s consommation, les utilisateurs ont signal\u00e9 qu&rsquo;ils se sentaient euphoriques, d\u00e9tendus, concentr\u00e9s et soulag\u00e9s. La touche d&rsquo;ananas de ce panier de fleurs vous procurera un arri\u00e8re-go\u00fbt, un confort, une capacit\u00e9 \u00e0 fumer, une saveur et une exp\u00e9rience exceptionnels. Toutes nos cartouches de bloom sont extraites d&rsquo;\u00e9thanol pour vous offrir l&rsquo;exp\u00e9rience de vapotage la plus fra\u00eeche et la meilleure de tous les temps. Avec une cartouche de floraison d&rsquo;une telle qualit\u00e9, vous pouvez vous attendre\u00a0:<\/p>\n<ul>\n<li><b><\/b><strong>Ar\u00f4mes d&rsquo;ananas, d&rsquo;agrumes, tropicaux, sucr\u00e9s et <a href=\"https:\/\/www.bloomcarts.com\/buy-girl-scout-cookies-in-usa-order-girl-scout-cookies-online-usa-girl-scout-cookies-for-sale-usa-bloom-cartridges-for-sale-near-me-bloom-vape-fake-fake-bloom-carts\/\">de<\/a> c\u00e8dre.<\/strong><\/li>\n<li><strong>Sentiment heureux, \u00e9nergique <a href=\"https:\/\/www.bloomcarts.com\/about-bloom-carts\/\">et<\/a> \u00e9lev\u00e9.<\/strong><\/li>\n<li><strong>Id\u00e9al pour le brainstorming, l&rsquo;\u00e9criture et la <a href=\"https:\/\/www.bloomcarts.com\/buy-pineapple-express-online-in-usa-order-pineapple-express-online-in-usa-pineapple-express-for-sale-in-usa\/\">socialisation<\/a>.<\/strong><\/li>\n<li><strong>Cannabino\u00efdes et Terp\u00e8nes.<\/strong><\/li>\n<li><strong>Trainwreck et lign\u00e9e hawa\u00efenne. Commander des chariots Bloom en ligne<\/strong><\/li>\n<\/ul>\n<p>L&rsquo;acteur et com\u00e9dien Seth Rogen a d\u00e9clar\u00e9 que le cultivar pineapple express a commenc\u00e9 \u00e0 \u00eatre d\u00e9couvert apr\u00e8s son film de 2008 \u00ab\u00a0Pineapple Express\u00a0\u00bb. Ce film d\u00e9crit l&rsquo;ananas express comme la drogue la plus dop\u00e9e et c&rsquo;est pourquoi le cultivar a \u00e9t\u00e9 inspir\u00e9 pour le cultiver en raison de sa qualit\u00e9. Et nous avons cette cartouche de floraison de qualit\u00e9 dans notre\u00a0stock\u00a0pour vous. Dans nos cartouches bloom vous aurez :<\/p>\n<ul>\n<li>Terpinol\u00e8ne, trouv\u00e9 dans le piment de la Jama\u00efque, la cardamome, le panais.<\/li>\n<li>D-Limon\u00e8ne trouv\u00e9 dans le citron, l&rsquo;orange, le citron vert, etc.<\/li>\n<li>Le B-Myrc\u00e8ne se trouve dans la mangue, la cardamome, le thym sauvage, le houblon. Chariots Bloom \u00e0 vendre<\/li>\n<\/ul>\n<p>Mettez la main sur la vape bloom avec un syst\u00e8me d&rsquo;alimentation CCELL, un contr\u00f4le sup\u00e9rieur de la chaleur avec des \u00e9l\u00e9ments chauffants en c\u00e9ramique, une batterie filet\u00e9e 510 et des cartouches de 500 mg et 1 g.<\/p>\n","protected":false},"excerpt":{"rendered":"<p>L&rsquo;un des chariots Bloom les plus <a href=\"https:\/\/weedmaps.com\/\">lisses<\/a> et les plus soyeux \u00e0 <a href=\"https:\/\/www.bloomcarts.com\/dark-hawk-cartridge-for-sale-usa-order-dark-hawk-cartridge-online-buy-dark-hawk-cartridge\/\">vendre<\/a> est Pineapple Express. C&rsquo;est pourquoi ce vaporisateur bloom\u00a0est le meilleur choix pour le brainstorming. Commander Bloom Carts Online vous rendra super d\u00e9tendu et l\u00e9ger, vous faisant planer. Frapper ce chariot de fleurs est un excellent choix avant d&rsquo;\u00e9crire des id\u00e9es sur papier ou d&rsquo;aller au gymnase \u00e9galement. Les\u00a0cartouches Bloom\u00a0sont \u00e9galement id\u00e9ales pour socialiser.<\/p>\n","protected":false},"featured_media":258,"comment_status":"open","ping_status":"closed","template":"","meta":{"_monsterinsights_skip_tracking":false,"_monsterinsights_sitenote_active":false,"_monsterinsights_sitenote_note":"","_monsterinsights_sitenote_category":0},"product_brand":[],"product_cat":[18],"product_tag":[5549,5550,5525,5526,5528,5505,1553,1567,1519,1529,1523,5506,1561,1557,5504,5546,5531,5557,5529,5548,5551,5569,5512,5515,5510,5507,5508,5509,5514,5516,5555,5517,5519,5521,5558,5559,5561,5560,5563,5562,5565,5566,5511,5518,5542,5554,5564,5532,5580,5567,5534,5571,5572,5573,5574,5575,5577,5576,5570,5568,6277,5499,5503,5498,5500,5501,5502,5533,5530,5584,5552,5585,6351,2036,5522,5513,5538,5539,6350,5590,5541,5588,1590,5520,5527,5556,5524,5523,5537,5536,5540,5545,5535,5544,5547,5578,5579,5581,5583,5582,5543,5586,6349],"class_list":{"0":"post-257","1":"product","2":"type-product","3":"status-publish","4":"has-post-thumbnail","6":"product_cat-bloom-chariots","7":"product_tag-acheter-des-chariots-bloom-en-ligne","8":"product_tag-acheter-un-stylo-vape-bloom-a-jacksonville-fl","9":"product_tag-batterie-de-stylo-vape-bloom","10":"product_tag-batterie-de-stylo-vape-bloom-kit","11":"product_tag-blo-om-vape-pen-acheter","12":"product_tag-bloom-carts-a-vendre","13":"product_tag-bloom-carts-blue-dream","14":"product_tag-bloom-carts-clone","15":"product_tag-bloom-carts-fake","16":"product_tag-bloom-carts-fake-packaging","17":"product_tag-bloom-carts-fake-vs-real","18":"product_tag-bloom-carts-grand-papa-violet","19":"product_tag-bloom-carts-green-crack","20":"product_tag-bloom-carts-gsc","21":"product_tag-bloom-carts-saveurs","22":"product_tag-bloom-le-stylo-vape-ne-fonctionnera-pas","23":"product_tag-chargement-du-stylo-vape-bloom","24":"product_tag-chargeur-de-stylo-de-vape-de-floraison-de-recolte","25":"product_tag-chargeur-de-stylo-vape-bloom","26":"product_tag-chariots-bloom-blue-dream","27":"product_tag-chariots-bloom-cannasafe","28":"product_tag-chariots-bloom-legion","29":"product_tag-chariots-de-fleurs-ananas-express","30":"product_tag-chariots-de-fleurs-emballage-reel","31":"product_tag-chariots-de-fleurs-en-ligne","32":"product_tag-chariots-de-fleurs-jack-herer","33":"product_tag-chariots-de-fleurs-maui-wowie","34":"product_tag-chariots-de-fleurs-pres-de-chez-moi","35":"product_tag-chariots-de-fleurs-reels","36":"product_tag-chariots-de-fleurs-reels-vs-faux","37":"product_tag-chariots-de-floraison-gdp","38":"product_tag-chariots-de-floraison-reddit-chariots-de-floraison-faux","39":"product_tag-chariots-de-floraison-skywalker","40":"product_tag-chariots-de-floraison-thc","41":"product_tag-combien-coutent-les-chariots-de-floraison","42":"product_tag-combien-de-thc-est-dans-les-chariots-de-floraison","43":"product_tag-comment-charger-la-vape-de-floraison-stylo","44":"product_tag-comment-charger-un-stylo-de-vape-de-floraison-de-recolte","45":"product_tag-comment-reperer-les-faux-chariots-bloom","46":"product_tag-comment-savoir-quand-le-stylo-bloom-vape-est-charge","47":"product_tag-comment-savoir-si-les-chariots-bloom-sont-reels","48":"product_tag-comment-utiliser-un-stylo-vape-bloom","49":"product_tag-emballage-de-chariots-de-fleurs","50":"product_tag-examen-des-chariots-de-floraison","51":"product_tag-examen-du-stylo-vape-bloom","52":"product_tag-faux-chariots-bloom","53":"product_tag-h-comment-dire-de-faux-chariots-bloom","54":"product_tag-instructions-du-stylo-vape-bloom","55":"product_tag-instructions-du-stylo-vape-legion-of-bloom","56":"product_tag-instructions-pour-stylo-vape-bloom","57":"product_tag-le-stylo-vape-bloom-me-fait-mal-a-la-poitrine","58":"product_tag-legion-de-bloom-chariots-boite-noire","59":"product_tag-legion-de-bloom-chariots-faux","60":"product_tag-legion-de-bloom-vape-stylo","61":"product_tag-legion-de-bloom-vape-stylo-acheter","62":"product_tag-legion-de-bloom-vape-stylo-charge","63":"product_tag-legion-de-bloom-vape-stylo-clignotant-rose","64":"product_tag-legion-de-bloom-vape-stylo-clignote-10-fois","65":"product_tag-legion-de-chariots-bloom","66":"product_tag-les-chariots-bloom-sont-ils-reels","67":"product_tag-les-chariots-bloom-vous-font-ils-planer","68":"product_tag-les-chariots-de-floraison-sont-ils-bons","69":"product_tag-les-chariots-de-floraison-sont-ils-en-acier-numero-de-lot-de-chariots","70":"product_tag-les-chariots-de-floraison-sont-ils-faux","71":"product_tag-les-chariots-de-floraison-sont-ils-legitimes","72":"product_tag-les-chariots-de-floraison-sont-ils-reels","73":"product_tag-les-chariots-de-floraison-sont-ils-surs","74":"product_tag-lumiere-du-stylo-vape-bloom","75":"product_tag-lumiere-verte-du-chargeur-de-stylo-vape-bloom","76":"product_tag-monarque-legion-dinstructions-du-stylo-vape-bloom","77":"product_tag-nettoyage-du-stylo-vape-bloom","78":"product_tag-nouvel-emballage-faux-chariots-bloom-faux","79":"product_tag-ou-acheter-bloom-vape-stylo","80":"product_tag-pex-pineapple-express-bloom-carts","81":"product_tag-pourcentage-de-chariots-de-floraison-thc","82":"product_tag-prix-des-chariots-de-fleurs","83":"product_tag-prix-du-stylo-vape-bloom","84":"product_tag-produits-stylo-vape-bloom","85":"product_tag-quel-est-le-tension-dun-stylo-bloom-vape","86":"product_tag-quelle-tension-sont-les-stylos-bloom-vape","87":"product_tag-recharges-de-stylo-vape-bloom","88":"product_tag-redemarrer-le-stylo-bloom-vape","89":"product_tag-san-marcos-ca-bloom-vape-pen","90":"product_tag-souches-de-chariots-de-floraison","91":"product_tag-stylo-bloom-vape-clignotant","92":"product_tag-stylo-de-vape-de-floraison-de-recolte","93":"product_tag-stylo-et-cartouche-vape-bloom","94":"product_tag-stylo-vape-bloom","95":"product_tag-stylo-vape-bloom-ne-fonctionne-pas","96":"product_tag-stylo-vape-bloom-pas-chargement","97":"product_tag-stylo-vape-bloom-reddit","98":"product_tag-stylo-vape-bloom-sallume","99":"product_tag-stylo-vape-bloom-sans-bouton","100":"product_tag-stylo-vape-bloom-seattle","101":"product_tag-stylo-vape-bloom-youtube","102":"product_tag-stylo-vape-legion-of-bloom-comment-chargez-vous","103":"product_tag-stylo-vape-legion-of-bloom-comment-utiliser","104":"product_tag-stylo-vape-legion-of-bloom-ne-fonctionne-pas","105":"product_tag-stylo-vape-legion-of-bloom-ne-le-fera-pas-allumer","106":"product_tag-stylo-vape-legion-of-bloom-offff-on","107":"product_tag-vente-de-stylo-vape-bloom","108":"product_tag-vrais-chariots-bloom","109":"product_tag-vrais-vs-faux-bloom-carts","111":"first","112":"instock","113":"shipping-taxable","114":"purchasable","115":"product-type-simple"},"yoast_head":"<!-- This site is optimized with the Yoast SEO plugin v27.3 - https:\/\/yoast.com\/product\/yoast-seo-wordpress\/ -->\n<title>PEX-Pineapple Express Bloom Chariots - 510 Premium Carts<\/title>\n<meta name=\"description\" content=\"PEX-Pineapple Express Bloom Chariots Un de Bloom Brands est not\u00e9 89 sur 100. Ce stylo vape au cannabis est disponible en Californie et contient 75,2 % de THC, 0,78 % de CBD, 2,31 % de CBG.\" \/>\n<meta name=\"robots\" content=\"index, follow, max-snippet:-1, max-image-preview:large, max-video-preview:-1\" \/>\n<link rel=\"canonical\" href=\"https:\/\/510premiumcarts.com\/index.php\/product\/pex-pineapple-express-bloom-chariots\/\" \/>\n<meta property=\"og:locale\" content=\"fr_FR\" \/>\n<meta property=\"og:type\" content=\"article\" \/>\n<meta property=\"og:title\" content=\"PEX-Pineapple Express Bloom Chariots - 510 Premium Carts\" \/>\n<meta property=\"og:description\" content=\"PEX-Pineapple Express Bloom Chariots Un de Bloom Brands est not\u00e9 89 sur 100. Ce stylo vape au cannabis est disponible en Californie et contient 75,2 % de THC, 0,78 % de CBD, 2,31 % de CBG.\" \/>\n<meta property=\"og:url\" content=\"https:\/\/510premiumcarts.com\/index.php\/product\/pex-pineapple-express-bloom-chariots\/\" \/>\n<meta property=\"og:site_name\" content=\"510 Premium Carts\" \/>\n<meta property=\"article:modified_time\" content=\"2023-03-13T11:33:20+00:00\" \/>\n<meta property=\"og:image\" content=\"http:\/\/510premiumcarts.com\/wp-content\/uploads\/2021\/10\/Pex-Pineapple-Express.jpg\" \/>\n\t<meta property=\"og:image:width\" content=\"2000\" \/>\n\t<meta property=\"og:image:height\" content=\"2000\" \/>\n\t<meta property=\"og:image:type\" content=\"image\/jpeg\" \/>\n<meta name=\"twitter:card\" content=\"summary_large_image\" \/>\n<meta name=\"twitter:label1\" content=\"Dur\u00e9e de lecture estim\u00e9e\" \/>\n\t<meta name=\"twitter:data1\" content=\"2 minutes\" \/>\n<script type=\"application\/ld+json\" class=\"yoast-schema-graph\">{\"@context\":\"https:\\\/\\\/schema.org\",\"@graph\":[{\"@type\":\"WebPage\",\"@id\":\"https:\\\/\\\/510premiumcarts.com\\\/index.php\\\/product\\\/pex-pineapple-express-bloom-chariots\\\/\",\"url\":\"https:\\\/\\\/510premiumcarts.com\\\/index.php\\\/product\\\/pex-pineapple-express-bloom-chariots\\\/\",\"name\":\"PEX-Pineapple Express Bloom Chariots - 510 Premium Carts\",\"isPartOf\":{\"@id\":\"https:\\\/\\\/510premiumcarts.com\\\/#website\"},\"primaryImageOfPage\":{\"@id\":\"https:\\\/\\\/510premiumcarts.com\\\/index.php\\\/product\\\/pex-pineapple-express-bloom-chariots\\\/#primaryimage\"},\"image\":{\"@id\":\"https:\\\/\\\/510premiumcarts.com\\\/index.php\\\/product\\\/pex-pineapple-express-bloom-chariots\\\/#primaryimage\"},\"thumbnailUrl\":\"https:\\\/\\\/510premiumcarts.com\\\/wp-content\\\/uploads\\\/2021\\\/10\\\/Pex-Pineapple-Express.jpg\",\"datePublished\":\"2021-10-18T19:50:35+00:00\",\"dateModified\":\"2023-03-13T11:33:20+00:00\",\"description\":\"PEX-Pineapple Express Bloom Chariots Un de Bloom Brands est not\u00e9 89 sur 100. Ce stylo vape au cannabis est disponible en Californie et contient 75,2 % de THC, 0,78 % de CBD, 2,31 % de CBG.\",\"breadcrumb\":{\"@id\":\"https:\\\/\\\/510premiumcarts.com\\\/index.php\\\/product\\\/pex-pineapple-express-bloom-chariots\\\/#breadcrumb\"},\"inLanguage\":\"fr-FR\",\"potentialAction\":[{\"@type\":\"ReadAction\",\"target\":[\"https:\\\/\\\/510premiumcarts.com\\\/index.php\\\/product\\\/pex-pineapple-express-bloom-chariots\\\/\"]}]},{\"@type\":\"ImageObject\",\"inLanguage\":\"fr-FR\",\"@id\":\"https:\\\/\\\/510premiumcarts.com\\\/index.php\\\/product\\\/pex-pineapple-express-bloom-chariots\\\/#primaryimage\",\"url\":\"https:\\\/\\\/510premiumcarts.com\\\/wp-content\\\/uploads\\\/2021\\\/10\\\/Pex-Pineapple-Express.jpg\",\"contentUrl\":\"https:\\\/\\\/510premiumcarts.com\\\/wp-content\\\/uploads\\\/2021\\\/10\\\/Pex-Pineapple-Express.jpg\",\"width\":2000,\"height\":2000,\"caption\":\"PEX-Pineapple Express Bloom Chariots\"},{\"@type\":\"BreadcrumbList\",\"@id\":\"https:\\\/\\\/510premiumcarts.com\\\/index.php\\\/product\\\/pex-pineapple-express-bloom-chariots\\\/#breadcrumb\",\"itemListElement\":[{\"@type\":\"ListItem\",\"position\":1,\"name\":\"Home\",\"item\":\"https:\\\/\\\/510premiumcarts.com\\\/\"},{\"@type\":\"ListItem\",\"position\":2,\"name\":\"Marques de vapotage\",\"item\":\"https:\\\/\\\/510premiumcarts.com\\\/index.php\\\/acheter-du-cannabis\\\/\"},{\"@type\":\"ListItem\",\"position\":3,\"name\":\"PEX-Pineapple Express Bloom Chariots\"}]},{\"@type\":\"WebSite\",\"@id\":\"https:\\\/\\\/510premiumcarts.com\\\/#website\",\"url\":\"https:\\\/\\\/510premiumcarts.com\\\/\",\"name\":\"510 Premium Carts\",\"description\":\"Just another WordPress site\",\"potentialAction\":[{\"@type\":\"SearchAction\",\"target\":{\"@type\":\"EntryPoint\",\"urlTemplate\":\"https:\\\/\\\/510premiumcarts.com\\\/?s={search_term_string}\"},\"query-input\":{\"@type\":\"PropertyValueSpecification\",\"valueRequired\":true,\"valueName\":\"search_term_string\"}}],\"inLanguage\":\"fr-FR\"}]}<\/script>\n<!-- \/ Yoast SEO plugin. -->","yoast_head_json":{"title":"PEX-Pineapple Express Bloom Chariots - 510 Premium Carts","description":"PEX-Pineapple Express Bloom Chariots Un de Bloom Brands est not\u00e9 89 sur 100. Ce stylo vape au cannabis est disponible en Californie et contient 75,2 % de THC, 0,78 % de CBD, 2,31 % de CBG.","robots":{"index":"index","follow":"follow","max-snippet":"max-snippet:-1","max-image-preview":"max-image-preview:large","max-video-preview":"max-video-preview:-1"},"canonical":"https:\/\/510premiumcarts.com\/index.php\/product\/pex-pineapple-express-bloom-chariots\/","og_locale":"fr_FR","og_type":"article","og_title":"PEX-Pineapple Express Bloom Chariots - 510 Premium Carts","og_description":"PEX-Pineapple Express Bloom Chariots Un de Bloom Brands est not\u00e9 89 sur 100. Ce stylo vape au cannabis est disponible en Californie et contient 75,2 % de THC, 0,78 % de CBD, 2,31 % de CBG.","og_url":"https:\/\/510premiumcarts.com\/index.php\/product\/pex-pineapple-express-bloom-chariots\/","og_site_name":"510 Premium Carts","article_modified_time":"2023-03-13T11:33:20+00:00","og_image":[{"width":2000,"height":2000,"url":"http:\/\/510premiumcarts.com\/wp-content\/uploads\/2021\/10\/Pex-Pineapple-Express.jpg","type":"image\/jpeg"}],"twitter_card":"summary_large_image","twitter_misc":{"Dur\u00e9e de lecture estim\u00e9e":"2 minutes"},"schema":{"@context":"https:\/\/schema.org","@graph":[{"@type":"WebPage","@id":"https:\/\/510premiumcarts.com\/index.php\/product\/pex-pineapple-express-bloom-chariots\/","url":"https:\/\/510premiumcarts.com\/index.php\/product\/pex-pineapple-express-bloom-chariots\/","name":"PEX-Pineapple Express Bloom Chariots - 510 Premium Carts","isPartOf":{"@id":"https:\/\/510premiumcarts.com\/#website"},"primaryImageOfPage":{"@id":"https:\/\/510premiumcarts.com\/index.php\/product\/pex-pineapple-express-bloom-chariots\/#primaryimage"},"image":{"@id":"https:\/\/510premiumcarts.com\/index.php\/product\/pex-pineapple-express-bloom-chariots\/#primaryimage"},"thumbnailUrl":"https:\/\/510premiumcarts.com\/wp-content\/uploads\/2021\/10\/Pex-Pineapple-Express.jpg","datePublished":"2021-10-18T19:50:35+00:00","dateModified":"2023-03-13T11:33:20+00:00","description":"PEX-Pineapple Express Bloom Chariots Un de Bloom Brands est not\u00e9 89 sur 100. Ce stylo vape au cannabis est disponible en Californie et contient 75,2 % de THC, 0,78 % de CBD, 2,31 % de CBG.","breadcrumb":{"@id":"https:\/\/510premiumcarts.com\/index.php\/product\/pex-pineapple-express-bloom-chariots\/#breadcrumb"},"inLanguage":"fr-FR","potentialAction":[{"@type":"ReadAction","target":["https:\/\/510premiumcarts.com\/index.php\/product\/pex-pineapple-express-bloom-chariots\/"]}]},{"@type":"ImageObject","inLanguage":"fr-FR","@id":"https:\/\/510premiumcarts.com\/index.php\/product\/pex-pineapple-express-bloom-chariots\/#primaryimage","url":"https:\/\/510premiumcarts.com\/wp-content\/uploads\/2021\/10\/Pex-Pineapple-Express.jpg","contentUrl":"https:\/\/510premiumcarts.com\/wp-content\/uploads\/2021\/10\/Pex-Pineapple-Express.jpg","width":2000,"height":2000,"caption":"PEX-Pineapple Express Bloom Chariots"},{"@type":"BreadcrumbList","@id":"https:\/\/510premiumcarts.com\/index.php\/product\/pex-pineapple-express-bloom-chariots\/#breadcrumb","itemListElement":[{"@type":"ListItem","position":1,"name":"Home","item":"https:\/\/510premiumcarts.com\/"},{"@type":"ListItem","position":2,"name":"Marques de vapotage","item":"https:\/\/510premiumcarts.com\/index.php\/acheter-du-cannabis\/"},{"@type":"ListItem","position":3,"name":"PEX-Pineapple Express Bloom Chariots"}]},{"@type":"WebSite","@id":"https:\/\/510premiumcarts.com\/#website","url":"https:\/\/510premiumcarts.com\/","name":"510 Premium Carts","description":"Just another WordPress site","potentialAction":[{"@type":"SearchAction","target":{"@type":"EntryPoint","urlTemplate":"https:\/\/510premiumcarts.com\/?s={search_term_string}"},"query-input":{"@type":"PropertyValueSpecification","valueRequired":true,"valueName":"search_term_string"}}],"inLanguage":"fr-FR"}]}},"jetpack_sharing_enabled":true,"_links":{"self":[{"href":"https:\/\/510premiumcarts.com\/index.php\/wp-json\/wp\/v2\/product\/257","targetHints":{"allow":["GET"]}}],"collection":[{"href":"https:\/\/510premiumcarts.com\/index.php\/wp-json\/wp\/v2\/product"}],"about":[{"href":"https:\/\/510premiumcarts.com\/index.php\/wp-json\/wp\/v2\/types\/product"}],"replies":[{"embeddable":true,"href":"https:\/\/510premiumcarts.com\/index.php\/wp-json\/wp\/v2\/comments?post=257"}],"wp:featuredmedia":[{"embeddable":true,"href":"https:\/\/510premiumcarts.com\/index.php\/wp-json\/wp\/v2\/media\/258"}],"wp:attachment":[{"href":"https:\/\/510premiumcarts.com\/index.php\/wp-json\/wp\/v2\/media?parent=257"}],"wp:term":[{"taxonomy":"product_brand","embeddable":true,"href":"https:\/\/510premiumcarts.com\/index.php\/wp-json\/wp\/v2\/product_brand?post=257"},{"taxonomy":"product_cat","embeddable":true,"href":"https:\/\/510premiumcarts.com\/index.php\/wp-json\/wp\/v2\/product_cat?post=257"},{"taxonomy":"product_tag","embeddable":true,"href":"https:\/\/510premiumcarts.com\/index.php\/wp-json\/wp\/v2\/product_tag?post=257"}],"curies":[{"name":"wp","href":"https:\/\/api.w.org\/{rel}","templated":true}]}}