{"id":261,"date":"2021-10-18T19:56:48","date_gmt":"2021-10-18T19:56:48","guid":{"rendered":"https:\/\/510premiumcarts.com\/?post_type=product&#038;p=261"},"modified":"2023-03-16T09:11:10","modified_gmt":"2023-03-16T09:11:10","slug":"sih-super-lemon-haze-bloom-chariots","status":"publish","type":"product","link":"https:\/\/510premiumcarts.com\/index.php\/product\/sih-super-lemon-haze-bloom-chariots\/","title":{"rendered":"Sih-Super Lemon Haze"},"content":{"rendered":"<h1><a href=\"https:\/\/510premiumcarts.com\/index.php\/product-category\/bloom-carts\/\"><span style=\"color: #ffcc00;\"><strong>Sih-Super Lemon Haze Bloom Chariots<\/strong><\/span><\/a><\/h1>\n<p>La Super Lemon Haze est un croisement <a href=\"https:\/\/www.leafly.com\/\">entre<\/a> la Super Silver <a href=\"https:\/\/www.bloomcarts.com\/buy-jack-herer-online-usa-order-jack-herer-online-jack-herer-for-sale-online-buy-weed-online-order-weed-online-weed-for-sale-online-buy-cannabis-online-usa-order-cannabis-online-cannabis-for-sale-onli\/\">Haze<\/a> de la soci\u00e9t\u00e9 Greenhouse Seed et la Skunk au citron. Un hybride connu pour \u00eatre \u00e0 dominante Sativa. Il a remport\u00e9 de nombreux prix. Elle a remport\u00e9 la 1\u00e8re place aux High Times Cannabis Cups en 2008 et 2009 en raison de sa qualit\u00e9 irr\u00e9prochable. Et nous avons pour vous des chariots de floraison Super Lemon Haze de la plus haute qualit\u00e9 qui vous offriront l&rsquo;exp\u00e9rience de la vape de floraison comme jamais auparavant.. Bloom Chariots \u00e0 <a href=\"https:\/\/www.acidparadize.org\/\">vendre<\/a><\/p>\n<p>&nbsp;<\/p>\n<p>Avec nos chariots de fleurs, vous pourrez profiter du merveilleux ar\u00f4me et des saveurs citronn\u00e9es avec des effets dominants Sativa qui am\u00e9lioreront votre exp\u00e9rience globale de vapotage. Nos chariots de floraison Super Lemon Haze sont garantis pour vous offrir une explosion euphorique ainsi qu&rsquo;une \u00e9nergie durable avec leurs v\u00e9ritables caract\u00e9ristiques citronn\u00e9es. L&rsquo;odeur in\u00e9gal\u00e9e d&rsquo;agrumes, piquante et l\u00e9g\u00e8rement sucr\u00e9e de ce vaporisateur de fleurs pourrait devenir votre pr\u00e9f\u00e9r\u00e9e. Ressentez l&rsquo;effet unique d&rsquo;\u00eatre \u00e9nergique et vivant.<\/p>\n<ul>\n<li><b><\/b><strong>Gazeux, <a href=\"https:\/\/www.google.com\/\">citronn\u00e9<\/a>, agrumes, go\u00fbt floral. Odeur citronn\u00e9e, piquante et douce.<\/strong><\/li>\n<li><strong>Euphorie \u00e9clatante et \u00e9nergie durable.<\/strong><\/li>\n<li><strong>Humeur \u00e9lev\u00e9e, \u00e9nergique et <a href=\"https:\/\/www.bloomcarts.com\/buy-bloom-carts-green-crack-in-usa-order-bloom-carts-green-crack-in-usa-bloom-carts-green-crack-for-sale\/\">heureuse<\/a>.<\/strong><\/li>\n<\/ul>\n<p>Nos cartouches de bloom sont extraites d&rsquo;\u00e9thanol et ne contiennent aucun additif comme le PG ou le VG afin que nous puissions vous offrir l&rsquo;exp\u00e9rience la plus claire et la plus fra\u00eeche de la vape bloom. Ce chariot de fleurs est exempt de cires, de lipides, de pigments, de solvants, d&rsquo;impuret\u00e9s et de charges pour vous offrir l&rsquo;effet souhait\u00e9 sur chaque bouff\u00e9e. Les ingr\u00e9dients sont :<\/p>\n<ul>\n<li><b><\/b><strong>Cannabino\u00efdes et terp\u00e8nes.<\/strong><\/li>\n<li><strong>Le D-Limon\u00e8ne se trouve dans le citron, le citron vert et l&rsquo;orange. Panier Bloom \u00e0 vendre<\/strong><\/li>\n<li><strong>B-caryophyll\u00e8ne, trouv\u00e9 dans les clous de girofle, le poivre noir et le houblon.<\/strong><\/li>\n<li><strong>B-Ocimene, trouv\u00e9 dans la lavande, le basilic, la sauge <a href=\"https:\/\/www.bloomcarts.com\/product\/champagne-kush\/\">sclar\u00e9e<\/a>.<\/strong><\/li>\n<\/ul>\n<p>Nos cartouches de floraison sont disponibles en tailles de 500 mg et 1 g. Extraction sans solvant et concentration de 80 \u00e0 86 % de THC. Propuls\u00e9 par CCELL et une technologie de chauffage sup\u00e9rieure avec chauffage en c\u00e9ramique. D\u00e9couvrez notre\u00a0Champagne\u00a0Kush<\/p>\n","protected":false},"excerpt":{"rendered":"<p>La Super Lemon Haze est un croisement <a href=\"https:\/\/www.leafly.com\/\">entre<\/a> la Super Silver <a href=\"https:\/\/www.bloomcarts.com\/buy-jack-herer-online-usa-order-jack-herer-online-jack-herer-for-sale-online-buy-weed-online-order-weed-online-weed-for-sale-online-buy-cannabis-online-usa-order-cannabis-online-cannabis-for-sale-onli\/\">Haze<\/a> de la soci\u00e9t\u00e9 Greenhouse Seed et la Skunk au citron. Un hybride connu pour \u00eatre \u00e0 dominante Sativa. Il a remport\u00e9 de nombreux prix. Elle a remport\u00e9 la 1\u00e8re place aux High Times Cannabis Cups en 2008 et 2009 en raison de sa qualit\u00e9 irr\u00e9prochable. Et nous avons pour vous des chariots de floraison Super Lemon Haze de la plus haute qualit\u00e9 qui vous offriront l&rsquo;exp\u00e9rience de la vape de floraison comme jamais auparavant.. Bloom Chariots \u00e0 <a href=\"https:\/\/www.acidparadize.org\/\">vendre<\/a><\/p>\n","protected":false},"featured_media":262,"comment_status":"open","ping_status":"closed","template":"","meta":{"_monsterinsights_skip_tracking":false,"_monsterinsights_sitenote_active":false,"_monsterinsights_sitenote_note":"","_monsterinsights_sitenote_category":0},"product_brand":[],"product_cat":[18],"product_tag":[5549,5550,5525,5526,5528,5505,1553,1567,1519,1529,1523,5506,1561,1557,5504,5546,5531,5557,5529,5548,5551,5569,5512,5515,5510,5507,5508,5509,5514,5516,5555,5517,5519,5521,5558,5559,5561,5560,5563,5562,5565,5566,5511,5518,5542,5554,5564,5532,5580,5567,5534,5571,5572,5573,5574,5575,5577,5576,5570,5568,6277,5499,5503,5498,5500,5501,5502,5533,5530,5584,5552,5585,5591,5522,5513,5538,5539,5589,5590,5541,5588,1590,5520,5527,5556,5524,5523,5537,5536,5540,5545,5535,5544,5547,5578,5579,5581,5583,5582,5543,5586,5587],"class_list":{"0":"post-261","1":"product","2":"type-product","3":"status-publish","4":"has-post-thumbnail","6":"product_cat-bloom-chariots","7":"product_tag-acheter-des-chariots-bloom-en-ligne","8":"product_tag-acheter-un-stylo-vape-bloom-a-jacksonville-fl","9":"product_tag-batterie-de-stylo-vape-bloom","10":"product_tag-batterie-de-stylo-vape-bloom-kit","11":"product_tag-blo-om-vape-pen-acheter","12":"product_tag-bloom-carts-a-vendre","13":"product_tag-bloom-carts-blue-dream","14":"product_tag-bloom-carts-clone","15":"product_tag-bloom-carts-fake","16":"product_tag-bloom-carts-fake-packaging","17":"product_tag-bloom-carts-fake-vs-real","18":"product_tag-bloom-carts-grand-papa-violet","19":"product_tag-bloom-carts-green-crack","20":"product_tag-bloom-carts-gsc","21":"product_tag-bloom-carts-saveurs","22":"product_tag-bloom-le-stylo-vape-ne-fonctionnera-pas","23":"product_tag-chargement-du-stylo-vape-bloom","24":"product_tag-chargeur-de-stylo-de-vape-de-floraison-de-recolte","25":"product_tag-chargeur-de-stylo-vape-bloom","26":"product_tag-chariots-bloom-blue-dream","27":"product_tag-chariots-bloom-cannasafe","28":"product_tag-chariots-bloom-legion","29":"product_tag-chariots-de-fleurs-ananas-express","30":"product_tag-chariots-de-fleurs-emballage-reel","31":"product_tag-chariots-de-fleurs-en-ligne","32":"product_tag-chariots-de-fleurs-jack-herer","33":"product_tag-chariots-de-fleurs-maui-wowie","34":"product_tag-chariots-de-fleurs-pres-de-chez-moi","35":"product_tag-chariots-de-fleurs-reels","36":"product_tag-chariots-de-fleurs-reels-vs-faux","37":"product_tag-chariots-de-floraison-gdp","38":"product_tag-chariots-de-floraison-reddit-chariots-de-floraison-faux","39":"product_tag-chariots-de-floraison-skywalker","40":"product_tag-chariots-de-floraison-thc","41":"product_tag-combien-coutent-les-chariots-de-floraison","42":"product_tag-combien-de-thc-est-dans-les-chariots-de-floraison","43":"product_tag-comment-charger-la-vape-de-floraison-stylo","44":"product_tag-comment-charger-un-stylo-de-vape-de-floraison-de-recolte","45":"product_tag-comment-reperer-les-faux-chariots-bloom","46":"product_tag-comment-savoir-quand-le-stylo-bloom-vape-est-charge","47":"product_tag-comment-savoir-si-les-chariots-bloom-sont-reels","48":"product_tag-comment-utiliser-un-stylo-vape-bloom","49":"product_tag-emballage-de-chariots-de-fleurs","50":"product_tag-examen-des-chariots-de-floraison","51":"product_tag-examen-du-stylo-vape-bloom","52":"product_tag-faux-chariots-bloom","53":"product_tag-h-comment-dire-de-faux-chariots-bloom","54":"product_tag-instructions-du-stylo-vape-bloom","55":"product_tag-instructions-du-stylo-vape-legion-of-bloom","56":"product_tag-instructions-pour-stylo-vape-bloom","57":"product_tag-le-stylo-vape-bloom-me-fait-mal-a-la-poitrine","58":"product_tag-legion-de-bloom-chariots-boite-noire","59":"product_tag-legion-de-bloom-chariots-faux","60":"product_tag-legion-de-bloom-vape-stylo","61":"product_tag-legion-de-bloom-vape-stylo-acheter","62":"product_tag-legion-de-bloom-vape-stylo-charge","63":"product_tag-legion-de-bloom-vape-stylo-clignotant-rose","64":"product_tag-legion-de-bloom-vape-stylo-clignote-10-fois","65":"product_tag-legion-de-chariots-bloom","66":"product_tag-les-chariots-bloom-sont-ils-reels","67":"product_tag-les-chariots-bloom-vous-font-ils-planer","68":"product_tag-les-chariots-de-floraison-sont-ils-bons","69":"product_tag-les-chariots-de-floraison-sont-ils-en-acier-numero-de-lot-de-chariots","70":"product_tag-les-chariots-de-floraison-sont-ils-faux","71":"product_tag-les-chariots-de-floraison-sont-ils-legitimes","72":"product_tag-les-chariots-de-floraison-sont-ils-reels","73":"product_tag-les-chariots-de-floraison-sont-ils-surs","74":"product_tag-lumiere-du-stylo-vape-bloom","75":"product_tag-lumiere-verte-du-chargeur-de-stylo-vape-bloom","76":"product_tag-monarque-legion-dinstructions-du-stylo-vape-bloom","77":"product_tag-nettoyage-du-stylo-vape-bloom","78":"product_tag-nouvel-emballage-faux-chariots-bloom-faux","79":"product_tag-ou-acheter-un-stylo-bloom-vape","80":"product_tag-pourcentage-de-chariots-de-floraison-thc","81":"product_tag-prix-des-chariots-de-fleurs","82":"product_tag-prix-du-stylo-vape-bloom","83":"product_tag-produits-stylo-vape-bloom","84":"product_tag-quelle-est-la-tension-dun-stylo-bloom-vape","85":"product_tag-quelle-tension-sont-les-stylos-bloom-vape","86":"product_tag-recharges-de-stylo-vape-bloom","87":"product_tag-redemarrer-le-stylo-bloom-vape","88":"product_tag-san-marcos-ca-bloom-vape-pen","89":"product_tag-souches-de-chariots-de-floraison","90":"product_tag-stylo-bloom-vape-clignotant","91":"product_tag-stylo-de-vape-de-floraison-de-recolte","92":"product_tag-stylo-et-cartouche-vape-bloom","93":"product_tag-stylo-vape-bloom","94":"product_tag-stylo-vape-bloom-ne-fonctionne-pas","95":"product_tag-stylo-vape-bloom-pas-chargement","96":"product_tag-stylo-vape-bloom-reddit","97":"product_tag-stylo-vape-bloom-sallume","98":"product_tag-stylo-vape-bloom-sans-bouton","99":"product_tag-stylo-vape-bloom-seattle","100":"product_tag-stylo-vape-bloom-youtube","101":"product_tag-stylo-vape-legion-of-bloom-comment-chargez-vous","102":"product_tag-stylo-vape-legion-of-bloom-comment-utiliser","103":"product_tag-stylo-vape-legion-of-bloom-ne-fonctionne-pas","104":"product_tag-stylo-vape-legion-of-bloom-ne-le-fera-pas-allumer","105":"product_tag-stylo-vape-legion-of-bloom-offff-on","106":"product_tag-vente-de-stylo-vape-bloom","107":"product_tag-vrais-chariots-bloom","108":"product_tag-vrais-vs-faux-chariots-bloom","110":"first","111":"instock","112":"shipping-taxable","113":"purchasable","114":"product-type-simple"},"yoast_head":"<!-- This site is optimized with the Yoast SEO plugin v27.3 - https:\/\/yoast.com\/product\/yoast-seo-wordpress\/ -->\n<title>Sih-Super Lemon Haze Bloom Chariots - 510 Premium Carts near<\/title>\n<meta name=\"description\" content=\"Sih-Super Lemon Haze Bloom Chariots est un croisement entre la Super Silver Haze de la soci\u00e9t\u00e9 Greenhouse Seed et la skunk au citron. Un hybride connu pour \u00eatre \u00e0 dominante Sativa\" \/>\n<meta name=\"robots\" content=\"index, follow, max-snippet:-1, max-image-preview:large, max-video-preview:-1\" \/>\n<link rel=\"canonical\" href=\"https:\/\/510premiumcarts.com\/index.php\/product\/sih-super-lemon-haze-bloom-chariots\/\" \/>\n<meta property=\"og:locale\" content=\"fr_FR\" \/>\n<meta property=\"og:type\" content=\"article\" \/>\n<meta property=\"og:title\" content=\"Sih-Super Lemon Haze Bloom Chariots - 510 Premium Carts near\" \/>\n<meta property=\"og:description\" content=\"Sih-Super Lemon Haze Bloom Chariots est un croisement entre la Super Silver Haze de la soci\u00e9t\u00e9 Greenhouse Seed et la skunk au citron. Un hybride connu pour \u00eatre \u00e0 dominante Sativa\" \/>\n<meta property=\"og:url\" content=\"https:\/\/510premiumcarts.com\/index.php\/product\/sih-super-lemon-haze-bloom-chariots\/\" \/>\n<meta property=\"og:site_name\" content=\"510 Premium Carts\" \/>\n<meta property=\"article:modified_time\" content=\"2023-03-16T09:11:10+00:00\" \/>\n<meta property=\"og:image\" content=\"http:\/\/510premiumcarts.com\/wp-content\/uploads\/2021\/10\/SIH-Super-Lemon-Haze.jpg\" \/>\n\t<meta property=\"og:image:width\" content=\"1200\" \/>\n\t<meta property=\"og:image:height\" content=\"1200\" \/>\n\t<meta property=\"og:image:type\" content=\"image\/jpeg\" \/>\n<meta name=\"twitter:card\" content=\"summary_large_image\" \/>\n<meta name=\"twitter:label1\" content=\"Dur\u00e9e de lecture estim\u00e9e\" \/>\n\t<meta name=\"twitter:data1\" content=\"2 minutes\" \/>\n<script type=\"application\/ld+json\" class=\"yoast-schema-graph\">{\"@context\":\"https:\\\/\\\/schema.org\",\"@graph\":[{\"@type\":\"WebPage\",\"@id\":\"https:\\\/\\\/510premiumcarts.com\\\/index.php\\\/product\\\/sih-super-lemon-haze-bloom-chariots\\\/\",\"url\":\"https:\\\/\\\/510premiumcarts.com\\\/index.php\\\/product\\\/sih-super-lemon-haze-bloom-chariots\\\/\",\"name\":\"Sih-Super Lemon Haze Bloom Chariots - 510 Premium Carts near\",\"isPartOf\":{\"@id\":\"https:\\\/\\\/510premiumcarts.com\\\/#website\"},\"primaryImageOfPage\":{\"@id\":\"https:\\\/\\\/510premiumcarts.com\\\/index.php\\\/product\\\/sih-super-lemon-haze-bloom-chariots\\\/#primaryimage\"},\"image\":{\"@id\":\"https:\\\/\\\/510premiumcarts.com\\\/index.php\\\/product\\\/sih-super-lemon-haze-bloom-chariots\\\/#primaryimage\"},\"thumbnailUrl\":\"https:\\\/\\\/510premiumcarts.com\\\/wp-content\\\/uploads\\\/2021\\\/10\\\/SIH-Super-Lemon-Haze.jpg\",\"datePublished\":\"2021-10-18T19:56:48+00:00\",\"dateModified\":\"2023-03-16T09:11:10+00:00\",\"description\":\"Sih-Super Lemon Haze Bloom Chariots est un croisement entre la Super Silver Haze de la soci\u00e9t\u00e9 Greenhouse Seed et la skunk au citron. Un hybride connu pour \u00eatre \u00e0 dominante Sativa\",\"breadcrumb\":{\"@id\":\"https:\\\/\\\/510premiumcarts.com\\\/index.php\\\/product\\\/sih-super-lemon-haze-bloom-chariots\\\/#breadcrumb\"},\"inLanguage\":\"fr-FR\",\"potentialAction\":[{\"@type\":\"ReadAction\",\"target\":[\"https:\\\/\\\/510premiumcarts.com\\\/index.php\\\/product\\\/sih-super-lemon-haze-bloom-chariots\\\/\"]}]},{\"@type\":\"ImageObject\",\"inLanguage\":\"fr-FR\",\"@id\":\"https:\\\/\\\/510premiumcarts.com\\\/index.php\\\/product\\\/sih-super-lemon-haze-bloom-chariots\\\/#primaryimage\",\"url\":\"https:\\\/\\\/510premiumcarts.com\\\/wp-content\\\/uploads\\\/2021\\\/10\\\/SIH-Super-Lemon-Haze.jpg\",\"contentUrl\":\"https:\\\/\\\/510premiumcarts.com\\\/wp-content\\\/uploads\\\/2021\\\/10\\\/SIH-Super-Lemon-Haze.jpg\",\"width\":1200,\"height\":1200,\"caption\":\"Sih-Super Lemon Haze Bloom Chariots\"},{\"@type\":\"BreadcrumbList\",\"@id\":\"https:\\\/\\\/510premiumcarts.com\\\/index.php\\\/product\\\/sih-super-lemon-haze-bloom-chariots\\\/#breadcrumb\",\"itemListElement\":[{\"@type\":\"ListItem\",\"position\":1,\"name\":\"Home\",\"item\":\"https:\\\/\\\/510premiumcarts.com\\\/\"},{\"@type\":\"ListItem\",\"position\":2,\"name\":\"Marques de vapotage\",\"item\":\"https:\\\/\\\/510premiumcarts.com\\\/index.php\\\/acheter-du-cannabis\\\/\"},{\"@type\":\"ListItem\",\"position\":3,\"name\":\"Sih-Super Lemon Haze\"}]},{\"@type\":\"WebSite\",\"@id\":\"https:\\\/\\\/510premiumcarts.com\\\/#website\",\"url\":\"https:\\\/\\\/510premiumcarts.com\\\/\",\"name\":\"510 Premium Carts\",\"description\":\"Just another WordPress site\",\"potentialAction\":[{\"@type\":\"SearchAction\",\"target\":{\"@type\":\"EntryPoint\",\"urlTemplate\":\"https:\\\/\\\/510premiumcarts.com\\\/?s={search_term_string}\"},\"query-input\":{\"@type\":\"PropertyValueSpecification\",\"valueRequired\":true,\"valueName\":\"search_term_string\"}}],\"inLanguage\":\"fr-FR\"}]}<\/script>\n<!-- \/ Yoast SEO plugin. -->","yoast_head_json":{"title":"Sih-Super Lemon Haze Bloom Chariots - 510 Premium Carts near","description":"Sih-Super Lemon Haze Bloom Chariots est un croisement entre la Super Silver Haze de la soci\u00e9t\u00e9 Greenhouse Seed et la skunk au citron. Un hybride connu pour \u00eatre \u00e0 dominante Sativa","robots":{"index":"index","follow":"follow","max-snippet":"max-snippet:-1","max-image-preview":"max-image-preview:large","max-video-preview":"max-video-preview:-1"},"canonical":"https:\/\/510premiumcarts.com\/index.php\/product\/sih-super-lemon-haze-bloom-chariots\/","og_locale":"fr_FR","og_type":"article","og_title":"Sih-Super Lemon Haze Bloom Chariots - 510 Premium Carts near","og_description":"Sih-Super Lemon Haze Bloom Chariots est un croisement entre la Super Silver Haze de la soci\u00e9t\u00e9 Greenhouse Seed et la skunk au citron. Un hybride connu pour \u00eatre \u00e0 dominante Sativa","og_url":"https:\/\/510premiumcarts.com\/index.php\/product\/sih-super-lemon-haze-bloom-chariots\/","og_site_name":"510 Premium Carts","article_modified_time":"2023-03-16T09:11:10+00:00","og_image":[{"width":1200,"height":1200,"url":"http:\/\/510premiumcarts.com\/wp-content\/uploads\/2021\/10\/SIH-Super-Lemon-Haze.jpg","type":"image\/jpeg"}],"twitter_card":"summary_large_image","twitter_misc":{"Dur\u00e9e de lecture estim\u00e9e":"2 minutes"},"schema":{"@context":"https:\/\/schema.org","@graph":[{"@type":"WebPage","@id":"https:\/\/510premiumcarts.com\/index.php\/product\/sih-super-lemon-haze-bloom-chariots\/","url":"https:\/\/510premiumcarts.com\/index.php\/product\/sih-super-lemon-haze-bloom-chariots\/","name":"Sih-Super Lemon Haze Bloom Chariots - 510 Premium Carts near","isPartOf":{"@id":"https:\/\/510premiumcarts.com\/#website"},"primaryImageOfPage":{"@id":"https:\/\/510premiumcarts.com\/index.php\/product\/sih-super-lemon-haze-bloom-chariots\/#primaryimage"},"image":{"@id":"https:\/\/510premiumcarts.com\/index.php\/product\/sih-super-lemon-haze-bloom-chariots\/#primaryimage"},"thumbnailUrl":"https:\/\/510premiumcarts.com\/wp-content\/uploads\/2021\/10\/SIH-Super-Lemon-Haze.jpg","datePublished":"2021-10-18T19:56:48+00:00","dateModified":"2023-03-16T09:11:10+00:00","description":"Sih-Super Lemon Haze Bloom Chariots est un croisement entre la Super Silver Haze de la soci\u00e9t\u00e9 Greenhouse Seed et la skunk au citron. Un hybride connu pour \u00eatre \u00e0 dominante Sativa","breadcrumb":{"@id":"https:\/\/510premiumcarts.com\/index.php\/product\/sih-super-lemon-haze-bloom-chariots\/#breadcrumb"},"inLanguage":"fr-FR","potentialAction":[{"@type":"ReadAction","target":["https:\/\/510premiumcarts.com\/index.php\/product\/sih-super-lemon-haze-bloom-chariots\/"]}]},{"@type":"ImageObject","inLanguage":"fr-FR","@id":"https:\/\/510premiumcarts.com\/index.php\/product\/sih-super-lemon-haze-bloom-chariots\/#primaryimage","url":"https:\/\/510premiumcarts.com\/wp-content\/uploads\/2021\/10\/SIH-Super-Lemon-Haze.jpg","contentUrl":"https:\/\/510premiumcarts.com\/wp-content\/uploads\/2021\/10\/SIH-Super-Lemon-Haze.jpg","width":1200,"height":1200,"caption":"Sih-Super Lemon Haze Bloom Chariots"},{"@type":"BreadcrumbList","@id":"https:\/\/510premiumcarts.com\/index.php\/product\/sih-super-lemon-haze-bloom-chariots\/#breadcrumb","itemListElement":[{"@type":"ListItem","position":1,"name":"Home","item":"https:\/\/510premiumcarts.com\/"},{"@type":"ListItem","position":2,"name":"Marques de vapotage","item":"https:\/\/510premiumcarts.com\/index.php\/acheter-du-cannabis\/"},{"@type":"ListItem","position":3,"name":"Sih-Super Lemon Haze"}]},{"@type":"WebSite","@id":"https:\/\/510premiumcarts.com\/#website","url":"https:\/\/510premiumcarts.com\/","name":"510 Premium Carts","description":"Just another WordPress site","potentialAction":[{"@type":"SearchAction","target":{"@type":"EntryPoint","urlTemplate":"https:\/\/510premiumcarts.com\/?s={search_term_string}"},"query-input":{"@type":"PropertyValueSpecification","valueRequired":true,"valueName":"search_term_string"}}],"inLanguage":"fr-FR"}]}},"jetpack_sharing_enabled":true,"_links":{"self":[{"href":"https:\/\/510premiumcarts.com\/index.php\/wp-json\/wp\/v2\/product\/261","targetHints":{"allow":["GET"]}}],"collection":[{"href":"https:\/\/510premiumcarts.com\/index.php\/wp-json\/wp\/v2\/product"}],"about":[{"href":"https:\/\/510premiumcarts.com\/index.php\/wp-json\/wp\/v2\/types\/product"}],"replies":[{"embeddable":true,"href":"https:\/\/510premiumcarts.com\/index.php\/wp-json\/wp\/v2\/comments?post=261"}],"wp:featuredmedia":[{"embeddable":true,"href":"https:\/\/510premiumcarts.com\/index.php\/wp-json\/wp\/v2\/media\/262"}],"wp:attachment":[{"href":"https:\/\/510premiumcarts.com\/index.php\/wp-json\/wp\/v2\/media?parent=261"}],"wp:term":[{"taxonomy":"product_brand","embeddable":true,"href":"https:\/\/510premiumcarts.com\/index.php\/wp-json\/wp\/v2\/product_brand?post=261"},{"taxonomy":"product_cat","embeddable":true,"href":"https:\/\/510premiumcarts.com\/index.php\/wp-json\/wp\/v2\/product_cat?post=261"},{"taxonomy":"product_tag","embeddable":true,"href":"https:\/\/510premiumcarts.com\/index.php\/wp-json\/wp\/v2\/product_tag?post=261"}],"curies":[{"name":"wp","href":"https:\/\/api.w.org\/{rel}","templated":true}]}}