{"id":267,"date":"2021-10-18T20:27:31","date_gmt":"2021-10-18T20:27:31","guid":{"rendered":"https:\/\/510premiumcarts.com\/?post_type=product&#038;p=267"},"modified":"2023-03-16T09:42:38","modified_gmt":"2023-03-16T09:42:38","slug":"acheter-grape-limeade-buddah-bear-chariots","status":"publish","type":"product","link":"https:\/\/510premiumcarts.com\/index.php\/product\/acheter-grape-limeade-buddah-bear-chariots\/","title":{"rendered":"Grape Limeade"},"content":{"rendered":"<h1><a href=\"https:\/\/510premiumcarts.com\/index.php\/product\/clementine-buddah-bear-carts\/\">Acheter Grape Limeade Buddah Bear Chariots<\/a><\/h1>\n<p><strong>Achetez<\/strong> <b>Buddah Bear chariots,<\/b> Buddah <a href=\"https:\/\/420delivery.online\/product\/buy-jungle-boys-white-wookies-online\/\">bear<\/a> chariots sont remplis de distillat de THC pur et tr\u00e8s puissant. Le distillat poss\u00e8de une puret\u00e9 et une douceur in\u00e9gal\u00e9es. Leurs cartouches et leur mat\u00e9riel sont largement disponibles partout aux \u00c9tats-Unis. <span style=\"color: #ffffff;\">Acheter Grape Limeade Buddah Bear Chariots<\/span><\/p>\n<p class=\"p1\"><span class=\"s1\">Buddah Bear chariots ne contiennent que de l&rsquo;huile de r\u00e9sine vivante pure et des terp\u00e8nes de cannabis. C&rsquo;est le cas pour le go\u00fbt, la puissance et la qualit\u00e9 de la vapeur. De plus, leurs r\u00e9sines vivantes sont collect\u00e9es \u00e0 partir d&rsquo;une seule source et renforc\u00e9es avec le m\u00eame profil terp\u00e9nique unique. Le m\u00eame profil est pr\u00e9sent dans la souche d&rsquo;origine, ce qui vous permet de ressentir toute la saveur. Il vous permet \u00e9galement de profiter des bienfaits de la plante de cannabis.<\/span><\/p>\n<p class=\"p1\"><span class=\"s1\">Buddha Bear chariots produire certains des meilleurs concentr\u00e9s du march\u00e9. De plus, elles sont extraites de petits lots de fleurs biologiques fra\u00eechement congel\u00e9es cultiv\u00e9es \u00e0 Santa Barbara, en Californie. Leur \u00e9quipe d&rsquo;agriculteurs multig\u00e9n\u00e9rationnels, de scientifiques et de geeks du cannabis se consacre \u00e0 fournir des produits de cannabis propres et accessibles. Aussi \u00e0 un prix abordable<\/span><\/p>\n<h2>Sont Buddah bear <span class=\"s1\">chariots <\/span>s\u00fbre?<\/h2>\n<p>most Buddah bear chariots accessibles sont faux. Et il est difficile de distinguer les faux chariots des officiels. si vous cherchez \u00e0 acheter l&rsquo;original buddah bear chariots en ligne, 510premiumcarts est le bon endroit pour vous. Toute Buddah bear chariots dans notre inventaire sont d\u00e9gust\u00e9s en laboratoire. Par cons\u00e9quent, nous sommes le dispensaire en ligne n\u00b01 pour acheter des chariots et des bourgeons. Avec plus de 10 saveurs, vous avez beaucoup d&rsquo;alternatives \u00e0 choisir.<\/p>\n<h2>buddah bear charrettes saveurs<\/h2>\n<p>Forbidden Fruit, Purple Punch, Mimosa, Strawberry Lemonade, Mango Tango, Watermelon Candy, Strawnana, Apple Pie, Fruity Pebbles, Candy Cane, Peppermint Mocha, Blueberry Razz, Ice Cream Cake, Grape Limeade, Honolulu Punch, Pineapple Punch, Orange Creamsicle<\/p>\n","protected":false},"excerpt":{"rendered":"<p>Si vous avez fum\u00e9, tamponn\u00e9 ou appr\u00e9ci\u00e9 cette vari\u00e9t\u00e9, <a href=\"https:\/\/www.leafly.com\/strains\/lists\/condition\/eye-pressure\">Grape<\/a> Limeade, faites-le nous savoir avant ! Laisser un commentaire.<\/p>\n<h2 class=\"text-md mb-sm\">Grape Limeade la <a href=\"https:\/\/www.leafly.com\/strains\/lists\/condition\/eye-pressure\">souche<\/a> aide \u00e0<\/h2>\n<ul>\n<li class=\"mb-xl\">\n<div class=\"flex items-center mb-xs\"><strong>Pression oculaire<\/strong><br \/>\n50 % des personnes disent que cela aide \u00e0 r\u00e9duire la pression oculaire<\/div>\n<\/li>\n<li class=\"mb-xl\">\n<div class=\"flex items-center mb-xs\"><strong>D\u00e9pression<\/strong><br \/>\n25 % des personnes disent que cela aide \u00e0 lutter contre la d\u00e9pression<\/div>\n<\/li>\n<li class=\"mb-xl\">\n<div class=\"flex items-center mb-xs\"><strong>Maux de t\u00eate<\/strong><br \/>\n25\u00a0% des personnes disent que cela aide \u00e0 soulager les maux de t\u00eate<\/div>\n<\/li>\n<\/ul>\n","protected":false},"featured_media":268,"comment_status":"open","ping_status":"closed","template":"","meta":{"_monsterinsights_skip_tracking":false,"_monsterinsights_sitenote_active":false,"_monsterinsights_sitenote_note":"","_monsterinsights_sitenote_category":0},"product_brand":[],"product_cat":[19],"product_tag":[],"class_list":{"0":"post-267","1":"product","2":"type-product","3":"status-publish","4":"has-post-thumbnail","6":"product_cat-buddah-bear-vaporisateur-a-vendre","8":"first","9":"instock","10":"shipping-taxable","11":"purchasable","12":"product-type-simple"},"yoast_head":"<!-- This site is optimized with the Yoast SEO plugin v27.3 - https:\/\/yoast.com\/product\/yoast-seo-wordpress\/ -->\n<title>Acheter Grape Limeade Buddah Bear Chariots - 510 Premium Carts<\/title>\n<meta name=\"description\" content=\"Acheter Grape Limeade Buddah Bear Chariots sont remplis de distillat de THC pur et tr\u00e8s puissant. Le distillat poss\u00e8de une puret\u00e9 et une douceur in\u00e9gal\u00e9es\" \/>\n<meta name=\"robots\" content=\"index, follow, max-snippet:-1, max-image-preview:large, max-video-preview:-1\" \/>\n<link rel=\"canonical\" href=\"https:\/\/510premiumcarts.com\/index.php\/product\/acheter-grape-limeade-buddah-bear-chariots\/\" \/>\n<meta property=\"og:locale\" content=\"fr_FR\" \/>\n<meta property=\"og:type\" content=\"article\" \/>\n<meta property=\"og:title\" content=\"Acheter Grape Limeade Buddah Bear Chariots - 510 Premium Carts\" \/>\n<meta property=\"og:description\" content=\"Acheter Grape Limeade Buddah Bear Chariots sont remplis de distillat de THC pur et tr\u00e8s puissant. Le distillat poss\u00e8de une puret\u00e9 et une douceur in\u00e9gal\u00e9es\" \/>\n<meta property=\"og:url\" content=\"https:\/\/510premiumcarts.com\/index.php\/product\/acheter-grape-limeade-buddah-bear-chariots\/\" \/>\n<meta property=\"og:site_name\" content=\"510 Premium Carts\" \/>\n<meta property=\"article:modified_time\" content=\"2023-03-16T09:42:38+00:00\" \/>\n<meta property=\"og:image\" content=\"http:\/\/510premiumcarts.com\/wp-content\/uploads\/2021\/10\/Grape-Limeade.jpg\" \/>\n\t<meta property=\"og:image:width\" content=\"1024\" \/>\n\t<meta property=\"og:image:height\" content=\"1024\" \/>\n\t<meta property=\"og:image:type\" content=\"image\/jpeg\" \/>\n<meta name=\"twitter:card\" content=\"summary_large_image\" \/>\n<meta name=\"twitter:label1\" content=\"Dur\u00e9e de lecture estim\u00e9e\" \/>\n\t<meta name=\"twitter:data1\" content=\"2 minutes\" \/>\n<script type=\"application\/ld+json\" class=\"yoast-schema-graph\">{\"@context\":\"https:\\\/\\\/schema.org\",\"@graph\":[{\"@type\":\"WebPage\",\"@id\":\"https:\\\/\\\/510premiumcarts.com\\\/index.php\\\/product\\\/acheter-grape-limeade-buddah-bear-chariots\\\/\",\"url\":\"https:\\\/\\\/510premiumcarts.com\\\/index.php\\\/product\\\/acheter-grape-limeade-buddah-bear-chariots\\\/\",\"name\":\"Acheter Grape Limeade Buddah Bear Chariots - 510 Premium Carts\",\"isPartOf\":{\"@id\":\"https:\\\/\\\/510premiumcarts.com\\\/#website\"},\"primaryImageOfPage\":{\"@id\":\"https:\\\/\\\/510premiumcarts.com\\\/index.php\\\/product\\\/acheter-grape-limeade-buddah-bear-chariots\\\/#primaryimage\"},\"image\":{\"@id\":\"https:\\\/\\\/510premiumcarts.com\\\/index.php\\\/product\\\/acheter-grape-limeade-buddah-bear-chariots\\\/#primaryimage\"},\"thumbnailUrl\":\"https:\\\/\\\/510premiumcarts.com\\\/wp-content\\\/uploads\\\/2021\\\/10\\\/Grape-Limeade.jpg\",\"datePublished\":\"2021-10-18T20:27:31+00:00\",\"dateModified\":\"2023-03-16T09:42:38+00:00\",\"description\":\"Acheter Grape Limeade Buddah Bear Chariots sont remplis de distillat de THC pur et tr\u00e8s puissant. Le distillat poss\u00e8de une puret\u00e9 et une douceur in\u00e9gal\u00e9es\",\"breadcrumb\":{\"@id\":\"https:\\\/\\\/510premiumcarts.com\\\/index.php\\\/product\\\/acheter-grape-limeade-buddah-bear-chariots\\\/#breadcrumb\"},\"inLanguage\":\"fr-FR\",\"potentialAction\":[{\"@type\":\"ReadAction\",\"target\":[\"https:\\\/\\\/510premiumcarts.com\\\/index.php\\\/product\\\/acheter-grape-limeade-buddah-bear-chariots\\\/\"]}]},{\"@type\":\"ImageObject\",\"inLanguage\":\"fr-FR\",\"@id\":\"https:\\\/\\\/510premiumcarts.com\\\/index.php\\\/product\\\/acheter-grape-limeade-buddah-bear-chariots\\\/#primaryimage\",\"url\":\"https:\\\/\\\/510premiumcarts.com\\\/wp-content\\\/uploads\\\/2021\\\/10\\\/Grape-Limeade.jpg\",\"contentUrl\":\"https:\\\/\\\/510premiumcarts.com\\\/wp-content\\\/uploads\\\/2021\\\/10\\\/Grape-Limeade.jpg\",\"width\":1024,\"height\":1024,\"caption\":\"Acheter Grape Limeade Buddah Bear Chariots\"},{\"@type\":\"BreadcrumbList\",\"@id\":\"https:\\\/\\\/510premiumcarts.com\\\/index.php\\\/product\\\/acheter-grape-limeade-buddah-bear-chariots\\\/#breadcrumb\",\"itemListElement\":[{\"@type\":\"ListItem\",\"position\":1,\"name\":\"Home\",\"item\":\"https:\\\/\\\/510premiumcarts.com\\\/\"},{\"@type\":\"ListItem\",\"position\":2,\"name\":\"Marques de vapotage\",\"item\":\"https:\\\/\\\/510premiumcarts.com\\\/index.php\\\/acheter-du-cannabis\\\/\"},{\"@type\":\"ListItem\",\"position\":3,\"name\":\"Grape Limeade\"}]},{\"@type\":\"WebSite\",\"@id\":\"https:\\\/\\\/510premiumcarts.com\\\/#website\",\"url\":\"https:\\\/\\\/510premiumcarts.com\\\/\",\"name\":\"510 Premium Carts\",\"description\":\"Just another WordPress site\",\"potentialAction\":[{\"@type\":\"SearchAction\",\"target\":{\"@type\":\"EntryPoint\",\"urlTemplate\":\"https:\\\/\\\/510premiumcarts.com\\\/?s={search_term_string}\"},\"query-input\":{\"@type\":\"PropertyValueSpecification\",\"valueRequired\":true,\"valueName\":\"search_term_string\"}}],\"inLanguage\":\"fr-FR\"}]}<\/script>\n<!-- \/ Yoast SEO plugin. -->","yoast_head_json":{"title":"Acheter Grape Limeade Buddah Bear Chariots - 510 Premium Carts","description":"Acheter Grape Limeade Buddah Bear Chariots sont remplis de distillat de THC pur et tr\u00e8s puissant. Le distillat poss\u00e8de une puret\u00e9 et une douceur in\u00e9gal\u00e9es","robots":{"index":"index","follow":"follow","max-snippet":"max-snippet:-1","max-image-preview":"max-image-preview:large","max-video-preview":"max-video-preview:-1"},"canonical":"https:\/\/510premiumcarts.com\/index.php\/product\/acheter-grape-limeade-buddah-bear-chariots\/","og_locale":"fr_FR","og_type":"article","og_title":"Acheter Grape Limeade Buddah Bear Chariots - 510 Premium Carts","og_description":"Acheter Grape Limeade Buddah Bear Chariots sont remplis de distillat de THC pur et tr\u00e8s puissant. Le distillat poss\u00e8de une puret\u00e9 et une douceur in\u00e9gal\u00e9es","og_url":"https:\/\/510premiumcarts.com\/index.php\/product\/acheter-grape-limeade-buddah-bear-chariots\/","og_site_name":"510 Premium Carts","article_modified_time":"2023-03-16T09:42:38+00:00","og_image":[{"width":1024,"height":1024,"url":"http:\/\/510premiumcarts.com\/wp-content\/uploads\/2021\/10\/Grape-Limeade.jpg","type":"image\/jpeg"}],"twitter_card":"summary_large_image","twitter_misc":{"Dur\u00e9e de lecture estim\u00e9e":"2 minutes"},"schema":{"@context":"https:\/\/schema.org","@graph":[{"@type":"WebPage","@id":"https:\/\/510premiumcarts.com\/index.php\/product\/acheter-grape-limeade-buddah-bear-chariots\/","url":"https:\/\/510premiumcarts.com\/index.php\/product\/acheter-grape-limeade-buddah-bear-chariots\/","name":"Acheter Grape Limeade Buddah Bear Chariots - 510 Premium Carts","isPartOf":{"@id":"https:\/\/510premiumcarts.com\/#website"},"primaryImageOfPage":{"@id":"https:\/\/510premiumcarts.com\/index.php\/product\/acheter-grape-limeade-buddah-bear-chariots\/#primaryimage"},"image":{"@id":"https:\/\/510premiumcarts.com\/index.php\/product\/acheter-grape-limeade-buddah-bear-chariots\/#primaryimage"},"thumbnailUrl":"https:\/\/510premiumcarts.com\/wp-content\/uploads\/2021\/10\/Grape-Limeade.jpg","datePublished":"2021-10-18T20:27:31+00:00","dateModified":"2023-03-16T09:42:38+00:00","description":"Acheter Grape Limeade Buddah Bear Chariots sont remplis de distillat de THC pur et tr\u00e8s puissant. Le distillat poss\u00e8de une puret\u00e9 et une douceur in\u00e9gal\u00e9es","breadcrumb":{"@id":"https:\/\/510premiumcarts.com\/index.php\/product\/acheter-grape-limeade-buddah-bear-chariots\/#breadcrumb"},"inLanguage":"fr-FR","potentialAction":[{"@type":"ReadAction","target":["https:\/\/510premiumcarts.com\/index.php\/product\/acheter-grape-limeade-buddah-bear-chariots\/"]}]},{"@type":"ImageObject","inLanguage":"fr-FR","@id":"https:\/\/510premiumcarts.com\/index.php\/product\/acheter-grape-limeade-buddah-bear-chariots\/#primaryimage","url":"https:\/\/510premiumcarts.com\/wp-content\/uploads\/2021\/10\/Grape-Limeade.jpg","contentUrl":"https:\/\/510premiumcarts.com\/wp-content\/uploads\/2021\/10\/Grape-Limeade.jpg","width":1024,"height":1024,"caption":"Acheter Grape Limeade Buddah Bear Chariots"},{"@type":"BreadcrumbList","@id":"https:\/\/510premiumcarts.com\/index.php\/product\/acheter-grape-limeade-buddah-bear-chariots\/#breadcrumb","itemListElement":[{"@type":"ListItem","position":1,"name":"Home","item":"https:\/\/510premiumcarts.com\/"},{"@type":"ListItem","position":2,"name":"Marques de vapotage","item":"https:\/\/510premiumcarts.com\/index.php\/acheter-du-cannabis\/"},{"@type":"ListItem","position":3,"name":"Grape Limeade"}]},{"@type":"WebSite","@id":"https:\/\/510premiumcarts.com\/#website","url":"https:\/\/510premiumcarts.com\/","name":"510 Premium Carts","description":"Just another WordPress site","potentialAction":[{"@type":"SearchAction","target":{"@type":"EntryPoint","urlTemplate":"https:\/\/510premiumcarts.com\/?s={search_term_string}"},"query-input":{"@type":"PropertyValueSpecification","valueRequired":true,"valueName":"search_term_string"}}],"inLanguage":"fr-FR"}]}},"jetpack_sharing_enabled":true,"_links":{"self":[{"href":"https:\/\/510premiumcarts.com\/index.php\/wp-json\/wp\/v2\/product\/267","targetHints":{"allow":["GET"]}}],"collection":[{"href":"https:\/\/510premiumcarts.com\/index.php\/wp-json\/wp\/v2\/product"}],"about":[{"href":"https:\/\/510premiumcarts.com\/index.php\/wp-json\/wp\/v2\/types\/product"}],"replies":[{"embeddable":true,"href":"https:\/\/510premiumcarts.com\/index.php\/wp-json\/wp\/v2\/comments?post=267"}],"wp:featuredmedia":[{"embeddable":true,"href":"https:\/\/510premiumcarts.com\/index.php\/wp-json\/wp\/v2\/media\/268"}],"wp:attachment":[{"href":"https:\/\/510premiumcarts.com\/index.php\/wp-json\/wp\/v2\/media?parent=267"}],"wp:term":[{"taxonomy":"product_brand","embeddable":true,"href":"https:\/\/510premiumcarts.com\/index.php\/wp-json\/wp\/v2\/product_brand?post=267"},{"taxonomy":"product_cat","embeddable":true,"href":"https:\/\/510premiumcarts.com\/index.php\/wp-json\/wp\/v2\/product_cat?post=267"},{"taxonomy":"product_tag","embeddable":true,"href":"https:\/\/510premiumcarts.com\/index.php\/wp-json\/wp\/v2\/product_tag?post=267"}],"curies":[{"name":"wp","href":"https:\/\/api.w.org\/{rel}","templated":true}]}}