{"id":269,"date":"2021-10-18T20:30:13","date_gmt":"2021-10-18T20:30:13","guid":{"rendered":"https:\/\/510premiumcarts.com\/?post_type=product&#038;p=269"},"modified":"2023-03-16T09:50:02","modified_gmt":"2023-03-16T09:50:02","slug":"acheter-mango-tango-buddah-bear-chariots","status":"publish","type":"product","link":"https:\/\/510premiumcarts.com\/index.php\/product\/acheter-mango-tango-buddah-bear-chariots\/","title":{"rendered":"Mango Tongo"},"content":{"rendered":"<h1 style=\"text-align: center;\"><a href=\"https:\/\/510premiumcarts.com\/index.php\/product-category\/buddah-bear-carts-for-sale\/\"><span style=\"color: #ffcc00;\">ACHETER MANGO TANGO BUDDAH BEAR CHARIOTS1.1 GRAMMES DE DISTILLAT PREMIUM<\/span><\/a><\/h1>\n<p>Acheter Mango Tango Buddah bear chariots 1,1 gramme de distillat premium ; ils ne contiennent que de l&rsquo;huile de r\u00e9sine vivante pure et des terp\u00e8nes de cannabis ; Leurs r\u00e9sines vivantes sont extraites d&rsquo;une source unique et enrichies d&rsquo;un profil terp\u00e9nique unique qui vous permet de ressentir toute la saveur. Cela vous permet \u00e9galement de profiter des bienfaits de la plante de cannabis. Les chariots d&rsquo;ours Buddah produisent l&rsquo;un des meilleurs concentr\u00e9s du march\u00e9 ; ils sont extraits de petits lots de fleurs biologiques de rose de 510premiumcarts de Californie. Ils sont disponibles \u00e0 un prix abordable.<\/p>\n","protected":false},"excerpt":{"rendered":"<table class=\"woocommerce-product-attributes shop_attributes\">\n<tbody>\n<tr class=\"woocommerce-product-attributes-item woocommerce-product-attributes-item--attribute_flavors\">\n<th class=\"woocommerce-product-attributes-item__label\">Les saveurs<\/th>\n<td class=\"woocommerce-product-attributes-item__value\">Mango Tango (Indica), Watermelon Candy (Sativa), Strawnana (Hybrid), Apple Pie (Sativa), Candy Cake (Hybrid), Honolulu Punch (Hybrid), Clementine (Sativa), Strawberry Lemonade (Sativa), Forbidden Fruit (Indica), Grape Limeade (Sativa), Ice Cream Cake (Indica), Purple Punch (Indica), Blueberry Razz (Indica)<\/td>\n<\/tr>\n<\/tbody>\n<\/table>\n","protected":false},"featured_media":270,"comment_status":"open","ping_status":"closed","template":"","meta":{"_monsterinsights_skip_tracking":false,"_monsterinsights_sitenote_active":false,"_monsterinsights_sitenote_note":"","_monsterinsights_sitenote_category":0},"product_brand":[],"product_cat":[19],"product_tag":[6406,6407,2084,2085,2086,2087,2088,6377,6378,6401,6402,6399,6403,6400,6404,6381,6383,6385,6387,6386,6389,6392,6396,6394,6380,6393,6391,2090,2091,6405,6379,6398,6397,6390,6382,6384,6395,6388],"class_list":{"0":"post-269","1":"product","2":"type-product","3":"status-publish","4":"has-post-thumbnail","6":"product_cat-buddah-bear-vaporisateur-a-vendre","7":"product_tag-1-gramme","8":"product_tag-1-gramme-distillat-de-qualite-superieure","9":"product_tag-buddah-bear-vapes","10":"product_tag-buddah-bear-wax","11":"product_tag-buddah-bear-website","12":"product_tag-buddah-bear-weed","13":"product_tag-buddah-bear-white-runtz","14":"product_tag-buddah-ours","15":"product_tag-buddah-ours-australie","16":"product_tag-buddah-ours-gouter-larc-en-ciel","17":"product_tag-buddah-ours-le","18":"product_tag-buddah-ours-limonade-a-la-fraise","19":"product_tag-buddah-ours-royaume-uni-buddah-bear-usa","20":"product_tag-buddah-ours-sundae-pilote","21":"product_tag-buy-mango-tango-buddah-bear-carts-1-1-grams-premium-distillat","22":"product_tag-cartouche-buddah-ours","23":"product_tag-chariots-buddah-ours","24":"product_tag-chariots-buddah-ours-a-vendre","25":"product_tag-chariots-buddah-ours-reddit","26":"product_tag-chariots-buddah-ours-reels-ou-faux","27":"product_tag-comestibles-dours-de-buddah","28":"product_tag-coup-de-poing-honolulu-dours-de-buddah","29":"product_tag-coup-de-poing-violet-dours-de-buddah","30":"product_tag-emballage-dours-de-buddah","31":"product_tag-emballage-de-chariot-buddah-ours","32":"product_tag-extraits-de-resine-vivante-dours-de-buddah","33":"product_tag-gommes-a-macher-dours-de-buddah-500m","34":"product_tag-mango-tango-buddah-bear","35":"product_tag-mango-tango-buddah-bear-carts","36":"product_tag-mango-tango-buddah-bear-carts-1","37":"product_tag-marque-buddah-ours","38":"product_tag-ours-de-buddah-briser","39":"product_tag-revue-dours-de-buddah","40":"product_tag-saveurs-dours-de-buddah","41":"product_tag-saveurs-de-cartouche-buddah-ours","42":"product_tag-saveurs-de-chariots-buddah-ours","43":"product_tag-stylo-dours-de-buddah","44":"product_tag-test-de-chariots-dours-de-buddah","46":"first","47":"instock","48":"shipping-taxable","49":"purchasable","50":"product-type-simple"},"yoast_head":"<!-- This site is optimized with the Yoast SEO plugin v27.3 - https:\/\/yoast.com\/product\/yoast-seo-wordpress\/ -->\n<title>Acheter MANGO TANGO BUDDAH BEAR CHARIOTS - 510 Premium Carts<\/title>\n<meta name=\"description\" content=\"Acheter MANGO TANGO BUDDAH BEAR CHARIOTS 1,1 gramme de distillat premium ; ils ne contiennent que de l&#039;huile de r\u00e9sine vivante pure et des terp\u00e8nes de\" \/>\n<meta name=\"robots\" content=\"index, follow, max-snippet:-1, max-image-preview:large, max-video-preview:-1\" \/>\n<link rel=\"canonical\" href=\"https:\/\/510premiumcarts.com\/index.php\/product\/acheter-mango-tango-buddah-bear-chariots\/\" \/>\n<meta property=\"og:locale\" content=\"fr_FR\" \/>\n<meta property=\"og:type\" content=\"article\" \/>\n<meta property=\"og:title\" content=\"Acheter MANGO TANGO BUDDAH BEAR CHARIOTS - 510 Premium Carts\" \/>\n<meta property=\"og:description\" content=\"Acheter MANGO TANGO BUDDAH BEAR CHARIOTS 1,1 gramme de distillat premium ; ils ne contiennent que de l&#039;huile de r\u00e9sine vivante pure et des terp\u00e8nes de\" \/>\n<meta property=\"og:url\" content=\"https:\/\/510premiumcarts.com\/index.php\/product\/acheter-mango-tango-buddah-bear-chariots\/\" \/>\n<meta property=\"og:site_name\" content=\"510 Premium Carts\" \/>\n<meta property=\"article:modified_time\" content=\"2023-03-16T09:50:02+00:00\" \/>\n<meta property=\"og:image\" content=\"http:\/\/510premiumcarts.com\/wp-content\/uploads\/2021\/10\/Mango-Tongo.jpg\" \/>\n\t<meta property=\"og:image:width\" content=\"1024\" \/>\n\t<meta property=\"og:image:height\" content=\"1024\" \/>\n\t<meta property=\"og:image:type\" content=\"image\/jpeg\" \/>\n<meta name=\"twitter:card\" content=\"summary_large_image\" \/>\n<meta name=\"twitter:label1\" content=\"Dur\u00e9e de lecture estim\u00e9e\" \/>\n\t<meta name=\"twitter:data1\" content=\"1 minute\" \/>\n<script type=\"application\/ld+json\" class=\"yoast-schema-graph\">{\"@context\":\"https:\\\/\\\/schema.org\",\"@graph\":[{\"@type\":\"WebPage\",\"@id\":\"https:\\\/\\\/510premiumcarts.com\\\/index.php\\\/product\\\/acheter-mango-tango-buddah-bear-chariots\\\/\",\"url\":\"https:\\\/\\\/510premiumcarts.com\\\/index.php\\\/product\\\/acheter-mango-tango-buddah-bear-chariots\\\/\",\"name\":\"Acheter MANGO TANGO BUDDAH BEAR CHARIOTS - 510 Premium Carts\",\"isPartOf\":{\"@id\":\"https:\\\/\\\/510premiumcarts.com\\\/#website\"},\"primaryImageOfPage\":{\"@id\":\"https:\\\/\\\/510premiumcarts.com\\\/index.php\\\/product\\\/acheter-mango-tango-buddah-bear-chariots\\\/#primaryimage\"},\"image\":{\"@id\":\"https:\\\/\\\/510premiumcarts.com\\\/index.php\\\/product\\\/acheter-mango-tango-buddah-bear-chariots\\\/#primaryimage\"},\"thumbnailUrl\":\"https:\\\/\\\/510premiumcarts.com\\\/wp-content\\\/uploads\\\/2021\\\/10\\\/Mango-Tongo.jpg\",\"datePublished\":\"2021-10-18T20:30:13+00:00\",\"dateModified\":\"2023-03-16T09:50:02+00:00\",\"description\":\"Acheter MANGO TANGO BUDDAH BEAR CHARIOTS 1,1 gramme de distillat premium ; ils ne contiennent que de l'huile de r\u00e9sine vivante pure et des terp\u00e8nes de\",\"breadcrumb\":{\"@id\":\"https:\\\/\\\/510premiumcarts.com\\\/index.php\\\/product\\\/acheter-mango-tango-buddah-bear-chariots\\\/#breadcrumb\"},\"inLanguage\":\"fr-FR\",\"potentialAction\":[{\"@type\":\"ReadAction\",\"target\":[\"https:\\\/\\\/510premiumcarts.com\\\/index.php\\\/product\\\/acheter-mango-tango-buddah-bear-chariots\\\/\"]}]},{\"@type\":\"ImageObject\",\"inLanguage\":\"fr-FR\",\"@id\":\"https:\\\/\\\/510premiumcarts.com\\\/index.php\\\/product\\\/acheter-mango-tango-buddah-bear-chariots\\\/#primaryimage\",\"url\":\"https:\\\/\\\/510premiumcarts.com\\\/wp-content\\\/uploads\\\/2021\\\/10\\\/Mango-Tongo.jpg\",\"contentUrl\":\"https:\\\/\\\/510premiumcarts.com\\\/wp-content\\\/uploads\\\/2021\\\/10\\\/Mango-Tongo.jpg\",\"width\":1024,\"height\":1024},{\"@type\":\"BreadcrumbList\",\"@id\":\"https:\\\/\\\/510premiumcarts.com\\\/index.php\\\/product\\\/acheter-mango-tango-buddah-bear-chariots\\\/#breadcrumb\",\"itemListElement\":[{\"@type\":\"ListItem\",\"position\":1,\"name\":\"Home\",\"item\":\"https:\\\/\\\/510premiumcarts.com\\\/\"},{\"@type\":\"ListItem\",\"position\":2,\"name\":\"Marques de vapotage\",\"item\":\"https:\\\/\\\/510premiumcarts.com\\\/index.php\\\/acheter-du-cannabis\\\/\"},{\"@type\":\"ListItem\",\"position\":3,\"name\":\"Mango Tongo\"}]},{\"@type\":\"WebSite\",\"@id\":\"https:\\\/\\\/510premiumcarts.com\\\/#website\",\"url\":\"https:\\\/\\\/510premiumcarts.com\\\/\",\"name\":\"510 Premium Carts\",\"description\":\"Just another WordPress site\",\"potentialAction\":[{\"@type\":\"SearchAction\",\"target\":{\"@type\":\"EntryPoint\",\"urlTemplate\":\"https:\\\/\\\/510premiumcarts.com\\\/?s={search_term_string}\"},\"query-input\":{\"@type\":\"PropertyValueSpecification\",\"valueRequired\":true,\"valueName\":\"search_term_string\"}}],\"inLanguage\":\"fr-FR\"}]}<\/script>\n<!-- \/ Yoast SEO plugin. -->","yoast_head_json":{"title":"Acheter MANGO TANGO BUDDAH BEAR CHARIOTS - 510 Premium Carts","description":"Acheter MANGO TANGO BUDDAH BEAR CHARIOTS 1,1 gramme de distillat premium ; ils ne contiennent que de l'huile de r\u00e9sine vivante pure et des terp\u00e8nes de","robots":{"index":"index","follow":"follow","max-snippet":"max-snippet:-1","max-image-preview":"max-image-preview:large","max-video-preview":"max-video-preview:-1"},"canonical":"https:\/\/510premiumcarts.com\/index.php\/product\/acheter-mango-tango-buddah-bear-chariots\/","og_locale":"fr_FR","og_type":"article","og_title":"Acheter MANGO TANGO BUDDAH BEAR CHARIOTS - 510 Premium Carts","og_description":"Acheter MANGO TANGO BUDDAH BEAR CHARIOTS 1,1 gramme de distillat premium ; ils ne contiennent que de l'huile de r\u00e9sine vivante pure et des terp\u00e8nes de","og_url":"https:\/\/510premiumcarts.com\/index.php\/product\/acheter-mango-tango-buddah-bear-chariots\/","og_site_name":"510 Premium Carts","article_modified_time":"2023-03-16T09:50:02+00:00","og_image":[{"width":1024,"height":1024,"url":"http:\/\/510premiumcarts.com\/wp-content\/uploads\/2021\/10\/Mango-Tongo.jpg","type":"image\/jpeg"}],"twitter_card":"summary_large_image","twitter_misc":{"Dur\u00e9e de lecture estim\u00e9e":"1 minute"},"schema":{"@context":"https:\/\/schema.org","@graph":[{"@type":"WebPage","@id":"https:\/\/510premiumcarts.com\/index.php\/product\/acheter-mango-tango-buddah-bear-chariots\/","url":"https:\/\/510premiumcarts.com\/index.php\/product\/acheter-mango-tango-buddah-bear-chariots\/","name":"Acheter MANGO TANGO BUDDAH BEAR CHARIOTS - 510 Premium Carts","isPartOf":{"@id":"https:\/\/510premiumcarts.com\/#website"},"primaryImageOfPage":{"@id":"https:\/\/510premiumcarts.com\/index.php\/product\/acheter-mango-tango-buddah-bear-chariots\/#primaryimage"},"image":{"@id":"https:\/\/510premiumcarts.com\/index.php\/product\/acheter-mango-tango-buddah-bear-chariots\/#primaryimage"},"thumbnailUrl":"https:\/\/510premiumcarts.com\/wp-content\/uploads\/2021\/10\/Mango-Tongo.jpg","datePublished":"2021-10-18T20:30:13+00:00","dateModified":"2023-03-16T09:50:02+00:00","description":"Acheter MANGO TANGO BUDDAH BEAR CHARIOTS 1,1 gramme de distillat premium ; ils ne contiennent que de l'huile de r\u00e9sine vivante pure et des terp\u00e8nes de","breadcrumb":{"@id":"https:\/\/510premiumcarts.com\/index.php\/product\/acheter-mango-tango-buddah-bear-chariots\/#breadcrumb"},"inLanguage":"fr-FR","potentialAction":[{"@type":"ReadAction","target":["https:\/\/510premiumcarts.com\/index.php\/product\/acheter-mango-tango-buddah-bear-chariots\/"]}]},{"@type":"ImageObject","inLanguage":"fr-FR","@id":"https:\/\/510premiumcarts.com\/index.php\/product\/acheter-mango-tango-buddah-bear-chariots\/#primaryimage","url":"https:\/\/510premiumcarts.com\/wp-content\/uploads\/2021\/10\/Mango-Tongo.jpg","contentUrl":"https:\/\/510premiumcarts.com\/wp-content\/uploads\/2021\/10\/Mango-Tongo.jpg","width":1024,"height":1024},{"@type":"BreadcrumbList","@id":"https:\/\/510premiumcarts.com\/index.php\/product\/acheter-mango-tango-buddah-bear-chariots\/#breadcrumb","itemListElement":[{"@type":"ListItem","position":1,"name":"Home","item":"https:\/\/510premiumcarts.com\/"},{"@type":"ListItem","position":2,"name":"Marques de vapotage","item":"https:\/\/510premiumcarts.com\/index.php\/acheter-du-cannabis\/"},{"@type":"ListItem","position":3,"name":"Mango Tongo"}]},{"@type":"WebSite","@id":"https:\/\/510premiumcarts.com\/#website","url":"https:\/\/510premiumcarts.com\/","name":"510 Premium Carts","description":"Just another WordPress site","potentialAction":[{"@type":"SearchAction","target":{"@type":"EntryPoint","urlTemplate":"https:\/\/510premiumcarts.com\/?s={search_term_string}"},"query-input":{"@type":"PropertyValueSpecification","valueRequired":true,"valueName":"search_term_string"}}],"inLanguage":"fr-FR"}]}},"jetpack_sharing_enabled":true,"_links":{"self":[{"href":"https:\/\/510premiumcarts.com\/index.php\/wp-json\/wp\/v2\/product\/269","targetHints":{"allow":["GET"]}}],"collection":[{"href":"https:\/\/510premiumcarts.com\/index.php\/wp-json\/wp\/v2\/product"}],"about":[{"href":"https:\/\/510premiumcarts.com\/index.php\/wp-json\/wp\/v2\/types\/product"}],"replies":[{"embeddable":true,"href":"https:\/\/510premiumcarts.com\/index.php\/wp-json\/wp\/v2\/comments?post=269"}],"wp:featuredmedia":[{"embeddable":true,"href":"https:\/\/510premiumcarts.com\/index.php\/wp-json\/wp\/v2\/media\/270"}],"wp:attachment":[{"href":"https:\/\/510premiumcarts.com\/index.php\/wp-json\/wp\/v2\/media?parent=269"}],"wp:term":[{"taxonomy":"product_brand","embeddable":true,"href":"https:\/\/510premiumcarts.com\/index.php\/wp-json\/wp\/v2\/product_brand?post=269"},{"taxonomy":"product_cat","embeddable":true,"href":"https:\/\/510premiumcarts.com\/index.php\/wp-json\/wp\/v2\/product_cat?post=269"},{"taxonomy":"product_tag","embeddable":true,"href":"https:\/\/510premiumcarts.com\/index.php\/wp-json\/wp\/v2\/product_tag?post=269"}],"curies":[{"name":"wp","href":"https:\/\/api.w.org\/{rel}","templated":true}]}}