{"id":271,"date":"2021-10-18T20:33:20","date_gmt":"2021-10-18T20:33:20","guid":{"rendered":"https:\/\/510premiumcarts.com\/?post_type=product&#038;p=271"},"modified":"2023-03-16T10:02:42","modified_gmt":"2023-03-16T10:02:42","slug":"ice-cream-cake-buddah-bear-chariots","status":"publish","type":"product","link":"https:\/\/510premiumcarts.com\/index.php\/product\/ice-cream-cake-buddah-bear-chariots\/","title":{"rendered":"Ice cream Cake"},"content":{"rendered":"<h1><span style=\"color: #ffcc00;\"><a style=\"color: #ffcc00;\" href=\"https:\/\/510premiumcarts.com\/\">BUDDAH BEAR CHARIOTS<\/a> <a style=\"color: #ffcc00;\" href=\"https:\/\/dabconnection.com\/reviews\/cartridges\/buddah-bear\/\">UK<\/a><\/span><\/h1>\n<p><strong>BUDDAH BEAR CHARIOTS UK<\/strong><\/p>\n<p>Acheter Buddah Bear chariots En ligne. Les cartouches Buddah Bear Vape\u00a0sont propres, pures et abordables, avec des niveaux de puissance atteignant jusqu&rsquo;\u00e0 85\u00a0% de THC et au-del\u00e0\u00a0!<\/p>\n<p class=\"p1\"><span class=\"s1\">Buddah Bear chariots ne contiennent que de l&rsquo;huile de r\u00e9sine vivante pure et des terp\u00e8nes de cannabis. Il en est ainsi pour un go\u00fbt, une puissance et une qualit\u00e9 de vapeur sup\u00e9rieurs. De plus, leurs r\u00e9sines vivantes sont extraites d&rsquo;une source unique et am\u00e9lior\u00e9es avec le m\u00eame profil terp\u00e9nique unique. Le m\u00eame profil pr\u00e9sent dans la souche d&rsquo;origine, ce qui vous permet de d\u00e9couvrir toute la saveur. Cela vous permet \u00e9galement de profiter des avantages de la plante de cannabis.<\/span><\/p>\n<p class=\"p1\"><span class=\"s1\">Buddah Bear chariots produit certains des meilleurs concentr\u00e9s du march\u00e9. De plus, elles sont extraites de petits lots de fleurs biologiques fra\u00eechement congel\u00e9es cultiv\u00e9es \u00e0 Santa Barbara, en Californie. Leur \u00e9quipe d&rsquo;agriculteurs multig\u00e9n\u00e9rationnels, de scientifiques et de geeks du cannabis se consacre \u00e0 fournir des produits de cannabis propres et accessibles. Aussi \u00e0 un prix abordable.<\/span><\/p>\n<p><strong>BUDDAH BEAR chariots UK<\/strong><\/p>\n<p><span class=\"s1\">Buddah Bear chariots ne contiennent que de l&rsquo;huile de r\u00e9sine vivante pure et des terp\u00e8nes de cannabis. Il en est ainsi pour un go\u00fbt, une puissance et une qualit\u00e9 de vapeur sup\u00e9rieurs. De plus, leurs r\u00e9sines vivantes sont extraites d&rsquo;une source unique et am\u00e9lior\u00e9es avec le m\u00eame profil terp\u00e9nique unique. Le m\u00eame profil pr\u00e9sent dans la souche d&rsquo;origine, ce qui vous permet de d\u00e9couvrir toute la saveur. Cela vous permet \u00e9galement de profiter des avantages de la plante de cannabis<\/span><\/p>\n","protected":false},"excerpt":{"rendered":"<h4>D\u00e9tails de l\u00a0\u00bb emballage<\/h4>\n<blockquote>\n<h4>Type d&rsquo;unit\u00e9 : pi\u00e8ce<br \/>\nTaille du colis : 25cm x 32cm x 5cm (9.84in x 12.60in x 1.97in)<br \/>\nPoids du colis\u00a0: 0,56\u00a0kg (1,23\u00a0lb)<\/h4>\n<\/blockquote>\n","protected":false},"featured_media":272,"comment_status":"open","ping_status":"closed","template":"","meta":{"_monsterinsights_skip_tracking":false,"_monsterinsights_sitenote_active":false,"_monsterinsights_sitenote_note":"","_monsterinsights_sitenote_category":0},"product_brand":[],"product_cat":[19],"product_tag":[6408,2051,2055,2056,6367,2058,2059,6409],"class_list":{"0":"post-271","1":"product","2":"type-product","3":"status-publish","4":"has-post-thumbnail","6":"product_cat-buddah-bear-vaporisateur-a-vendre","7":"product_tag-acheter-buddah-bear-chariots","8":"product_tag-buddah-bear","9":"product_tag-buddah-bear-cartridges-uk","10":"product_tag-buddah-bear-carts","11":"product_tag-buddah-bear-chariots-uk","12":"product_tag-buddah-bear-thc-uk","13":"product_tag-buddah-bear-vape-uk","14":"product_tag-thc-chariots","16":"first","17":"instock","18":"shipping-taxable","19":"purchasable","20":"product-type-simple"},"yoast_head":"<!-- This site is optimized with the Yoast SEO plugin v27.3 - https:\/\/yoast.com\/product\/yoast-seo-wordpress\/ -->\n<title>Ice cream Cake BUDDAH BEAR CHARIOTS - 510 Premium Carts<\/title>\n<meta name=\"description\" content=\"Ice cream Cake BUDDAH BEAR CHARIOTS Les cartouches Buddah Bear Vape\u00a0sont propres, pures et abordables, avec des niveaux de puissance atteignant jusqu&#039;\u00e0\" \/>\n<meta name=\"robots\" content=\"index, follow, max-snippet:-1, max-image-preview:large, max-video-preview:-1\" \/>\n<link rel=\"canonical\" href=\"https:\/\/510premiumcarts.com\/index.php\/product\/ice-cream-cake-buddah-bear-chariots\/\" \/>\n<meta property=\"og:locale\" content=\"fr_FR\" \/>\n<meta property=\"og:type\" content=\"article\" \/>\n<meta property=\"og:title\" content=\"Ice cream Cake BUDDAH BEAR CHARIOTS - 510 Premium Carts\" \/>\n<meta property=\"og:description\" content=\"Ice cream Cake BUDDAH BEAR CHARIOTS Les cartouches Buddah Bear Vape\u00a0sont propres, pures et abordables, avec des niveaux de puissance atteignant jusqu&#039;\u00e0\" \/>\n<meta property=\"og:url\" content=\"https:\/\/510premiumcarts.com\/index.php\/product\/ice-cream-cake-buddah-bear-chariots\/\" \/>\n<meta property=\"og:site_name\" content=\"510 Premium Carts\" \/>\n<meta property=\"article:modified_time\" content=\"2023-03-16T10:02:42+00:00\" \/>\n<meta property=\"og:image\" content=\"http:\/\/510premiumcarts.com\/wp-content\/uploads\/2021\/10\/Ice-Cream-Cake.jpg\" \/>\n\t<meta property=\"og:image:width\" content=\"1024\" \/>\n\t<meta property=\"og:image:height\" content=\"1024\" \/>\n\t<meta property=\"og:image:type\" content=\"image\/jpeg\" \/>\n<meta name=\"twitter:card\" content=\"summary_large_image\" \/>\n<meta name=\"twitter:label1\" content=\"Dur\u00e9e de lecture estim\u00e9e\" \/>\n\t<meta name=\"twitter:data1\" content=\"2 minutes\" \/>\n<script type=\"application\/ld+json\" class=\"yoast-schema-graph\">{\"@context\":\"https:\\\/\\\/schema.org\",\"@graph\":[{\"@type\":\"WebPage\",\"@id\":\"https:\\\/\\\/510premiumcarts.com\\\/index.php\\\/product\\\/ice-cream-cake-buddah-bear-chariots\\\/\",\"url\":\"https:\\\/\\\/510premiumcarts.com\\\/index.php\\\/product\\\/ice-cream-cake-buddah-bear-chariots\\\/\",\"name\":\"Ice cream Cake BUDDAH BEAR CHARIOTS - 510 Premium Carts\",\"isPartOf\":{\"@id\":\"https:\\\/\\\/510premiumcarts.com\\\/#website\"},\"primaryImageOfPage\":{\"@id\":\"https:\\\/\\\/510premiumcarts.com\\\/index.php\\\/product\\\/ice-cream-cake-buddah-bear-chariots\\\/#primaryimage\"},\"image\":{\"@id\":\"https:\\\/\\\/510premiumcarts.com\\\/index.php\\\/product\\\/ice-cream-cake-buddah-bear-chariots\\\/#primaryimage\"},\"thumbnailUrl\":\"https:\\\/\\\/510premiumcarts.com\\\/wp-content\\\/uploads\\\/2021\\\/10\\\/Ice-Cream-Cake.jpg\",\"datePublished\":\"2021-10-18T20:33:20+00:00\",\"dateModified\":\"2023-03-16T10:02:42+00:00\",\"description\":\"Ice cream Cake BUDDAH BEAR CHARIOTS Les cartouches Buddah Bear Vape\u00a0sont propres, pures et abordables, avec des niveaux de puissance atteignant jusqu'\u00e0\",\"breadcrumb\":{\"@id\":\"https:\\\/\\\/510premiumcarts.com\\\/index.php\\\/product\\\/ice-cream-cake-buddah-bear-chariots\\\/#breadcrumb\"},\"inLanguage\":\"fr-FR\",\"potentialAction\":[{\"@type\":\"ReadAction\",\"target\":[\"https:\\\/\\\/510premiumcarts.com\\\/index.php\\\/product\\\/ice-cream-cake-buddah-bear-chariots\\\/\"]}]},{\"@type\":\"ImageObject\",\"inLanguage\":\"fr-FR\",\"@id\":\"https:\\\/\\\/510premiumcarts.com\\\/index.php\\\/product\\\/ice-cream-cake-buddah-bear-chariots\\\/#primaryimage\",\"url\":\"https:\\\/\\\/510premiumcarts.com\\\/wp-content\\\/uploads\\\/2021\\\/10\\\/Ice-Cream-Cake.jpg\",\"contentUrl\":\"https:\\\/\\\/510premiumcarts.com\\\/wp-content\\\/uploads\\\/2021\\\/10\\\/Ice-Cream-Cake.jpg\",\"width\":1024,\"height\":1024,\"caption\":\"Ice cream Cake BUDDAH BEAR CHARIOTS\"},{\"@type\":\"BreadcrumbList\",\"@id\":\"https:\\\/\\\/510premiumcarts.com\\\/index.php\\\/product\\\/ice-cream-cake-buddah-bear-chariots\\\/#breadcrumb\",\"itemListElement\":[{\"@type\":\"ListItem\",\"position\":1,\"name\":\"Home\",\"item\":\"https:\\\/\\\/510premiumcarts.com\\\/\"},{\"@type\":\"ListItem\",\"position\":2,\"name\":\"Marques de vapotage\",\"item\":\"https:\\\/\\\/510premiumcarts.com\\\/index.php\\\/acheter-du-cannabis\\\/\"},{\"@type\":\"ListItem\",\"position\":3,\"name\":\"Ice cream Cake\"}]},{\"@type\":\"WebSite\",\"@id\":\"https:\\\/\\\/510premiumcarts.com\\\/#website\",\"url\":\"https:\\\/\\\/510premiumcarts.com\\\/\",\"name\":\"510 Premium Carts\",\"description\":\"Just another WordPress site\",\"potentialAction\":[{\"@type\":\"SearchAction\",\"target\":{\"@type\":\"EntryPoint\",\"urlTemplate\":\"https:\\\/\\\/510premiumcarts.com\\\/?s={search_term_string}\"},\"query-input\":{\"@type\":\"PropertyValueSpecification\",\"valueRequired\":true,\"valueName\":\"search_term_string\"}}],\"inLanguage\":\"fr-FR\"}]}<\/script>\n<!-- \/ Yoast SEO plugin. -->","yoast_head_json":{"title":"Ice cream Cake BUDDAH BEAR CHARIOTS - 510 Premium Carts","description":"Ice cream Cake BUDDAH BEAR CHARIOTS Les cartouches Buddah Bear Vape\u00a0sont propres, pures et abordables, avec des niveaux de puissance atteignant jusqu'\u00e0","robots":{"index":"index","follow":"follow","max-snippet":"max-snippet:-1","max-image-preview":"max-image-preview:large","max-video-preview":"max-video-preview:-1"},"canonical":"https:\/\/510premiumcarts.com\/index.php\/product\/ice-cream-cake-buddah-bear-chariots\/","og_locale":"fr_FR","og_type":"article","og_title":"Ice cream Cake BUDDAH BEAR CHARIOTS - 510 Premium Carts","og_description":"Ice cream Cake BUDDAH BEAR CHARIOTS Les cartouches Buddah Bear Vape\u00a0sont propres, pures et abordables, avec des niveaux de puissance atteignant jusqu'\u00e0","og_url":"https:\/\/510premiumcarts.com\/index.php\/product\/ice-cream-cake-buddah-bear-chariots\/","og_site_name":"510 Premium Carts","article_modified_time":"2023-03-16T10:02:42+00:00","og_image":[{"width":1024,"height":1024,"url":"http:\/\/510premiumcarts.com\/wp-content\/uploads\/2021\/10\/Ice-Cream-Cake.jpg","type":"image\/jpeg"}],"twitter_card":"summary_large_image","twitter_misc":{"Dur\u00e9e de lecture estim\u00e9e":"2 minutes"},"schema":{"@context":"https:\/\/schema.org","@graph":[{"@type":"WebPage","@id":"https:\/\/510premiumcarts.com\/index.php\/product\/ice-cream-cake-buddah-bear-chariots\/","url":"https:\/\/510premiumcarts.com\/index.php\/product\/ice-cream-cake-buddah-bear-chariots\/","name":"Ice cream Cake BUDDAH BEAR CHARIOTS - 510 Premium Carts","isPartOf":{"@id":"https:\/\/510premiumcarts.com\/#website"},"primaryImageOfPage":{"@id":"https:\/\/510premiumcarts.com\/index.php\/product\/ice-cream-cake-buddah-bear-chariots\/#primaryimage"},"image":{"@id":"https:\/\/510premiumcarts.com\/index.php\/product\/ice-cream-cake-buddah-bear-chariots\/#primaryimage"},"thumbnailUrl":"https:\/\/510premiumcarts.com\/wp-content\/uploads\/2021\/10\/Ice-Cream-Cake.jpg","datePublished":"2021-10-18T20:33:20+00:00","dateModified":"2023-03-16T10:02:42+00:00","description":"Ice cream Cake BUDDAH BEAR CHARIOTS Les cartouches Buddah Bear Vape\u00a0sont propres, pures et abordables, avec des niveaux de puissance atteignant jusqu'\u00e0","breadcrumb":{"@id":"https:\/\/510premiumcarts.com\/index.php\/product\/ice-cream-cake-buddah-bear-chariots\/#breadcrumb"},"inLanguage":"fr-FR","potentialAction":[{"@type":"ReadAction","target":["https:\/\/510premiumcarts.com\/index.php\/product\/ice-cream-cake-buddah-bear-chariots\/"]}]},{"@type":"ImageObject","inLanguage":"fr-FR","@id":"https:\/\/510premiumcarts.com\/index.php\/product\/ice-cream-cake-buddah-bear-chariots\/#primaryimage","url":"https:\/\/510premiumcarts.com\/wp-content\/uploads\/2021\/10\/Ice-Cream-Cake.jpg","contentUrl":"https:\/\/510premiumcarts.com\/wp-content\/uploads\/2021\/10\/Ice-Cream-Cake.jpg","width":1024,"height":1024,"caption":"Ice cream Cake BUDDAH BEAR CHARIOTS"},{"@type":"BreadcrumbList","@id":"https:\/\/510premiumcarts.com\/index.php\/product\/ice-cream-cake-buddah-bear-chariots\/#breadcrumb","itemListElement":[{"@type":"ListItem","position":1,"name":"Home","item":"https:\/\/510premiumcarts.com\/"},{"@type":"ListItem","position":2,"name":"Marques de vapotage","item":"https:\/\/510premiumcarts.com\/index.php\/acheter-du-cannabis\/"},{"@type":"ListItem","position":3,"name":"Ice cream Cake"}]},{"@type":"WebSite","@id":"https:\/\/510premiumcarts.com\/#website","url":"https:\/\/510premiumcarts.com\/","name":"510 Premium Carts","description":"Just another WordPress site","potentialAction":[{"@type":"SearchAction","target":{"@type":"EntryPoint","urlTemplate":"https:\/\/510premiumcarts.com\/?s={search_term_string}"},"query-input":{"@type":"PropertyValueSpecification","valueRequired":true,"valueName":"search_term_string"}}],"inLanguage":"fr-FR"}]}},"jetpack_sharing_enabled":true,"_links":{"self":[{"href":"https:\/\/510premiumcarts.com\/index.php\/wp-json\/wp\/v2\/product\/271","targetHints":{"allow":["GET"]}}],"collection":[{"href":"https:\/\/510premiumcarts.com\/index.php\/wp-json\/wp\/v2\/product"}],"about":[{"href":"https:\/\/510premiumcarts.com\/index.php\/wp-json\/wp\/v2\/types\/product"}],"replies":[{"embeddable":true,"href":"https:\/\/510premiumcarts.com\/index.php\/wp-json\/wp\/v2\/comments?post=271"}],"wp:featuredmedia":[{"embeddable":true,"href":"https:\/\/510premiumcarts.com\/index.php\/wp-json\/wp\/v2\/media\/272"}],"wp:attachment":[{"href":"https:\/\/510premiumcarts.com\/index.php\/wp-json\/wp\/v2\/media?parent=271"}],"wp:term":[{"taxonomy":"product_brand","embeddable":true,"href":"https:\/\/510premiumcarts.com\/index.php\/wp-json\/wp\/v2\/product_brand?post=271"},{"taxonomy":"product_cat","embeddable":true,"href":"https:\/\/510premiumcarts.com\/index.php\/wp-json\/wp\/v2\/product_cat?post=271"},{"taxonomy":"product_tag","embeddable":true,"href":"https:\/\/510premiumcarts.com\/index.php\/wp-json\/wp\/v2\/product_tag?post=271"}],"curies":[{"name":"wp","href":"https:\/\/api.w.org\/{rel}","templated":true}]}}