{"id":37,"date":"2021-10-12T19:04:33","date_gmt":"2021-10-12T19:04:33","guid":{"rendered":"http:\/\/510premiumcarts.com\/?post_type=product&#038;p=37"},"modified":"2023-03-11T08:21:53","modified_gmt":"2023-03-11T08:21:53","slug":"supper-silver-haze","status":"publish","type":"product","link":"https:\/\/510premiumcarts.com\/index.php\/product\/supper-silver-haze\/","title":{"rendered":"Supper Silver Haze"},"content":{"rendered":"<h1 style=\"text-align: center;\"><span style=\"color: #ffcc00;\"><a style=\"color: #ffcc00;\" href=\"http:\/\/510premiumcarts.com\/\"><span style=\"font-size: 110%;\">Acheter Super Silver Haze chez 510 Premium Carts<\/span><\/a><\/span><\/h1>\n<p>Super brume d&rsquo;argent\u00a0| Sativa\u00a0| 1,05\u00a0g\u00a0| Cartouche de vapotage d&rsquo;huile de cannabis de qualit\u00e9 sup\u00e9rieure<\/p>\n<p>Un croisement prim\u00e9 entre Northern Lights, Skunk et Haze, Super Silver Haze poss\u00e8de un high mental \u00e9nergique et \u00e9difiant combin\u00e9 \u00e0 un high corporel de longue dur\u00e9e.<\/p>\n<p>Saveur\u00a0| Agrumes skunky. Notes de fruits tropicaux sucr\u00e9s et d&rsquo;agrumes avec une nuance terreuse.<\/p>\n<p>Effets\u00a0| \u00c9difiant, \u00c9nergisant, R\u00eaveur.<\/p>\n<p>L&rsquo;huile de cannabis Alpine Premium est une huile de cannabis pure distill\u00e9e par des experts qui est fid\u00e8le \u00e0 la souche avec des terp\u00e8nes naturels d\u00e9riv\u00e9s de plantes et sans ar\u00f4mes ajout\u00e9s. Avec plus de 90 % de cannabino\u00efdes dans chaque lot, cette gamme de produits est destin\u00e9e aux consommateurs \u00e0 la recherche de la plus grande puissance.<\/p>\n<div class=\"header-with-tooltip__Header-u4giv3-0 eiwuRd\">\n<h3 class=\"text__Text-fif1uk-0 header-with-tooltip__HeaderText-u4giv3-1 jEDSaF dymlBx\">\u00c0 propos de cette vari\u00e9t\u00e9 : Super Silver Haze<\/h3>\n<\/div>\n<div class=\"text__Text-fif1uk-0 styles__DescriptionBox-subnzp-0 gYmFfk eZEAVj\" data-testid=\"strain about this strain: super silver haze\">\n<div id=\"About-this-strain:-Super-Silver-Haze\">\n<p>Super Silver Haze est un hybride \u00e0 dominance Sativa de la Green House Seed Company d&rsquo;Amsterdam.<\/p>\n<p>Son nom appartenait autrefois \u00e0 une plante des s\u00e9lectionneurs Scott Blakey, alias Shantibaba ; Howard Marks, alias M. Nice\u00a0; et Neville Shoemaker, qui a r\u00e9organis\u00e9 la vari\u00e9t\u00e9 et l&rsquo;a appel\u00e9e Silver Haze apr\u00e8s avoir quitt\u00e9 la soci\u00e9t\u00e9 de semences.<\/p>\n<p>Green House rapporte que la version actuelle de la vari\u00e9t\u00e9 est le r\u00e9sultat du croisement de Shiva avec Northern Lights #5, offert par l&rsquo;\u00e9leveur Sam the Skunkman. La vari\u00e9t\u00e9 a remport\u00e9 trois 1\u00e8res places successives \u00e0 la Cannabis Cup de High Times &#8212; 1\u00e8re Hydro en 1998 et 1\u00e8re place au classement g\u00e9n\u00e9ral en 1998 et 1999. Supper Silver Haze<\/p>\n<p>La soci\u00e9t\u00e9 de semences rapporte que la vari\u00e9t\u00e9 a un profil de terp\u00e8ne \u00e9pic\u00e9-poivr\u00e9 instantan\u00e9ment reconnaissable et un effet puissant et rapide de type Sativa. Il a \u00e9t\u00e9 test\u00e9 \u00e0 19,11 % de THC, 0,17 % de CBD et 0,74 % de CBN. Il est recommand\u00e9 pour traiter la douleur et stimuler l&rsquo;app\u00e9tit.<\/p>\n<\/div>\n<\/div>\n","protected":false},"excerpt":{"rendered":"<p>Acheter Super Silver Haze chez 510 Premium Carts Super brume d&rsquo;argent\u00a0| Sativa\u00a0| 1,05\u00a0g\u00a0| Cartouche de vapotage d&rsquo;huile de cannabis de qualit\u00e9 sup\u00e9rieure Un croisement prim\u00e9 entre Northern Lights, Skunk et Haze, Super Silver Haze poss\u00e8de un high mental \u00e9nergique et \u00e9difiant combin\u00e9 \u00e0 un high corporel de longue dur\u00e9e. Saveur\u00a0| Agrumes skunky. Notes de fruits [&#8230;]\n","protected":false},"featured_media":38,"comment_status":"open","ping_status":"closed","template":"","meta":{"_monsterinsights_skip_tracking":false,"_monsterinsights_sitenote_active":false,"_monsterinsights_sitenote_note":"","_monsterinsights_sitenote_category":0},"product_brand":[],"product_cat":[16],"product_tag":[5452,5425,5418,5476,5447,5466,5468,1391,5473,5464,5453,5454,5455,5469,5409,5410,5414,5413,5475,5424,5406,5426,5430,5457,5486,5487,5412,5434,5432,5491,5492,5493,5474,5463,5417,5481,5489,5416,5449,5427,5462,5438,5429,5437,5485,5444,5445,5443,5415,5460,5450,5440,5431,5490,5442,5422,5420,5494,5428,5461,5497,5467,5484,5471,5496,5448,5441,5423,5472,5483,5479,5446,5451,5456,5458,5459,5465,29,5482,5419,5401,5402,5403,5404,5405,5478,5433,5421,5439,5435,5436,5407,5488,5480,5408,5411,5470,5477,5495],"class_list":{"0":"post-37","1":"product","2":"type-product","3":"status-publish","4":"has-post-thumbnail","6":"product_cat-acheter-alpine-vapor-chariot","7":"product_tag-accessoires-pour-stylo-vape-alpin","8":"product_tag-aide-cartouche-vape-alpine","9":"product_tag-allumer-la-batterie-vape-alpine","10":"product_tag-alp-magasin-de-vape-ine-sur-la-route-de-parker","11":"product_tag-alpin-stylos-a-huile-vape","12":"product_tag-alpin-stylos-vape","13":"product_tag-alpin-vape-ananas-express","14":"product_tag-alpine-carts","15":"product_tag-avis-de-vape-alpine","16":"product_tag-batterie-courte-du-stylo-vape-alpin","17":"product_tag-batterie-de-stylo-vape-alpin","18":"product_tag-batterie-de-stylo-vape-alpin-ne-fonctionne-pas","19":"product_tag-batterie-de-stylo-vape-alpin-rechargeable","20":"product_tag-batterie-de-tuyau-de-vape-alpine","21":"product_tag-batterie-vape-alpine","22":"product_tag-batterie-vape-alpine-amazone","23":"product_tag-batterie-vape-alpine-au-canada","24":"product_tag-batterie-vape-alpine-en-boite","25":"product_tag-boutique-de-vape-alpine","26":"product_tag-cartouche-vape-alpine","27":"product_tag-cartouche-vape-alpine-510","28":"product_tag-cartouche-vape-alpine-jake-herer","29":"product_tag-cartouches-de-vape-alpine","30":"product_tag-chargement-du-stylo-vape-alpin","31":"product_tag-charger-la-batterie-vape-alpine","32":"product_tag-charger-le-stylo-vape-alpin","33":"product_tag-chargeur-de-batterie-vape-alpine","34":"product_tag-chargeur-de-vape-alpine","35":"product_tag-chariots-de-vape-alpine","36":"product_tag-comment-charger-la-batterie-vape-alpine","37":"product_tag-comment-charger-le-stylo-vape-alpin","38":"product_tag-comment-utiliser-le-stylo-vape-alpin","39":"product_tag-configuration-de-vape-alpine","40":"product_tag-critiques-du-stylo-vape-alpin","41":"product_tag-depannage-de-la-batterie-vape-alpine","42":"product_tag-depannage-de-vape-alpine","43":"product_tag-directions-stylo-vape-alpin","44":"product_tag-duree-de-vie-de-la-batterie-vape-alpine","45":"product_tag-examen-de-lhuile-vape-alpine","46":"product_tag-examen-de-la-cartouche-vape-alpine","47":"product_tag-examen-du-stylo-vape-alpin","48":"product_tag-festivals-de-vape-alpine","49":"product_tag-filetage-de-la-cartouche-vape-alpine","50":"product_tag-flacon-compte-gouttes-de-vape-alpine","51":"product_tag-huile-de-vape-alpine-cbd","52":"product_tag-huile-de-vape-alpine-dispensable","53":"product_tag-huile-de-vape-alpine-dispensable-en-ligne","54":"product_tag-huile-de-vape-alpine-sortant-de-lembout-buccal","55":"product_tag-instructions-de-batterie-vape-alpine","56":"product_tag-instructions-du-stylo-vape-alpin","57":"product_tag-julius-orange-vape-alpin","58":"product_tag-kit-de-vape-alpine","59":"product_tag-les-cartouches-de-vape-alpine-fonctionnent","60":"product_tag-les-cartouches-vape-alpines-fonctionnent-elles-avec-la-batterie-brassknuckles","61":"product_tag-logo-de-vape-alpine","62":"product_tag-lumiere-bleue-clignotante-vape-alpine","63":"product_tag-meilleure-vape-alpine-saveurs","64":"product_tag-mes-deux-cartouches-de-vape-alpin-contiennent-le-meme-liquide-de-puissance","65":"product_tag-montre-du-marche-boursier-de-la-cartouche-vape-alpine","66":"product_tag-nicotine-du-stylo-vape-alpin","67":"product_tag-ou-acheter-le-stylo-vape-alpin-90504","68":"product_tag-pesticides-de-vape-alpine","69":"product_tag-pouvez-vous-apporter-des-stylos-vape-alpins-dans-un-avion","70":"product_tag-produits-chimiques-de-vape-alpine-utilises","71":"product_tag-quelle-est-la-tension-du-chargeur-de-batterie-du-stylo-vape-alpin","72":"product_tag-recharges-dhuile-vape-alpine","73":"product_tag-resine-vivante-de-vape-alpine","74":"product_tag-reve-bleu-vape-alpin","75":"product_tag-revue-de-vape-alpine","76":"product_tag-site-web-de-vape-alpine","77":"product_tag-souches-de-vape-alpine","78":"product_tag-stylo-jetable-dhuile-de-vape-alpine","79":"product_tag-stylo-vape-alpin","80":"product_tag-stylo-vape-alpin-clignotant","81":"product_tag-stylo-vape-alpin-hybride","82":"product_tag-stylo-vape-alpin-indica","83":"product_tag-stylo-vape-alpin-trois-clignotements","84":"product_tag-supper-silver-haze","85":"product_tag-temperature-variable-de-vape-alpine","86":"product_tag-tension-de-la-batterie-vape-alpine","87":"product_tag-vape-alpine","88":"product_tag-vape-alpine-recharge","89":"product_tag-vape-alpine-1g","90":"product_tag-vape-alpine-1gr","91":"product_tag-vape-alpine-1gramme","92":"product_tag-vape-alpine-a-cesse-de-frapper","93":"product_tag-vape-alpine-cbd","94":"product_tag-vape-alpine-clignotant-10-fois","95":"product_tag-vape-alpine-comment-recharger","96":"product_tag-vape-alpine-dab","97":"product_tag-vape-alpine-dank","98":"product_tag-vape-alpine-et-tension-de-la-cartouche","99":"product_tag-vape-alpine-la-moins-chere","100":"product_tag-vape-alpine-le-mec","101":"product_tag-vape-alpine-mauvaise","102":"product_tag-vape-alpine-meilleure-temperature-de-la-batterie","103":"product_tag-vape-alpine-popping","104":"product_tag-vape-alpine-sud-pasadena-ca","105":"product_tag-weedmaps-hollywood-vape-alpine","107":"first","108":"instock","109":"shipping-taxable","110":"purchasable","111":"product-type-simple"},"yoast_head":"<!-- This site is optimized with the Yoast SEO plugin v27.3 - https:\/\/yoast.com\/product\/yoast-seo-wordpress\/ -->\n<title>Supper Silver Haze - 510 Premium Carts - Cartouche THC 1050mg<\/title>\n<meta name=\"description\" content=\"Supper Silver Haze Un croisement prim\u00e9 entre Northern Lights, Skunk et Haze, Super Silver Haze poss\u00e8de un esprit \u00e9nergique et \u00e9difiant combin\u00e9 \u00e0 un corps de longue dur\u00e9e\" \/>\n<meta name=\"robots\" content=\"index, follow, max-snippet:-1, max-image-preview:large, max-video-preview:-1\" \/>\n<link rel=\"canonical\" href=\"https:\/\/510premiumcarts.com\/index.php\/product\/supper-silver-haze\/\" \/>\n<meta property=\"og:locale\" content=\"fr_FR\" \/>\n<meta property=\"og:type\" content=\"article\" \/>\n<meta property=\"og:title\" content=\"Supper Silver Haze - 510 Premium Carts - Cartouche THC 1050mg\" \/>\n<meta property=\"og:description\" content=\"Supper Silver Haze Un croisement prim\u00e9 entre Northern Lights, Skunk et Haze, Super Silver Haze poss\u00e8de un esprit \u00e9nergique et \u00e9difiant combin\u00e9 \u00e0 un corps de longue dur\u00e9e\" \/>\n<meta property=\"og:url\" content=\"https:\/\/510premiumcarts.com\/index.php\/product\/supper-silver-haze\/\" \/>\n<meta property=\"og:site_name\" content=\"510 Premium Carts\" \/>\n<meta property=\"article:modified_time\" content=\"2023-03-11T08:21:53+00:00\" \/>\n<meta property=\"og:image\" content=\"http:\/\/510premiumcarts.com\/wp-content\/uploads\/2021\/10\/s5b4ggf7o4g41-scaled.jpg\" \/>\n\t<meta property=\"og:image:width\" content=\"1920\" \/>\n\t<meta property=\"og:image:height\" content=\"2560\" \/>\n\t<meta property=\"og:image:type\" content=\"image\/jpeg\" \/>\n<meta name=\"twitter:card\" content=\"summary_large_image\" \/>\n<meta name=\"twitter:label1\" content=\"Dur\u00e9e de lecture estim\u00e9e\" \/>\n\t<meta name=\"twitter:data1\" content=\"2 minutes\" \/>\n<script type=\"application\/ld+json\" class=\"yoast-schema-graph\">{\"@context\":\"https:\\\/\\\/schema.org\",\"@graph\":[{\"@type\":\"WebPage\",\"@id\":\"https:\\\/\\\/510premiumcarts.com\\\/index.php\\\/product\\\/supper-silver-haze\\\/\",\"url\":\"https:\\\/\\\/510premiumcarts.com\\\/index.php\\\/product\\\/supper-silver-haze\\\/\",\"name\":\"Supper Silver Haze - 510 Premium Carts - Cartouche THC 1050mg\",\"isPartOf\":{\"@id\":\"https:\\\/\\\/510premiumcarts.com\\\/#website\"},\"primaryImageOfPage\":{\"@id\":\"https:\\\/\\\/510premiumcarts.com\\\/index.php\\\/product\\\/supper-silver-haze\\\/#primaryimage\"},\"image\":{\"@id\":\"https:\\\/\\\/510premiumcarts.com\\\/index.php\\\/product\\\/supper-silver-haze\\\/#primaryimage\"},\"thumbnailUrl\":\"https:\\\/\\\/510premiumcarts.com\\\/wp-content\\\/uploads\\\/2021\\\/10\\\/s5b4ggf7o4g41-scaled.jpg\",\"datePublished\":\"2021-10-12T19:04:33+00:00\",\"dateModified\":\"2023-03-11T08:21:53+00:00\",\"description\":\"Supper Silver Haze Un croisement prim\u00e9 entre Northern Lights, Skunk et Haze, Super Silver Haze poss\u00e8de un esprit \u00e9nergique et \u00e9difiant combin\u00e9 \u00e0 un corps de longue dur\u00e9e\",\"breadcrumb\":{\"@id\":\"https:\\\/\\\/510premiumcarts.com\\\/index.php\\\/product\\\/supper-silver-haze\\\/#breadcrumb\"},\"inLanguage\":\"fr-FR\",\"potentialAction\":[{\"@type\":\"ReadAction\",\"target\":[\"https:\\\/\\\/510premiumcarts.com\\\/index.php\\\/product\\\/supper-silver-haze\\\/\"]}]},{\"@type\":\"ImageObject\",\"inLanguage\":\"fr-FR\",\"@id\":\"https:\\\/\\\/510premiumcarts.com\\\/index.php\\\/product\\\/supper-silver-haze\\\/#primaryimage\",\"url\":\"https:\\\/\\\/510premiumcarts.com\\\/wp-content\\\/uploads\\\/2021\\\/10\\\/s5b4ggf7o4g41-scaled.jpg\",\"contentUrl\":\"https:\\\/\\\/510premiumcarts.com\\\/wp-content\\\/uploads\\\/2021\\\/10\\\/s5b4ggf7o4g41-scaled.jpg\",\"width\":1920,\"height\":2560,\"caption\":\"Supper Silver Haze\"},{\"@type\":\"BreadcrumbList\",\"@id\":\"https:\\\/\\\/510premiumcarts.com\\\/index.php\\\/product\\\/supper-silver-haze\\\/#breadcrumb\",\"itemListElement\":[{\"@type\":\"ListItem\",\"position\":1,\"name\":\"Home\",\"item\":\"https:\\\/\\\/510premiumcarts.com\\\/\"},{\"@type\":\"ListItem\",\"position\":2,\"name\":\"Marques de vapotage\",\"item\":\"https:\\\/\\\/510premiumcarts.com\\\/index.php\\\/acheter-du-cannabis\\\/\"},{\"@type\":\"ListItem\",\"position\":3,\"name\":\"Supper Silver Haze\"}]},{\"@type\":\"WebSite\",\"@id\":\"https:\\\/\\\/510premiumcarts.com\\\/#website\",\"url\":\"https:\\\/\\\/510premiumcarts.com\\\/\",\"name\":\"510 Premium Carts\",\"description\":\"Just another WordPress site\",\"potentialAction\":[{\"@type\":\"SearchAction\",\"target\":{\"@type\":\"EntryPoint\",\"urlTemplate\":\"https:\\\/\\\/510premiumcarts.com\\\/?s={search_term_string}\"},\"query-input\":{\"@type\":\"PropertyValueSpecification\",\"valueRequired\":true,\"valueName\":\"search_term_string\"}}],\"inLanguage\":\"fr-FR\"}]}<\/script>\n<!-- \/ Yoast SEO plugin. -->","yoast_head_json":{"title":"Supper Silver Haze - 510 Premium Carts - Cartouche THC 1050mg","description":"Supper Silver Haze Un croisement prim\u00e9 entre Northern Lights, Skunk et Haze, Super Silver Haze poss\u00e8de un esprit \u00e9nergique et \u00e9difiant combin\u00e9 \u00e0 un corps de longue dur\u00e9e","robots":{"index":"index","follow":"follow","max-snippet":"max-snippet:-1","max-image-preview":"max-image-preview:large","max-video-preview":"max-video-preview:-1"},"canonical":"https:\/\/510premiumcarts.com\/index.php\/product\/supper-silver-haze\/","og_locale":"fr_FR","og_type":"article","og_title":"Supper Silver Haze - 510 Premium Carts - Cartouche THC 1050mg","og_description":"Supper Silver Haze Un croisement prim\u00e9 entre Northern Lights, Skunk et Haze, Super Silver Haze poss\u00e8de un esprit \u00e9nergique et \u00e9difiant combin\u00e9 \u00e0 un corps de longue dur\u00e9e","og_url":"https:\/\/510premiumcarts.com\/index.php\/product\/supper-silver-haze\/","og_site_name":"510 Premium Carts","article_modified_time":"2023-03-11T08:21:53+00:00","og_image":[{"width":1920,"height":2560,"url":"http:\/\/510premiumcarts.com\/wp-content\/uploads\/2021\/10\/s5b4ggf7o4g41-scaled.jpg","type":"image\/jpeg"}],"twitter_card":"summary_large_image","twitter_misc":{"Dur\u00e9e de lecture estim\u00e9e":"2 minutes"},"schema":{"@context":"https:\/\/schema.org","@graph":[{"@type":"WebPage","@id":"https:\/\/510premiumcarts.com\/index.php\/product\/supper-silver-haze\/","url":"https:\/\/510premiumcarts.com\/index.php\/product\/supper-silver-haze\/","name":"Supper Silver Haze - 510 Premium Carts - Cartouche THC 1050mg","isPartOf":{"@id":"https:\/\/510premiumcarts.com\/#website"},"primaryImageOfPage":{"@id":"https:\/\/510premiumcarts.com\/index.php\/product\/supper-silver-haze\/#primaryimage"},"image":{"@id":"https:\/\/510premiumcarts.com\/index.php\/product\/supper-silver-haze\/#primaryimage"},"thumbnailUrl":"https:\/\/510premiumcarts.com\/wp-content\/uploads\/2021\/10\/s5b4ggf7o4g41-scaled.jpg","datePublished":"2021-10-12T19:04:33+00:00","dateModified":"2023-03-11T08:21:53+00:00","description":"Supper Silver Haze Un croisement prim\u00e9 entre Northern Lights, Skunk et Haze, Super Silver Haze poss\u00e8de un esprit \u00e9nergique et \u00e9difiant combin\u00e9 \u00e0 un corps de longue dur\u00e9e","breadcrumb":{"@id":"https:\/\/510premiumcarts.com\/index.php\/product\/supper-silver-haze\/#breadcrumb"},"inLanguage":"fr-FR","potentialAction":[{"@type":"ReadAction","target":["https:\/\/510premiumcarts.com\/index.php\/product\/supper-silver-haze\/"]}]},{"@type":"ImageObject","inLanguage":"fr-FR","@id":"https:\/\/510premiumcarts.com\/index.php\/product\/supper-silver-haze\/#primaryimage","url":"https:\/\/510premiumcarts.com\/wp-content\/uploads\/2021\/10\/s5b4ggf7o4g41-scaled.jpg","contentUrl":"https:\/\/510premiumcarts.com\/wp-content\/uploads\/2021\/10\/s5b4ggf7o4g41-scaled.jpg","width":1920,"height":2560,"caption":"Supper Silver Haze"},{"@type":"BreadcrumbList","@id":"https:\/\/510premiumcarts.com\/index.php\/product\/supper-silver-haze\/#breadcrumb","itemListElement":[{"@type":"ListItem","position":1,"name":"Home","item":"https:\/\/510premiumcarts.com\/"},{"@type":"ListItem","position":2,"name":"Marques de vapotage","item":"https:\/\/510premiumcarts.com\/index.php\/acheter-du-cannabis\/"},{"@type":"ListItem","position":3,"name":"Supper Silver Haze"}]},{"@type":"WebSite","@id":"https:\/\/510premiumcarts.com\/#website","url":"https:\/\/510premiumcarts.com\/","name":"510 Premium Carts","description":"Just another WordPress site","potentialAction":[{"@type":"SearchAction","target":{"@type":"EntryPoint","urlTemplate":"https:\/\/510premiumcarts.com\/?s={search_term_string}"},"query-input":{"@type":"PropertyValueSpecification","valueRequired":true,"valueName":"search_term_string"}}],"inLanguage":"fr-FR"}]}},"jetpack_sharing_enabled":true,"_links":{"self":[{"href":"https:\/\/510premiumcarts.com\/index.php\/wp-json\/wp\/v2\/product\/37","targetHints":{"allow":["GET"]}}],"collection":[{"href":"https:\/\/510premiumcarts.com\/index.php\/wp-json\/wp\/v2\/product"}],"about":[{"href":"https:\/\/510premiumcarts.com\/index.php\/wp-json\/wp\/v2\/types\/product"}],"replies":[{"embeddable":true,"href":"https:\/\/510premiumcarts.com\/index.php\/wp-json\/wp\/v2\/comments?post=37"}],"wp:featuredmedia":[{"embeddable":true,"href":"https:\/\/510premiumcarts.com\/index.php\/wp-json\/wp\/v2\/media\/38"}],"wp:attachment":[{"href":"https:\/\/510premiumcarts.com\/index.php\/wp-json\/wp\/v2\/media?parent=37"}],"wp:term":[{"taxonomy":"product_brand","embeddable":true,"href":"https:\/\/510premiumcarts.com\/index.php\/wp-json\/wp\/v2\/product_brand?post=37"},{"taxonomy":"product_cat","embeddable":true,"href":"https:\/\/510premiumcarts.com\/index.php\/wp-json\/wp\/v2\/product_cat?post=37"},{"taxonomy":"product_tag","embeddable":true,"href":"https:\/\/510premiumcarts.com\/index.php\/wp-json\/wp\/v2\/product_tag?post=37"}],"curies":[{"name":"wp","href":"https:\/\/api.w.org\/{rel}","templated":true}]}}