{"id":45,"date":"2021-10-13T07:25:23","date_gmt":"2021-10-13T07:25:23","guid":{"rendered":"http:\/\/510premiumcarts.com\/?post_type=product&#038;p=45"},"modified":"2023-03-11T10:30:15","modified_gmt":"2023-03-11T10:30:15","slug":"acheter-des-chariots-buddah-bear","status":"publish","type":"product","link":"https:\/\/510premiumcarts.com\/index.php\/product\/acheter-des-chariots-buddah-bear\/","title":{"rendered":"Limonade de fraise"},"content":{"rendered":"<h1><a href=\"https:\/\/510premiumcarts.com\/index.php\/product\/acheter-des-chariots-incredible-hulk-en-ligne\/\"><span style=\"color: #ffcc00;\">Acheter des chariots Buddah Bear<\/span><\/a><\/h1>\n<p><a href=\"https:\/\/weedmaps.com\/brands\/category\/vape-pens\">Achetez des chariots Buddah Bear.<\/a> La cartouche de Buddha Bear Carts\u00a0Industries est remplie de distillat de THC pur et tr\u00e8s puissant. Le distillat poss\u00e8de une puret\u00e9 et une douceur in\u00e9gal\u00e9es. Leurs cartouches et leur mat\u00e9riel sont largement disponibles dans tout le sud de la Californie et le nord de la Californie. Buy Buddah Bear industreis distribue tous leurs produits<\/p>\n<h2><strong><span style=\"vertical-align: inherit;\"><span style=\"vertical-align: inherit;\">About Buddha Bear Carts<\/span><\/span><\/strong><\/h2>\n<p>La plupart des Buddha Bear Carts sont des faux. Et il <a href=\"http:\/\/thcvapecartridge.shop\/\">est<\/a> difficile de faire la diff\u00e9rence entre les faux chariots et les l\u00e9gitimes. Si vous recherchez une bonne cartouche d&rsquo;huile, vous \u00eates au bon endroit. Tout le laboratoire <a href=\"https:\/\/www.leafly.com\/news\/strains-products\/what-are-pre-filled-cannabis-oil-vape-cartridges\">Buy Buddha Bear<\/a> Cartridges a go\u00fbt\u00e9. C&rsquo;est donc votre dispensaire en ligne n\u00b01 pour acheter des chariots et des bourgeons. Avec plus de 10 saveurs, vous avez le choix entre de nombreuses options.<\/p>\n<p>Cartouches de r\u00e9sine vivante, vapeur et ar\u00f4me d\u00e9licats, avec l&rsquo;une des meilleures huiles. Buy Buddah Bear Cartridge \u00a0s&rsquo;est av\u00e9r\u00e9 \u00eatre l&rsquo;une des cartouches les plus tri\u00e9es \u00e0 l&rsquo;heure actuelle. Il fournit les vari\u00e9t\u00e9s de saveurs diff\u00e9rentes et contrairement \u00e0 la plupart des chariots ordinaires. <span style=\"color: #ffffff;\">Acheter des chariots Buddah Bear<\/span><\/p>\n<h3>Quels sont les effets des Buddah Bear <a href=\"https:\/\/www.allbud.com\/learn\/story\/how-vape-cannabis-safely\">Carts<\/a>?<\/h3>\n<p>Les effets les plus fr\u00e9quemment rapport\u00e9s des Buddah Bear Carts sont un sentiment de calme ou de relaxation, un soulagement de la douleur ou de l&rsquo;anxi\u00e9t\u00e9 et une am\u00e9lioration globale de l&rsquo;humeur. \u00c0 fortes doses, le CBD peut induire de la somnolence ou du sommeil, mais en petites quantit\u00e9s, il peut en fait avoir l&rsquo;effet inverse, favorisant la vigilance. Voici les effets recherch\u00e9s par la plupart des <a href=\"http:\/\/thcvapecartridge.shop\/shop\/\">utilisateurs<\/a> de CBD\u00a0:<\/p>\n<ul>\n<li>D\u00e9tente ou calme<\/li>\n<li>R\u00e9duction de l&rsquo;anxi\u00e9t\u00e9 et du stress<\/li>\n<li>Am\u00e9lioration de l&rsquo;humeur<\/li>\n<li>Confort<\/li>\n<li>pain de secours<\/li>\n<li>Somnolence (\u00e0 fortes doses)<\/li>\n<li>Vigilance (\u00e0 faible dose)<\/li>\n<\/ul>\n<p><strong>Voici l&rsquo;exp\u00e9rience d&rsquo;un client:<\/strong> \u00a0J&rsquo;ai essay\u00e9 de vaporiser ces chariots. Le high \u00e9tait incroyable de ces chariots. C&rsquo;est le genre de chariots en r\u00e9sine vivante de haute qualit\u00e9 destin\u00e9s aux vip\u00e8res souffrant de probl\u00e8mes de douleur et de stress. Le high de vaporiser ce Buddha Bear Carts \u00e9tait intense et beaucoup plus fort que de fumer de l&rsquo;herbe. Je remarque aussi que le high dure beaucoup plus longtemps.<\/p>\n","protected":false},"excerpt":{"rendered":"<p>Acheter des chariots Buddah Bear Achetez des chariots Buddah Bear. La cartouche de Buddha Bear Carts\u00a0Industries est remplie de distillat de THC pur et tr\u00e8s puissant. Le distillat poss\u00e8de une puret\u00e9 et une douceur in\u00e9gal\u00e9es. Leurs cartouches et leur mat\u00e9riel sont largement disponibles dans tout le sud de la Californie et le nord de la [&#8230;]\n","protected":false},"featured_media":46,"comment_status":"open","ping_status":"closed","template":"","meta":{"_monsterinsights_skip_tracking":false,"_monsterinsights_sitenote_active":false,"_monsterinsights_sitenote_note":"","_monsterinsights_sitenote_category":0},"product_brand":[],"product_cat":[19],"product_tag":[],"class_list":{"0":"post-45","1":"product","2":"type-product","3":"status-publish","4":"has-post-thumbnail","6":"product_cat-buddah-bear-vaporisateur-a-vendre","8":"first","9":"instock","10":"shipping-taxable","11":"purchasable","12":"product-type-simple"},"yoast_head":"<!-- This site is optimized with the Yoast SEO plugin v27.3 - https:\/\/yoast.com\/product\/yoast-seo-wordpress\/ -->\n<title>Acheter des chariots Buddah Bear - 510 Premium Carts - Chariot d&#039;ours de Buddah<\/title>\n<meta name=\"description\" content=\"Acheter des chariots Buddah Bear - Ces cartouches de cannabis Buddah Bear sont les meilleures. Fra\u00eechement sorti de la bo\u00eete, le parfum est agr\u00e9able et fort\" \/>\n<meta name=\"robots\" content=\"index, follow, max-snippet:-1, max-image-preview:large, max-video-preview:-1\" \/>\n<link rel=\"canonical\" href=\"https:\/\/510premiumcarts.com\/index.php\/product\/acheter-des-chariots-buddah-bear\/\" \/>\n<meta property=\"og:locale\" content=\"fr_FR\" \/>\n<meta property=\"og:type\" content=\"article\" \/>\n<meta property=\"og:title\" content=\"Acheter des chariots Buddah Bear - 510 Premium Carts - Chariot d&#039;ours de Buddah\" \/>\n<meta property=\"og:description\" content=\"Acheter des chariots Buddah Bear - Ces cartouches de cannabis Buddah Bear sont les meilleures. Fra\u00eechement sorti de la bo\u00eete, le parfum est agr\u00e9able et fort\" \/>\n<meta property=\"og:url\" content=\"https:\/\/510premiumcarts.com\/index.php\/product\/acheter-des-chariots-buddah-bear\/\" \/>\n<meta property=\"og:site_name\" content=\"510 Premium Carts\" \/>\n<meta property=\"article:modified_time\" content=\"2023-03-11T10:30:15+00:00\" \/>\n<meta property=\"og:image\" content=\"http:\/\/510premiumcarts.com\/wp-content\/uploads\/2021\/10\/Buddha-bear-strawberry-lemonade-sativa-30_1024x1024.jpg\" \/>\n\t<meta property=\"og:image:width\" content=\"1024\" \/>\n\t<meta property=\"og:image:height\" content=\"1024\" \/>\n\t<meta property=\"og:image:type\" content=\"image\/jpeg\" \/>\n<meta name=\"twitter:card\" content=\"summary_large_image\" \/>\n<meta name=\"twitter:label1\" content=\"Dur\u00e9e de lecture estim\u00e9e\" \/>\n\t<meta name=\"twitter:data1\" content=\"2 minutes\" \/>\n<script type=\"application\/ld+json\" class=\"yoast-schema-graph\">{\"@context\":\"https:\\\/\\\/schema.org\",\"@graph\":[{\"@type\":\"WebPage\",\"@id\":\"https:\\\/\\\/510premiumcarts.com\\\/index.php\\\/product\\\/acheter-des-chariots-buddah-bear\\\/\",\"url\":\"https:\\\/\\\/510premiumcarts.com\\\/index.php\\\/product\\\/acheter-des-chariots-buddah-bear\\\/\",\"name\":\"Acheter des chariots Buddah Bear - 510 Premium Carts - Chariot d'ours de Buddah\",\"isPartOf\":{\"@id\":\"https:\\\/\\\/510premiumcarts.com\\\/#website\"},\"primaryImageOfPage\":{\"@id\":\"https:\\\/\\\/510premiumcarts.com\\\/index.php\\\/product\\\/acheter-des-chariots-buddah-bear\\\/#primaryimage\"},\"image\":{\"@id\":\"https:\\\/\\\/510premiumcarts.com\\\/index.php\\\/product\\\/acheter-des-chariots-buddah-bear\\\/#primaryimage\"},\"thumbnailUrl\":\"https:\\\/\\\/510premiumcarts.com\\\/wp-content\\\/uploads\\\/2021\\\/10\\\/Buddha-bear-strawberry-lemonade-sativa-30_1024x1024.jpg\",\"datePublished\":\"2021-10-13T07:25:23+00:00\",\"dateModified\":\"2023-03-11T10:30:15+00:00\",\"description\":\"Acheter des chariots Buddah Bear - Ces cartouches de cannabis Buddah Bear sont les meilleures. Fra\u00eechement sorti de la bo\u00eete, le parfum est agr\u00e9able et fort\",\"breadcrumb\":{\"@id\":\"https:\\\/\\\/510premiumcarts.com\\\/index.php\\\/product\\\/acheter-des-chariots-buddah-bear\\\/#breadcrumb\"},\"inLanguage\":\"fr-FR\",\"potentialAction\":[{\"@type\":\"ReadAction\",\"target\":[\"https:\\\/\\\/510premiumcarts.com\\\/index.php\\\/product\\\/acheter-des-chariots-buddah-bear\\\/\"]}]},{\"@type\":\"ImageObject\",\"inLanguage\":\"fr-FR\",\"@id\":\"https:\\\/\\\/510premiumcarts.com\\\/index.php\\\/product\\\/acheter-des-chariots-buddah-bear\\\/#primaryimage\",\"url\":\"https:\\\/\\\/510premiumcarts.com\\\/wp-content\\\/uploads\\\/2021\\\/10\\\/Buddha-bear-strawberry-lemonade-sativa-30_1024x1024.jpg\",\"contentUrl\":\"https:\\\/\\\/510premiumcarts.com\\\/wp-content\\\/uploads\\\/2021\\\/10\\\/Buddha-bear-strawberry-lemonade-sativa-30_1024x1024.jpg\",\"width\":1024,\"height\":1024,\"caption\":\"Acheter des chariots Buddah Bear\"},{\"@type\":\"BreadcrumbList\",\"@id\":\"https:\\\/\\\/510premiumcarts.com\\\/index.php\\\/product\\\/acheter-des-chariots-buddah-bear\\\/#breadcrumb\",\"itemListElement\":[{\"@type\":\"ListItem\",\"position\":1,\"name\":\"Home\",\"item\":\"https:\\\/\\\/510premiumcarts.com\\\/\"},{\"@type\":\"ListItem\",\"position\":2,\"name\":\"Marques de vapotage\",\"item\":\"https:\\\/\\\/510premiumcarts.com\\\/index.php\\\/acheter-du-cannabis\\\/\"},{\"@type\":\"ListItem\",\"position\":3,\"name\":\"Limonade de fraise\"}]},{\"@type\":\"WebSite\",\"@id\":\"https:\\\/\\\/510premiumcarts.com\\\/#website\",\"url\":\"https:\\\/\\\/510premiumcarts.com\\\/\",\"name\":\"510 Premium Carts\",\"description\":\"Just another WordPress site\",\"potentialAction\":[{\"@type\":\"SearchAction\",\"target\":{\"@type\":\"EntryPoint\",\"urlTemplate\":\"https:\\\/\\\/510premiumcarts.com\\\/?s={search_term_string}\"},\"query-input\":{\"@type\":\"PropertyValueSpecification\",\"valueRequired\":true,\"valueName\":\"search_term_string\"}}],\"inLanguage\":\"fr-FR\"}]}<\/script>\n<!-- \/ Yoast SEO plugin. -->","yoast_head_json":{"title":"Acheter des chariots Buddah Bear - 510 Premium Carts - Chariot d'ours de Buddah","description":"Acheter des chariots Buddah Bear - Ces cartouches de cannabis Buddah Bear sont les meilleures. Fra\u00eechement sorti de la bo\u00eete, le parfum est agr\u00e9able et fort","robots":{"index":"index","follow":"follow","max-snippet":"max-snippet:-1","max-image-preview":"max-image-preview:large","max-video-preview":"max-video-preview:-1"},"canonical":"https:\/\/510premiumcarts.com\/index.php\/product\/acheter-des-chariots-buddah-bear\/","og_locale":"fr_FR","og_type":"article","og_title":"Acheter des chariots Buddah Bear - 510 Premium Carts - Chariot d'ours de Buddah","og_description":"Acheter des chariots Buddah Bear - Ces cartouches de cannabis Buddah Bear sont les meilleures. Fra\u00eechement sorti de la bo\u00eete, le parfum est agr\u00e9able et fort","og_url":"https:\/\/510premiumcarts.com\/index.php\/product\/acheter-des-chariots-buddah-bear\/","og_site_name":"510 Premium Carts","article_modified_time":"2023-03-11T10:30:15+00:00","og_image":[{"width":1024,"height":1024,"url":"http:\/\/510premiumcarts.com\/wp-content\/uploads\/2021\/10\/Buddha-bear-strawberry-lemonade-sativa-30_1024x1024.jpg","type":"image\/jpeg"}],"twitter_card":"summary_large_image","twitter_misc":{"Dur\u00e9e de lecture estim\u00e9e":"2 minutes"},"schema":{"@context":"https:\/\/schema.org","@graph":[{"@type":"WebPage","@id":"https:\/\/510premiumcarts.com\/index.php\/product\/acheter-des-chariots-buddah-bear\/","url":"https:\/\/510premiumcarts.com\/index.php\/product\/acheter-des-chariots-buddah-bear\/","name":"Acheter des chariots Buddah Bear - 510 Premium Carts - Chariot d'ours de Buddah","isPartOf":{"@id":"https:\/\/510premiumcarts.com\/#website"},"primaryImageOfPage":{"@id":"https:\/\/510premiumcarts.com\/index.php\/product\/acheter-des-chariots-buddah-bear\/#primaryimage"},"image":{"@id":"https:\/\/510premiumcarts.com\/index.php\/product\/acheter-des-chariots-buddah-bear\/#primaryimage"},"thumbnailUrl":"https:\/\/510premiumcarts.com\/wp-content\/uploads\/2021\/10\/Buddha-bear-strawberry-lemonade-sativa-30_1024x1024.jpg","datePublished":"2021-10-13T07:25:23+00:00","dateModified":"2023-03-11T10:30:15+00:00","description":"Acheter des chariots Buddah Bear - Ces cartouches de cannabis Buddah Bear sont les meilleures. Fra\u00eechement sorti de la bo\u00eete, le parfum est agr\u00e9able et fort","breadcrumb":{"@id":"https:\/\/510premiumcarts.com\/index.php\/product\/acheter-des-chariots-buddah-bear\/#breadcrumb"},"inLanguage":"fr-FR","potentialAction":[{"@type":"ReadAction","target":["https:\/\/510premiumcarts.com\/index.php\/product\/acheter-des-chariots-buddah-bear\/"]}]},{"@type":"ImageObject","inLanguage":"fr-FR","@id":"https:\/\/510premiumcarts.com\/index.php\/product\/acheter-des-chariots-buddah-bear\/#primaryimage","url":"https:\/\/510premiumcarts.com\/wp-content\/uploads\/2021\/10\/Buddha-bear-strawberry-lemonade-sativa-30_1024x1024.jpg","contentUrl":"https:\/\/510premiumcarts.com\/wp-content\/uploads\/2021\/10\/Buddha-bear-strawberry-lemonade-sativa-30_1024x1024.jpg","width":1024,"height":1024,"caption":"Acheter des chariots Buddah Bear"},{"@type":"BreadcrumbList","@id":"https:\/\/510premiumcarts.com\/index.php\/product\/acheter-des-chariots-buddah-bear\/#breadcrumb","itemListElement":[{"@type":"ListItem","position":1,"name":"Home","item":"https:\/\/510premiumcarts.com\/"},{"@type":"ListItem","position":2,"name":"Marques de vapotage","item":"https:\/\/510premiumcarts.com\/index.php\/acheter-du-cannabis\/"},{"@type":"ListItem","position":3,"name":"Limonade de fraise"}]},{"@type":"WebSite","@id":"https:\/\/510premiumcarts.com\/#website","url":"https:\/\/510premiumcarts.com\/","name":"510 Premium Carts","description":"Just another WordPress site","potentialAction":[{"@type":"SearchAction","target":{"@type":"EntryPoint","urlTemplate":"https:\/\/510premiumcarts.com\/?s={search_term_string}"},"query-input":{"@type":"PropertyValueSpecification","valueRequired":true,"valueName":"search_term_string"}}],"inLanguage":"fr-FR"}]}},"jetpack_sharing_enabled":true,"_links":{"self":[{"href":"https:\/\/510premiumcarts.com\/index.php\/wp-json\/wp\/v2\/product\/45","targetHints":{"allow":["GET"]}}],"collection":[{"href":"https:\/\/510premiumcarts.com\/index.php\/wp-json\/wp\/v2\/product"}],"about":[{"href":"https:\/\/510premiumcarts.com\/index.php\/wp-json\/wp\/v2\/types\/product"}],"replies":[{"embeddable":true,"href":"https:\/\/510premiumcarts.com\/index.php\/wp-json\/wp\/v2\/comments?post=45"}],"wp:featuredmedia":[{"embeddable":true,"href":"https:\/\/510premiumcarts.com\/index.php\/wp-json\/wp\/v2\/media\/46"}],"wp:attachment":[{"href":"https:\/\/510premiumcarts.com\/index.php\/wp-json\/wp\/v2\/media?parent=45"}],"wp:term":[{"taxonomy":"product_brand","embeddable":true,"href":"https:\/\/510premiumcarts.com\/index.php\/wp-json\/wp\/v2\/product_brand?post=45"},{"taxonomy":"product_cat","embeddable":true,"href":"https:\/\/510premiumcarts.com\/index.php\/wp-json\/wp\/v2\/product_cat?post=45"},{"taxonomy":"product_tag","embeddable":true,"href":"https:\/\/510premiumcarts.com\/index.php\/wp-json\/wp\/v2\/product_tag?post=45"}],"curies":[{"name":"wp","href":"https:\/\/api.w.org\/{rel}","templated":true}]}}