{"id":52,"date":"2021-10-13T07:50:55","date_gmt":"2021-10-13T07:50:55","guid":{"rendered":"http:\/\/510premiumcarts.com\/?post_type=product&#038;p=52"},"modified":"2023-03-11T10:44:28","modified_gmt":"2023-03-11T10:44:28","slug":"cookies-tarte-aux-baies","status":"publish","type":"product","link":"https:\/\/510premiumcarts.com\/index.php\/product\/cookies-tarte-aux-baies\/","title":{"rendered":"Cookies &#8211; Tarte aux baies"},"content":{"rendered":"<p>Si vous souhaitez <a href=\"https:\/\/510premiumcarts.com\/index.php\/product\/acheter-des-chariots-incredible-hulk-en-ligne\/\">acheter<\/a> les chariots de cookies high flyers en ligne, vous acc\u00e9dez au bon site. Achetez chez nous une cartouche de vapotage l\u00e9gale contre les mauvaises herbes, car tous les produits \u00e0 base de cannabis, comme les chariots et les vapoteurs, sont test\u00e9s en laboratoire.<\/p>\n<p>Au cas o\u00f9 ce ne serait pas assez horrible, vous pouvez m\u00eame acheter des cartouches vides. Puisque vous avez des cartouches d&#8217;emballage et vides d&rsquo;apparence authentique, vous pouvez y mettre ce que vous voulez. <span style=\"color: #ffffff;\">cookies &#8211; Tarte aux baies<\/span><\/p>\n<p>Vous observerez r\u00e9guli\u00e8rement des photos de fausses marques sur Instagram et d&rsquo;autres destinations m\u00e9diatiques en ligne. Un grand nombre de ces photographies semblent efficaces, mais peu \u00e0 peu, tout est style et sans substance. Il y a des images montrant les cartouches remplies de ce qui semble, de l&rsquo;avis de tous, \u00eatre de l&rsquo;huile de cannabis.<\/p>\n<p>En attendant, la description vous fournit toutes les informations sur les cartouches Cookies et les vape pods. Les cookies ont \u00e0 la fois un pod G Pen Gio et des cartouches standard, une combinaison avec Berner faite avec Grenco Science. L&rsquo;huile des cartouches est fabriqu\u00e9e par \u00ab\u00a0Flyers\u00a0\u00bb en collaboration avec Berner et utilise du vrai mat\u00e9riel C.CELL.<\/p>\n<h3>LA DIFF\u00c9RENCE ENTRE LA VRAIE ET LA FAUX CARTOUCHE DE COOKIES<\/h3>\n<p>Alors, il est temps d&rsquo;apprendre comment cela se compare-t-il aux fausses cartouches Cookies ? Nous allons jeter un coup d&rsquo;oeil. Parce que vous apprenez \u00e0 ce sujet.<\/p>\n<p>Si vous regardez ces emballages, <a href=\"https:\/\/dabconnection.com\/culture\/fake-cookies-cartridges\/\">l&#8217;emballage<\/a> de la r\u00e9alit\u00e9 est <a href=\"https:\/\/cloudclustervape.com\/shop\/\">diff\u00e9rent<\/a> de l&#8217;emballage des faux. quand on voit l&#8217;emballage de celui-ci alors on constate que celui d&rsquo;origine est livr\u00e9 dans une boite, sans que la cartouche ne soit visible. Si vous avez remarqu\u00e9 sur les photos pr\u00e9c\u00e9dentes, il y a un c\u00f4t\u00e9 <a href=\"http:\/\/smartbudscoffeeshop.com\/\">ouvert<\/a> o\u00f9 vous pouvez voir la cartouche \u00e0 l&rsquo;int\u00e9rieur de la bo\u00eete.<\/p>\n<h3>COOKIES EXCLUSIFS THC FAM GENETICS<\/h3>\n<p>Bien que vous ne connaissiez pas les cookies THC Fam Genetics, nous fournissons le THC de quelques souches comme Londen poundcake, sunset sorbet, snowman, lemon et gelato. si vous voulez en savoir plus sur la souche, vous pouvez visiter les autres produits de notre site. <span style=\"color: #ffffff;\">cookies &#8211; Tarte aux baies<\/span><\/p>\n<p>Vous pouvez l&rsquo;utiliser pour les souches suivantes:<\/p>\n<ul>\n<li>Londres PoundCake THC 82%,<\/li>\n<li>Coucher de soleil Sherbert \u00a0THC 82,7 %,<\/li>\n<li>Bonhomme de neige THC 86,4 %,<\/li>\n<li>CitronChello THC 81,8%,<\/li>\n<li>Gelato\u00a0THC 82\u00a0%, Biscuits THC 83,7.<\/li>\n<\/ul>\n<h3>CARACT\u00c9RISTIQUES DE V\u00c9RITABLES COOKIES CARTES<\/h3>\n<ul>\n<li>Capacit\u00e9 : 1,0 ml, 0,8 ml, gramme complet<\/li>\n<li>Bobine : bobine en c\u00e9ramique<\/li>\n<li>Trous d&rsquo;huile : 4*2.0mm<\/li>\n<li>R\u00e9sistance : 1,2-1,4 ohm<\/li>\n<li>Drip Tip : Embout en c\u00e9ramique blanche<\/li>\n<li>Mat\u00e9riel: C\u00e9ramique &amp; Verre &amp; M\u00e9tal<\/li>\n<li>Stylo: chargeur USB stylo gio<\/li>\n<li>Emballage : pack de mousse sans huile, pack sup\u00e9rieur et inf\u00e9rieur s\u00e9par\u00e9ment, facile \u00e0 remplir.<\/li>\n<\/ul>\n<h3>CARACT\u00c9RISTIQUES DE LA BO\u00ceTE D&rsquo;EMBALLAGE DES CARTES\u00a0:<\/h3>\n<p>Avec des autocollants de saveurs et des livraisons de saveurs au hasard!<\/p>\n<ul>\n<li>Colis : D\u00e9pli\u00e9, pour prot\u00e9ger les cartons lors de la livraison.<\/li>\n<li>Autocollants saveur : D\u00e9coll\u00e9s, Auto-adh\u00e9sifs !!!!!<\/li>\n<\/ul>\n<h3>CARTES FLYERS INCLUSES\u00a0:<\/h3>\n<ul>\n<li>Chariots \u00e0 biscuits blancs (Foam Pack)<\/li>\n<li>Mousse EV (Pack s\u00e9par\u00e9ment)<\/li>\n<li>Bo\u00eete en papier (d\u00e9pli\u00e9e)<\/li>\n<li>Autocollant de saveur al\u00e9atoire (emball\u00e9 s\u00e9par\u00e9ment, auto-adh\u00e9sif !!!!!)<\/li>\n<li>Pas un marchand noir<\/li>\n<\/ul>\n","protected":false},"excerpt":{"rendered":"<p>Si vous souhaitez acheter les chariots de cookies high flyers en ligne, vous acc\u00e9dez au bon site. Achetez chez nous une cartouche de vapotage l\u00e9gale contre les mauvaises herbes, car tous les produits \u00e0 base de cannabis, comme les chariots et les vapoteurs, sont test\u00e9s en laboratoire. Au cas o\u00f9 ce ne serait pas assez [&#8230;]\n","protected":false},"featured_media":53,"comment_status":"open","ping_status":"closed","template":"","meta":{"_monsterinsights_skip_tracking":false,"_monsterinsights_sitenote_active":false,"_monsterinsights_sitenote_note":"","_monsterinsights_sitenote_category":0},"product_brand":[],"product_cat":[21],"product_tag":[31],"class_list":{"0":"post-52","1":"product","2":"type-product","3":"status-publish","4":"has-post-thumbnail","6":"product_cat-cookies-high-flyers-chariots","7":"product_tag-cookies-berry-pie","9":"first","10":"instock","11":"shipping-taxable","12":"purchasable","13":"product-type-simple"},"yoast_head":"<!-- This site is optimized with the Yoast SEO plugin v27.4 - https:\/\/yoast.com\/product\/yoast-seo-wordpress\/ -->\n<title>Cookies - Tarte aux baies - 510 Premium Carts - Cookies High Flyers Acheter<\/title>\n<meta name=\"description\" content=\"Cookies - Tarte aux baies - 1000mg THC Cookies High Flyers\u00a0! Cartouches Hybrid Vape de haute qualit\u00e9 \u00e0 frappe douce. Informations Compl\u00e9mentaires\" \/>\n<meta name=\"robots\" content=\"index, follow, max-snippet:-1, max-image-preview:large, max-video-preview:-1\" \/>\n<link rel=\"canonical\" href=\"https:\/\/510premiumcarts.com\/index.php\/product\/cookies-tarte-aux-baies\/\" \/>\n<meta property=\"og:locale\" content=\"fr_FR\" \/>\n<meta property=\"og:type\" content=\"article\" \/>\n<meta property=\"og:title\" content=\"Cookies - Tarte aux baies - 510 Premium Carts - Cookies High Flyers Acheter\" \/>\n<meta property=\"og:description\" content=\"Cookies - Tarte aux baies - 1000mg THC Cookies High Flyers\u00a0! Cartouches Hybrid Vape de haute qualit\u00e9 \u00e0 frappe douce. Informations Compl\u00e9mentaires\" \/>\n<meta property=\"og:url\" content=\"https:\/\/510premiumcarts.com\/index.php\/product\/cookies-tarte-aux-baies\/\" \/>\n<meta property=\"og:site_name\" content=\"510 Premium Carts\" \/>\n<meta property=\"article:modified_time\" content=\"2023-03-11T10:44:28+00:00\" \/>\n<meta property=\"og:image\" content=\"http:\/\/510premiumcarts.com\/wp-content\/uploads\/2021\/10\/1587083335-200413_CK_HRT_Carton_CCell_BerryPie_1000x1000.png\" \/>\n\t<meta property=\"og:image:width\" content=\"1000\" \/>\n\t<meta property=\"og:image:height\" content=\"1000\" \/>\n\t<meta property=\"og:image:type\" content=\"image\/png\" \/>\n<meta name=\"twitter:card\" content=\"summary_large_image\" \/>\n<meta name=\"twitter:label1\" content=\"Dur\u00e9e de lecture estim\u00e9e\" \/>\n\t<meta name=\"twitter:data1\" content=\"3 minutes\" \/>\n<script type=\"application\/ld+json\" class=\"yoast-schema-graph\">{\"@context\":\"https:\\\/\\\/schema.org\",\"@graph\":[{\"@type\":\"WebPage\",\"@id\":\"https:\\\/\\\/510premiumcarts.com\\\/index.php\\\/product\\\/cookies-tarte-aux-baies\\\/\",\"url\":\"https:\\\/\\\/510premiumcarts.com\\\/index.php\\\/product\\\/cookies-tarte-aux-baies\\\/\",\"name\":\"Cookies - Tarte aux baies - 510 Premium Carts - Cookies High Flyers Acheter\",\"isPartOf\":{\"@id\":\"https:\\\/\\\/510premiumcarts.com\\\/#website\"},\"primaryImageOfPage\":{\"@id\":\"https:\\\/\\\/510premiumcarts.com\\\/index.php\\\/product\\\/cookies-tarte-aux-baies\\\/#primaryimage\"},\"image\":{\"@id\":\"https:\\\/\\\/510premiumcarts.com\\\/index.php\\\/product\\\/cookies-tarte-aux-baies\\\/#primaryimage\"},\"thumbnailUrl\":\"https:\\\/\\\/510premiumcarts.com\\\/wp-content\\\/uploads\\\/2021\\\/10\\\/1587083335-200413_CK_HRT_Carton_CCell_BerryPie_1000x1000.png\",\"datePublished\":\"2021-10-13T07:50:55+00:00\",\"dateModified\":\"2023-03-11T10:44:28+00:00\",\"description\":\"Cookies - Tarte aux baies - 1000mg THC Cookies High Flyers\u00a0! Cartouches Hybrid Vape de haute qualit\u00e9 \u00e0 frappe douce. Informations Compl\u00e9mentaires\",\"breadcrumb\":{\"@id\":\"https:\\\/\\\/510premiumcarts.com\\\/index.php\\\/product\\\/cookies-tarte-aux-baies\\\/#breadcrumb\"},\"inLanguage\":\"fr-FR\",\"potentialAction\":[{\"@type\":\"ReadAction\",\"target\":[\"https:\\\/\\\/510premiumcarts.com\\\/index.php\\\/product\\\/cookies-tarte-aux-baies\\\/\"]}]},{\"@type\":\"ImageObject\",\"inLanguage\":\"fr-FR\",\"@id\":\"https:\\\/\\\/510premiumcarts.com\\\/index.php\\\/product\\\/cookies-tarte-aux-baies\\\/#primaryimage\",\"url\":\"https:\\\/\\\/510premiumcarts.com\\\/wp-content\\\/uploads\\\/2021\\\/10\\\/1587083335-200413_CK_HRT_Carton_CCell_BerryPie_1000x1000.png\",\"contentUrl\":\"https:\\\/\\\/510premiumcarts.com\\\/wp-content\\\/uploads\\\/2021\\\/10\\\/1587083335-200413_CK_HRT_Carton_CCell_BerryPie_1000x1000.png\",\"width\":1000,\"height\":1000,\"caption\":\"cookies - Tarte aux baies\"},{\"@type\":\"BreadcrumbList\",\"@id\":\"https:\\\/\\\/510premiumcarts.com\\\/index.php\\\/product\\\/cookies-tarte-aux-baies\\\/#breadcrumb\",\"itemListElement\":[{\"@type\":\"ListItem\",\"position\":1,\"name\":\"Home\",\"item\":\"https:\\\/\\\/510premiumcarts.com\\\/\"},{\"@type\":\"ListItem\",\"position\":2,\"name\":\"Marques de vapotage\",\"item\":\"https:\\\/\\\/510premiumcarts.com\\\/index.php\\\/acheter-du-cannabis\\\/\"},{\"@type\":\"ListItem\",\"position\":3,\"name\":\"Cookies &#8211; Tarte aux baies\"}]},{\"@type\":\"WebSite\",\"@id\":\"https:\\\/\\\/510premiumcarts.com\\\/#website\",\"url\":\"https:\\\/\\\/510premiumcarts.com\\\/\",\"name\":\"510 Premium Carts\",\"description\":\"Just another WordPress site\",\"potentialAction\":[{\"@type\":\"SearchAction\",\"target\":{\"@type\":\"EntryPoint\",\"urlTemplate\":\"https:\\\/\\\/510premiumcarts.com\\\/?s={search_term_string}\"},\"query-input\":{\"@type\":\"PropertyValueSpecification\",\"valueRequired\":true,\"valueName\":\"search_term_string\"}}],\"inLanguage\":\"fr-FR\"}]}<\/script>\n<!-- \/ Yoast SEO plugin. -->","yoast_head_json":{"title":"Cookies - Tarte aux baies - 510 Premium Carts - Cookies High Flyers Acheter","description":"Cookies - Tarte aux baies - 1000mg THC Cookies High Flyers\u00a0! Cartouches Hybrid Vape de haute qualit\u00e9 \u00e0 frappe douce. Informations Compl\u00e9mentaires","robots":{"index":"index","follow":"follow","max-snippet":"max-snippet:-1","max-image-preview":"max-image-preview:large","max-video-preview":"max-video-preview:-1"},"canonical":"https:\/\/510premiumcarts.com\/index.php\/product\/cookies-tarte-aux-baies\/","og_locale":"fr_FR","og_type":"article","og_title":"Cookies - Tarte aux baies - 510 Premium Carts - Cookies High Flyers Acheter","og_description":"Cookies - Tarte aux baies - 1000mg THC Cookies High Flyers\u00a0! Cartouches Hybrid Vape de haute qualit\u00e9 \u00e0 frappe douce. Informations Compl\u00e9mentaires","og_url":"https:\/\/510premiumcarts.com\/index.php\/product\/cookies-tarte-aux-baies\/","og_site_name":"510 Premium Carts","article_modified_time":"2023-03-11T10:44:28+00:00","og_image":[{"width":1000,"height":1000,"url":"http:\/\/510premiumcarts.com\/wp-content\/uploads\/2021\/10\/1587083335-200413_CK_HRT_Carton_CCell_BerryPie_1000x1000.png","type":"image\/png"}],"twitter_card":"summary_large_image","twitter_misc":{"Dur\u00e9e de lecture estim\u00e9e":"3 minutes"},"schema":{"@context":"https:\/\/schema.org","@graph":[{"@type":"WebPage","@id":"https:\/\/510premiumcarts.com\/index.php\/product\/cookies-tarte-aux-baies\/","url":"https:\/\/510premiumcarts.com\/index.php\/product\/cookies-tarte-aux-baies\/","name":"Cookies - Tarte aux baies - 510 Premium Carts - Cookies High Flyers Acheter","isPartOf":{"@id":"https:\/\/510premiumcarts.com\/#website"},"primaryImageOfPage":{"@id":"https:\/\/510premiumcarts.com\/index.php\/product\/cookies-tarte-aux-baies\/#primaryimage"},"image":{"@id":"https:\/\/510premiumcarts.com\/index.php\/product\/cookies-tarte-aux-baies\/#primaryimage"},"thumbnailUrl":"https:\/\/510premiumcarts.com\/wp-content\/uploads\/2021\/10\/1587083335-200413_CK_HRT_Carton_CCell_BerryPie_1000x1000.png","datePublished":"2021-10-13T07:50:55+00:00","dateModified":"2023-03-11T10:44:28+00:00","description":"Cookies - Tarte aux baies - 1000mg THC Cookies High Flyers\u00a0! Cartouches Hybrid Vape de haute qualit\u00e9 \u00e0 frappe douce. Informations Compl\u00e9mentaires","breadcrumb":{"@id":"https:\/\/510premiumcarts.com\/index.php\/product\/cookies-tarte-aux-baies\/#breadcrumb"},"inLanguage":"fr-FR","potentialAction":[{"@type":"ReadAction","target":["https:\/\/510premiumcarts.com\/index.php\/product\/cookies-tarte-aux-baies\/"]}]},{"@type":"ImageObject","inLanguage":"fr-FR","@id":"https:\/\/510premiumcarts.com\/index.php\/product\/cookies-tarte-aux-baies\/#primaryimage","url":"https:\/\/510premiumcarts.com\/wp-content\/uploads\/2021\/10\/1587083335-200413_CK_HRT_Carton_CCell_BerryPie_1000x1000.png","contentUrl":"https:\/\/510premiumcarts.com\/wp-content\/uploads\/2021\/10\/1587083335-200413_CK_HRT_Carton_CCell_BerryPie_1000x1000.png","width":1000,"height":1000,"caption":"cookies - Tarte aux baies"},{"@type":"BreadcrumbList","@id":"https:\/\/510premiumcarts.com\/index.php\/product\/cookies-tarte-aux-baies\/#breadcrumb","itemListElement":[{"@type":"ListItem","position":1,"name":"Home","item":"https:\/\/510premiumcarts.com\/"},{"@type":"ListItem","position":2,"name":"Marques de vapotage","item":"https:\/\/510premiumcarts.com\/index.php\/acheter-du-cannabis\/"},{"@type":"ListItem","position":3,"name":"Cookies &#8211; Tarte aux baies"}]},{"@type":"WebSite","@id":"https:\/\/510premiumcarts.com\/#website","url":"https:\/\/510premiumcarts.com\/","name":"510 Premium Carts","description":"Just another WordPress site","potentialAction":[{"@type":"SearchAction","target":{"@type":"EntryPoint","urlTemplate":"https:\/\/510premiumcarts.com\/?s={search_term_string}"},"query-input":{"@type":"PropertyValueSpecification","valueRequired":true,"valueName":"search_term_string"}}],"inLanguage":"fr-FR"}]}},"jetpack_sharing_enabled":true,"_links":{"self":[{"href":"https:\/\/510premiumcarts.com\/index.php\/wp-json\/wp\/v2\/product\/52","targetHints":{"allow":["GET"]}}],"collection":[{"href":"https:\/\/510premiumcarts.com\/index.php\/wp-json\/wp\/v2\/product"}],"about":[{"href":"https:\/\/510premiumcarts.com\/index.php\/wp-json\/wp\/v2\/types\/product"}],"replies":[{"embeddable":true,"href":"https:\/\/510premiumcarts.com\/index.php\/wp-json\/wp\/v2\/comments?post=52"}],"wp:featuredmedia":[{"embeddable":true,"href":"https:\/\/510premiumcarts.com\/index.php\/wp-json\/wp\/v2\/media\/53"}],"wp:attachment":[{"href":"https:\/\/510premiumcarts.com\/index.php\/wp-json\/wp\/v2\/media?parent=52"}],"wp:term":[{"taxonomy":"product_brand","embeddable":true,"href":"https:\/\/510premiumcarts.com\/index.php\/wp-json\/wp\/v2\/product_brand?post=52"},{"taxonomy":"product_cat","embeddable":true,"href":"https:\/\/510premiumcarts.com\/index.php\/wp-json\/wp\/v2\/product_cat?post=52"},{"taxonomy":"product_tag","embeddable":true,"href":"https:\/\/510premiumcarts.com\/index.php\/wp-json\/wp\/v2\/product_tag?post=52"}],"curies":[{"name":"wp","href":"https:\/\/api.w.org\/{rel}","templated":true}]}}