{"id":54,"date":"2021-10-13T07:55:29","date_gmt":"2021-10-13T07:55:29","guid":{"rendered":"http:\/\/510premiumcarts.com\/?post_type=product&#038;p=54"},"modified":"2023-03-11T10:59:49","modified_gmt":"2023-03-11T10:59:49","slug":"cartouches-dime-1000mg","status":"publish","type":"product","link":"https:\/\/510premiumcarts.com\/index.php\/product\/cartouches-dime-1000mg\/","title":{"rendered":"Cartouches Dime 1000MG"},"content":{"rendered":"<h1 class=\"product-title product_title entry-title\"><a href=\"https:\/\/510premiumcarts.com\/index.php\/product\/acheter-des-chariots-incredible-hulk-en-ligne\/\">Cartouches Dime 1000MG<\/a><\/h1>\n<p>Chez Dime industries, nous nous effor\u00e7ons d&rsquo;apporter les meilleurs articles de qualit\u00e9 et l&rsquo;innovation au secteur du cannabis. \u00c0 partir du 1er janvier, Dime pr\u00e9sentera un nouveau groupement pour la cartouche Dime 1000mg<\/p>\n<p>Le m\u00eame nombre d&rsquo;entre eux ont not\u00e9 que nous avons <a href=\"https:\/\/ogdispensary.org\/product\/jungle-boys-white-wookies\/\">\u00e9galement<\/a> actualis\u00e9 notre offre group\u00e9e sur nos produits jetables de 500\u00a0mg. Il r\u00e9pond actuellement \u00e0 toutes les directives californiennes pour l&rsquo;opposition des jeunes.<\/p>\n<p>Tous les articles sont des cartouches test\u00e9es en laboratoire, exceptionnellement solides, d&rsquo;un gramme complet avec des niveaux \u00e9lev\u00e9s de THC.<span style=\"color: #ffffff;\">Cartouches Dime 1000MG<\/span><\/p>\n<p>les saveurs qui l&rsquo;accompagnent sont accessibles.<\/p>\n<p>G\u00e2teau de mariage<br \/>\nDix cents OG<br \/>\nLe fruit interdit<br \/>\nPast\u00e8que<br \/>\nToux \u00e0 la fraise<br \/>\nP\u00eache Kush<br \/>\nJack Fruit<br \/>\nBubble Gum Kush<br \/>\nBlueberry Lemon Haze<br \/>\nGlace aux pommes<\/p>\n","protected":false},"excerpt":{"rendered":"<p>Cartouches Dime 1000MG Chez Dime industries, nous nous effor\u00e7ons d&rsquo;apporter les meilleurs articles de qualit\u00e9 et l&rsquo;innovation au secteur du cannabis. \u00c0 partir du 1er janvier, Dime pr\u00e9sentera un nouveau groupement pour la cartouche Dime 1000mg Le m\u00eame nombre d&rsquo;entre eux ont not\u00e9 que nous avons \u00e9galement actualis\u00e9 notre offre group\u00e9e sur nos produits jetables [&#8230;]\n","protected":false},"featured_media":55,"comment_status":"open","ping_status":"closed","template":"","meta":{"_monsterinsights_skip_tracking":false,"_monsterinsights_sitenote_active":false,"_monsterinsights_sitenote_note":"","_monsterinsights_sitenote_category":0},"product_brand":[],"product_cat":[22],"product_tag":[],"class_list":{"0":"post-54","1":"product","2":"type-product","3":"status-publish","4":"has-post-thumbnail","6":"product_cat-dime-chariots","8":"first","9":"instock","10":"shipping-taxable","11":"purchasable","12":"product-type-simple"},"yoast_head":"<!-- This site is optimized with the Yoast SEO plugin v27.3 - https:\/\/yoast.com\/product\/yoast-seo-wordpress\/ -->\n<title>Cartouches Dime 1000MG - 510 Premium Carts - STIIIZY - Incredible Hulk<\/title>\n<meta name=\"description\" content=\"Dime Cartridges 1000MG - Named for the Incredible Hulk&#039;s alter ego, Bruce Banner was bred by Los Angeles-based Dark Horse Genetics\" \/>\n<meta name=\"robots\" content=\"index, follow, max-snippet:-1, max-image-preview:large, max-video-preview:-1\" \/>\n<link rel=\"canonical\" href=\"https:\/\/510premiumcarts.com\/index.php\/product\/cartouches-dime-1000mg\/\" \/>\n<meta property=\"og:locale\" content=\"fr_FR\" \/>\n<meta property=\"og:type\" content=\"article\" \/>\n<meta property=\"og:title\" content=\"Cartouches Dime 1000MG - 510 Premium Carts - STIIIZY - Incredible Hulk\" \/>\n<meta property=\"og:description\" content=\"Dime Cartridges 1000MG - Named for the Incredible Hulk&#039;s alter ego, Bruce Banner was bred by Los Angeles-based Dark Horse Genetics\" \/>\n<meta property=\"og:url\" content=\"https:\/\/510premiumcarts.com\/index.php\/product\/cartouches-dime-1000mg\/\" \/>\n<meta property=\"og:site_name\" content=\"510 Premium Carts\" \/>\n<meta property=\"article:modified_time\" content=\"2023-03-11T10:59:49+00:00\" \/>\n<meta property=\"og:image\" content=\"http:\/\/510premiumcarts.com\/wp-content\/uploads\/2021\/10\/dime-tanks.jpg\" \/>\n\t<meta property=\"og:image:width\" content=\"640\" \/>\n\t<meta property=\"og:image:height\" content=\"640\" \/>\n\t<meta property=\"og:image:type\" content=\"image\/jpeg\" \/>\n<meta name=\"twitter:card\" content=\"summary_large_image\" \/>\n<meta name=\"twitter:label1\" content=\"Dur\u00e9e de lecture estim\u00e9e\" \/>\n\t<meta name=\"twitter:data1\" content=\"1 minute\" \/>\n<script type=\"application\/ld+json\" class=\"yoast-schema-graph\">{\"@context\":\"https:\\\/\\\/schema.org\",\"@graph\":[{\"@type\":\"WebPage\",\"@id\":\"https:\\\/\\\/510premiumcarts.com\\\/index.php\\\/product\\\/cartouches-dime-1000mg\\\/\",\"url\":\"https:\\\/\\\/510premiumcarts.com\\\/index.php\\\/product\\\/cartouches-dime-1000mg\\\/\",\"name\":\"Cartouches Dime 1000MG - 510 Premium Carts - STIIIZY - Incredible Hulk\",\"isPartOf\":{\"@id\":\"https:\\\/\\\/510premiumcarts.com\\\/#website\"},\"primaryImageOfPage\":{\"@id\":\"https:\\\/\\\/510premiumcarts.com\\\/index.php\\\/product\\\/cartouches-dime-1000mg\\\/#primaryimage\"},\"image\":{\"@id\":\"https:\\\/\\\/510premiumcarts.com\\\/index.php\\\/product\\\/cartouches-dime-1000mg\\\/#primaryimage\"},\"thumbnailUrl\":\"https:\\\/\\\/510premiumcarts.com\\\/wp-content\\\/uploads\\\/2021\\\/10\\\/dime-tanks.jpg\",\"datePublished\":\"2021-10-13T07:55:29+00:00\",\"dateModified\":\"2023-03-11T10:59:49+00:00\",\"description\":\"Dime Cartridges 1000MG - Named for the Incredible Hulk's alter ego, Bruce Banner was bred by Los Angeles-based Dark Horse Genetics\",\"breadcrumb\":{\"@id\":\"https:\\\/\\\/510premiumcarts.com\\\/index.php\\\/product\\\/cartouches-dime-1000mg\\\/#breadcrumb\"},\"inLanguage\":\"fr-FR\",\"potentialAction\":[{\"@type\":\"ReadAction\",\"target\":[\"https:\\\/\\\/510premiumcarts.com\\\/index.php\\\/product\\\/cartouches-dime-1000mg\\\/\"]}]},{\"@type\":\"ImageObject\",\"inLanguage\":\"fr-FR\",\"@id\":\"https:\\\/\\\/510premiumcarts.com\\\/index.php\\\/product\\\/cartouches-dime-1000mg\\\/#primaryimage\",\"url\":\"https:\\\/\\\/510premiumcarts.com\\\/wp-content\\\/uploads\\\/2021\\\/10\\\/dime-tanks.jpg\",\"contentUrl\":\"https:\\\/\\\/510premiumcarts.com\\\/wp-content\\\/uploads\\\/2021\\\/10\\\/dime-tanks.jpg\",\"width\":640,\"height\":640,\"caption\":\"Cartouches Dime 1000MG\"},{\"@type\":\"BreadcrumbList\",\"@id\":\"https:\\\/\\\/510premiumcarts.com\\\/index.php\\\/product\\\/cartouches-dime-1000mg\\\/#breadcrumb\",\"itemListElement\":[{\"@type\":\"ListItem\",\"position\":1,\"name\":\"Home\",\"item\":\"https:\\\/\\\/510premiumcarts.com\\\/\"},{\"@type\":\"ListItem\",\"position\":2,\"name\":\"Marques de vapotage\",\"item\":\"https:\\\/\\\/510premiumcarts.com\\\/index.php\\\/acheter-du-cannabis\\\/\"},{\"@type\":\"ListItem\",\"position\":3,\"name\":\"Cartouches Dime 1000MG\"}]},{\"@type\":\"WebSite\",\"@id\":\"https:\\\/\\\/510premiumcarts.com\\\/#website\",\"url\":\"https:\\\/\\\/510premiumcarts.com\\\/\",\"name\":\"510 Premium Carts\",\"description\":\"Just another WordPress site\",\"potentialAction\":[{\"@type\":\"SearchAction\",\"target\":{\"@type\":\"EntryPoint\",\"urlTemplate\":\"https:\\\/\\\/510premiumcarts.com\\\/?s={search_term_string}\"},\"query-input\":{\"@type\":\"PropertyValueSpecification\",\"valueRequired\":true,\"valueName\":\"search_term_string\"}}],\"inLanguage\":\"fr-FR\"}]}<\/script>\n<!-- \/ Yoast SEO plugin. -->","yoast_head_json":{"title":"Cartouches Dime 1000MG - 510 Premium Carts - STIIIZY - Incredible Hulk","description":"Dime Cartridges 1000MG - Named for the Incredible Hulk's alter ego, Bruce Banner was bred by Los Angeles-based Dark Horse Genetics","robots":{"index":"index","follow":"follow","max-snippet":"max-snippet:-1","max-image-preview":"max-image-preview:large","max-video-preview":"max-video-preview:-1"},"canonical":"https:\/\/510premiumcarts.com\/index.php\/product\/cartouches-dime-1000mg\/","og_locale":"fr_FR","og_type":"article","og_title":"Cartouches Dime 1000MG - 510 Premium Carts - STIIIZY - Incredible Hulk","og_description":"Dime Cartridges 1000MG - Named for the Incredible Hulk's alter ego, Bruce Banner was bred by Los Angeles-based Dark Horse Genetics","og_url":"https:\/\/510premiumcarts.com\/index.php\/product\/cartouches-dime-1000mg\/","og_site_name":"510 Premium Carts","article_modified_time":"2023-03-11T10:59:49+00:00","og_image":[{"width":640,"height":640,"url":"http:\/\/510premiumcarts.com\/wp-content\/uploads\/2021\/10\/dime-tanks.jpg","type":"image\/jpeg"}],"twitter_card":"summary_large_image","twitter_misc":{"Dur\u00e9e de lecture estim\u00e9e":"1 minute"},"schema":{"@context":"https:\/\/schema.org","@graph":[{"@type":"WebPage","@id":"https:\/\/510premiumcarts.com\/index.php\/product\/cartouches-dime-1000mg\/","url":"https:\/\/510premiumcarts.com\/index.php\/product\/cartouches-dime-1000mg\/","name":"Cartouches Dime 1000MG - 510 Premium Carts - STIIIZY - Incredible Hulk","isPartOf":{"@id":"https:\/\/510premiumcarts.com\/#website"},"primaryImageOfPage":{"@id":"https:\/\/510premiumcarts.com\/index.php\/product\/cartouches-dime-1000mg\/#primaryimage"},"image":{"@id":"https:\/\/510premiumcarts.com\/index.php\/product\/cartouches-dime-1000mg\/#primaryimage"},"thumbnailUrl":"https:\/\/510premiumcarts.com\/wp-content\/uploads\/2021\/10\/dime-tanks.jpg","datePublished":"2021-10-13T07:55:29+00:00","dateModified":"2023-03-11T10:59:49+00:00","description":"Dime Cartridges 1000MG - Named for the Incredible Hulk's alter ego, Bruce Banner was bred by Los Angeles-based Dark Horse Genetics","breadcrumb":{"@id":"https:\/\/510premiumcarts.com\/index.php\/product\/cartouches-dime-1000mg\/#breadcrumb"},"inLanguage":"fr-FR","potentialAction":[{"@type":"ReadAction","target":["https:\/\/510premiumcarts.com\/index.php\/product\/cartouches-dime-1000mg\/"]}]},{"@type":"ImageObject","inLanguage":"fr-FR","@id":"https:\/\/510premiumcarts.com\/index.php\/product\/cartouches-dime-1000mg\/#primaryimage","url":"https:\/\/510premiumcarts.com\/wp-content\/uploads\/2021\/10\/dime-tanks.jpg","contentUrl":"https:\/\/510premiumcarts.com\/wp-content\/uploads\/2021\/10\/dime-tanks.jpg","width":640,"height":640,"caption":"Cartouches Dime 1000MG"},{"@type":"BreadcrumbList","@id":"https:\/\/510premiumcarts.com\/index.php\/product\/cartouches-dime-1000mg\/#breadcrumb","itemListElement":[{"@type":"ListItem","position":1,"name":"Home","item":"https:\/\/510premiumcarts.com\/"},{"@type":"ListItem","position":2,"name":"Marques de vapotage","item":"https:\/\/510premiumcarts.com\/index.php\/acheter-du-cannabis\/"},{"@type":"ListItem","position":3,"name":"Cartouches Dime 1000MG"}]},{"@type":"WebSite","@id":"https:\/\/510premiumcarts.com\/#website","url":"https:\/\/510premiumcarts.com\/","name":"510 Premium Carts","description":"Just another WordPress site","potentialAction":[{"@type":"SearchAction","target":{"@type":"EntryPoint","urlTemplate":"https:\/\/510premiumcarts.com\/?s={search_term_string}"},"query-input":{"@type":"PropertyValueSpecification","valueRequired":true,"valueName":"search_term_string"}}],"inLanguage":"fr-FR"}]}},"jetpack_sharing_enabled":true,"_links":{"self":[{"href":"https:\/\/510premiumcarts.com\/index.php\/wp-json\/wp\/v2\/product\/54","targetHints":{"allow":["GET"]}}],"collection":[{"href":"https:\/\/510premiumcarts.com\/index.php\/wp-json\/wp\/v2\/product"}],"about":[{"href":"https:\/\/510premiumcarts.com\/index.php\/wp-json\/wp\/v2\/types\/product"}],"replies":[{"embeddable":true,"href":"https:\/\/510premiumcarts.com\/index.php\/wp-json\/wp\/v2\/comments?post=54"}],"wp:featuredmedia":[{"embeddable":true,"href":"https:\/\/510premiumcarts.com\/index.php\/wp-json\/wp\/v2\/media\/55"}],"wp:attachment":[{"href":"https:\/\/510premiumcarts.com\/index.php\/wp-json\/wp\/v2\/media?parent=54"}],"wp:term":[{"taxonomy":"product_brand","embeddable":true,"href":"https:\/\/510premiumcarts.com\/index.php\/wp-json\/wp\/v2\/product_brand?post=54"},{"taxonomy":"product_cat","embeddable":true,"href":"https:\/\/510premiumcarts.com\/index.php\/wp-json\/wp\/v2\/product_cat?post=54"},{"taxonomy":"product_tag","embeddable":true,"href":"https:\/\/510premiumcarts.com\/index.php\/wp-json\/wp\/v2\/product_tag?post=54"}],"curies":[{"name":"wp","href":"https:\/\/api.w.org\/{rel}","templated":true}]}}