{"id":56,"date":"2021-10-13T08:07:11","date_gmt":"2021-10-13T08:07:11","guid":{"rendered":"http:\/\/510premiumcarts.com\/?post_type=product&#038;p=56"},"modified":"2023-03-11T11:18:31","modified_gmt":"2023-03-11T11:18:31","slug":"mangue-og-1g-483-cartouche-de-resine-vivante","status":"publish","type":"product","link":"https:\/\/510premiumcarts.com\/index.php\/product\/mangue-og-1g-483-cartouche-de-resine-vivante\/","title":{"rendered":"Mangue OG"},"content":{"rendered":"<h1 class=\"text__Text-fif1uk-0 bglQdz\"><a href=\"https:\/\/510premiumcarts.com\/index.php\/acheter-du-cannabis\/\"><span style=\"color: #ffcc00;\">Mangue OG 1g 483 Cartouche de r\u00e9sine vivante<\/span><\/a><\/h1>\n<p>Hitters 483 Live Resin est riche en terp\u00e8nes et en cannabino\u00efdes pour un profil gustatif complet. Avec cette nouvelle gamme de chariots 1g, nous c\u00e9l\u00e9brons les 483 compos\u00e9s qui ont \u00e9t\u00e9 identifi\u00e9s dans cette plante \u00e9tonnante !<\/p>\n<p>Chaque lot de 483 Live Resin est fabriqu\u00e9 \u00e0 partir d&rsquo;ingr\u00e9dients <a href=\"https:\/\/www.weedonlineaustralia.com\/\">exclusivement<\/a> d\u00e9riv\u00e9s du cannabis provenant de nos producteurs pr\u00e9f\u00e9r\u00e9s \u00e0 travers l&rsquo;\u00c9tat. La fleur enti\u00e8re est fra\u00eechement congel\u00e9e directement apr\u00e8s la r\u00e9colte sans temps de durcissement. Il est ensuite extrait \u00e0 des temp\u00e9ratures inf\u00e9rieures \u00e0 z\u00e9ro et \u00e0 des temp\u00e9ratures critiques \u00e9lev\u00e9es tout au long du processus, ce qui entra\u00eene une r\u00e9tention \u00e9lev\u00e9e des terp\u00e8nes et du profil gustatif, puis m\u00e9lang\u00e9 avec un distillat \u00e0 haute teneur en THC pour continuer \u00e0 vous offrir le meilleur go\u00fbt et l&rsquo;effet agr\u00e9able que vous aimez. Les gros frappeurs. Mangue OG 1g 483 Cartouche de r\u00e9sine vivante<\/p>\n<p><strong>Type de vari\u00e9t\u00e9\u00a0:<\/strong>\u00a0Indica<\/p>\n<p><strong>Profil de go\u00fbt: <\/strong>Mangue fra\u00eechement pel\u00e9e avec une note terreuse<\/p>\n<p><strong>Profil d&rsquo;effet:<\/strong>\u00a0marcher sur la plage lorsque le soleil vous frappe juste pour cette relaxation super profonde<\/p>\n<p><strong>Parfait pour:<\/strong> sommeil profond, collations, siestes dans un hamac<\/p>\n<div class=\"header-with-tooltip__Header-u4giv3-0 eiwuRd\">\n<h3 class=\"text__Text-fif1uk-0 header-with-tooltip__HeaderText-u4giv3-1 jEDSaF dymlBx\">\u00c0 propos de cette souche: Mangue OG<\/h3>\n<\/div>\n<div class=\"text__Text-fif1uk-0 styles__DescriptionBox-subnzp-0 gYmFfk eZEAVj\" data-testid=\"strain about this strain: mango og\">\n<div id=\"About-this-strain:-Mango-OG\">\n<p>L&rsquo;histoire est que Mangue OG a \u00e9t\u00e9 cr\u00e9\u00e9 au Colorado par deux fr\u00e8res aux prises avec les effets secondaires d\u00e9vastateurs de la chimioth\u00e9rapie. Les rapports en ligne indiquent que c&rsquo;est un croisement de Mangue Haze et SFV OG pour cr\u00e9er un cultivar qui se situe \u00e0 l&rsquo;extr\u00e9mit\u00e9 m\u00e9dicinale du spectre, avec des niveaux de THC relativement doux.<\/p>\n<p>Ailleurs en ligne, Mangue OG serait une vari\u00e9t\u00e9 \u00e0 65 % indica et \u00e0 35 % sativa qui pousse mieux \u00e0 l&rsquo;int\u00e9rieur en utilisant la m\u00e9thode Screen of Green (ScrOG) pour produire des fleurs en sept \u00e0 neuf semaines avec un rendement mod\u00e9r\u00e9. Parce qu&rsquo;il est si rare, les producteurs pourraient avoir des difficult\u00e9s \u00e0 trouver plus d&rsquo;informations concernant sa culture. Avec un go\u00fbt sucr\u00e9 et fruit\u00e9 et un ar\u00f4me terreux semblable \u00e0 du carburant, les propri\u00e9t\u00e9s m\u00e9dicinales de Mangue OG seraient bonnes pour une vari\u00e9t\u00e9 d&rsquo;effets, en particulier pour soulager la douleur.<\/p>\n<\/div>\n<\/div>\n","protected":false},"excerpt":{"rendered":"<p>Mangue OG 1g 483 Cartouche de r\u00e9sine vivante Hitters 483 Live Resin est riche en terp\u00e8nes et en cannabino\u00efdes pour un profil gustatif complet. Avec cette nouvelle gamme de chariots 1g, nous c\u00e9l\u00e9brons les 483 compos\u00e9s qui ont \u00e9t\u00e9 identifi\u00e9s dans cette plante \u00e9tonnante ! Chaque lot de 483 Live Resin est fabriqu\u00e9 \u00e0 partir [&#8230;]\n","protected":false},"featured_media":57,"comment_status":"open","ping_status":"closed","template":"","meta":{"_monsterinsights_skip_tracking":false,"_monsterinsights_sitenote_active":false,"_monsterinsights_sitenote_note":"","_monsterinsights_sitenote_category":0},"product_brand":[],"product_cat":[23],"product_tag":[5592],"class_list":{"0":"post-56","1":"product","2":"type-product","3":"status-publish","4":"has-post-thumbnail","6":"product_cat-heavy-hitters-chariots","7":"product_tag-mangue-og-1g-483-cartouche-de-resine-vivante","9":"first","10":"instock","11":"shipping-taxable","12":"purchasable","13":"product-type-simple"},"yoast_head":"<!-- This site is optimized with the Yoast SEO plugin v27.3 - https:\/\/yoast.com\/product\/yoast-seo-wordpress\/ -->\n<title>Mangue OG 1g 483 Cartouche de r\u00e9sine vivante - 510 Premium Carts<\/title>\n<meta name=\"description\" content=\"Mangue OG 1g 483 Live Resin Cartridge L&#039;histoire est que Mango OG a \u00e9t\u00e9 cr\u00e9\u00e9 dans le Colorado par une paire de fr\u00e8res aux prises avec les effets secondaires\" \/>\n<meta name=\"robots\" content=\"index, follow, max-snippet:-1, max-image-preview:large, max-video-preview:-1\" \/>\n<link rel=\"canonical\" href=\"https:\/\/510premiumcarts.com\/index.php\/product\/mangue-og-1g-483-cartouche-de-resine-vivante\/\" \/>\n<meta property=\"og:locale\" content=\"fr_FR\" \/>\n<meta property=\"og:type\" content=\"article\" \/>\n<meta property=\"og:title\" content=\"Mangue OG 1g 483 Cartouche de r\u00e9sine vivante - 510 Premium Carts\" \/>\n<meta property=\"og:description\" content=\"Mangue OG 1g 483 Live Resin Cartridge L&#039;histoire est que Mango OG a \u00e9t\u00e9 cr\u00e9\u00e9 dans le Colorado par une paire de fr\u00e8res aux prises avec les effets secondaires\" \/>\n<meta property=\"og:url\" content=\"https:\/\/510premiumcarts.com\/index.php\/product\/mangue-og-1g-483-cartouche-de-resine-vivante\/\" \/>\n<meta property=\"og:site_name\" content=\"510 Premium Carts\" \/>\n<meta property=\"article:modified_time\" content=\"2023-03-11T11:18:31+00:00\" \/>\n<meta property=\"og:image\" content=\"http:\/\/510premiumcarts.com\/wp-content\/uploads\/2021\/10\/260190_IMG_1751-1_copy.jpg\" \/>\n\t<meta property=\"og:image:width\" content=\"640\" \/>\n\t<meta property=\"og:image:height\" content=\"640\" \/>\n\t<meta property=\"og:image:type\" content=\"image\/jpeg\" \/>\n<meta name=\"twitter:card\" content=\"summary_large_image\" \/>\n<meta name=\"twitter:label1\" content=\"Dur\u00e9e de lecture estim\u00e9e\" \/>\n\t<meta name=\"twitter:data1\" content=\"2 minutes\" \/>\n<script type=\"application\/ld+json\" class=\"yoast-schema-graph\">{\"@context\":\"https:\\\/\\\/schema.org\",\"@graph\":[{\"@type\":\"WebPage\",\"@id\":\"https:\\\/\\\/510premiumcarts.com\\\/index.php\\\/product\\\/mangue-og-1g-483-cartouche-de-resine-vivante\\\/\",\"url\":\"https:\\\/\\\/510premiumcarts.com\\\/index.php\\\/product\\\/mangue-og-1g-483-cartouche-de-resine-vivante\\\/\",\"name\":\"Mangue OG 1g 483 Cartouche de r\u00e9sine vivante - 510 Premium Carts\",\"isPartOf\":{\"@id\":\"https:\\\/\\\/510premiumcarts.com\\\/#website\"},\"primaryImageOfPage\":{\"@id\":\"https:\\\/\\\/510premiumcarts.com\\\/index.php\\\/product\\\/mangue-og-1g-483-cartouche-de-resine-vivante\\\/#primaryimage\"},\"image\":{\"@id\":\"https:\\\/\\\/510premiumcarts.com\\\/index.php\\\/product\\\/mangue-og-1g-483-cartouche-de-resine-vivante\\\/#primaryimage\"},\"thumbnailUrl\":\"https:\\\/\\\/510premiumcarts.com\\\/wp-content\\\/uploads\\\/2021\\\/10\\\/260190_IMG_1751-1_copy.jpg\",\"datePublished\":\"2021-10-13T08:07:11+00:00\",\"dateModified\":\"2023-03-11T11:18:31+00:00\",\"description\":\"Mangue OG 1g 483 Live Resin Cartridge L'histoire est que Mango OG a \u00e9t\u00e9 cr\u00e9\u00e9 dans le Colorado par une paire de fr\u00e8res aux prises avec les effets secondaires\",\"breadcrumb\":{\"@id\":\"https:\\\/\\\/510premiumcarts.com\\\/index.php\\\/product\\\/mangue-og-1g-483-cartouche-de-resine-vivante\\\/#breadcrumb\"},\"inLanguage\":\"fr-FR\",\"potentialAction\":[{\"@type\":\"ReadAction\",\"target\":[\"https:\\\/\\\/510premiumcarts.com\\\/index.php\\\/product\\\/mangue-og-1g-483-cartouche-de-resine-vivante\\\/\"]}]},{\"@type\":\"ImageObject\",\"inLanguage\":\"fr-FR\",\"@id\":\"https:\\\/\\\/510premiumcarts.com\\\/index.php\\\/product\\\/mangue-og-1g-483-cartouche-de-resine-vivante\\\/#primaryimage\",\"url\":\"https:\\\/\\\/510premiumcarts.com\\\/wp-content\\\/uploads\\\/2021\\\/10\\\/260190_IMG_1751-1_copy.jpg\",\"contentUrl\":\"https:\\\/\\\/510premiumcarts.com\\\/wp-content\\\/uploads\\\/2021\\\/10\\\/260190_IMG_1751-1_copy.jpg\",\"width\":640,\"height\":640,\"caption\":\"Mango OG 1g 483 Live Resin Cartridge\"},{\"@type\":\"BreadcrumbList\",\"@id\":\"https:\\\/\\\/510premiumcarts.com\\\/index.php\\\/product\\\/mangue-og-1g-483-cartouche-de-resine-vivante\\\/#breadcrumb\",\"itemListElement\":[{\"@type\":\"ListItem\",\"position\":1,\"name\":\"Home\",\"item\":\"https:\\\/\\\/510premiumcarts.com\\\/\"},{\"@type\":\"ListItem\",\"position\":2,\"name\":\"Marques de vapotage\",\"item\":\"https:\\\/\\\/510premiumcarts.com\\\/index.php\\\/acheter-du-cannabis\\\/\"},{\"@type\":\"ListItem\",\"position\":3,\"name\":\"Mangue OG\"}]},{\"@type\":\"WebSite\",\"@id\":\"https:\\\/\\\/510premiumcarts.com\\\/#website\",\"url\":\"https:\\\/\\\/510premiumcarts.com\\\/\",\"name\":\"510 Premium Carts\",\"description\":\"Just another WordPress site\",\"potentialAction\":[{\"@type\":\"SearchAction\",\"target\":{\"@type\":\"EntryPoint\",\"urlTemplate\":\"https:\\\/\\\/510premiumcarts.com\\\/?s={search_term_string}\"},\"query-input\":{\"@type\":\"PropertyValueSpecification\",\"valueRequired\":true,\"valueName\":\"search_term_string\"}}],\"inLanguage\":\"fr-FR\"}]}<\/script>\n<!-- \/ Yoast SEO plugin. -->","yoast_head_json":{"title":"Mangue OG 1g 483 Cartouche de r\u00e9sine vivante - 510 Premium Carts","description":"Mangue OG 1g 483 Live Resin Cartridge L'histoire est que Mango OG a \u00e9t\u00e9 cr\u00e9\u00e9 dans le Colorado par une paire de fr\u00e8res aux prises avec les effets secondaires","robots":{"index":"index","follow":"follow","max-snippet":"max-snippet:-1","max-image-preview":"max-image-preview:large","max-video-preview":"max-video-preview:-1"},"canonical":"https:\/\/510premiumcarts.com\/index.php\/product\/mangue-og-1g-483-cartouche-de-resine-vivante\/","og_locale":"fr_FR","og_type":"article","og_title":"Mangue OG 1g 483 Cartouche de r\u00e9sine vivante - 510 Premium Carts","og_description":"Mangue OG 1g 483 Live Resin Cartridge L'histoire est que Mango OG a \u00e9t\u00e9 cr\u00e9\u00e9 dans le Colorado par une paire de fr\u00e8res aux prises avec les effets secondaires","og_url":"https:\/\/510premiumcarts.com\/index.php\/product\/mangue-og-1g-483-cartouche-de-resine-vivante\/","og_site_name":"510 Premium Carts","article_modified_time":"2023-03-11T11:18:31+00:00","og_image":[{"width":640,"height":640,"url":"http:\/\/510premiumcarts.com\/wp-content\/uploads\/2021\/10\/260190_IMG_1751-1_copy.jpg","type":"image\/jpeg"}],"twitter_card":"summary_large_image","twitter_misc":{"Dur\u00e9e de lecture estim\u00e9e":"2 minutes"},"schema":{"@context":"https:\/\/schema.org","@graph":[{"@type":"WebPage","@id":"https:\/\/510premiumcarts.com\/index.php\/product\/mangue-og-1g-483-cartouche-de-resine-vivante\/","url":"https:\/\/510premiumcarts.com\/index.php\/product\/mangue-og-1g-483-cartouche-de-resine-vivante\/","name":"Mangue OG 1g 483 Cartouche de r\u00e9sine vivante - 510 Premium Carts","isPartOf":{"@id":"https:\/\/510premiumcarts.com\/#website"},"primaryImageOfPage":{"@id":"https:\/\/510premiumcarts.com\/index.php\/product\/mangue-og-1g-483-cartouche-de-resine-vivante\/#primaryimage"},"image":{"@id":"https:\/\/510premiumcarts.com\/index.php\/product\/mangue-og-1g-483-cartouche-de-resine-vivante\/#primaryimage"},"thumbnailUrl":"https:\/\/510premiumcarts.com\/wp-content\/uploads\/2021\/10\/260190_IMG_1751-1_copy.jpg","datePublished":"2021-10-13T08:07:11+00:00","dateModified":"2023-03-11T11:18:31+00:00","description":"Mangue OG 1g 483 Live Resin Cartridge L'histoire est que Mango OG a \u00e9t\u00e9 cr\u00e9\u00e9 dans le Colorado par une paire de fr\u00e8res aux prises avec les effets secondaires","breadcrumb":{"@id":"https:\/\/510premiumcarts.com\/index.php\/product\/mangue-og-1g-483-cartouche-de-resine-vivante\/#breadcrumb"},"inLanguage":"fr-FR","potentialAction":[{"@type":"ReadAction","target":["https:\/\/510premiumcarts.com\/index.php\/product\/mangue-og-1g-483-cartouche-de-resine-vivante\/"]}]},{"@type":"ImageObject","inLanguage":"fr-FR","@id":"https:\/\/510premiumcarts.com\/index.php\/product\/mangue-og-1g-483-cartouche-de-resine-vivante\/#primaryimage","url":"https:\/\/510premiumcarts.com\/wp-content\/uploads\/2021\/10\/260190_IMG_1751-1_copy.jpg","contentUrl":"https:\/\/510premiumcarts.com\/wp-content\/uploads\/2021\/10\/260190_IMG_1751-1_copy.jpg","width":640,"height":640,"caption":"Mango OG 1g 483 Live Resin Cartridge"},{"@type":"BreadcrumbList","@id":"https:\/\/510premiumcarts.com\/index.php\/product\/mangue-og-1g-483-cartouche-de-resine-vivante\/#breadcrumb","itemListElement":[{"@type":"ListItem","position":1,"name":"Home","item":"https:\/\/510premiumcarts.com\/"},{"@type":"ListItem","position":2,"name":"Marques de vapotage","item":"https:\/\/510premiumcarts.com\/index.php\/acheter-du-cannabis\/"},{"@type":"ListItem","position":3,"name":"Mangue OG"}]},{"@type":"WebSite","@id":"https:\/\/510premiumcarts.com\/#website","url":"https:\/\/510premiumcarts.com\/","name":"510 Premium Carts","description":"Just another WordPress site","potentialAction":[{"@type":"SearchAction","target":{"@type":"EntryPoint","urlTemplate":"https:\/\/510premiumcarts.com\/?s={search_term_string}"},"query-input":{"@type":"PropertyValueSpecification","valueRequired":true,"valueName":"search_term_string"}}],"inLanguage":"fr-FR"}]}},"jetpack_sharing_enabled":true,"_links":{"self":[{"href":"https:\/\/510premiumcarts.com\/index.php\/wp-json\/wp\/v2\/product\/56","targetHints":{"allow":["GET"]}}],"collection":[{"href":"https:\/\/510premiumcarts.com\/index.php\/wp-json\/wp\/v2\/product"}],"about":[{"href":"https:\/\/510premiumcarts.com\/index.php\/wp-json\/wp\/v2\/types\/product"}],"replies":[{"embeddable":true,"href":"https:\/\/510premiumcarts.com\/index.php\/wp-json\/wp\/v2\/comments?post=56"}],"wp:featuredmedia":[{"embeddable":true,"href":"https:\/\/510premiumcarts.com\/index.php\/wp-json\/wp\/v2\/media\/57"}],"wp:attachment":[{"href":"https:\/\/510premiumcarts.com\/index.php\/wp-json\/wp\/v2\/media?parent=56"}],"wp:term":[{"taxonomy":"product_brand","embeddable":true,"href":"https:\/\/510premiumcarts.com\/index.php\/wp-json\/wp\/v2\/product_brand?post=56"},{"taxonomy":"product_cat","embeddable":true,"href":"https:\/\/510premiumcarts.com\/index.php\/wp-json\/wp\/v2\/product_cat?post=56"},{"taxonomy":"product_tag","embeddable":true,"href":"https:\/\/510premiumcarts.com\/index.php\/wp-json\/wp\/v2\/product_tag?post=56"}],"curies":[{"name":"wp","href":"https:\/\/api.w.org\/{rel}","templated":true}]}}