{"id":63,"date":"2021-10-13T08:36:35","date_gmt":"2021-10-13T08:36:35","guid":{"rendered":"http:\/\/510premiumcarts.com\/?post_type=product&#038;p=63"},"modified":"2023-03-11T12:00:03","modified_gmt":"2023-03-11T12:00:03","slug":"plug-exotiques-mangue-mang","status":"publish","type":"product","link":"https:\/\/510premiumcarts.com\/index.php\/product\/plug-exotiques-mangue-mang\/","title":{"rendered":"Mangue Mang"},"content":{"rendered":"<h1 class=\"text__Text-fif1uk-0 bglQdz\"><span style=\"color: #ffcc00;\"><a style=\"color: #ffcc00;\" href=\"https:\/\/510premiumcarts.com\/index.php\/product\/plug-exotiques-mango-mang\/\"><span style=\"vertical-align: inherit;\"><span style=\"vertical-align: inherit;\">EXOTIC PLUG: Mango<\/span><\/span><\/a><span style=\"vertical-align: inherit;\"><span style=\"vertical-align: inherit;\"> M<\/span><\/span><a style=\"color: #ffcc00;\" href=\"https:\/\/510premiumcarts.com\/index.php\/product\/plug-exotiques-mango-mang\/\"><span style=\"vertical-align: inherit;\"><span style=\"vertical-align: inherit;\">a<\/span><\/span><\/a><span style=\"vertical-align: inherit;\"><span style=\"vertical-align: inherit;\">ng<\/span><\/span><\/span><\/h1>\n<p><span style=\"vertical-align: inherit;\"><span style=\"vertical-align: inherit;\">Mango Mang..Relax any <\/span><\/span><a href=\"https:\/\/www.weedonlineaustralia.com\/\"><span style=\"vertical-align: inherit;\"><span style=\"vertical-align: inherit;\">tough<\/span><\/span><\/a><span style=\"vertical-align: inherit;\"><span style=\"vertical-align: inherit;\"> day and escape to your very own tropical paradise. <\/span><span style=\"vertical-align: inherit;\">Mango Mang from PLUGplay is an all-inclusive getaway perfectly and exclusively in our signature plugs. <\/span><span style=\"vertical-align: inherit;\">No matter where you are, it&rsquo;s a delight with Mango Mang by your side. <\/span><\/span><span style=\"color: #ffffff;\"><span style=\"vertical-align: inherit;\"><span style=\"vertical-align: inherit;\">EXOTIC PLUG: Mango Mang<\/span><\/span><\/span><\/p>\n<div class=\"header-with-tooltip__Header-u4giv3-0 eiwuRd\">\n<h3 class=\"text__Text-fif1uk-0 header-with-tooltip__HeaderText-u4giv3-1 jEDSaF dymlBx\"><span style=\"vertical-align: inherit;\"><span style=\"vertical-align: inherit;\">About this strain: Mango<\/span><\/span><\/h3>\n<\/div>\n<div class=\"text__Text-fif1uk-0 styles__DescriptionBox-subnzp-0 gYmFfk eZEAVj\" data-testid=\"strain about this strain: mango\">\n<div id=\"About-this-strain:-Mango\" data-test-id=\"chop-lines\">\n<div class=\"truncate-lines__Wrapper-u7r477-0 iJbdfu\">\n<p><span style=\"vertical-align: inherit;\"><span style=\"vertical-align: inherit;\">Mangue was bred by Dutch breeder KC Brains, who crossed his own KC-33 with an Afghani.<\/span><\/span><\/p>\n<p><span style=\"vertical-align: inherit;\"><span style=\"vertical-align: inherit;\">According to the breeder, the mango has an aroma of skunk and hash, while its Afghan lineage makes it resistant to mold and fungus. <\/span><span style=\"vertical-align: inherit;\">This indica-leaning strain is said to have high levels of CBD, making it an ideal candidate for medical cannabis products.<\/span><\/span><\/p>\n<\/div>\n<\/div>\n<\/div>\n","protected":false},"excerpt":{"rendered":"<p>EXOTIC PLUG: Mango Mang Mango Mang..Relax any tough day and escape to your very own tropical paradise. Mango Mang from PLUGplay is an all-inclusive getaway perfectly and exclusively in our signature plugs. No matter where you are, it&rsquo;s a delight with Mango Mang by your side. EXOTIC PLUG: Mango Mang About this strain: Mango Mangue [&#8230;]\n","protected":false},"featured_media":64,"comment_status":"open","ping_status":"closed","template":"","meta":{"_monsterinsights_skip_tracking":false,"_monsterinsights_sitenote_active":false,"_monsterinsights_sitenote_note":"","_monsterinsights_sitenote_category":0},"product_brand":[],"product_cat":[26],"product_tag":[5626],"class_list":{"0":"post-63","1":"product","2":"type-product","3":"status-publish","4":"has-post-thumbnail","6":"product_cat-plug-and-play-pods","7":"product_tag-plug-exotiques-mango-mang","9":"first","10":"instock","11":"shipping-taxable","12":"purchasable","13":"product-type-simple"},"yoast_head":"<!-- This site is optimized with the Yoast SEO plugin v27.3 - https:\/\/yoast.com\/product\/yoast-seo-wordpress\/ -->\n<title>PLUG EXOTIQUES: Mangue Mang - 510 Premium Carts - Vapes<\/title>\n<meta name=\"description\" content=\"PLUG EXOTIQUES: Mangue Mang - .ango Mang..D\u00e9tendez-vous toute journ\u00e9e difficile et \u00e9vadez-vous dans votre propre paradis tropical. Mango Mang de PLUGplay est\" \/>\n<meta name=\"robots\" content=\"index, follow, max-snippet:-1, max-image-preview:large, max-video-preview:-1\" \/>\n<link rel=\"canonical\" href=\"https:\/\/510premiumcarts.com\/index.php\/product\/plug-exotiques-mangue-mang\/\" \/>\n<meta property=\"og:locale\" content=\"fr_FR\" \/>\n<meta property=\"og:type\" content=\"article\" \/>\n<meta property=\"og:title\" content=\"PLUG EXOTIQUES: Mangue Mang - 510 Premium Carts - Vapes\" \/>\n<meta property=\"og:description\" content=\"PLUG EXOTIQUES: Mangue Mang - .ango Mang..D\u00e9tendez-vous toute journ\u00e9e difficile et \u00e9vadez-vous dans votre propre paradis tropical. Mango Mang de PLUGplay est\" \/>\n<meta property=\"og:url\" content=\"https:\/\/510premiumcarts.com\/index.php\/product\/plug-exotiques-mangue-mang\/\" \/>\n<meta property=\"og:site_name\" content=\"510 Premium Carts\" \/>\n<meta property=\"article:modified_time\" content=\"2023-03-11T12:00:03+00:00\" \/>\n<meta property=\"og:image\" content=\"http:\/\/510premiumcarts.com\/wp-content\/uploads\/2021\/10\/267090_Mangomang-box-and-fruit.jpg\" \/>\n\t<meta property=\"og:image:width\" content=\"1168\" \/>\n\t<meta property=\"og:image:height\" content=\"1186\" \/>\n\t<meta property=\"og:image:type\" content=\"image\/jpeg\" \/>\n<meta name=\"twitter:card\" content=\"summary_large_image\" \/>\n<meta name=\"twitter:label1\" content=\"Dur\u00e9e de lecture estim\u00e9e\" \/>\n\t<meta name=\"twitter:data1\" content=\"1 minute\" \/>\n<script type=\"application\/ld+json\" class=\"yoast-schema-graph\">{\"@context\":\"https:\\\/\\\/schema.org\",\"@graph\":[{\"@type\":\"WebPage\",\"@id\":\"https:\\\/\\\/510premiumcarts.com\\\/index.php\\\/product\\\/plug-exotiques-mangue-mang\\\/\",\"url\":\"https:\\\/\\\/510premiumcarts.com\\\/index.php\\\/product\\\/plug-exotiques-mangue-mang\\\/\",\"name\":\"PLUG EXOTIQUES: Mangue Mang - 510 Premium Carts - Vapes\",\"isPartOf\":{\"@id\":\"https:\\\/\\\/510premiumcarts.com\\\/#website\"},\"primaryImageOfPage\":{\"@id\":\"https:\\\/\\\/510premiumcarts.com\\\/index.php\\\/product\\\/plug-exotiques-mangue-mang\\\/#primaryimage\"},\"image\":{\"@id\":\"https:\\\/\\\/510premiumcarts.com\\\/index.php\\\/product\\\/plug-exotiques-mangue-mang\\\/#primaryimage\"},\"thumbnailUrl\":\"https:\\\/\\\/510premiumcarts.com\\\/wp-content\\\/uploads\\\/2021\\\/10\\\/267090_Mangomang-box-and-fruit.jpg\",\"datePublished\":\"2021-10-13T08:36:35+00:00\",\"dateModified\":\"2023-03-11T12:00:03+00:00\",\"description\":\"PLUG EXOTIQUES: Mangue Mang - .ango Mang..D\u00e9tendez-vous toute journ\u00e9e difficile et \u00e9vadez-vous dans votre propre paradis tropical. Mango Mang de PLUGplay est\",\"breadcrumb\":{\"@id\":\"https:\\\/\\\/510premiumcarts.com\\\/index.php\\\/product\\\/plug-exotiques-mangue-mang\\\/#breadcrumb\"},\"inLanguage\":\"fr-FR\",\"potentialAction\":[{\"@type\":\"ReadAction\",\"target\":[\"https:\\\/\\\/510premiumcarts.com\\\/index.php\\\/product\\\/plug-exotiques-mangue-mang\\\/\"]}]},{\"@type\":\"ImageObject\",\"inLanguage\":\"fr-FR\",\"@id\":\"https:\\\/\\\/510premiumcarts.com\\\/index.php\\\/product\\\/plug-exotiques-mangue-mang\\\/#primaryimage\",\"url\":\"https:\\\/\\\/510premiumcarts.com\\\/wp-content\\\/uploads\\\/2021\\\/10\\\/267090_Mangomang-box-and-fruit.jpg\",\"contentUrl\":\"https:\\\/\\\/510premiumcarts.com\\\/wp-content\\\/uploads\\\/2021\\\/10\\\/267090_Mangomang-box-and-fruit.jpg\",\"width\":1168,\"height\":1186,\"caption\":\"PLUG EXOTIQUES: Mangue Mang\"},{\"@type\":\"BreadcrumbList\",\"@id\":\"https:\\\/\\\/510premiumcarts.com\\\/index.php\\\/product\\\/plug-exotiques-mangue-mang\\\/#breadcrumb\",\"itemListElement\":[{\"@type\":\"ListItem\",\"position\":1,\"name\":\"Home\",\"item\":\"https:\\\/\\\/510premiumcarts.com\\\/\"},{\"@type\":\"ListItem\",\"position\":2,\"name\":\"Marques de vapotage\",\"item\":\"https:\\\/\\\/510premiumcarts.com\\\/index.php\\\/acheter-du-cannabis\\\/\"},{\"@type\":\"ListItem\",\"position\":3,\"name\":\"Mangue Mang\"}]},{\"@type\":\"WebSite\",\"@id\":\"https:\\\/\\\/510premiumcarts.com\\\/#website\",\"url\":\"https:\\\/\\\/510premiumcarts.com\\\/\",\"name\":\"510 Premium Carts\",\"description\":\"Just another WordPress site\",\"potentialAction\":[{\"@type\":\"SearchAction\",\"target\":{\"@type\":\"EntryPoint\",\"urlTemplate\":\"https:\\\/\\\/510premiumcarts.com\\\/?s={search_term_string}\"},\"query-input\":{\"@type\":\"PropertyValueSpecification\",\"valueRequired\":true,\"valueName\":\"search_term_string\"}}],\"inLanguage\":\"fr-FR\"}]}<\/script>\n<!-- \/ Yoast SEO plugin. -->","yoast_head_json":{"title":"PLUG EXOTIQUES: Mangue Mang - 510 Premium Carts - Vapes","description":"PLUG EXOTIQUES: Mangue Mang - .ango Mang..D\u00e9tendez-vous toute journ\u00e9e difficile et \u00e9vadez-vous dans votre propre paradis tropical. Mango Mang de PLUGplay est","robots":{"index":"index","follow":"follow","max-snippet":"max-snippet:-1","max-image-preview":"max-image-preview:large","max-video-preview":"max-video-preview:-1"},"canonical":"https:\/\/510premiumcarts.com\/index.php\/product\/plug-exotiques-mangue-mang\/","og_locale":"fr_FR","og_type":"article","og_title":"PLUG EXOTIQUES: Mangue Mang - 510 Premium Carts - Vapes","og_description":"PLUG EXOTIQUES: Mangue Mang - .ango Mang..D\u00e9tendez-vous toute journ\u00e9e difficile et \u00e9vadez-vous dans votre propre paradis tropical. Mango Mang de PLUGplay est","og_url":"https:\/\/510premiumcarts.com\/index.php\/product\/plug-exotiques-mangue-mang\/","og_site_name":"510 Premium Carts","article_modified_time":"2023-03-11T12:00:03+00:00","og_image":[{"width":1168,"height":1186,"url":"http:\/\/510premiumcarts.com\/wp-content\/uploads\/2021\/10\/267090_Mangomang-box-and-fruit.jpg","type":"image\/jpeg"}],"twitter_card":"summary_large_image","twitter_misc":{"Dur\u00e9e de lecture estim\u00e9e":"1 minute"},"schema":{"@context":"https:\/\/schema.org","@graph":[{"@type":"WebPage","@id":"https:\/\/510premiumcarts.com\/index.php\/product\/plug-exotiques-mangue-mang\/","url":"https:\/\/510premiumcarts.com\/index.php\/product\/plug-exotiques-mangue-mang\/","name":"PLUG EXOTIQUES: Mangue Mang - 510 Premium Carts - Vapes","isPartOf":{"@id":"https:\/\/510premiumcarts.com\/#website"},"primaryImageOfPage":{"@id":"https:\/\/510premiumcarts.com\/index.php\/product\/plug-exotiques-mangue-mang\/#primaryimage"},"image":{"@id":"https:\/\/510premiumcarts.com\/index.php\/product\/plug-exotiques-mangue-mang\/#primaryimage"},"thumbnailUrl":"https:\/\/510premiumcarts.com\/wp-content\/uploads\/2021\/10\/267090_Mangomang-box-and-fruit.jpg","datePublished":"2021-10-13T08:36:35+00:00","dateModified":"2023-03-11T12:00:03+00:00","description":"PLUG EXOTIQUES: Mangue Mang - .ango Mang..D\u00e9tendez-vous toute journ\u00e9e difficile et \u00e9vadez-vous dans votre propre paradis tropical. Mango Mang de PLUGplay est","breadcrumb":{"@id":"https:\/\/510premiumcarts.com\/index.php\/product\/plug-exotiques-mangue-mang\/#breadcrumb"},"inLanguage":"fr-FR","potentialAction":[{"@type":"ReadAction","target":["https:\/\/510premiumcarts.com\/index.php\/product\/plug-exotiques-mangue-mang\/"]}]},{"@type":"ImageObject","inLanguage":"fr-FR","@id":"https:\/\/510premiumcarts.com\/index.php\/product\/plug-exotiques-mangue-mang\/#primaryimage","url":"https:\/\/510premiumcarts.com\/wp-content\/uploads\/2021\/10\/267090_Mangomang-box-and-fruit.jpg","contentUrl":"https:\/\/510premiumcarts.com\/wp-content\/uploads\/2021\/10\/267090_Mangomang-box-and-fruit.jpg","width":1168,"height":1186,"caption":"PLUG EXOTIQUES: Mangue Mang"},{"@type":"BreadcrumbList","@id":"https:\/\/510premiumcarts.com\/index.php\/product\/plug-exotiques-mangue-mang\/#breadcrumb","itemListElement":[{"@type":"ListItem","position":1,"name":"Home","item":"https:\/\/510premiumcarts.com\/"},{"@type":"ListItem","position":2,"name":"Marques de vapotage","item":"https:\/\/510premiumcarts.com\/index.php\/acheter-du-cannabis\/"},{"@type":"ListItem","position":3,"name":"Mangue Mang"}]},{"@type":"WebSite","@id":"https:\/\/510premiumcarts.com\/#website","url":"https:\/\/510premiumcarts.com\/","name":"510 Premium Carts","description":"Just another WordPress site","potentialAction":[{"@type":"SearchAction","target":{"@type":"EntryPoint","urlTemplate":"https:\/\/510premiumcarts.com\/?s={search_term_string}"},"query-input":{"@type":"PropertyValueSpecification","valueRequired":true,"valueName":"search_term_string"}}],"inLanguage":"fr-FR"}]}},"jetpack_sharing_enabled":true,"_links":{"self":[{"href":"https:\/\/510premiumcarts.com\/index.php\/wp-json\/wp\/v2\/product\/63","targetHints":{"allow":["GET"]}}],"collection":[{"href":"https:\/\/510premiumcarts.com\/index.php\/wp-json\/wp\/v2\/product"}],"about":[{"href":"https:\/\/510premiumcarts.com\/index.php\/wp-json\/wp\/v2\/types\/product"}],"replies":[{"embeddable":true,"href":"https:\/\/510premiumcarts.com\/index.php\/wp-json\/wp\/v2\/comments?post=63"}],"wp:featuredmedia":[{"embeddable":true,"href":"https:\/\/510premiumcarts.com\/index.php\/wp-json\/wp\/v2\/media\/64"}],"wp:attachment":[{"href":"https:\/\/510premiumcarts.com\/index.php\/wp-json\/wp\/v2\/media?parent=63"}],"wp:term":[{"taxonomy":"product_brand","embeddable":true,"href":"https:\/\/510premiumcarts.com\/index.php\/wp-json\/wp\/v2\/product_brand?post=63"},{"taxonomy":"product_cat","embeddable":true,"href":"https:\/\/510premiumcarts.com\/index.php\/wp-json\/wp\/v2\/product_cat?post=63"},{"taxonomy":"product_tag","embeddable":true,"href":"https:\/\/510premiumcarts.com\/index.php\/wp-json\/wp\/v2\/product_tag?post=63"}],"curies":[{"name":"wp","href":"https:\/\/api.w.org\/{rel}","templated":true}]}}