{"id":66,"date":"2021-10-13T08:49:48","date_gmt":"2021-10-13T08:49:48","guid":{"rendered":"http:\/\/510premiumcarts.com\/?post_type=product&#038;p=66"},"modified":"2023-03-11T12:15:42","modified_gmt":"2023-03-11T12:15:42","slug":"acheter-critical-kush","status":"publish","type":"product","link":"https:\/\/510premiumcarts.com\/index.php\/product\/acheter-critical-kush\/","title":{"rendered":"Critical Kush"},"content":{"rendered":"<h1><a href=\"https:\/\/510premiumcarts.com\/index.php\/product\/plug-exotiques-mangue-mang\/\"><span style=\"color: #ffcc00;\">Chariots Pure One<\/span><\/a><\/h1>\n<p>Chariots Pure\u00a0<a href=\"http:\/\/getcannabisdaily.com\/product\/pure-one-carts\/\">One<\/a>. Notre\u00a0Pure Vape\u00a0est la meilleure cartouche de frappe disponible sur le march\u00e9 aujourd&rsquo;hui. De plus, notre concentr\u00e9 transparent triple distill\u00e9 exclusif offre l&rsquo;huile la plus propre et la plus puissante qui regorge de saveurs naturelles. De plus, combin\u00e9 \u00e0 notre cartouche \u00e0 serpentin en c\u00e9ramique de nouvelle g\u00e9n\u00e9ration, Pure One produit 10 fois plus de vapeur que n&rsquo;importe quelle cartouche standard sur le march\u00e9 aujourd&rsquo;hui.<\/p>\n<p>Pure Vape est une soci\u00e9t\u00e9 de cannabis agr\u00e9\u00e9e de longue date situ\u00e9e dans le sud de la Californie. De plus, notre soci\u00e9t\u00e9 a \u00e9t\u00e9 fond\u00e9e en 2007 avec une valeur fondamentale simple : fournir la plus haute qualit\u00e9 et coh\u00e9rence des produits gr\u00e2ce \u00e0 une marque sur laquelle vous pouvez compter. Pour continuer, en utilisant une huile triple distill\u00e9e exclusive, tous nos produits sont purs, biologiques, sans m\u00e9lange et 100 % sans solvant. De plus, nous assignons des tests rigoureux \u00e0 tous nos produits afin de nous assurer qu&rsquo;ils restent sans pesticides, permettant \u00e0 nos consommateurs d&rsquo;avoir la meilleure exp\u00e9rience de profil de saveur possible. <span style=\"color: #ffffff;\">Acheter Critical Kush, Acheter Critical Kush<\/span><\/p>\n<p>Notre priorit\u00e9 absolue est de produire des chariots Pure One propres et s\u00fbrs. Nous savons que nous ne sommes aussi bons que la qualit\u00e9 de nos produits, nous abordons donc notre programme de test avec un raffinement et une innovation constants.Achetez Critical Kush. commander des chariots vape, acheter des chariots, o\u00f9 acheter vape, puis-je acheter un cigare vape<\/p>\n<p>En Californie, notre soci\u00e9t\u00e9 adh\u00e8re au protocole de test r\u00e9glement\u00e9 par l&rsquo;\u00c9tat. Vous voulez en savoir plus sur nos tests ? Envoyez-nous un email.<\/p>\n<h3>Ce que nous testons dans les chariots Pure One:<\/h3>\n<ul>\n<li>Pesticides<\/li>\n<li>Contaminants microbiologiques<\/li>\n<li>Solvants r\u00e9siduels<\/li>\n<li>Cannabino\u00efdes<\/li>\n<li>M\u00e9taux lourds<\/li>\n<\/ul>\n<p>Actuellement, nous travaillons avec\u00a0Landau\u00a0Lab. Nous nous faisons un devoir de garder une longueur d&rsquo;avance et\u00a0appliquons toujours les derni\u00e8res technologies pour les tests de pesticides.<\/p>\n","protected":false},"excerpt":{"rendered":"<p>Chariots Pure One Chariots Pure\u00a0One. Notre\u00a0Pure Vape\u00a0est la meilleure cartouche de frappe disponible sur le march\u00e9 aujourd&rsquo;hui. De plus, notre concentr\u00e9 transparent triple distill\u00e9 exclusif offre l&rsquo;huile la plus propre et la plus puissante qui regorge de saveurs naturelles. De plus, combin\u00e9 \u00e0 notre cartouche \u00e0 serpentin en c\u00e9ramique de nouvelle g\u00e9n\u00e9ration, Pure One produit [&#8230;]\n","protected":false},"featured_media":67,"comment_status":"open","ping_status":"closed","template":"","meta":{"_monsterinsights_skip_tracking":false,"_monsterinsights_sitenote_active":false,"_monsterinsights_sitenote_note":"","_monsterinsights_sitenote_category":0},"product_brand":[],"product_cat":[27],"product_tag":[5923],"class_list":{"0":"post-66","1":"product","2":"type-product","3":"status-publish","4":"has-post-thumbnail","6":"product_cat-chariots-pure-one-a-vendre","7":"product_tag-acheter-critical-kush","9":"first","10":"instock","11":"shipping-taxable","12":"purchasable","13":"product-type-simple"},"yoast_head":"<!-- This site is optimized with the Yoast SEO plugin v27.3 - https:\/\/yoast.com\/product\/yoast-seo-wordpress\/ -->\n<title>Acheter Critical Kush - 510 Premium Carts - Chariots de vapotage Pure One \u00e0 proximit\u00e9<\/title>\n<meta name=\"description\" content=\"Acheter Critical Kush- D\u00e9couvrez les effets de Mango Kush calcul\u00e9s \u00e0 partir de 1199 avis sur Leafly. Trouvez Mango Kush pr\u00e8s de chez vous !\" \/>\n<meta name=\"robots\" content=\"index, follow, max-snippet:-1, max-image-preview:large, max-video-preview:-1\" \/>\n<link rel=\"canonical\" href=\"https:\/\/510premiumcarts.com\/index.php\/product\/acheter-critical-kush\/\" \/>\n<meta property=\"og:locale\" content=\"fr_FR\" \/>\n<meta property=\"og:type\" content=\"article\" \/>\n<meta property=\"og:title\" content=\"Acheter Critical Kush - 510 Premium Carts - Chariots de vapotage Pure One \u00e0 proximit\u00e9\" \/>\n<meta property=\"og:description\" content=\"Acheter Critical Kush- D\u00e9couvrez les effets de Mango Kush calcul\u00e9s \u00e0 partir de 1199 avis sur Leafly. Trouvez Mango Kush pr\u00e8s de chez vous !\" \/>\n<meta property=\"og:url\" content=\"https:\/\/510premiumcarts.com\/index.php\/product\/acheter-critical-kush\/\" \/>\n<meta property=\"og:site_name\" content=\"510 Premium Carts\" \/>\n<meta property=\"article:modified_time\" content=\"2023-03-11T12:15:42+00:00\" \/>\n<meta property=\"og:image\" content=\"http:\/\/510premiumcarts.com\/wp-content\/uploads\/2021\/10\/5dd4d685128b2480a31ae975b88a9d73.png\" \/>\n\t<meta property=\"og:image:width\" content=\"1000\" \/>\n\t<meta property=\"og:image:height\" content=\"1000\" \/>\n\t<meta property=\"og:image:type\" content=\"image\/png\" \/>\n<meta name=\"twitter:card\" content=\"summary_large_image\" \/>\n<meta name=\"twitter:label1\" content=\"Dur\u00e9e de lecture estim\u00e9e\" \/>\n\t<meta name=\"twitter:data1\" content=\"2 minutes\" \/>\n<script type=\"application\/ld+json\" class=\"yoast-schema-graph\">{\"@context\":\"https:\\\/\\\/schema.org\",\"@graph\":[{\"@type\":\"WebPage\",\"@id\":\"https:\\\/\\\/510premiumcarts.com\\\/index.php\\\/product\\\/acheter-critical-kush\\\/\",\"url\":\"https:\\\/\\\/510premiumcarts.com\\\/index.php\\\/product\\\/acheter-critical-kush\\\/\",\"name\":\"Acheter Critical Kush - 510 Premium Carts - Chariots de vapotage Pure One \u00e0 proximit\u00e9\",\"isPartOf\":{\"@id\":\"https:\\\/\\\/510premiumcarts.com\\\/#website\"},\"primaryImageOfPage\":{\"@id\":\"https:\\\/\\\/510premiumcarts.com\\\/index.php\\\/product\\\/acheter-critical-kush\\\/#primaryimage\"},\"image\":{\"@id\":\"https:\\\/\\\/510premiumcarts.com\\\/index.php\\\/product\\\/acheter-critical-kush\\\/#primaryimage\"},\"thumbnailUrl\":\"https:\\\/\\\/510premiumcarts.com\\\/wp-content\\\/uploads\\\/2021\\\/10\\\/5dd4d685128b2480a31ae975b88a9d73.png\",\"datePublished\":\"2021-10-13T08:49:48+00:00\",\"dateModified\":\"2023-03-11T12:15:42+00:00\",\"description\":\"Acheter Critical Kush- D\u00e9couvrez les effets de Mango Kush calcul\u00e9s \u00e0 partir de 1199 avis sur Leafly. Trouvez Mango Kush pr\u00e8s de chez vous !\",\"breadcrumb\":{\"@id\":\"https:\\\/\\\/510premiumcarts.com\\\/index.php\\\/product\\\/acheter-critical-kush\\\/#breadcrumb\"},\"inLanguage\":\"fr-FR\",\"potentialAction\":[{\"@type\":\"ReadAction\",\"target\":[\"https:\\\/\\\/510premiumcarts.com\\\/index.php\\\/product\\\/acheter-critical-kush\\\/\"]}]},{\"@type\":\"ImageObject\",\"inLanguage\":\"fr-FR\",\"@id\":\"https:\\\/\\\/510premiumcarts.com\\\/index.php\\\/product\\\/acheter-critical-kush\\\/#primaryimage\",\"url\":\"https:\\\/\\\/510premiumcarts.com\\\/wp-content\\\/uploads\\\/2021\\\/10\\\/5dd4d685128b2480a31ae975b88a9d73.png\",\"contentUrl\":\"https:\\\/\\\/510premiumcarts.com\\\/wp-content\\\/uploads\\\/2021\\\/10\\\/5dd4d685128b2480a31ae975b88a9d73.png\",\"width\":1000,\"height\":1000,\"caption\":\"Acheter Critical Kush\"},{\"@type\":\"BreadcrumbList\",\"@id\":\"https:\\\/\\\/510premiumcarts.com\\\/index.php\\\/product\\\/acheter-critical-kush\\\/#breadcrumb\",\"itemListElement\":[{\"@type\":\"ListItem\",\"position\":1,\"name\":\"Home\",\"item\":\"https:\\\/\\\/510premiumcarts.com\\\/\"},{\"@type\":\"ListItem\",\"position\":2,\"name\":\"Marques de vapotage\",\"item\":\"https:\\\/\\\/510premiumcarts.com\\\/index.php\\\/acheter-du-cannabis\\\/\"},{\"@type\":\"ListItem\",\"position\":3,\"name\":\"Critical Kush\"}]},{\"@type\":\"WebSite\",\"@id\":\"https:\\\/\\\/510premiumcarts.com\\\/#website\",\"url\":\"https:\\\/\\\/510premiumcarts.com\\\/\",\"name\":\"510 Premium Carts\",\"description\":\"Just another WordPress site\",\"potentialAction\":[{\"@type\":\"SearchAction\",\"target\":{\"@type\":\"EntryPoint\",\"urlTemplate\":\"https:\\\/\\\/510premiumcarts.com\\\/?s={search_term_string}\"},\"query-input\":{\"@type\":\"PropertyValueSpecification\",\"valueRequired\":true,\"valueName\":\"search_term_string\"}}],\"inLanguage\":\"fr-FR\"}]}<\/script>\n<!-- \/ Yoast SEO plugin. -->","yoast_head_json":{"title":"Acheter Critical Kush - 510 Premium Carts - Chariots de vapotage Pure One \u00e0 proximit\u00e9","description":"Acheter Critical Kush- D\u00e9couvrez les effets de Mango Kush calcul\u00e9s \u00e0 partir de 1199 avis sur Leafly. Trouvez Mango Kush pr\u00e8s de chez vous !","robots":{"index":"index","follow":"follow","max-snippet":"max-snippet:-1","max-image-preview":"max-image-preview:large","max-video-preview":"max-video-preview:-1"},"canonical":"https:\/\/510premiumcarts.com\/index.php\/product\/acheter-critical-kush\/","og_locale":"fr_FR","og_type":"article","og_title":"Acheter Critical Kush - 510 Premium Carts - Chariots de vapotage Pure One \u00e0 proximit\u00e9","og_description":"Acheter Critical Kush- D\u00e9couvrez les effets de Mango Kush calcul\u00e9s \u00e0 partir de 1199 avis sur Leafly. Trouvez Mango Kush pr\u00e8s de chez vous !","og_url":"https:\/\/510premiumcarts.com\/index.php\/product\/acheter-critical-kush\/","og_site_name":"510 Premium Carts","article_modified_time":"2023-03-11T12:15:42+00:00","og_image":[{"width":1000,"height":1000,"url":"http:\/\/510premiumcarts.com\/wp-content\/uploads\/2021\/10\/5dd4d685128b2480a31ae975b88a9d73.png","type":"image\/png"}],"twitter_card":"summary_large_image","twitter_misc":{"Dur\u00e9e de lecture estim\u00e9e":"2 minutes"},"schema":{"@context":"https:\/\/schema.org","@graph":[{"@type":"WebPage","@id":"https:\/\/510premiumcarts.com\/index.php\/product\/acheter-critical-kush\/","url":"https:\/\/510premiumcarts.com\/index.php\/product\/acheter-critical-kush\/","name":"Acheter Critical Kush - 510 Premium Carts - Chariots de vapotage Pure One \u00e0 proximit\u00e9","isPartOf":{"@id":"https:\/\/510premiumcarts.com\/#website"},"primaryImageOfPage":{"@id":"https:\/\/510premiumcarts.com\/index.php\/product\/acheter-critical-kush\/#primaryimage"},"image":{"@id":"https:\/\/510premiumcarts.com\/index.php\/product\/acheter-critical-kush\/#primaryimage"},"thumbnailUrl":"https:\/\/510premiumcarts.com\/wp-content\/uploads\/2021\/10\/5dd4d685128b2480a31ae975b88a9d73.png","datePublished":"2021-10-13T08:49:48+00:00","dateModified":"2023-03-11T12:15:42+00:00","description":"Acheter Critical Kush- D\u00e9couvrez les effets de Mango Kush calcul\u00e9s \u00e0 partir de 1199 avis sur Leafly. Trouvez Mango Kush pr\u00e8s de chez vous !","breadcrumb":{"@id":"https:\/\/510premiumcarts.com\/index.php\/product\/acheter-critical-kush\/#breadcrumb"},"inLanguage":"fr-FR","potentialAction":[{"@type":"ReadAction","target":["https:\/\/510premiumcarts.com\/index.php\/product\/acheter-critical-kush\/"]}]},{"@type":"ImageObject","inLanguage":"fr-FR","@id":"https:\/\/510premiumcarts.com\/index.php\/product\/acheter-critical-kush\/#primaryimage","url":"https:\/\/510premiumcarts.com\/wp-content\/uploads\/2021\/10\/5dd4d685128b2480a31ae975b88a9d73.png","contentUrl":"https:\/\/510premiumcarts.com\/wp-content\/uploads\/2021\/10\/5dd4d685128b2480a31ae975b88a9d73.png","width":1000,"height":1000,"caption":"Acheter Critical Kush"},{"@type":"BreadcrumbList","@id":"https:\/\/510premiumcarts.com\/index.php\/product\/acheter-critical-kush\/#breadcrumb","itemListElement":[{"@type":"ListItem","position":1,"name":"Home","item":"https:\/\/510premiumcarts.com\/"},{"@type":"ListItem","position":2,"name":"Marques de vapotage","item":"https:\/\/510premiumcarts.com\/index.php\/acheter-du-cannabis\/"},{"@type":"ListItem","position":3,"name":"Critical Kush"}]},{"@type":"WebSite","@id":"https:\/\/510premiumcarts.com\/#website","url":"https:\/\/510premiumcarts.com\/","name":"510 Premium Carts","description":"Just another WordPress site","potentialAction":[{"@type":"SearchAction","target":{"@type":"EntryPoint","urlTemplate":"https:\/\/510premiumcarts.com\/?s={search_term_string}"},"query-input":{"@type":"PropertyValueSpecification","valueRequired":true,"valueName":"search_term_string"}}],"inLanguage":"fr-FR"}]}},"jetpack_sharing_enabled":true,"_links":{"self":[{"href":"https:\/\/510premiumcarts.com\/index.php\/wp-json\/wp\/v2\/product\/66","targetHints":{"allow":["GET"]}}],"collection":[{"href":"https:\/\/510premiumcarts.com\/index.php\/wp-json\/wp\/v2\/product"}],"about":[{"href":"https:\/\/510premiumcarts.com\/index.php\/wp-json\/wp\/v2\/types\/product"}],"replies":[{"embeddable":true,"href":"https:\/\/510premiumcarts.com\/index.php\/wp-json\/wp\/v2\/comments?post=66"}],"wp:featuredmedia":[{"embeddable":true,"href":"https:\/\/510premiumcarts.com\/index.php\/wp-json\/wp\/v2\/media\/67"}],"wp:attachment":[{"href":"https:\/\/510premiumcarts.com\/index.php\/wp-json\/wp\/v2\/media?parent=66"}],"wp:term":[{"taxonomy":"product_brand","embeddable":true,"href":"https:\/\/510premiumcarts.com\/index.php\/wp-json\/wp\/v2\/product_brand?post=66"},{"taxonomy":"product_cat","embeddable":true,"href":"https:\/\/510premiumcarts.com\/index.php\/wp-json\/wp\/v2\/product_cat?post=66"},{"taxonomy":"product_tag","embeddable":true,"href":"https:\/\/510premiumcarts.com\/index.php\/wp-json\/wp\/v2\/product_tag?post=66"}],"curies":[{"name":"wp","href":"https:\/\/api.w.org\/{rel}","templated":true}]}}